{"id":4207,"date":"2020-12-29T15:10:59","date_gmt":"2020-12-29T15:10:59","guid":{"rendered":"https:\/\/blogsaverroes.juntadeandalucia.es\/ieslauretum\/?page_id=4207"},"modified":"2025-07-15T10:24:07","modified_gmt":"2025-07-15T10:24:07","slug":"tde-moodle-profesorado","status":"publish","type":"page","link":"https:\/\/blogsaverroes.juntadeandalucia.es\/ieslauretum\/tde-moodle-profesorado\/","title":{"rendered":"TDE &#8211; MOODLE CENTROS -PROFESORADO"},"content":{"rendered":"<table style=\"width: 100.651%;height: 329px\" border=\"0\">\n<tbody>\n<tr style=\"height: 34.4375px\">\n<td style=\"text-align: center;height: 10px;width: 0.720461%\" colspan=\"2\">\n<h3 class=\"style-scope ytd-playlist-sidebar-primary-info-renderer\"><span style=\"color: #000080\">TDE &#8211; TRANSFORMACI\u00d3N DIGITAL EDUCATIVA<\/span><br \/>\n<span style=\"color: #800000\"><strong><em>Programa de Digitalizaci\u00f3n de Centro para el Profesorado<\/em><\/strong><\/span><\/h3>\n<hr>\n<h3><a href=\"https:\/\/educacionadistancia.juntadeandalucia.es\/centros\/sevilla\/\" target=\"_blank\" rel=\"noopener noreferrer\"><img loading=\"lazy\" decoding=\"async\" class=\"alignnone wp-image-3973 \" src=\"https:\/\/blogsaverroes.juntadeandalucia.es\/ieslauretum\/files\/2020\/10\/nuevo-logo-moodle.jpg\" alt=\"\" width=\"269\" height=\"114\" srcset=\"https:\/\/blogsaverroes.juntadeandalucia.es\/ieslauretum\/files\/2020\/10\/nuevo-logo-moodle.jpg 300w, https:\/\/blogsaverroes.juntadeandalucia.es\/ieslauretum\/files\/2020\/10\/nuevo-logo-moodle-24x10.jpg 24w, https:\/\/blogsaverroes.juntadeandalucia.es\/ieslauretum\/files\/2020\/10\/nuevo-logo-moodle-36x15.jpg 36w, https:\/\/blogsaverroes.juntadeandalucia.es\/ieslauretum\/files\/2020\/10\/nuevo-logo-moodle-48x20.jpg 48w\" sizes=\"(max-width: 269px) 100vw, 269px\" \/><\/a><\/h3>\n<h2><a href=\"https:\/\/www.youtube.com\/playlist?list=PLJkk1L3HGsMln905t-2tD4kLvQwbZ-UM-\" target=\"_blank\" rel=\"noopener\"><span style=\"color: #0000ff\">Curso Moodle centros iniciaci\u00f3n. AVFP Recursos audiovisuales 2025<\/span><\/a><\/h2>\n<h3><a href=\"https:\/\/blogsaverroes.juntadeandalucia.es\/ieslauretum\/files\/2024\/05\/banco_de_contenidos_Aula_Planeta.png\"><img loading=\"lazy\" decoding=\"async\" class=\"alignnone size-medium wp-image-8068\" src=\"https:\/\/blogsaverroes.juntadeandalucia.es\/ieslauretum\/files\/2024\/05\/banco_de_contenidos_Aula_Planeta-300x162.png\" alt=\"\" width=\"300\" height=\"162\" srcset=\"https:\/\/blogsaverroes.juntadeandalucia.es\/ieslauretum\/files\/2024\/05\/banco_de_contenidos_Aula_Planeta-300x162.png 300w, https:\/\/blogsaverroes.juntadeandalucia.es\/ieslauretum\/files\/2024\/05\/banco_de_contenidos_Aula_Planeta-1024x551.png 1024w, https:\/\/blogsaverroes.juntadeandalucia.es\/ieslauretum\/files\/2024\/05\/banco_de_contenidos_Aula_Planeta-768x413.png 768w, https:\/\/blogsaverroes.juntadeandalucia.es\/ieslauretum\/files\/2024\/05\/banco_de_contenidos_Aula_Planeta.png 1159w\" sizes=\"(max-width: 300px) 100vw, 300px\" \/><\/a><\/h3>\n<h2><span style=\"color: #800000\"><a style=\"color: #800000\" href=\"https:\/\/www.juntadeandalucia.es\/educacion\/eaprendizaje\/moodle-centros\/\" target=\"_blank\" rel=\"noopener\">Encuentra aqu\u00ed todo lo que necesitas para sacar el m\u00e1ximo partido a la plataforma<\/a><\/span><\/h2>\n<hr>\n<h4><a href=\"https:\/\/www.youtube.com\/playlist?list=PLQUwUJU9roNMyKOAAQ0g8uc5IP0BXfjZ6\" target=\"_blank\" rel=\"noopener\"><img loading=\"lazy\" decoding=\"async\" class=\"wp-image-8478 size-medium aligncenter\" src=\"https:\/\/blogsaverroes.juntadeandalucia.es\/ieslauretum\/files\/2025\/03\/Captura-de-pantalla-2025-03-03-170158-300x165.png\" alt=\"\" width=\"300\" height=\"165\" srcset=\"https:\/\/blogsaverroes.juntadeandalucia.es\/ieslauretum\/files\/2025\/03\/Captura-de-pantalla-2025-03-03-170158-300x165.png 300w, https:\/\/blogsaverroes.juntadeandalucia.es\/ieslauretum\/files\/2025\/03\/Captura-de-pantalla-2025-03-03-170158.png 304w\" sizes=\"(max-width: 300px) 100vw, 300px\" \/><\/a><\/h4>\n<hr>\n<h4>&nbsp;<\/h4>\n<h4><a style=\"font-family: inherit;font-size: inherit\" href=\"https:\/\/youtu.be\/3US4v8YFRGs?si=tvNc1v-glSWtP4RF\" target=\"_blank\" rel=\"noopener noreferrer\"><span style=\"color: #0000ff\"><strong>1.- Cuaderno de S\u00e9neca 23-24 &#8211; Conexi\u00f3n Moodle-Cuaderno<\/strong><\/span><\/a><\/h4>\n<div id=\"title\" class=\"style-scope ytd-watch-metadata\">\n<h4><a href=\"https:\/\/materiales.ipepcordoba.com\/general\/evaluacion_criterial_en_moodle\/index.html\" target=\"_blank\" rel=\"noopener\"><span style=\"color: #0000ff\"><strong>2.- Evaluaci\u00f3n Criterial con Moodle<\/strong><\/span><\/a><\/h4>\n<\/div>\n<h4><strong><span style=\"color: #0000ff\"><a style=\"color: #0000ff\" href=\"https:\/\/youtu.be\/Wf2POko5638?si=Tw7I28l7orJ9kyot\" target=\"_blank\" rel=\"noopener\">3.- IA CHATPDF Crea ex\u00e1menes tipo test Moodle desde PDF<\/a><\/span><\/strong><\/h4>\n<h4 id=\"title\" class=\"style-scope ytd-playlist-sidebar-primary-info-renderer\"><a href=\"https:\/\/www.youtube.com\/playlist?list=PLTYKfSporg0s_xbKB7ojK4CWiS7NTvWCQ\" target=\"_blank\" rel=\"noopener noreferrer\"><span style=\"text-decoration: underline\"><span style=\"color: #993300;text-decoration: underline\">4.- V\u00eddeo tutoriales: USO DE LA PLATAFORMA MOODLE<\/span><\/span><\/a><\/h4>\n<h4><a href=\"https:\/\/wp.me\/PbyKry-1ws\" target=\"_blank\" rel=\"noopener noreferrer\"><span style=\"text-decoration: underline;color: #008000\">5.- CURSO B\u00c1SICO DE LA PLATAFORMA MOODLE<\/span>&nbsp;<\/a><\/h4>\n<h4><a href=\"https:\/\/wp.me\/PbyKry-1ck\" target=\"_blank\" rel=\"noopener noreferrer\"><span style=\"text-decoration: underline;color: #008000\">6.- CURSO AVANZADO DE LA PLATAFORMA MOODLE<\/span><\/a><\/h4>\n<div id=\"top-row\" class=\"style-scope ytd-watch-metadata\">\n<div id=\"owner\" class=\"item style-scope ytd-watch-metadata\">&#8212;&#8212;&#8212;&#8212;&#8212;&#8212;&#8212;&#8212;&#8212;&#8212;&#8212;&#8212;&#8212;&#8212;&#8212;&#8212;&#8212;&#8212;&#8212;&#8212;&#8212;&#8212;&#8212;&#8212;&#8212;&#8212;&#8212;&#8212;&#8212;&#8212;&#8212;&#8212;&#8212;&#8212;&#8212;&#8212;&#8212;&#8212;&#8212;&#8212;&#8212;&#8212;&#8212;&#8212;&#8212;&#8212;&#8212;&#8212;&#8212;&#8212;&#8212;&#8212;&#8212;&#8212;&#8212;&#8212;&#8212;&#8212;&#8212;&#8212;&#8212;&#8212;&#8212;&#8212;-<\/div>\n<\/div>\n<h3><span style=\"color: #800000\"><strong><a style=\"color: #800000\" href=\"https:\/\/youtu.be\/nDpPRoEeG0I?si=g2Wv8WTFPAGXnUTa\" target=\"_blank\" rel=\"noopener\">BANCO DE CONTENIDOS DE AULA PLANETA EN MOODLE CENTROS<\/a><\/strong><\/span><\/h3>\n<p><span style=\"color: #008000\"><strong><a style=\"color: #008000\" href=\"https:\/\/www.juntadeandalucia.es\/educacion\/eaprendizaje\/objetos-digitales-educativos\/\">Objetos Digitales Educativos | eAprendizaje (juntadeandalucia.es)<\/a><\/strong><\/span><\/p>\n<p><span style=\"color: #008000\"><a style=\"color: #008000\" href=\"https:\/\/edea.juntadeandalucia.es\/bancorecursos\/file\/c45ea16a-740d-4f4d-84ca-3f4cc4966e21\/2\/Guia_basica_Moodle_Centros23-24.Rol_Docente.zip\/11_ode_y_banco_de_contenidos_de_aulaplaneta.html\" target=\"_blank\" rel=\"noopener\"><strong><span style=\"font-family: inherit;font-size: inherit\">Gu\u00eda B\u00e1sica de Moodle Centro: ODE y Banco de contenidos de Aulaplaneta<\/span><\/strong><\/a><\/span><\/p>\n<article id=\"id106\" class=\"iDevice_wrapper textIdevice em_iDevice\">\n<div><span style=\"color: #008000\"><strong style=\"font-family: inherit;font-size: inherit\"><a style=\"color: #008000\" href=\"https:\/\/vimeo.com\/886828405\/18aa934d84\" target=\"_blank\" rel=\"noopener\">Presentaci\u00f3n proyecto Aula Planeta Andaluc\u00eda<\/a><\/strong><\/span><\/div>\n<div class=\"iDevice emphasis1\"><span style=\"color: #008000\"><strong><a style=\"color: #008000\" href=\"https:\/\/www.juntadeandalucia.es\/educacion\/eaprendizaje\/wp-content\/uploads\/2024\/02\/Areas-Asignatura-Andalucia.pdf\" target=\"_blank\" rel=\"noopener\">\u00c1reas de Aula Planeta<\/a><\/strong><\/span><\/div>\n<\/article>\n<h4 class=\"style-scope ytd-watch-metadata\"><strong><span style=\"color: #0000ff\"><a style=\"color: #0000ff\" href=\"https:\/\/youtu.be\/CqgvJUL_RY8?si=9IKhq2KD8YRhuFQr\" target=\"_blank\" rel=\"noopener\">1.- Banco de contenidos de Aulaplaneta<\/a><\/span><\/strong><\/h4>\n<h4 class=\"style-scope ytd-watch-metadata\"><a href=\"https:\/\/youtu.be\/R0wh_ROq2bI?si=p_DciGjaChMSo3T8\" target=\"_blank\" rel=\"noopener\"><strong><span style=\"color: #0000ff\">2.- C\u00f3mo a\u00f1adir Objetos B\u00e1sicos | Bloque repositorio<\/span><\/strong><\/a><\/h4>\n<div class=\"badge badge-style-type-simple style-scope ytd-badge-supported-renderer style-scope ytd-badge-supported-renderer\" role=\"img\" aria-label=\"Oculto\">\n<p class=\"style-scope ytd-badge-supported-renderer\"><strong style=\"font-family: inherit;font-size: inherit\"><a href=\"https:\/\/youtu.be\/cq_KsUVsLcg?si=Jow3HScBENl1aljF\" target=\"_blank\" rel=\"noopener\"><span style=\"color: #0000ff\">3.- C\u00f3mo a\u00f1adir Objetos B\u00e1sicos | Activando edici\u00f3n<\/span><\/a><\/strong><\/p>\n<\/div>\n<div class=\"badge badge-style-type-simple style-scope ytd-badge-supported-renderer style-scope ytd-badge-supported-renderer\" role=\"img\" aria-label=\"Oculto\">\n<p class=\"style-scope ytd-badge-supported-renderer\"><strong style=\"font-family: inherit;font-size: inherit\"><span style=\"color: #0000ff\"><a style=\"color: #0000ff\" href=\"https:\/\/youtu.be\/gY0WqZTleCg?si=a2-wK82Q_eWMMBaA\" target=\"_blank\" rel=\"noopener\">4.- C\u00f3mo a\u00f1adir objetos de Aprendizaje | Bloque repositorio<\/a><\/span><\/strong><\/p>\n<\/div>\n<div class=\"badge badge-style-type-simple style-scope ytd-badge-supported-renderer style-scope ytd-badge-supported-renderer\" role=\"img\" aria-label=\"Oculto\">\n<p class=\"style-scope ytd-badge-supported-renderer\"><strong><span style=\"color: #0000ff\"><a style=\"font-family: inherit;font-size: inherit;color: #0000ff\" href=\"https:\/\/youtu.be\/BpgypiKUx68?si=YRRDO0RS1Y1q7CdK\" target=\"_blank\" rel=\"noopener\">5.- C\u00f3mo a\u00f1adir Objetos de Aprendizaje | Activando edici\u00f3n<\/a><\/span><\/strong><\/p>\n<\/div>\n<div class=\"badge badge-style-type-simple style-scope ytd-badge-supported-renderer style-scope ytd-badge-supported-renderer\" role=\"img\" aria-label=\"Oculto\">\n<p class=\"style-scope ytd-badge-supported-renderer\">&nbsp;<\/p>\n<\/div>\n<hr>\n<\/td>\n<\/tr>\n<tr style=\"height: 40px\">\n<td style=\"text-align: center;height: 10px;width: 0.720461%\" colspan=\"2\">\n<h2><span style=\"text-decoration: underline\"><span style=\"color: #800000;text-decoration: underline\">MOODLE CENTROS VIDEOCONFERENCIA<\/span><\/span><\/h2>\n<p><a href=\"https:\/\/view.genial.ly\/616ee8b6c5e65e0dea848884\" target=\"_blank\" rel=\"noopener noreferrer\"><img loading=\"lazy\" decoding=\"async\" class=\"wp-image-5945 size-medium aligncenter\" src=\"https:\/\/blogsaverroes.juntadeandalucia.es\/ieslauretum\/files\/2021\/10\/Screenshot_20211020-035622_Samsung-Internet-e1634738099785-300x166.jpg\" alt=\"\" width=\"300\" height=\"166\" srcset=\"https:\/\/blogsaverroes.juntadeandalucia.es\/ieslauretum\/files\/2021\/10\/Screenshot_20211020-035622_Samsung-Internet-e1634738099785-300x166.jpg 300w, https:\/\/blogsaverroes.juntadeandalucia.es\/ieslauretum\/files\/2021\/10\/Screenshot_20211020-035622_Samsung-Internet-e1634738099785-768x425.jpg 768w, https:\/\/blogsaverroes.juntadeandalucia.es\/ieslauretum\/files\/2021\/10\/Screenshot_20211020-035622_Samsung-Internet-e1634738099785.jpg 1012w\" sizes=\"(max-width: 300px) 100vw, 300px\" \/><\/a><\/p>\n<h3><span style=\"text-decoration: underline\"><strong><span style=\"color: #008000;text-decoration: underline\">Plataforma Webex<\/span><\/strong><\/span><\/h3>\n<h4 class=\"title style-scope ytd-video-primary-info-renderer\"><a href=\"https:\/\/www.youtube.com\/watch?v=pXDPFt_woNc\" target=\"_blank\" rel=\"noopener noreferrer\"><span style=\"color: #0000ff\">1.- C\u00f3mo crear una videoconferencia con Webex<\/span><\/a><\/h4>\n<h4 class=\"title style-scope ytd-video-primary-info-renderer\"><a href=\"https:\/\/www.youtube.com\/watch?v=dfA2fg-Yq1g\" target=\"_blank\" rel=\"noopener noreferrer\"><span style=\"color: #0000ff\">2.- C\u00f3mo activar en S\u00e9neca nuestro usuario de Webex en Moodle Centros<\/span><\/a><\/h4>\n<h3><span style=\"text-decoration: underline\"><strong><span style=\"color: #008000;text-decoration: underline\">Plataforma Moodle Webex<\/span><\/strong><\/span><\/h3>\n<h4 class=\"title style-scope ytd-video-primary-info-renderer\"><a href=\"https:\/\/www.youtube.com\/watch?v=E4iLNGDX-Is\" target=\"_blank\" rel=\"noopener noreferrer\"><span style=\"color: #0000ff\">1.- Videoconferencias: PARTE I. ROL profesorado.<\/span><\/a><\/h4>\n<div id=\"info\" class=\"style-scope ytd-video-primary-info-renderer\">\n<h4 class=\"title style-scope ytd-video-primary-info-renderer\"><a href=\"https:\/\/www.youtube.com\/watch?v=YCpWaP2KMQ8\" target=\"_blank\" rel=\"noopener noreferrer\"><span style=\"color: #0000ff\">2.- Videoconferencias: PARTE II. ROL profesorado.<\/span><\/a><\/h4>\n<h4><span style=\"color: #0000ff\"><a style=\"color: #0000ff\" href=\"https:\/\/youtu.be\/9m5pi6gyL6o\" target=\"_blank\" rel=\"noopener noreferrer\">3.- Utilidades dentro de la reuni\u00f3n. Rol Profesorado.<\/a><\/span><\/h4>\n<h4 class=\"title style-scope ytd-video-primary-info-renderer\"><a href=\"https:\/\/www.youtube.com\/watch?v=1stLwRtiiLw\" target=\"_blank\" rel=\"noopener noreferrer\"><span style=\"color: #0000ff\">4.- GRUPOS EN WEBEX. ROL profesorado.<\/span><\/a><\/h4>\n<h4 class=\"title style-scope ytd-video-primary-info-renderer\"><a href=\"https:\/\/www.youtube.com\/watch?v=YbqGhJ9ResM\" target=\"_blank\" rel=\"noopener noreferrer\"><span style=\"color: #0000ff\">5.- WEBEX: OPCIONES AVANZADAS. ROL profesorado.<\/span><\/a><\/h4>\n<h4 class=\"title style-scope ytd-video-primary-info-renderer\"><a href=\"https:\/\/www.youtube.com\/watch?v=3cPpDklDWp0\" target=\"_blank\" rel=\"noopener noreferrer\"><span style=\"color: #0000ff\">6.- INFORME DE ASISTENTES&nbsp; A LA SALA EN WEBEX. ROL profesorado.<\/span><\/a><\/h4>\n<p><a href=\"https:\/\/youtu.be\/HOJwrT1KWeI\" target=\"_blank\" rel=\"noopener noreferrer\"><span style=\"color: #0000ff\"><strong>7.-<span style=\"font-family: inherit;font-size: inherit\">Generar lista de asistencia en Webex Meetings<\/span><\/strong><\/span><\/a><\/p>\n<p><a href=\"https:\/\/youtu.be\/FRdPQcROql0?si=E94M3dHuVELR6PYx\" target=\"_blank\" rel=\"noopener\"><span style=\"color: #0000ff\"><strong><span style=\"font-family: inherit;font-size: inherit\">8.- C\u00f3mo hacer votaciones y sondeos<\/span><\/strong><\/span><\/a><\/p>\n<div id=\"top-row\" class=\"style-scope ytd-watch-metadata\">\n<div id=\"owner\" class=\"item style-scope ytd-watch-metadata\">&nbsp;<\/div>\n<\/div>\n<div id=\"top-row\" class=\"style-scope ytd-watch-metadata\">\n<div id=\"owner\" class=\"item style-scope ytd-watch-metadata\">&nbsp;<\/div>\n<\/div>\n<h3><span style=\"text-decoration: underline\"><strong><span style=\"color: #008000;text-decoration: underline\">EducaAndOS<\/span><\/strong><\/span><\/h3>\n<h4 class=\"title style-scope ytd-video-primary-info-renderer\"><a href=\"https:\/\/youtu.be\/TRNZlRQUQok\" target=\"_blank\" rel=\"noopener noreferrer\"><span style=\"color: #0000ff\">C\u00f3mo instalar Webex en EducaAndOS<\/span><\/a><\/h4>\n<div id=\"info\" class=\"style-scope ytd-video-primary-info-renderer\">\n<hr>\n<\/div>\n<div><a href=\"https:\/\/educacionadistancia-jda.webex.com\/webappng\/sites\/educacionadistancia-jda\/dashboard?siteurl=educacionadistancia-jda\" target=\"_blank\" rel=\"noopener noreferrer\"><strong><span style=\"text-decoration: underline\"><span style=\"color: #008000;text-decoration: underline\">CREAR Y UTILIZAR LA PLATAFORMA DE WEBEX DIRECTAMENTE<\/span><\/span><\/strong><\/a><\/div>\n<div>&nbsp;<\/div>\n<div><span style=\"color: #008000\">Usar el siguiente usuario: <a style=\"color: #008000\" href=\"mailto:IDEA@educaand.es,\">IDEA@educaand.es (SIN LA g),<\/a>&nbsp;y no solicitar\u00e1 la CONTRASE\u00d1A. <\/span><\/div>\n<div>&nbsp;<\/div>\n<div><strong><span style=\"color: #008000\">Para ello deb\u00e9is tener instalado en el PC o m\u00f3vil la aplicaci\u00f3n.<\/span><\/strong><\/div>\n<div><span style=\"color: #008000\">Para m\u00f3vil:&nbsp;<\/span><span style=\"color: #008000\"><a style=\"color: #008000\" href=\"https:\/\/play.google.com\/store\/apps\/details?id=com.cisco.webex.meetings\">Cisco Webex Meetings &#8211; Aplicaciones en Google Play<\/a><\/span><\/div>\n<div><span style=\"color: #008000\">Para ordenador:&nbsp;<\/span><span style=\"color: #008000\"><a style=\"color: #008000\" href=\"https:\/\/www.webex.com\/es\/downloads.html\">Cisco Webex | Descargar<\/a><\/span><\/div>\n<\/div>\n<\/td>\n<\/tr>\n<tr style=\"height: 295px\">\n<td style=\"text-align: center;width: 0.720461%;height: 295px\" colspan=\"2\">\n<h2><span style=\"text-decoration: underline;color: #800000\">APP MOODLE PARA M\u00d3VIL<\/span><\/h2>\n<h3><a href=\"https:\/\/educacionadistancia.juntadeandalucia.es\/centros\/\" target=\"_blank\" rel=\"noopener noreferrer\"><img loading=\"lazy\" decoding=\"async\" class=\"alignnone wp-image-4201\" src=\"https:\/\/blogsaverroes.juntadeandalucia.es\/ieslauretum\/files\/2020\/12\/unnamed.png\" alt=\"\" width=\"159\" height=\"159\" srcset=\"https:\/\/blogsaverroes.juntadeandalucia.es\/ieslauretum\/files\/2020\/12\/unnamed.png 250w, https:\/\/blogsaverroes.juntadeandalucia.es\/ieslauretum\/files\/2020\/12\/unnamed-150x150.png 150w, https:\/\/blogsaverroes.juntadeandalucia.es\/ieslauretum\/files\/2020\/12\/unnamed-100x100.png 100w, https:\/\/blogsaverroes.juntadeandalucia.es\/ieslauretum\/files\/2020\/12\/unnamed-24x24.png 24w, https:\/\/blogsaverroes.juntadeandalucia.es\/ieslauretum\/files\/2020\/12\/unnamed-36x36.png 36w, https:\/\/blogsaverroes.juntadeandalucia.es\/ieslauretum\/files\/2020\/12\/unnamed-48x48.png 48w\" sizes=\"(max-width: 159px) 100vw, 159px\" \/><\/a><\/h3>\n<h4 class=\"title style-scope ytd-video-primary-info-renderer\"><strong><span style=\"color: #0000ff\"><a style=\"color: #0000ff\" title=\"App Moodle para m\u00f3vil: Uso profesorado\" href=\"https:\/\/www.youtube.com\/watch?v=ycbfpSgHy_o\" target=\"_blank\" rel=\"noopener noreferrer\">App Moodle para m\u00f3vil: uso para el profesorado.<\/a><\/span><\/strong><\/h4>\n<h4 class=\"title style-scope ytd-video-primary-info-renderer\"><strong><a href=\"https:\/\/www.youtube.com\/watch?v=Z6jvtJyAdow&amp;feature=emb_logo\" target=\"_blank\" rel=\"noopener noreferrer\"><span style=\"color: #0000ff\">App Moodle para m\u00f3vil: uso para el alumnado<\/span><\/a><\/strong><\/h4>\n<\/td>\n<\/tr>\n<\/tbody>\n<\/table>\n<div id=\"gtx-trans\" style=\"position: absolute;left: 486px;top: 2234.59px\">\n<div class=\"gtx-trans-icon\">&nbsp;<\/div>\n<\/div>\n","protected":false},"excerpt":{"rendered":"<p>TDE &#8211; TRANSFORMACI\u00d3N DIGITAL EDUCATIVA Programa de Digitalizaci\u00f3n de Centro para el Profesorado Curso Moodle centros iniciaci\u00f3n. AVFP Recursos audiovisuales 2025 Encuentra aqu\u00ed todo lo&hellip;<\/p>\n","protected":false},"author":1966,"featured_media":0,"parent":0,"menu_order":0,"comment_status":"closed","ping_status":"closed","template":"","meta":{"ngg_post_thumbnail":0,"footnotes":""},"aioseo_notices":[],"_links":{"self":[{"href":"https:\/\/blogsaverroes.juntadeandalucia.es\/ieslauretum\/wp-json\/wp\/v2\/pages\/4207"}],"collection":[{"href":"https:\/\/blogsaverroes.juntadeandalucia.es\/ieslauretum\/wp-json\/wp\/v2\/pages"}],"about":[{"href":"https:\/\/blogsaverroes.juntadeandalucia.es\/ieslauretum\/wp-json\/wp\/v2\/types\/page"}],"author":[{"embeddable":true,"href":"https:\/\/blogsaverroes.juntadeandalucia.es\/ieslauretum\/wp-json\/wp\/v2\/users\/1966"}],"replies":[{"embeddable":true,"href":"https:\/\/blogsaverroes.juntadeandalucia.es\/ieslauretum\/wp-json\/wp\/v2\/comments?post=4207"}],"version-history":[{"count":130,"href":"https:\/\/blogsaverroes.juntadeandalucia.es\/ieslauretum\/wp-json\/wp\/v2\/pages\/4207\/revisions"}],"predecessor-version":[{"id":8061,"href":"https:\/\/blogsaverroes.juntadeandalucia.es\/ieslauretum\/wp-json\/wp\/v2\/pages\/4207\/revisions\/8061"}],"wp:attachment":[{"href":"https:\/\/blogsaverroes.juntadeandalucia.es\/ieslauretum\/wp-json\/wp\/v2\/media?parent=4207"}],"curies":[{"name":"wp","href":"https:\/\/api.w.org\/{rel}","templated":true}]}}