{"id":44,"date":"2015-03-13T08:42:15","date_gmt":"2015-03-13T08:42:15","guid":{"rendered":"http:\/\/blogsaverroes.juntadeandalucia.es\/pre\/ceip\/?page_id=44"},"modified":"2025-10-17T17:31:41","modified_gmt":"2025-10-17T17:31:41","slug":"planes-y-proyectos","status":"publish","type":"page","link":"https:\/\/blogsaverroes.juntadeandalucia.es\/ieslauretum\/planes-y-proyectos\/","title":{"rendered":"PLANES Y PROGRAMAS"},"content":{"rendered":"<div id=\"contenido_sitio\" class=\"tiny_personalizado\" style=\"float: left\">\n<table class=\"borde_doble\" style=\"background-color: #eaec97;text-align: center;border: 0px solid #f3350b;height: 297px;width: 100.457%\" border=\"0\">\n<caption><span style=\"background-color: #ffcc00\"><span style=\"color: #993300\"><span style=\"text-decoration: underline\"><strong><em><span style=\"font-size: 18pt\">PLANES Y PROGRAMAS DEL IES LAURETUM<\/span><\/em><\/strong><\/span><\/span><\/span><\/caption>\n<tbody>\n<tr class=\"borde_doble\">\n<td style=\"width: 23.2181%\"><em><strong><span style=\"color: #0000ff\"><a style=\"color: #0000ff\" href=\"https:\/\/wp.me\/PbyKry-OR\" target=\"_blank\" rel=\"noopener noreferrer\">1.- TRANSFORMACI\u00d3N DIGITAL EDUCATIVA (TDE)<\/a><\/span><\/strong><\/em><\/p>\n<p><a href=\"https:\/\/view.genial.ly\/65ae4c314af43c0015ffadf6\/presentation-programa-ada-2324-lau\" target=\"_blank\" rel=\"noopener noreferrer\"><strong><span style=\"color: #0000ff\">1.1.-Programa Alumnado Digital Andaluz (ADA)<\/span><\/strong><\/a><\/p>\n<p><a href=\"https:\/\/blogsaverroes.juntadeandalucia.es\/ieslauretum\/files\/2025\/06\/TDE-1024x576-1.jpg\"><img loading=\"lazy\" decoding=\"async\" class=\"alignnone size-medium wp-image-8660\" src=\"https:\/\/blogsaverroes.juntadeandalucia.es\/ieslauretum\/files\/2025\/06\/TDE-1024x576-1-300x169.jpg\" alt=\"\" width=\"300\" height=\"169\" srcset=\"https:\/\/blogsaverroes.juntadeandalucia.es\/ieslauretum\/files\/2025\/06\/TDE-1024x576-1-300x169.jpg 300w, https:\/\/blogsaverroes.juntadeandalucia.es\/ieslauretum\/files\/2025\/06\/TDE-1024x576-1-768x432.jpg 768w, https:\/\/blogsaverroes.juntadeandalucia.es\/ieslauretum\/files\/2025\/06\/TDE-1024x576-1.jpg 1024w\" sizes=\"(max-width: 300px) 100vw, 300px\" \/><\/a><\/td>\n<td style=\"width: 34.5012%\"><em><strong><span style=\"color: #0000ff\"><a style=\"color: #0000ff\" title=\"H\u00c1BITOS DE VIDA SALUDABLE Y PREVENCI\u00d3N DE RIESGOS LABORALES\" href=\"\/ieslauretum\/habitos-de-vida-saludable-y-prevencion-de-riesgos-laborales\/\">5.- PREVENCI\u00d3N DE RIESGOS LABORALES Y H\u00c1BITOS DE VIDA SALUDABLE.<\/a><\/span><\/strong><\/em><\/p>\n<p><strong><span style=\"color: #0000ff\">5.1.- <\/span><\/strong><strong><span style=\"color: #0000ff\"><a href=\"https:\/\/blogsaverroes.juntadeandalucia.es\/ieslauretum\/files\/2024\/02\/PROTOCOLO-DE-SUICIDIO-material-elaborado-1.pdf\">PROTOCOLO DE SUICIDIO Y AUTOLESIONES DEL ALUMNADO<\/a><\/span><\/strong><\/p>\n<p><em><strong><span style=\"color: #0000ff\"><a style=\"color: #0000ff\" title=\"PLAN DE CONVIVENCIA ESCOLAR, EDUCACI\u00d3N EN VALORES, SEGURIDAD VIAL Y DROGAS\" href=\"\/ieslauretum\/plan-de-convivencia-escolar-educacionf\/\">5.2.- PLAN DE CONVIVENCIA, SALUD Y BIENESTAR ESCOLAR<\/a><\/span><\/strong><\/em><\/p>\n<p><a href=\"https:\/\/blogsaverroes.juntadeandalucia.es\/ieslauretum\/files\/2025\/06\/prevencion-centros-docentes.jpg\"><img loading=\"lazy\" decoding=\"async\" class=\"alignnone wp-image-8659\" src=\"https:\/\/blogsaverroes.juntadeandalucia.es\/ieslauretum\/files\/2025\/06\/prevencion-centros-docentes-248x300.jpg\" alt=\"\" width=\"170\" height=\"206\" srcset=\"https:\/\/blogsaverroes.juntadeandalucia.es\/ieslauretum\/files\/2025\/06\/prevencion-centros-docentes-248x300.jpg 248w, https:\/\/blogsaverroes.juntadeandalucia.es\/ieslauretum\/files\/2025\/06\/prevencion-centros-docentes.jpg 596w\" sizes=\"(max-width: 170px) 100vw, 170px\" \/><\/a><\/td>\n<\/tr>\n<tr>\n<td style=\"width: 23.2181%\"><em><strong><span style=\"color: #0000ff\"><a style=\"color: #0000ff\" href=\"https:\/\/wp.me\/PbyKry-Sn\" target=\"_blank\" rel=\"noopener noreferrer\">2.- PLAN DE IGUALDAD DE G\u00c9NERO<\/a><\/span><\/strong><\/em><\/p>\n<p><a href=\"https:\/\/blogsaverroes.juntadeandalucia.es\/ieslauretum\/files\/2025\/06\/Plan_igualdad_andalucia_22-28.jpg\"><img loading=\"lazy\" decoding=\"async\" class=\"alignnone size-medium wp-image-8664\" src=\"https:\/\/blogsaverroes.juntadeandalucia.es\/ieslauretum\/files\/2025\/06\/Plan_igualdad_andalucia_22-28-300x164.jpg\" alt=\"\" width=\"300\" height=\"164\" srcset=\"https:\/\/blogsaverroes.juntadeandalucia.es\/ieslauretum\/files\/2025\/06\/Plan_igualdad_andalucia_22-28-300x164.jpg 300w, https:\/\/blogsaverroes.juntadeandalucia.es\/ieslauretum\/files\/2025\/06\/Plan_igualdad_andalucia_22-28-1024x559.jpg 1024w, https:\/\/blogsaverroes.juntadeandalucia.es\/ieslauretum\/files\/2025\/06\/Plan_igualdad_andalucia_22-28-768x419.jpg 768w, https:\/\/blogsaverroes.juntadeandalucia.es\/ieslauretum\/files\/2025\/06\/Plan_igualdad_andalucia_22-28.jpg 1200w\" sizes=\"(max-width: 300px) 100vw, 300px\" \/><\/a><\/p>\n<p><em><strong>&nbsp;<\/strong><\/em><\/td>\n<td style=\"width: 34.5012%\"><em><strong><span style=\"color: #0000ff\"><a style=\"color: #0000ff\" title=\"PROGRAMA DE GRATUIDAD DE LIBROS DE TEXTO\" href=\"\/ieslauretum\/programa-de-gratuidad-de-libros-de-texto\/\">6.- PROGRAMA DE GRATUIDAD DE LIBROS DE TEXTO<\/a><\/span><\/strong><\/em><\/p>\n<p><a href=\"https:\/\/blogsaverroes.juntadeandalucia.es\/ieslauretum\/files\/2025\/06\/libros_gratis.jpg\"><img loading=\"lazy\" decoding=\"async\" class=\"alignnone size-full wp-image-8663\" src=\"https:\/\/blogsaverroes.juntadeandalucia.es\/ieslauretum\/files\/2025\/06\/libros_gratis.jpg\" alt=\"\" width=\"283\" height=\"178\"><\/a><\/td>\n<\/tr>\n<tr>\n<td style=\"width: 23.2181%\"><em><strong><span style=\"color: #0000ff\">3.- <a style=\"color: #0000ff\" title=\"MASTER DE SECUNDARIA Y BACHILLERATO\" href=\"\/ieslauretum\/master-de-secundaria-y-bachillerato\/\">MASTER DE SECUNDARIA Y BACHILLERATO&nbsp;<\/a><\/span><\/strong><\/em><\/p>\n<p><a href=\"https:\/\/blogsaverroes.juntadeandalucia.es\/ieslauretum\/files\/2025\/06\/Master_Profesorado_cabecera_ok-2.png\"><img loading=\"lazy\" decoding=\"async\" class=\"alignnone size-medium wp-image-8665\" src=\"https:\/\/blogsaverroes.juntadeandalucia.es\/ieslauretum\/files\/2025\/06\/Master_Profesorado_cabecera_ok-2-300x198.png\" alt=\"\" width=\"300\" height=\"198\" srcset=\"https:\/\/blogsaverroes.juntadeandalucia.es\/ieslauretum\/files\/2025\/06\/Master_Profesorado_cabecera_ok-2-300x198.png 300w, https:\/\/blogsaverroes.juntadeandalucia.es\/ieslauretum\/files\/2025\/06\/Master_Profesorado_cabecera_ok-2-768x507.png 768w, https:\/\/blogsaverroes.juntadeandalucia.es\/ieslauretum\/files\/2025\/06\/Master_Profesorado_cabecera_ok-2.png 800w\" sizes=\"(max-width: 300px) 100vw, 300px\" \/><\/a><\/td>\n<td style=\"width: 34.5012%\"><em><strong><span style=\"color: #0000ff\">&nbsp;<a style=\"color: #0000ff\" title=\"PROGRAMA PROA ANDALUCIA\" href=\"\/ieslauretum\/proa-andalucia-programa-de-refuerzo\/\">7.- PROA ANDALUCIA: PROGRAMA DE REFUERZO, ORIENTACI\u00d3N Y APOYO ESCOLAR EN ANDALUC\u00cdA<\/a><\/span><\/strong><\/em><\/p>\n<p><a href=\"https:\/\/blogsaverroes.juntadeandalucia.es\/ieslauretum\/files\/2025\/06\/imagen_enlace_proa-1.jpg\"><img loading=\"lazy\" decoding=\"async\" class=\"alignnone size-full wp-image-8662\" src=\"https:\/\/blogsaverroes.juntadeandalucia.es\/ieslauretum\/files\/2025\/06\/imagen_enlace_proa-1.jpg\" alt=\"\" width=\"260\" height=\"148\"><\/a><\/td>\n<\/tr>\n<tr>\n<td style=\"width: 23.2181%\"><span style=\"text-decoration: underline\"><span style=\"color: #0000ff\"><em><strong>4.- Proyecto Ling\u00fc\u00edstico de Centro<\/strong><\/em><\/span><\/span><\/p>\n<p><a href=\"https:\/\/blogsaverroes.juntadeandalucia.es\/ieslauretum\/files\/2025\/06\/PLC_logo_1.png\"><img loading=\"lazy\" decoding=\"async\" class=\"alignnone size-medium wp-image-8657\" src=\"https:\/\/blogsaverroes.juntadeandalucia.es\/ieslauretum\/files\/2025\/06\/PLC_logo_1-300x114.png\" alt=\"\" width=\"300\" height=\"114\" srcset=\"https:\/\/blogsaverroes.juntadeandalucia.es\/ieslauretum\/files\/2025\/06\/PLC_logo_1-300x114.png 300w, https:\/\/blogsaverroes.juntadeandalucia.es\/ieslauretum\/files\/2025\/06\/PLC_logo_1.png 400w\" sizes=\"(max-width: 300px) 100vw, 300px\" \/><\/a><\/p>\n<ul>\n<li><span style=\"color: #0000ff\"><em><strong><a style=\"color: #0000ff\" href=\"https:\/\/www.juntadeandalucia.es\/educacion\/portals\/delegate\/content\/9aa662df-9704-4ed1-b73a-381bffe838d0\" target=\"_blank\" rel=\"noopener\">Gu\u00eda para el Fomento de la lectura 2025 (pdf)<\/a>&nbsp;<\/strong><\/em><\/span><\/li>\n<\/ul>\n<section class=\"cuerpo detalle_html\">\n<div class=\"inner_cuerpo\"><a href=\"https:\/\/blogsaverroes.juntadeandalucia.es\/ieslauretum\/files\/2025\/10\/geometry-1044090_1920.jpg\"><img loading=\"lazy\" decoding=\"async\" class=\"alignnone size-medium wp-image-8769\" src=\"https:\/\/blogsaverroes.juntadeandalucia.es\/ieslauretum\/files\/2025\/10\/geometry-1044090_1920-300x198.jpg\" alt=\"\" width=\"300\" height=\"198\" srcset=\"https:\/\/blogsaverroes.juntadeandalucia.es\/ieslauretum\/files\/2025\/10\/geometry-1044090_1920-300x198.jpg 300w, https:\/\/blogsaverroes.juntadeandalucia.es\/ieslauretum\/files\/2025\/10\/geometry-1044090_1920-1024x674.jpg 1024w, https:\/\/blogsaverroes.juntadeandalucia.es\/ieslauretum\/files\/2025\/10\/geometry-1044090_1920-768x506.jpg 768w, https:\/\/blogsaverroes.juntadeandalucia.es\/ieslauretum\/files\/2025\/10\/geometry-1044090_1920-1536x1011.jpg 1536w, https:\/\/blogsaverroes.juntadeandalucia.es\/ieslauretum\/files\/2025\/10\/geometry-1044090_1920.jpg 1920w\" sizes=\"(max-width: 300px) 100vw, 300px\" \/><\/a><\/div>\n<\/section>\n<p><span style=\"color: #0000ff\"><em><strong><a style=\"color: #0000ff\" href=\"https:\/\/www.juntadeandalucia.es\/educacion\/portales\/web\/plan-de-impulso-al-razonamiento-matematico\/guia-de-refuerzo-de-la-competencia-matematica\" target=\"_blank\" rel=\"noopener\">&nbsp;Gu\u00eda para el refuerzo de la competencia matem\u00e1tica 2025<\/a><\/strong><\/em><\/span><\/p>\n<ul>\n<li><span style=\"color: #0000ff\"><em><strong><a style=\"color: #0000ff\" href=\"https:\/\/www.juntadeandalucia.es\/educacion\/portales\/web\/plan-de-impulso-al-razonamiento-matematico\" target=\"_blank\" rel=\"noopener\">Plan de impulso al razonamiento matem\u00e1tico 2025<\/a><\/strong><\/em><\/span><\/li>\n<\/ul>\n<p>&nbsp;<\/td>\n<td style=\"width: 34.5012%\">\n<p id=\"detalle_anuncio-de-los-temas-correspondientes-a-la-fase-provincial-y-a-la-fase-autonomica-para-el-iv-torneo-de-debate-educativo\" class=\"titulo\"><a href=\"https:\/\/blogsaverroes.juntadeandalucia.es\/ieslauretum\/torneo-de-debate-educativo-de-andalucia\/\" target=\"_blank\" rel=\"noopener noreferrer\"><strong><em><span style=\"color: #0000ff\">8.- TORNEO DE DEBATE EDUCATIVO DE ANDALUC\u00cdA<\/span><\/em><\/strong><\/a><\/p>\n<p><a href=\"https:\/\/blogsaverroes.juntadeandalucia.es\/ieslauretum\/files\/2023\/04\/torneo.jpg\"><img loading=\"lazy\" decoding=\"async\" class=\"alignnone size-medium wp-image-7457\" src=\"https:\/\/blogsaverroes.juntadeandalucia.es\/ieslauretum\/files\/2023\/04\/torneo-300x196.jpg\" alt=\"\" width=\"300\" height=\"196\" srcset=\"https:\/\/blogsaverroes.juntadeandalucia.es\/ieslauretum\/files\/2023\/04\/torneo-300x196.jpg 300w, https:\/\/blogsaverroes.juntadeandalucia.es\/ieslauretum\/files\/2023\/04\/torneo-768x501.jpg 768w, https:\/\/blogsaverroes.juntadeandalucia.es\/ieslauretum\/files\/2023\/04\/torneo.jpg 799w\" sizes=\"(max-width: 300px) 100vw, 300px\" \/><\/a><\/p>\n<p><em><strong><span style=\"color: #0000ff\"><a style=\"color: #0000ff\" title=\"PROGRAMA ANDALUCIA PROFUNDIZA\" href=\"\/ieslauretum\/programa-andalucia-profundiza\/\">9.- PROGRAMA ANDALUCIA PROFUNDIZA<\/a><\/span><\/strong><\/em><\/td>\n<\/tr>\n<\/tbody>\n<\/table>\n<p>&nbsp;<\/p>\n<div id=\"_mcePaste\" class=\"mcePaste\" style=\"width: 1px;height: 1px;overflow: hidden\"><a title=\"PROGRAMA ESCUELAS DEPORTIVAS\" target=\"_blank\" rel=\"noopener noreferrer\"><span style=\"color: #008000;font-size: 12pt\"><strong><em>PROGRAMA ESCUELAS DEPORTIVA<\/em><\/strong><\/span><\/a><\/div>\n<\/div>\n","protected":false},"excerpt":{"rendered":"<p>PLANES Y PROGRAMAS DEL IES LAURETUM 1.- TRANSFORMACI\u00d3N DIGITAL EDUCATIVA (TDE) 1.1.-Programa Alumnado Digital Andaluz (ADA) 5.- PREVENCI\u00d3N DE RIESGOS LABORALES Y H\u00c1BITOS DE VIDA&hellip;<\/p>\n","protected":false},"author":1,"featured_media":0,"parent":0,"menu_order":0,"comment_status":"open","ping_status":"closed","template":"","meta":{"ngg_post_thumbnail":0,"footnotes":""},"aioseo_notices":[],"_links":{"self":[{"href":"https:\/\/blogsaverroes.juntadeandalucia.es\/ieslauretum\/wp-json\/wp\/v2\/pages\/44"}],"collection":[{"href":"https:\/\/blogsaverroes.juntadeandalucia.es\/ieslauretum\/wp-json\/wp\/v2\/pages"}],"about":[{"href":"https:\/\/blogsaverroes.juntadeandalucia.es\/ieslauretum\/wp-json\/wp\/v2\/types\/page"}],"author":[{"embeddable":true,"href":"https:\/\/blogsaverroes.juntadeandalucia.es\/ieslauretum\/wp-json\/wp\/v2\/users\/1"}],"replies":[{"embeddable":true,"href":"https:\/\/blogsaverroes.juntadeandalucia.es\/ieslauretum\/wp-json\/wp\/v2\/comments?post=44"}],"version-history":[{"count":40,"href":"https:\/\/blogsaverroes.juntadeandalucia.es\/ieslauretum\/wp-json\/wp\/v2\/pages\/44\/revisions"}],"predecessor-version":[{"id":8770,"href":"https:\/\/blogsaverroes.juntadeandalucia.es\/ieslauretum\/wp-json\/wp\/v2\/pages\/44\/revisions\/8770"}],"wp:attachment":[{"href":"https:\/\/blogsaverroes.juntadeandalucia.es\/ieslauretum\/wp-json\/wp\/v2\/media?parent=44"}],"curies":[{"name":"wp","href":"https:\/\/api.w.org\/{rel}","templated":true}]}}