{"id":6617,"date":"2022-05-07T18:19:28","date_gmt":"2022-05-07T18:19:28","guid":{"rendered":"https:\/\/blogsaverroes.juntadeandalucia.es\/ieslauretum\/?page_id=6617"},"modified":"2023-05-30T07:32:58","modified_gmt":"2023-05-30T07:32:58","slug":"tecnologia-e-informatica-microbit-y-maqueen","status":"publish","type":"page","link":"https:\/\/blogsaverroes.juntadeandalucia.es\/ieslauretum\/tecnologia-e-informatica-microbit-y-maqueen\/","title":{"rendered":"TECNOLOG\u00cdA E INFORM\u00c1TICA: MICROBIT &#8211; MAQUEEN &#8211; MAKEY MAKEY"},"content":{"rendered":"<h2 style=\"text-align: center\"><span style=\"text-decoration: underline\"><span style=\"color: #800000;text-decoration: underline\">DEPARTAMENTO DE TECNOLOG\u00cdA E INFORM\u00c1TICA<\/span><\/span><\/h2>\n<h2 style=\"text-align: center\"><span style=\"text-decoration: underline\"><span style=\"color: #800000;text-decoration: underline\">MICROBIT &#8211; MAQUEEN &#8211; MAKEY MAKEY<\/span><\/span><\/h2>\n<p style=\"text-align: center\"><a href=\"https:\/\/blogsaverroes.juntadeandalucia.es\/ieslauretum\/files\/2021\/12\/26798_Microbit-logo-stacked.png\"><img loading=\"lazy\" decoding=\"async\" class=\"alignnone size-medium wp-image-6159\" src=\"https:\/\/blogsaverroes.juntadeandalucia.es\/ieslauretum\/files\/2021\/12\/26798_Microbit-logo-stacked-300x144.png\" alt=\"\" width=\"300\" height=\"144\" srcset=\"https:\/\/blogsaverroes.juntadeandalucia.es\/ieslauretum\/files\/2021\/12\/26798_Microbit-logo-stacked-300x144.png 300w, https:\/\/blogsaverroes.juntadeandalucia.es\/ieslauretum\/files\/2021\/12\/26798_Microbit-logo-stacked.png 350w\" sizes=\"(max-width: 300px) 100vw, 300px\" \/><\/a><\/p>\n<h4><span style=\"text-decoration: underline\"><span style=\"color: #800000;text-decoration: underline\">Kit avanzado Proyecto STEAM Rob\u00f3tica Junta de Andaluc\u00eda<\/span><\/span><\/h4>\n<h4><strong><span style=\"color: #0000ff\">1.- <a style=\"color: #0000ff\" href=\"https:\/\/computacionyroboticalbn.on.drv.tw\/web\/kitini\/\" target=\"_blank\" rel=\"noopener noreferrer\">Kit avanzado Proyecto STEAM Rob\u00f3tica Junta de Andaluc\u00eda<\/a><\/span><\/strong><\/h4>\n<h4><span style=\"text-decoration: underline\"><span style=\"color: #800000;text-decoration: underline\">REDES CON MICROBIT<\/span><\/span><\/h4>\n<nav class=\"wy-nav-side stickynav\" data-toggle=\"wy-nav-shift\">\n<div class=\"wy-menu wy-menu-vertical\" role=\"navigation\" data-spy=\"affix\" aria-label=\"main navigation\">\n<ul class=\"current\">\n<li class=\"toctree-l1 current\"><span style=\"color: #0000ff\"><strong><a class=\"current\" style=\"color: #0000ff\" href=\"https:\/\/programamos.es\/redes-con-microbit\/index.html\">Introducci\u00f3n<\/a><\/strong><\/span><\/li>\n<li class=\"toctree-l1 current\"><span style=\"color: #0000ff\"><strong><a class=\"\" style=\"color: #0000ff\" href=\"https:\/\/programamos.es\/redes-con-microbit\/wiredcommunication\/wiredcommunication\/index.html\">Cap\u00edtulo 1: Cables<\/a><\/strong><\/span><\/li>\n<li class=\"toctree-l1\"><span style=\"color: #0000ff\"><strong><a class=\"\" style=\"color: #0000ff\" href=\"https:\/\/programamos.es\/redes-con-microbit\/broadcast\/broadcast\/index.html\">Cap\u00edtulo 2: Broadcast<\/a><\/strong><\/span><\/li>\n<li class=\"toctree-l1\"><span style=\"color: #0000ff\"><strong><a class=\"\" style=\"color: #0000ff\" href=\"https:\/\/programamos.es\/redes-con-microbit\/groupcommunication\/groupcommunication\/index.html\">Cap\u00edtulo 3: Multicast<\/a><\/strong><\/span><\/li>\n<li class=\"toctree-l1\"><span style=\"color: #0000ff\"><strong><a class=\"\" style=\"color: #0000ff\" href=\"https:\/\/programamos.es\/redes-con-microbit\/shakeydonkey\/shakeydonkey\/index.html\">Cap\u00edtulo 4: Nuestro primer juego<\/a><\/strong><\/span><\/li>\n<li class=\"toctree-l1\"><span style=\"color: #0000ff\"><strong><a class=\"\" style=\"color: #0000ff\" href=\"https:\/\/programamos.es\/redes-con-microbit\/unicast\/unicast\/index.html\">Cap\u00edtulo 5: Unicast<\/a><\/strong><\/span><\/li>\n<li class=\"toctree-l1\"><span style=\"color: #0000ff\"><strong><a class=\"\" style=\"color: #0000ff\" href=\"https:\/\/programamos.es\/redes-con-microbit\/twowayunicast\/twowayunicast\/index.html\">Cap\u00edtulo 6: Ping<\/a><\/strong><\/span><\/li>\n<li class=\"toctree-l1\"><span style=\"color: #0000ff\"><strong><a class=\"\" style=\"color: #0000ff\" href=\"https:\/\/programamos.es\/redes-con-microbit\/rockpaperscissors\/rockpaperscissors\/index.html\">Cap\u00edtulo 7: Nuestro segundo juego<\/a><\/strong><\/span><\/li>\n<li class=\"toctree-l1\"><span style=\"color: #0000ff\"><strong><a class=\"\" style=\"color: #0000ff\" href=\"https:\/\/programamos.es\/redes-con-microbit\/retransmissions\/retransmissions\/index.html\">Cap\u00edtulo 8: Retransmisiones<\/a><\/strong><\/span><\/li>\n<li class=\"toctree-l1\"><span style=\"color: #0000ff\"><strong><a class=\"\" style=\"color: #0000ff\" href=\"https:\/\/programamos.es\/redes-con-microbit\/acknowledgements\/acknowledgements\/index.html\">Cap\u00edtulo 9: Acuse de recibo<\/a><\/strong><\/span><\/li>\n<li class=\"toctree-l1\"><span style=\"color: #0000ff\"><strong><a class=\"\" style=\"color: #0000ff\" href=\"https:\/\/programamos.es\/redes-con-microbit\/battleship\/battleship\/index.html\">Cap\u00edtulo 10: El juego final<\/a><\/strong><\/span><\/li>\n<li class=\"toctree-l1\"><span style=\"color: #0000ff\"><strong><span style=\"text-decoration: underline\"><span style=\"text-decoration: underline\"><a style=\"color: #0000ff;text-decoration: underline\" href=\"https:\/\/blogsaverroes.juntadeandalucia.es\/ieslauretum\/files\/2023\/05\/Posibles-errores-MBIT.pdf\">Posibles errores MBIT<\/a><\/span><\/span><\/strong><\/span><\/li>\n<\/ul>\n<\/div>\n<\/nav>\n<h4><span style=\"text-decoration: underline\"><span style=\"color: #800000;text-decoration: underline\"><strong>PORTAL Y ACTIVIDADES CON MICROBIT<\/strong><\/span><\/span><\/h4>\n<p><a href=\"https:\/\/www.recursospdifgl.com\/ense%C3%B1anza-online\/micro-bit\/\" target=\"_blank\" rel=\"noopener noreferrer\"><img loading=\"lazy\" decoding=\"async\" class=\"alignnone wp-image-6698 size-full\" src=\"https:\/\/blogsaverroes.juntadeandalucia.es\/ieslauretum\/files\/2022\/05\/TUTO-MICROBIT.jpg\" alt=\"\" width=\"199\" height=\"158\"><\/a><\/p>\n<h4><span style=\"color: #0000ff\"><a style=\"color: #0000ff\" href=\"https:\/\/makecode.microbit.org\/#\" target=\"_blank\" rel=\"noopener noreferrer\"><strong>PORTAL MAKECODE<\/strong><\/a><\/span><\/h4>\n<p><a href=\"https:\/\/www.tinkercad.com\/\" target=\"_blank\" rel=\"noopener noreferrer\"><strong><span style=\"color: #0000ff\">PORTAL TINKERCAD<\/span><\/strong><\/a><\/p>\n<h4><span style=\"color: #0000ff\"><a style=\"color: #0000ff\" href=\"https:\/\/gmedranotic.wordpress.com\/2022\/04\/04\/microbit-de-0-acontrol-por-radio-de-motor-cc\/\" target=\"_blank\" rel=\"noopener noreferrer\"><strong>1. Blog de Micro-bit <\/strong>: De 0 a\u00bbControl por radio de motor&nbsp;CC\u00bb<\/a><\/span><\/h4>\n<h4><a href=\"https:\/\/computacionyroboticalbn.on.drv.tw\/web\/micro2\/?s=03\" target=\"_blank\" rel=\"noopener noreferrer\"><span style=\"color: #0000ff\"><strong>2. Actividades de Microbit para 2\u00ba ESO<\/strong><\/span><\/a><\/h4>\n<h4><a href=\"https:\/\/microbit.org\/es-es\/projects\/make-it-code-it\/pir-movement-alarm\/\" target=\"_blank\" rel=\"noopener noreferrer\"><span style=\"color: #0000ff\"><strong>3. Alarma de movimiento PIR<\/strong><\/span><\/a><\/h4>\n<h4><a href=\"https:\/\/blogsaverroes.juntadeandalucia.es\/makinando\/2023\/05\/11\/proyecto-iluminacion-calle-con-sensor-de-luz\/\" target=\"_blank\" rel=\"noopener noreferrer\"><strong><span style=\"color: #0000ff\">4.- Proyecto iluminaci\u00f3n calle con sensor de luz<\/span><\/strong><\/a><\/h4>\n<h4><a href=\"https:\/\/t.co\/UpU5eAUr7r\" target=\"_blank\" rel=\"noopener noreferrer\"><span style=\"color: #0000ff\"><strong>5.- Tres placas #microbit. Dos emisoras y una receptora.<\/strong><\/span><\/a><\/h4>\n<h4><span style=\"text-decoration: underline\"><span style=\"color: #800000;text-decoration: underline\"><strong>CURSO SOBRE LA MICRO-BIT<\/strong><\/span><\/span><\/h4>\n<p><span style=\"color: #0000ff\"><a style=\"color: #0000ff\" href=\"https:\/\/youtu.be\/J7yqlmTNqsU\" target=\"_blank\" rel=\"noopener noreferrer\"><strong>1.- Introducci\u00f3n a la Micro-Bit<\/strong><\/a><\/span><\/p>\n<p><span style=\"color: #0000ff\"><a style=\"color: #0000ff\" href=\"https:\/\/youtu.be\/iOLPI4w0c3w\" target=\"_blank\" rel=\"noopener noreferrer\"><strong>2.- Panel de luces y botones<\/strong><\/a><\/span><\/p>\n<p><span style=\"color: #0000ff\"><a style=\"color: #0000ff\" href=\"https:\/\/youtu.be\/kca37JQaYEo\" target=\"_blank\" rel=\"noopener noreferrer\"><strong>3.- Juego de piedra, papel o tijeras<\/strong><\/a><\/span><\/p>\n<p><span style=\"color: #0000ff\"><a style=\"color: #0000ff\" href=\"https:\/\/youtu.be\/sB_y90vPdAI\" target=\"_blank\" rel=\"noopener noreferrer\"><strong>4.- N\u00fameros aleatorios<\/strong><\/a><\/span><\/p>\n<p><span style=\"color: #0000ff\"><strong><a style=\"color: #0000ff\" href=\"https:\/\/youtu.be\/bj864N3o5u0\" target=\"_blank\" rel=\"noopener noreferrer\">5.- Sensor de temperatura<\/a><\/strong><\/span><\/p>\n<p><a href=\"https:\/\/makecode.microbit.org\/_9Chixcd1Jg99\" target=\"_blank\" rel=\"noopener noreferrer\"><strong><span style=\"color: #0000ff\">5.1.- Estaci\u00f3n meteorol\u00f3gica interior \/ exterior<\/span><\/strong><\/a><\/p>\n<p><span style=\"color: #0000ff\"><a style=\"color: #0000ff\" href=\"https:\/\/youtu.be\/D2XbcXNLvKo\" target=\"_blank\" rel=\"noopener noreferrer\"><strong>6.- Micr\u00f3fono para Micro-Bit V2<\/strong><\/a><\/span><\/p>\n<p><span style=\"color: #0000ff\"><a style=\"color: #0000ff\" href=\"https:\/\/youtu.be\/B_m7BZPZDBg\" target=\"_blank\" rel=\"noopener noreferrer\"><strong>7.- Altavoz para Micro-Bit V2<\/strong><\/a><\/span><\/p>\n<p><a href=\"https:\/\/youtu.be\/yTZ6uXJOFvE\" target=\"_blank\" rel=\"noopener noreferrer\"><span style=\"text-decoration: underline\"><strong><span style=\"color: #0000ff;text-decoration: underline\">8.- Pluvi\u00f3metro con microbit<\/span><\/strong><\/span><\/a><\/p>\n<p><a href=\"https:\/\/www.youtube.com\/watch?v=CnNRmd5GGWc\" target=\"_blank\" rel=\"noopener noreferrer\"><span style=\"color: #0000ff\"><strong>9.- Controlando un robot maqueen con otra micro:bit comunic\u00e1ndolos con radio<\/strong><\/span><\/a><\/p>\n<h4><span style=\"text-decoration: underline\"><span style=\"color: #800000;text-decoration: underline\"><strong><em>WEB DE APRENDIZAJE<\/em><\/strong><\/span><\/span><\/h4>\n<h4><span style=\"color: #0000ff\"><a style=\"color: #0000ff\" href=\"https:\/\/try.bscw.de\/pub7\/bscw.cgi\/d993877-2\/*\/*\/index.html\" target=\"_blank\" rel=\"noopener noreferrer\"><em><strong>1.- INTRODUCCI\u00d3N A MICRO-BIT-1<\/strong><\/em><\/a><\/span><\/h4>\n<h4><span style=\"color: #0000ff\"><a style=\"color: #0000ff\" href=\"https:\/\/try.bscw.de\/pub7\/bscw.cgi\/d1100003-2\/*\/*\/index.html\" target=\"_blank\" rel=\"noopener noreferrer\"><strong><em>2.- INTRODUCCI\u00d3N A MICRO-BIT-2<\/em><\/strong><\/a><\/span><\/h4>\n<h4><span style=\"color: #0000ff\"><a style=\"color: #0000ff\" href=\"https:\/\/microbit.org\/es-es\/projects\/make-it-code-it\/\" target=\"_blank\" rel=\"noopener noreferrer\"><strong><em>3.- PROYECTOS DE MICRO-BIT<\/em><\/strong><\/a><\/span><\/h4>\n<h4><span style=\"color: #0000ff\"><a style=\"color: #0000ff\" href=\"https:\/\/programamos.es\/redes-con-microbit\/index.html\" target=\"_blank\" rel=\"noopener noreferrer\"><em><strong>4.- REDES CON LA MICRO-BIT<\/strong><\/em><\/a><\/span><\/h4>\n<h4><span style=\"text-decoration: underline\"><span style=\"color: #800000;text-decoration: underline\"><strong><em>MANUAL EN PDF<\/em><\/strong><\/span><\/span><\/h4>\n<h4><a href=\"https:\/\/drive.google.com\/file\/d\/1QgWftC2Brsfw1D0MpWDQZAqvbxXtTY-H\/view?usp=sharing\" target=\"_blank\" rel=\"noopener noreferrer\"><strong><em>1.- Pr\u00e1cticas con TINKERCAD en Microbit en pdf<\/em><\/strong><\/a><\/h4>\n<h4><span style=\"text-decoration: underline\"><span style=\"color: #800000;text-decoration: underline\"><strong><em>WEBS SOBRE MICRO-BIT<\/em><\/strong><\/span><\/span><\/h4>\n<h4><strong><em><a href=\"http:\/\/code.intef.es\/la-placa-microbit\/\" target=\"_blank\" rel=\"noopener noreferrer\">1.- CODE INTEFF<\/a>&nbsp;(Micro:bit)<\/em><\/strong><\/h4>\n<h4><em><strong><a href=\"http:\/\/microes.org\/index.php\" target=\"_blank\" rel=\"noopener noreferrer\">2.- MICRO:ES&nbsp;<\/a>(Comunidad Micro:bit Espa\u00f1a)<\/strong><\/em><\/h4>\n<h4><a href=\"http:\/\/www.tallertecno.com\/microbit\/mbit.html\" target=\"_blank\" rel=\"noopener noreferrer\"><strong><em>3.- TALLERTECNO DE MICRO BIT<\/em><\/strong><\/a><\/h4>\n<h4><a href=\"https:\/\/caractermaker.es\/\" target=\"_blank\" rel=\"noopener noreferrer\"><strong><em>4.- CARACTER MAKER<\/em><\/strong><\/a>&nbsp;<em><strong>(Tinkercad, Micro:bit, \u2026)<\/strong><\/em><\/h4>\n<h4><a href=\"https:\/\/jandalo.com\/actividades-con-microbit\/\" target=\"_blank\" rel=\"noopener noreferrer\"><strong><em>5.- J\u00e1ndal Rob\u00f3tix<\/em><\/strong><\/a><\/h4>\n<h4><a title=\"C\u00f3mo aprender a PROGRAMAR MICROCONTROLADORES desde cero\" href=\"https:\/\/blog.bricogeek.com\/noticias\/programacion\/como-aprender-a-programar-microcontroladores-desde-cero\/\"><em><strong>6.- C\u00f3mo aprender a PROGRAMAR MICROCONTROLADORES desde cero<\/strong><\/em><\/a><\/h4>\n<h4><span style=\"text-decoration: underline\"><span style=\"color: #800000;text-decoration: underline\"><strong><em>MANUALES Y TUTORIAL DE PROYECTOS<\/em><\/strong><\/span><\/span><\/h4>\n<h4 class=\"title style-scope ytd-video-primary-info-renderer\"><span style=\"color: #0000ff\"><a style=\"color: #0000ff\" href=\"https:\/\/www.youtube.com\/watch?v=w9D18Lofooo\" target=\"_blank\" rel=\"noopener noreferrer\"><em><strong>1.- 4 proyectos con MicroBit \u2013 Proyecto de electr\u00f3nica \u2013 ValPat<\/strong><\/em><\/a><\/span><\/h4>\n<h4><strong><em><span style=\"color: #0000ff\">2.-&nbsp;<a style=\"color: #0000ff\" href=\"https:\/\/www.instructables.com\/teachers\/\" target=\"_blank\" rel=\"noopener noreferrer\">Teachers \u2013 Instructables<\/a><\/span><\/em><\/strong><\/h4>\n<h4><a href=\"https:\/\/docs.microsoft.com\/es-es\/microsoft-365\/education\/data-streamer\/using-microbit-and-makecode\" target=\"_blank\" rel=\"noopener noreferrer\"><em><strong>3.- Tutorial: Uso de micro:bit y Crear c\u00f3digo con Transmisor de datos<\/strong><\/em><\/a><\/h4>\n<h4><span style=\"color: #0000ff\"><a style=\"color: #0000ff\" href=\"https:\/\/blogsaverroes.juntadeandalucia.es\/ieslauretum\/files\/2022\/02\/manual-de-programacion-microbit.pdf\" target=\"_blank\" rel=\"noopener noreferrer\"><em><strong>4.- Manual de programaci\u00f3n con la Microbit: Make Code y Scratch<\/strong><\/em><\/a><\/span><\/h4>\n<h4><span style=\"color: #0000ff\"><strong><em><a style=\"color: #0000ff\" href=\"https:\/\/blogsaverroes.juntadeandalucia.es\/ieslauretum\/files\/2022\/03\/4_5913383098518604734.pdf\" target=\"_blank\" rel=\"noopener noreferrer\">5.- Cuaderno de proyectos de primaria (Micro-bit)<\/a><\/em><\/strong><\/span><\/h4>\n<h4><span style=\"color: #0000ff\"><em><strong><a style=\"color: #0000ff\" href=\"https:\/\/blogsaverroes.juntadeandalucia.es\/ieslauretum\/files\/2022\/03\/4_5913383098518604733.pdf\" target=\"_blank\" rel=\"noopener noreferrer\">6.- Cuaderno de proyectos de secundaria (Micro.bit)<\/a><\/strong><\/em><\/span><\/h4>\n<h4><span style=\"color: #0000ff\"><em><strong><a style=\"color: #0000ff\" href=\"https:\/\/blogsaverroes.juntadeandalucia.es\/ieslauretum\/files\/2022\/03\/4_5913383098518604735.pdf\" target=\"_blank\" rel=\"noopener noreferrer\">7.- Retos de Micro:bit + Makecode<\/a><\/strong><\/em><\/span><\/h4>\n<p><a href=\"https:\/\/microbit.ceibal.edu.uy\/publicaciones\" target=\"_blank\" rel=\"noopener noreferrer\"><strong><span style=\"color: #0000ff\">8.- Publicaciones con proyectos y actividades&nbsp; (Ceibal)<\/span><\/strong><\/a><\/p>\n<h2 style=\"text-align: center\"><span style=\"text-decoration: underline\"><span style=\"color: #800000;text-decoration: underline\">MAQUEEN<\/span><\/span><\/h2>\n<p style=\"text-align: center\"><a href=\"https:\/\/blogsaverroes.juntadeandalucia.es\/ieslauretum\/files\/2022\/02\/R.png\"><img loading=\"lazy\" decoding=\"async\" class=\"alignnone size-medium wp-image-6331\" src=\"https:\/\/blogsaverroes.juntadeandalucia.es\/ieslauretum\/files\/2022\/02\/R-300x218.png\" alt=\"\" width=\"300\" height=\"218\" srcset=\"https:\/\/blogsaverroes.juntadeandalucia.es\/ieslauretum\/files\/2022\/02\/R-300x218.png 300w, https:\/\/blogsaverroes.juntadeandalucia.es\/ieslauretum\/files\/2022\/02\/R-1024x744.png 1024w, https:\/\/blogsaverroes.juntadeandalucia.es\/ieslauretum\/files\/2022\/02\/R-768x558.png 768w, https:\/\/blogsaverroes.juntadeandalucia.es\/ieslauretum\/files\/2022\/02\/R.png 1100w\" sizes=\"(max-width: 300px) 100vw, 300px\" \/><\/a><\/p>\n<header id=\"header\" role=\"banner\">\n<h3 id=\"headerContent\"><a href=\"https:\/\/pedroruizf.github.io\/retosMaqueenMicroblocks\/index.html\" target=\"_blank\" rel=\"noopener noreferrer\"><span style=\"text-decoration: underline\"><span style=\"color: #800000;text-decoration: underline\">Retos con robot MAQUEEN y Microblocks<\/span><\/span><\/a><\/h3>\n<\/header>\n<h4><span style=\"text-decoration: underline\"><span style=\"color: #800000;text-decoration: underline\"><strong>CURSO SOBRE EL ROBOT MAQUEEN<\/strong><\/span><\/span><\/h4>\n<header id=\"header\" role=\"banner\">\n<div id=\"headerContent\"><strong><span style=\"color: #0000ff\">0.- <a style=\"color: #0000ff\" href=\"https:\/\/pedroruizf.github.io\/maqueen_retos\/index.html\" target=\"_blank\" rel=\"noopener noreferrer\">Retos con robot MAQUEEN<\/a><\/span><\/strong><\/div>\n<\/header>\n<p><span style=\"color: #0000ff\"><a style=\"color: #0000ff\" href=\"https:\/\/youtu.be\/hjF-AKMXpic\" target=\"_blank\" rel=\"noopener noreferrer\"><strong>1.- Presentaci\u00f3n y montaje Robot Maqueen<\/strong><\/a><\/span><\/p>\n<p><span style=\"color: #0000ff\"><a style=\"color: #0000ff\" href=\"https:\/\/youtu.be\/2tPyr5M8sic\" target=\"_blank\" rel=\"noopener noreferrer\"><strong>2.- Primeros pasos con el robot Maqueen<\/strong><\/a><\/span><\/p>\n<p><span style=\"color: #0000ff\"><strong><a style=\"color: #0000ff\" href=\"https:\/\/blog.330ohms.com\/category\/tutoriales\/micromaqueen\/\" target=\"_blank\" rel=\"noopener noreferrer\">2.1.- Tutoriales de Micro MaQueen<\/a><\/strong><\/span><\/p>\n<p><span style=\"color: #0000ff\"><a style=\"color: #0000ff\" href=\"https:\/\/youtu.be\/NNKm_Oja4gU\" target=\"_blank\" rel=\"noopener noreferrer\"><strong>3.- Dos motores y led RGB<\/strong><\/a><\/span><\/p>\n<p><span style=\"color: #0000ff\"><a style=\"color: #0000ff\" href=\"https:\/\/youtu.be\/hhhZTigdtDQ\" target=\"_blank\" rel=\"noopener noreferrer\"><strong>4.- Variables y bucles de control<\/strong><\/a><\/span><\/p>\n<p><span style=\"color: #0000ff\"><a style=\"color: #0000ff\" href=\"https:\/\/youtu.be\/7Nx79PCgOnM\" target=\"_blank\" rel=\"noopener noreferrer\"><strong>5.- Control por Radio y Mando IR<\/strong><\/a><\/span><\/p>\n<p><span style=\"color: #0000ff\"><a style=\"color: #0000ff\" href=\"https:\/\/youtu.be\/KG94JZqjoqY\" target=\"_blank\" rel=\"noopener noreferrer\"><strong>6.- Sensor de Luz y Sonido<\/strong><\/a><\/span><\/p>\n<p><span style=\"color: #0000ff\"><a style=\"color: #0000ff\" href=\"https:\/\/youtu.be\/YwX2xdMBt1c\" target=\"_blank\" rel=\"noopener noreferrer\"><strong>7.- Sensor de ultrasonido<\/strong><\/a><\/span><\/p>\n<p><span style=\"color: #0000ff\"><a style=\"color: #0000ff\" href=\"https:\/\/youtu.be\/h9gDfthFsa0\" target=\"_blank\" rel=\"noopener noreferrer\"><strong>8.- Sumo Sweeper&nbsp;<\/strong><\/a><a style=\"color: #0000ff\" href=\"https:\/\/makecode.microbit.org\/24051-04332-13041-40777\" target=\"_blank\" rel=\"noopener noreferrer\"><strong>(Diagrama MakeCode<\/strong><strong>)<\/strong><\/a><\/span><\/p>\n<p><span style=\"color: #0000ff\"><a style=\"color: #0000ff\" href=\"https:\/\/pedroruizf.github.io\/maqueen_retos\/\" target=\"_blank\" rel=\"noopener noreferrer\"><strong>9.- Retos con robot MAQUEEN<\/strong><\/a><\/span><\/p>\n<p><span style=\"color: #0000ff\"><a style=\"color: #0000ff\" href=\"https:\/\/www.youtube.com\/playlist?list=PLgscO1IbZBSJqXeurhZzNxK138fkydxKd\" target=\"_blank\" rel=\"noopener noreferrer\"><strong>10.- Video tutoriales de MaQueen<\/strong><\/a><\/span><\/p>\n<p><span style=\"color: #0000ff\"><strong><a style=\"color: #0000ff\" href=\"https:\/\/blogsaverroes.juntadeandalucia.es\/ieslauretum\/files\/2022\/05\/microbot_Maqueen.pdf\">11.- PDF \u2013 Microbot-Maqueen<\/a><\/strong><\/span><\/p>\n<p><strong><a href=\"https:\/\/blogsaverroes.juntadeandalucia.es\/ieslauretum\/files\/2022\/05\/PistaSeguidorDeLineaMicroMaqueen.pdf\">12.- Pista Seguidor De L\u00ednea Micro Maqueen<\/a><\/strong><\/p>\n<p><a href=\"https:\/\/pedroruizf.github.io\/maqueen_retos\/index.html\" target=\"_blank\" rel=\"noopener noreferrer\"><span style=\"color: #0000ff\"><strong>13.- Doce Retos con robot MAQUEEN<\/strong><\/span><\/a><\/p>\n<p><a href=\"https:\/\/twitter.com\/pedroruizf\/status\/1649851577967026177\" target=\"_blank\" rel=\"noopener noreferrer\"><strong><span style=\"color: #0000ff\">14.- C\u00edrculo donde expulsar todo<\/span><\/strong><\/a><\/p>\n<p><span style=\"color: #800000\"><strong>PLACA DE EXPANSI\u00d3N DE LA MICRO-BIT<\/strong><\/span><\/p>\n<p><span style=\"color: #0000ff\"><strong><a style=\"color: #0000ff\" href=\"https:\/\/blogsaverroes.juntadeandalucia.es\/ieslauretum\/files\/2022\/02\/Trabajando-con-la-placa-de-expansi%C3%B3n-para-Micro-bit.pdf\">1.- Trabajando con la placa de expansi\u00f3n para Micro-bit<\/a><\/strong><\/span><\/p>\n<p><a href=\"https:\/\/blog.330ohms.com\/category\/tutoriales\/micromaqueen\/\" target=\"_blank\" rel=\"noopener noreferrer\"><span style=\"color: #0000ff\"><strong>2.- Tutoriales Micro:MaQueen<\/strong><\/span><\/a><\/p>\n<hr>\n<h2 style=\"text-align: center\"><span style=\"text-decoration: underline\"><span style=\"color: #800000;text-decoration: underline\">MAKEY MAKEY<\/span><\/span><\/h2>\n<p style=\"text-align: center\"><a href=\"https:\/\/blogsaverroes.juntadeandalucia.es\/ieslauretum\/files\/2022\/11\/OIP.jpg\"><img loading=\"lazy\" decoding=\"async\" class=\"alignnone size-medium wp-image-7093\" src=\"https:\/\/blogsaverroes.juntadeandalucia.es\/ieslauretum\/files\/2022\/11\/OIP-300x198.jpg\" alt=\"\" width=\"300\" height=\"198\" srcset=\"https:\/\/blogsaverroes.juntadeandalucia.es\/ieslauretum\/files\/2022\/11\/OIP-300x198.jpg 300w, https:\/\/blogsaverroes.juntadeandalucia.es\/ieslauretum\/files\/2022\/11\/OIP.jpg 474w\" sizes=\"(max-width: 300px) 100vw, 300px\" \/><\/a><\/p>\n<div class=\"avada-page-titlebar-wrapper\">\n<div class=\"fusion-page-title-bar fusion-page-title-bar-breadcrumbs fusion-page-title-bar-left\">\n<div class=\"fusion-page-title-row\">\n<div class=\"fusion-page-title-wrapper\">\n<div class=\"fusion-page-title-captions\">\n<h5 class=\"entry-title fusion-responsive-typography-calculated\" data-fontsize=\"24\" data-lineheight=\"36px\"><a href=\"https:\/\/programamos.es\/makey-makey-conectando-scratch-con-tu-mundo-real\/\" target=\"_blank\" rel=\"noopener noreferrer\"><strong><span style=\"color: #0000ff\">1.- Makey-Makey: conectando Scratch con tu mundo real<\/span><\/strong><\/a><\/h5>\n<\/div>\n<\/div>\n<\/div>\n<\/div>\n<\/div>\n<div class=\"fusion-row\">&nbsp;<\/div>\n","protected":false},"excerpt":{"rendered":"<p>DEPARTAMENTO DE TECNOLOG\u00cdA E INFORM\u00c1TICA MICROBIT &#8211; MAQUEEN &#8211; MAKEY MAKEY Kit avanzado Proyecto STEAM Rob\u00f3tica Junta de Andaluc\u00eda 1.- Kit avanzado Proyecto STEAM Rob\u00f3tica&hellip;<\/p>\n","protected":false},"author":695,"featured_media":0,"parent":0,"menu_order":0,"comment_status":"closed","ping_status":"closed","template":"","meta":{"ngg_post_thumbnail":0,"footnotes":""},"aioseo_notices":[],"_links":{"self":[{"href":"https:\/\/blogsaverroes.juntadeandalucia.es\/ieslauretum\/wp-json\/wp\/v2\/pages\/6617"}],"collection":[{"href":"https:\/\/blogsaverroes.juntadeandalucia.es\/ieslauretum\/wp-json\/wp\/v2\/pages"}],"about":[{"href":"https:\/\/blogsaverroes.juntadeandalucia.es\/ieslauretum\/wp-json\/wp\/v2\/types\/page"}],"author":[{"embeddable":true,"href":"https:\/\/blogsaverroes.juntadeandalucia.es\/ieslauretum\/wp-json\/wp\/v2\/users\/695"}],"replies":[{"embeddable":true,"href":"https:\/\/blogsaverroes.juntadeandalucia.es\/ieslauretum\/wp-json\/wp\/v2\/comments?post=6617"}],"version-history":[{"count":27,"href":"https:\/\/blogsaverroes.juntadeandalucia.es\/ieslauretum\/wp-json\/wp\/v2\/pages\/6617\/revisions"}],"predecessor-version":[{"id":7569,"href":"https:\/\/blogsaverroes.juntadeandalucia.es\/ieslauretum\/wp-json\/wp\/v2\/pages\/6617\/revisions\/7569"}],"wp:attachment":[{"href":"https:\/\/blogsaverroes.juntadeandalucia.es\/ieslauretum\/wp-json\/wp\/v2\/media?parent=6617"}],"curies":[{"name":"wp","href":"https:\/\/api.w.org\/{rel}","templated":true}]}}