{"id":7022,"date":"2022-10-17T16:05:31","date_gmt":"2022-10-17T16:05:31","guid":{"rendered":"https:\/\/blogsaverroes.juntadeandalucia.es\/ieslauretum\/?page_id=7022"},"modified":"2024-11-23T07:05:15","modified_gmt":"2024-11-23T07:05:15","slug":"lomloe","status":"publish","type":"page","link":"https:\/\/blogsaverroes.juntadeandalucia.es\/ieslauretum\/lomloe\/","title":{"rendered":"LOMLOE &#8211; SITUACIONES DE APRENDIZAJE"},"content":{"rendered":"<div id=\"title\" class=\"style-scope ytd-watch-metadata\">\n<h1 style=\"text-align: center\"><strong><span style=\"text-decoration: underline\"><span style=\"color: #800000;text-decoration: underline\">NUEVA LEY EDUCATIVA LA LOMLOE<\/span><\/span><\/strong><\/h1>\n<div id=\"title\" class=\"style-scope ytd-watch-metadata\">\n<div id=\"title\" class=\"style-scope ytd-watch-metadata\"><span style=\"color: #0000ff\"><strong>EVALUACI\u00d3N LOMLOE &#8211; 1.2.A: Elementos curriculares<\/strong><\/span><\/div>\n<p><span style=\"color: #0000ff\"><strong>EVALUACI\u00d3N LOMLOE &#8211; 1.2.B: Trazabilidad. Alineaci\u00f3n de elementos<\/strong><\/span><\/p>\n<\/div>\n<div class=\"style-scope ytd-watch-metadata\"><strong style=\"color: #0000ff\">EVALUACI\u00d3N LOMLOE &#8211; 1.2.C: Primer paso: Lectura de Competencias Espec\u00edficas y Criterios de Evaluaci\u00f3n<\/strong><\/div>\n<div id=\"top-row\" class=\"style-scope ytd-watch-metadata\">\n<div id=\"owner\" class=\"item style-scope ytd-watch-metadata\">\n<div id=\"top-row\" class=\"style-scope ytd-watch-metadata\">\n<hr>\n<\/div>\n<\/div>\n<\/div>\n<p><span style=\"color: #0000ff\"><a style=\"color: #0000ff\" href=\"https:\/\/view.genial.ly\/63487fd127ec5300123708fb\/presentation-modulo-lomloe-programaciones-didacticas\" target=\"_blank\" rel=\"noopener noreferrer\">0.- M\u00f3dulo de competencias&nbsp; Lomloe en S\u00e9neca<\/a><\/span><\/p>\n<p><span style=\"color: #0000ff\"><a style=\"color: #0000ff\" href=\"https:\/\/view.genial.ly\/6384fb63bbd1de0018d8ee4e\/presentation-siap-readua-andalucia\" target=\"_blank\" rel=\"noopener noreferrer\">1.- Jornada de formaci\u00f3n sobre las Situaciones de Aprendizaje (Nov-2022)<\/a><\/span><\/p>\n<p class=\"style-scope ytd-watch-metadata\"><span style=\"color: #0000ff\"><a style=\"color: #0000ff\" href=\"https:\/\/youtu.be\/8ezoyYVppQo\" target=\"_blank\" rel=\"noopener noreferrer\">2.- Elementos curriculares de la LOMLOE en la educaci\u00f3n b\u00e1sica<\/a><\/span><\/p>\n<p><span class=\"style-scope yt-formatted-string\" dir=\"auto\">Este video pretende la aproximaci\u00f3n a los elementos curriculares que componen el dise\u00f1o del curr\u00edculo de acuerdo a la LOMLOE. Para ello, comenzaremos por describir cada uno de ellos y poco a poco iremos descubriendo sus conexiones, para acabar con una panor\u00e1mica general donde podremos observarlos en su globalidad. Aqu\u00ed tienes el siguiente v\u00eddeo, en el que explico c\u00f3mo hacer una Unidad Did\u00e1ctica en Primaria y Secundaria: <\/span><a class=\"yt-simple-endpoint style-scope yt-formatted-string\" href=\"https:\/\/www.youtube.com\/watch?v=jJhCT0E4MyA&amp;t=0s\">https:\/\/youtu.be\/jJhCT0E4MyA<\/a><\/p>\n<p><a href=\"https:\/\/blogsaverroes.juntadeandalucia.es\/ieslauretum\/files\/2022\/10\/Captura-1.png\"><img loading=\"lazy\" decoding=\"async\" class=\" wp-image-7023 aligncenter\" src=\"https:\/\/blogsaverroes.juntadeandalucia.es\/ieslauretum\/files\/2022\/10\/Captura-1-300x173.png\" alt=\"\" width=\"335\" height=\"193\" srcset=\"https:\/\/blogsaverroes.juntadeandalucia.es\/ieslauretum\/files\/2022\/10\/Captura-1-300x173.png 300w, https:\/\/blogsaverroes.juntadeandalucia.es\/ieslauretum\/files\/2022\/10\/Captura-1-1024x592.png 1024w, https:\/\/blogsaverroes.juntadeandalucia.es\/ieslauretum\/files\/2022\/10\/Captura-1-768x444.png 768w, https:\/\/blogsaverroes.juntadeandalucia.es\/ieslauretum\/files\/2022\/10\/Captura-1.png 1443w\" sizes=\"(max-width: 335px) 100vw, 335px\" \/><\/a><\/p>\n<\/div>\n<div id=\"top-row\" class=\"style-scope ytd-watch-metadata\">\n<div id=\"description\" class=\"item style-scope ytd-watch-metadata\">\n<div id=\"description-inner\" class=\"style-scope ytd-watch-metadata\">\n<div id=\"info-container\" class=\"style-scope ytd-watch-metadata\"><span style=\"color: #0000ff\"><a style=\"color: #0000ff\" href=\"https:\/\/view.genial.ly\/62b0c7b2003752001930f751\/presentation-documentacion-curso-del-aula-virtual-de-formacion-del-profesorado?s=03\" target=\"_blank\" rel=\"noopener noreferrer\">3.- Aproximaci\u00f3n al Marco General de la Lomloe<\/a><\/span><\/div>\n<div>\n<div id=\"title\" class=\"style-scope ytd-watch-metadata\">\n<p class=\"style-scope ytd-watch-metadata\"><span style=\"color: #0000ff\"><a style=\"color: #0000ff\" href=\"https:\/\/youtu.be\/EvBf0A15RGA\" target=\"_blank\" rel=\"noopener noreferrer\">4.- Situaciones de aprendizaje en la LOMLOE.<\/a><\/span> \u00bfQu\u00e9 son las situaciones de aprendizaje? \u00bfEn qu\u00e9 se diferencian de las unidades did\u00e1cticas? \u00bfQu\u00e9 pasos debo seguir para dise\u00f1ar una? \u00bfC\u00f3mo las puedo incorporar a mi programaci\u00f3n did\u00e1ctica?<\/p>\n<p><span style=\"color: #0000ff\"><a style=\"color: #0000ff\" href=\"https:\/\/blogsaverroes.juntadeandalucia.es\/ieslauretum\/files\/2022\/11\/aclaraciones-1-1.pdf\">4.1.- Aclaraciones de la Direcci\u00f3n General de Tecnolog\u00edas Avanzadas y Transformaci\u00f3n Educativa<\/a><\/span><\/p>\n<p><span style=\"color: #0000ff\"><a style=\"color: #0000ff\" href=\"https:\/\/blogsaverroes.juntadeandalucia.es\/ellocodelamochila\/situaciones-de-aprendizaje-lomloe\/repositorios-de-situaciones-de-aprendizaje\/\" target=\"_blank\" rel=\"noopener noreferrer\">4.2.- Repositorio de situaciones de aprendizaje<\/a><\/span><\/p>\n<p><span style=\"color: #0000ff\"><a style=\"color: #0000ff\" href=\"https:\/\/view.genial.ly\/633728c5eb98f7001183ece6\/presentation-presentacion-formas-basica\" target=\"_blank\" rel=\"noopener noreferrer\">5.- Proyecto REA \/ DUA Andaluc\u00eda<\/a><\/span><\/p>\n<hr>\n<h2 style=\"text-align: center\"><span style=\"text-decoration: underline\"><strong><span style=\"color: #800000;text-decoration: underline\">SITUACIONES DE APRENDIZAJE<\/span><\/strong><\/span><\/h2>\n<p><span style=\"color: #800000\"><strong><a style=\"color: #800000\" href=\"https:\/\/blogsaverroes.juntadeandalucia.es\/ieslauretum\/files\/2024\/01\/Gu\u00eda-de-grabaci\u00f3n-_SdA_-en-S\u00e9neca-2023-2024-1.pdf\">Gu\u00eda de grabaci\u00f3n _SdA_ en S\u00e9neca 2023-2024<\/a><\/strong><\/span><\/p>\n<p><a href=\"https:\/\/view.genial.ly\/6357b68432abe00019045bb9\/presentation-material-visual-avfp-diseno-situaciones-de-aprendizaje-en-andalucia\" target=\"_blank\" rel=\"noopener noreferrer\"><strong><span style=\"color: #0000ff\">1.- Dise\u00f1o de Situaciones de Aprendizaje en Andaluc\u00eda<\/span><\/strong><\/a><\/p>\n<p><a href=\"https:\/\/view.genial.ly\/636cd6492b97e30011b6151b\/presentation-presentacion-uni-educacion\" target=\"_blank\" rel=\"noopener noreferrer\"><span style=\"color: #0000ff\"><strong>2.- Elaboraci\u00f3n de SdA (Ernesto J. Abad)<\/strong><\/span><\/a><\/p>\n<p>&#8212;&#8212;&#8212;&#8212;&#8212;&#8212;&#8212;&#8212;&#8212;&#8212;&#8212;&#8212;&#8212;&#8212;&#8212;&#8212;&#8212;&#8212;&#8212;&#8212;&#8212;&#8212;&#8212;&#8212;&#8212;&#8212;&#8212;&#8212;&#8212;&#8212;&#8212;&#8212;&#8212;&#8212;&#8212;&#8212;&#8212;&#8212;&#8212;&#8212;&#8212;&#8212;&#8212;&#8212;&#8212;&#8212;&#8212;&#8212;&#8212;&#8212;&#8212;&#8212;&#8212;&#8212;&#8211;<\/p>\n<h3><span style=\"color: #0000ff\">Jornadas de&nbsp;Desarrollo del Marco Auton\u00f3mico del Curr\u00edculum.<\/span><\/h3>\n<div><span style=\"color: #800000\">Enlaces del streaming de esas misma jornadas.<\/span><\/div>\n<div><span style=\"color: #0000ff\"><a style=\"color: #0000ff\" href=\"https:\/\/youtu.be\/JLa0I4ora4M\" target=\"_blank\" rel=\"noopener noreferrer\" data-saferedirecturl=\"https:\/\/www.google.com\/url?q=https:\/\/youtu.be\/JLa0I4ora4M&amp;source=gmail&amp;ust=1666102685001000&amp;usg=AOvVaw33mvhP-byAZ3Q7Bj9nf8qo\">Enlace de la ma\u00f1ana<\/a>&nbsp;&nbsp;<\/span><\/div>\n<div>\n<div><span style=\"color: #0000ff\"><a style=\"color: #0000ff\" href=\"https:\/\/youtu.be\/hcv3VbycKFg\" target=\"_blank\" rel=\"noopener noreferrer\" data-saferedirecturl=\"https:\/\/www.google.com\/url?q=https:\/\/youtu.be\/hcv3VbycKFg&amp;source=gmail&amp;ust=1666102685001000&amp;usg=AOvVaw20MpUQmVQXjDJEFrVob2VS\">Enlace de la tarde<\/a>&nbsp; &nbsp;<\/span><\/div>\n<\/div>\n<\/div>\n<div id=\"top-row\" class=\"style-scope ytd-watch-metadata\">\n<div id=\"description\" class=\"item style-scope ytd-watch-metadata\">\n<div id=\"description-inner\" class=\"style-scope ytd-watch-metadata\">\n<div id=\"info-container\" class=\"style-scope ytd-watch-metadata\">&nbsp;<\/div>\n<\/div>\n<\/div>\n<\/div>\n<\/div>\n<\/div>\n<\/div>\n<\/div>\n","protected":false},"excerpt":{"rendered":"<p>NUEVA LEY EDUCATIVA LA LOMLOE EVALUACI\u00d3N LOMLOE &#8211; 1.2.A: Elementos curriculares EVALUACI\u00d3N LOMLOE &#8211; 1.2.B: Trazabilidad. Alineaci\u00f3n de elementos EVALUACI\u00d3N LOMLOE &#8211; 1.2.C: Primer paso:&hellip;<\/p>\n","protected":false},"author":695,"featured_media":0,"parent":0,"menu_order":0,"comment_status":"closed","ping_status":"closed","template":"","meta":{"ngg_post_thumbnail":0,"footnotes":""},"aioseo_notices":[],"_links":{"self":[{"href":"https:\/\/blogsaverroes.juntadeandalucia.es\/ieslauretum\/wp-json\/wp\/v2\/pages\/7022"}],"collection":[{"href":"https:\/\/blogsaverroes.juntadeandalucia.es\/ieslauretum\/wp-json\/wp\/v2\/pages"}],"about":[{"href":"https:\/\/blogsaverroes.juntadeandalucia.es\/ieslauretum\/wp-json\/wp\/v2\/types\/page"}],"author":[{"embeddable":true,"href":"https:\/\/blogsaverroes.juntadeandalucia.es\/ieslauretum\/wp-json\/wp\/v2\/users\/695"}],"replies":[{"embeddable":true,"href":"https:\/\/blogsaverroes.juntadeandalucia.es\/ieslauretum\/wp-json\/wp\/v2\/comments?post=7022"}],"version-history":[{"count":21,"href":"https:\/\/blogsaverroes.juntadeandalucia.es\/ieslauretum\/wp-json\/wp\/v2\/pages\/7022\/revisions"}],"predecessor-version":[{"id":8368,"href":"https:\/\/blogsaverroes.juntadeandalucia.es\/ieslauretum\/wp-json\/wp\/v2\/pages\/7022\/revisions\/8368"}],"wp:attachment":[{"href":"https:\/\/blogsaverroes.juntadeandalucia.es\/ieslauretum\/wp-json\/wp\/v2\/media?parent=7022"}],"curies":[{"name":"wp","href":"https:\/\/api.w.org\/{rel}","templated":true}]}}