{"id":1107,"date":"2025-11-16T12:00:41","date_gmt":"2025-11-16T11:00:41","guid":{"rendered":"https:\/\/blogsaverroes.juntadeandalucia.es\/ieslbs\/?page_id=1107"},"modified":"2025-11-16T12:01:03","modified_gmt":"2025-11-16T11:01:03","slug":"tic-tde","status":"publish","type":"page","link":"https:\/\/blogsaverroes.juntadeandalucia.es\/ieslbs\/tic-tde\/","title":{"rendered":"TIC \/ TDE"},"content":{"rendered":"<div style=\"max-width: 900px;margin: 20px auto;padding: 25px;border: 2px solid #000;border-radius: 10px;background: #f9f9f9\">\n<p style=\"text-align: center;font-size: 1.1em;color: #4b3832;margin-bottom: 30px\">En esta secci\u00f3n, la comunidad educativa del IES Luis Barahona de Soto, podr\u00e1 encontrar interesantes recursos relacionados con el entorno digital: instalaci\u00f3n de iPasen, recuperaci\u00f3n de contrase\u00f1as&#8230;<\/p>\n<table style=\"width: 100%;border-collapse: collapse;text-align: center\">\n<tbody>\n<tr>\n<td style=\"padding: 20px;vertical-align: top\"><img decoding=\"async\" style=\"width: 120px;height: 120px;border-radius: 50%;border: 2px solid #000;margin-bottom: 10px\" src=\"https:\/\/cdn-icons-png.flaticon.com\/512\/2302\/2302834.png\"><\/p>\n<h4 style=\"margin: 10px 0 5px;color: #34495e\">Alumnado<\/h4>\n<\/td>\n<td style=\"padding: 20px;vertical-align: top\"><img decoding=\"async\" style=\"width: 120px;height: 120px;border-radius: 50%;border: 2px solid #000;margin-bottom: 10px\" src=\"https:\/\/cdn-icons-png.flaticon.com\/512\/952\/952929.png\"><\/p>\n<h4 style=\"margin: 10px 0 5px;color: #34495e\">Familias<\/h4>\n<p style=\"font-size: 14px;color: #7f8c8d\">&nbsp;<\/p>\n<\/td>\n<td style=\"padding: 20px;vertical-align: top\"><a href=\"https:\/\/blogsaverroes.juntadeandalucia.es\/ieslbs\/tde-profesorado\/\"><img decoding=\"async\" style=\"width: 120px;height: 120px;border-radius: 50%;border: 2px solid #000;margin-bottom: 10px\" src=\"https:\/\/cdn-icons-png.flaticon.com\/512\/4633\/4633172.png\"><\/a><\/p>\n<h4 style=\"margin: 10px 0 5px;color: #34495e\"><a href=\"https:\/\/blogsaverroes.juntadeandalucia.es\/ieslbs\/tde-profesorado\/\">Profesorado<\/a><\/h4>\n<\/td>\n<\/tr>\n<\/tbody>\n<\/table>\n<\/div>\n","protected":false},"excerpt":{"rendered":"<p>En esta secci\u00f3n, la comunidad educativa del IES Luis Barahona de Soto, podr\u00e1 encontrar interesantes recursos relacionados con el entorno digital: instalaci\u00f3n de iPasen, recuperaci\u00f3n de contrase\u00f1as&#8230; Alumnado Familias &nbsp; Profesorado<\/p>\n","protected":false},"author":1848,"featured_media":0,"parent":0,"menu_order":0,"comment_status":"closed","ping_status":"closed","template":"","meta":{"ngg_post_thumbnail":0,"footnotes":""},"aioseo_notices":[],"_links":{"self":[{"href":"https:\/\/blogsaverroes.juntadeandalucia.es\/ieslbs\/wp-json\/wp\/v2\/pages\/1107"}],"collection":[{"href":"https:\/\/blogsaverroes.juntadeandalucia.es\/ieslbs\/wp-json\/wp\/v2\/pages"}],"about":[{"href":"https:\/\/blogsaverroes.juntadeandalucia.es\/ieslbs\/wp-json\/wp\/v2\/types\/page"}],"author":[{"embeddable":true,"href":"https:\/\/blogsaverroes.juntadeandalucia.es\/ieslbs\/wp-json\/wp\/v2\/users\/1848"}],"replies":[{"embeddable":true,"href":"https:\/\/blogsaverroes.juntadeandalucia.es\/ieslbs\/wp-json\/wp\/v2\/comments?post=1107"}],"version-history":[{"count":7,"href":"https:\/\/blogsaverroes.juntadeandalucia.es\/ieslbs\/wp-json\/wp\/v2\/pages\/1107\/revisions"}],"predecessor-version":[{"id":1128,"href":"https:\/\/blogsaverroes.juntadeandalucia.es\/ieslbs\/wp-json\/wp\/v2\/pages\/1107\/revisions\/1128"}],"wp:attachment":[{"href":"https:\/\/blogsaverroes.juntadeandalucia.es\/ieslbs\/wp-json\/wp\/v2\/media?parent=1107"}],"curies":[{"name":"wp","href":"https:\/\/api.w.org\/{rel}","templated":true}]}}