{"id":295,"date":"2020-01-23T11:42:26","date_gmt":"2020-01-23T10:42:26","guid":{"rendered":"http:\/\/blogsaverroes.juntadeandalucia.es\/pre\/nuevoiesv2\/?page_id=295"},"modified":"2025-07-09T10:10:31","modified_gmt":"2025-07-09T08:10:31","slug":"nuestra-historia","status":"publish","type":"page","link":"https:\/\/blogsaverroes.juntadeandalucia.es\/ieslbs\/nuestra-historia\/","title":{"rendered":"Nuestra Historia"},"content":{"rendered":"<div style=\"max-width: 900px;margin: 20px auto;padding: 25px;border: 3px solid #8b5e3c;border-radius: 12px;background: #fdf8f3;font-family: Georgia, serif\">\n<h2 style=\"text-align: center;color: #8b5e3c;margin-bottom: 20px\">Historia del IES Luis Barahona de Soto<\/h2>\n<div style=\"text-align: center;margin-bottom: 25px\"><img fetchpriority=\"high\" decoding=\"async\" class=\"aligncenter size-medium wp-image-520\" src=\"https:\/\/blogsaverroes.juntadeandalucia.es\/ieslbs\/files\/2023\/07\/IMG_5022_Localtone-300x200.jpg\" alt=\"\" width=\"300\" height=\"200\" srcset=\"https:\/\/blogsaverroes.juntadeandalucia.es\/ieslbs\/files\/2023\/07\/IMG_5022_Localtone-300x200.jpg 300w, https:\/\/blogsaverroes.juntadeandalucia.es\/ieslbs\/files\/2023\/07\/IMG_5022_Localtone-1024x683.jpg 1024w, https:\/\/blogsaverroes.juntadeandalucia.es\/ieslbs\/files\/2023\/07\/IMG_5022_Localtone-768x512.jpg 768w, https:\/\/blogsaverroes.juntadeandalucia.es\/ieslbs\/files\/2023\/07\/IMG_5022_Localtone-1536x1024.jpg 1536w, https:\/\/blogsaverroes.juntadeandalucia.es\/ieslbs\/files\/2023\/07\/IMG_5022_Localtone-2048x1365.jpg 2048w, https:\/\/blogsaverroes.juntadeandalucia.es\/ieslbs\/files\/2023\/07\/IMG_5022_Localtone-1080x720.jpg 1080w, https:\/\/blogsaverroes.juntadeandalucia.es\/ieslbs\/files\/2023\/07\/IMG_5022_Localtone-1280x854.jpg 1280w, https:\/\/blogsaverroes.juntadeandalucia.es\/ieslbs\/files\/2023\/07\/IMG_5022_Localtone-980x653.jpg 980w, https:\/\/blogsaverroes.juntadeandalucia.es\/ieslbs\/files\/2023\/07\/IMG_5022_Localtone-480x320.jpg 480w\" sizes=\"(max-width: 300px) 100vw, 300px\" \/><\/div>\n<p style=\"font-size: 16px;line-height: 1.8;color: #4b3832\">El <strong>Instituto de Ense\u00f1anza Secundaria (IES) Luis Barahona de Soto<\/strong>, ubicado en Archidona, tiene sus or\u00edgenes en las <strong>Escuelas P\u00edas<\/strong>, fundadas en 1757 por el sacerdote <em>Salvador Delgado<\/em> y <em>Leonor F\u00e9lix de Morales<\/em>.<\/p>\n<p style=\"font-size: 16px;line-height: 1.8;color: #4b3832\">El edificio actual se comenz\u00f3 a construir en <strong>1759<\/strong> y se finaliz\u00f3 en <strong>1794<\/strong>, albergando desde entonces la instituci\u00f3n educativa. En <strong>1950<\/strong>, las Escuelas P\u00edas se transformaron en el IES Luis Barahona de Soto, y en <strong>1951<\/strong> se convirti\u00f3 en uno de los primeros <strong>Institutos Laborales de Espa\u00f1a<\/strong>.<\/p>\n<h4 style=\"color: #8b5e3c;margin-top: 20px\">Fundaci\u00f3n y construcci\u00f3n:<\/h4>\n<p style=\"font-size: 16px;line-height: 1.8;color: #4b3832\">Las Escuelas P\u00edas fueron fundadas en <strong>1757<\/strong> por el sacerdote <em>Salvador Delgado<\/em> y <em>Leonor F\u00e9lix de Morales<\/em>, con la autorizaci\u00f3n para establecer dos religiosos escolapios en Archidona. La construcci\u00f3n del edificio comenz\u00f3 en <strong>1759<\/strong> y se complet\u00f3 en <strong>1794<\/strong>, bajo la direcci\u00f3n del maestro alarife <em>Blas del Esp\u00edritu Santo<\/em>.<\/p>\n<div style=\"text-align: center;margin: 20px 0\"><img decoding=\"async\" class=\"aligncenter size-medium wp-image-534\" src=\"https:\/\/blogsaverroes.juntadeandalucia.es\/ieslbs\/files\/2023\/07\/IMG_5004_Localtone-300x200.jpg\" alt=\"\" width=\"300\" height=\"200\" srcset=\"https:\/\/blogsaverroes.juntadeandalucia.es\/ieslbs\/files\/2023\/07\/IMG_5004_Localtone-300x200.jpg 300w, https:\/\/blogsaverroes.juntadeandalucia.es\/ieslbs\/files\/2023\/07\/IMG_5004_Localtone-1024x682.jpg 1024w, https:\/\/blogsaverroes.juntadeandalucia.es\/ieslbs\/files\/2023\/07\/IMG_5004_Localtone-768x512.jpg 768w, https:\/\/blogsaverroes.juntadeandalucia.es\/ieslbs\/files\/2023\/07\/IMG_5004_Localtone-1536x1023.jpg 1536w, https:\/\/blogsaverroes.juntadeandalucia.es\/ieslbs\/files\/2023\/07\/IMG_5004_Localtone-2048x1364.jpg 2048w\" sizes=\"(max-width: 300px) 100vw, 300px\" \/><\/div>\n<h4 style=\"color: #8b5e3c;margin-top: 20px\">Consolidaci\u00f3n y prestigio:<\/h4>\n<p style=\"font-size: 16px;line-height: 1.8;color: #4b3832\">Inicialmente, el centro atrajo a estudiantes de la comarca, pero r\u00e1pidamente adquiri\u00f3 fama y se convirti\u00f3 en uno de los centros educativos m\u00e1s prestigiosos de Andaluc\u00eda, recibiendo alumnos de diversos lugares.<\/p>\n<h4 style=\"color: #8b5e3c;margin-top: 20px\">Transformaci\u00f3n en Instituto:<\/h4>\n<p style=\"font-size: 16px;line-height: 1.8;color: #4b3832\">En <strong>1950<\/strong>, el colegio de las Escuelas P\u00edas se convirti\u00f3 en el <strong>IES Luis Barahona de Soto<\/strong>, y al a\u00f1o siguiente, se integr\u00f3 como uno de los primeros <strong>Institutos Laborales de Espa\u00f1a<\/strong>.<\/p>\n<h4 style=\"color: #8b5e3c;margin-top: 20px\">Vinculaci\u00f3n con Blas Infante:<\/h4>\n<p style=\"font-size: 16px;line-height: 1.8;color: #4b3832\"><strong>Blas Infante<\/strong>, considerado el padre de la patria andaluza, curs\u00f3 sus estudios de bachillerato como alumno interno en las Escuelas P\u00edas entre <strong>1896<\/strong> y <strong>1899<\/strong>.<\/p>\n<h4 style=\"color: #8b5e3c;margin-top: 20px\">Legado:<\/h4>\n<p style=\"font-size: 16px;line-height: 1.8;color: #4b3832\">El instituto contin\u00faa siendo un referente educativo en la zona y ha dejado una huella significativa en la historia de Archidona, tanto por su valor patrimonial como por su contribuci\u00f3n a la educaci\u00f3n.<\/p>\n<h3 style=\"color: #8b5e3c;text-align: center\"><span style=\"font-size: 22pt\">Caracter\u00edsticas del entorno<\/span><\/h3>\n<p style=\"font-size: 16px;line-height: 1.8;color: #4b3832\">El I.E.S. Luis Barahona de Soto fue construido hace ya m\u00e1s de dos siglos. El Colegio de Archidona es el decano de las Escuelas P\u00edas andaluzas y las obras que dan origen a la forma actual tardaron en finalizar 9 a\u00f1os, desde 1785 hasta 1794, situ\u00e1ndose junto a la Ermita del Nazareno.<\/p>\n<p style=\"font-size: 16px;line-height: 1.8;color: #4b3832\">El edificio se organiza en torno a los dos patios cuadrados conectados por un arco a trav\u00e9s de una calleja que los separa, la calleja del Colegio. La fachada principal da acceso al edificio a trav\u00e9s de la calle Carrera. Las galer\u00edas interiores destacan por sus b\u00f3vedas de arista y por unas escaleras de doble ramal. Tambi\u00e9n es muy popular la torre del reloj, de dos cuerpos y chapitel poligonal.<\/p>\n<p style=\"font-size: 16px;line-height: 1.8;color: #4b3832\">En 2003 los arquitectos Antonio Garv\u00edn Salazar y Pedro Aparicio llevan a cabo una importante reforma del centro para su adaptaci\u00f3n a la LOGSE. El I.E.S. Luis Barahona de Soto posee una amplia tradici\u00f3n educativa, y dispone de un emblem\u00e1tico edificio que est\u00e1 catalogado como hist\u00f3rico, siendo una prioridad de este proyecto la conservaci\u00f3n del mismo y la promoci\u00f3n de su legado patrimonial.<\/p>\n<p style=\"font-size: 16px;line-height: 1.8;color: #4b3832\">Hoy el I.E.S. Luis Barahona de Soto posee una tradici\u00f3n educativa centenaria, la continuidad de este trascendental papel es uno de nuestros principales objetivos.<\/p>\n<p style=\"font-size: 16px;line-height: 1.8;color: #4b3832\">Me gustar\u00eda destacar la magn\u00edfica situaci\u00f3n dentro de la localidad y las excelentes relaciones que se mantienen con entidades externas, algo que facilita la cesi\u00f3n de espacios para actividades educativas y de convivencia con el alumnado y sus familias. Algunos de estos espacios internos o externos son entre otros:<\/p>\n<ul style=\"font-size: 16px;line-height: 1.8;color: #4b3832;list-style-type: square;padding-left: 20px\">\n<li>Biblioteca del Centro<\/li>\n<li>Sal\u00f3n de actos<\/li>\n<li>Patios del Centro<\/li>\n<li>Biblioteca municipal<\/li>\n<li>Polideportivo municipal<\/li>\n<li>Auditorio del Ayuntamiento<\/li>\n<li>Plaza Ochavada<\/li>\n<li>Recinto Ferial<\/li>\n<\/ul>\n<p style=\"font-size: 16px;line-height: 1.8;color: #4b3832\">Tambi\u00e9n es importante destacar que el Centro no dispone de pabell\u00f3n deportivo, por lo que toda actividad deportiva se realiza en las zonas exteriores del edificio, lo que queda limitado por las condiciones climatol\u00f3gicas.<\/p>\n<h3 style=\"color: #8b5e3c;text-align: center;margin-top: 40px\"><span style=\"font-size: 22pt\">Situaci\u00f3n socioecon\u00f3mica de las familias<\/span><\/h3>\n<p style=\"font-size: 16px;line-height: 1.8;color: #4b3832\">El I.E.S. Luis Barahona de Soto est\u00e1 situado en la localidad de Archidona, que pertenece a la comarca noreste de la provincia de M\u00e1laga. Su t\u00e9rmino municipal ocupa una superficie de 186,17 km\u00b2 y atiende una poblaci\u00f3n de 8.168 habitantes, de los que 662 (8,1%) son extranjeros, principalmente provenientes de Marruecos, lo que deber\u00e1 tenerse en consideraci\u00f3n para posibles aulas temporales de adaptaci\u00f3n ling\u00fc\u00edstica (ATAL).<\/p>\n<p style=\"font-size: 16px;line-height: 1.8;color: #4b3832\">El crecimiento de la poblaci\u00f3n en los \u00faltimos 10 a\u00f1os es negativo (-7,2%), debido en parte al crecimiento de defunciones respecto al n\u00famero de nacimientos en la localidad. Archidona est\u00e1 situada a una altitud de 712 metros sobre el nivel del mar y linda geogr\u00e1ficamente con las localidades de Antequera, Loja, Villanueva de Tapias, Villanueva de Algaidas, Villanueva del Trabuco y Villanueva del Rosario. Respecto a las capitales de provincia m\u00e1s cercanas, M\u00e1laga se encuentra a 52 km y Granada a 80 km.<\/p>\n<p style=\"font-size: 16px;line-height: 1.8;color: #4b3832\">La edad media de la poblaci\u00f3n de Archidona es de 43,62 a\u00f1os, representando la poblaci\u00f3n menor de 18 a\u00f1os el 16,3% del total.<\/p>\n<p style=\"font-size: 16px;line-height: 1.8;color: #4b3832\">En general, el alumnado que asiste al Centro pertenece a n\u00facleos familiares formados por matrimonios j\u00f3venes, con una media de 2 hijos por familia. El nivel cultural y econ\u00f3mico general es medio, con minor\u00edas de niveles m\u00e1s bajos y otras de nivel superior.<\/p>\n<p style=\"font-size: 16px;line-height: 1.8;color: #4b3832\">La mayor\u00eda son de convicciones religiosas cat\u00f3licas, lo que se manifiesta en la elecci\u00f3n de esta materia por la mayor\u00eda de los padres.<\/p>\n<p style=\"font-size: 16px;line-height: 1.8;color: #4b3832\">Desde el Centro proponemos favorecer la comprensi\u00f3n, el respeto y la solidaridad entre los pueblos del mundo, as\u00ed como promover la dimensi\u00f3n intercultural de la ense\u00f1anza, aspecto cada vez m\u00e1s relevante en el Centro, donde convivimos con alumnado y familias con origen en distintas nacionalidades.<\/p>\n<hr style=\"border: 1px solid #8b5e3c;margin: 30px 0\">\n<h3 style=\"color: #8b5e3c;text-align: center\">Blogs y Proyectos Relacionados<\/h3>\n<ul style=\"font-size: 16px;line-height: 1.8;color: #4b3832;list-style-type: square;padding-left: 20px\">\n<li><a style=\"color: #8b5e3c;font-weight: bold\" href=\"https:\/\/cincuentenarioiesluis.wordpress.com\/\">Proyecto Cincuentenario del IES Luis Barahona de Soto<\/a><\/li>\n<li><a style=\"color: #8b5e3c;font-weight: bold\" href=\"https:\/\/lsbvspatrimonio.home.blog\/\">Vivir y Sentir el Patrimonio &#8211; Archidona<\/a><\/li>\n<li><a style=\"color: #8b5e3c;font-weight: bold\" href=\"https:\/\/www.malaga.es\/es\/laprovincia\/patrimonio\/lis_cd-5435\/escuelas-pias-ies-luis-barahona-de-soto\">Escuelas P\u00edas: IES Luis Barahona de Soto<\/a><\/li>\n<li><a style=\"color: #8b5e3c;font-weight: bold\" href=\"https:\/\/www.museodelaautonomia.es\/noticias\/alumnos-del-ies-luis-barahona-de-soto-de-archidona-visitan-la-casa-de-blas-infante-y-el-museo-de-la-autonomia\">Visita a la casa de Blas Infante<\/a><\/li>\n<\/ul>\n<p style=\"font-size: 16px;line-height: 1.8;color: #4b3832\">&nbsp;<\/p>\n<\/div>\n","protected":false},"excerpt":{"rendered":"<p>Historia del IES Luis Barahona de Soto El Instituto de Ense\u00f1anza Secundaria (IES) Luis Barahona de Soto, ubicado en Archidona, tiene sus or\u00edgenes en las Escuelas P\u00edas, fundadas en 1757 por el sacerdote Salvador Delgado y Leonor F\u00e9lix de Morales. El edificio actual se comenz\u00f3 a construir en 1759 y se finaliz\u00f3 en 1794, albergando &hellip; <\/p>\n<p><a class=\"more-link btn\" href=\"https:\/\/blogsaverroes.juntadeandalucia.es\/ieslbs\/nuestra-historia\/\">Seguir leyendo<\/a><\/p>\n","protected":false},"author":1848,"featured_media":0,"parent":0,"menu_order":0,"comment_status":"closed","ping_status":"closed","template":"","meta":{"ngg_post_thumbnail":0,"footnotes":""},"aioseo_notices":[],"_links":{"self":[{"href":"https:\/\/blogsaverroes.juntadeandalucia.es\/ieslbs\/wp-json\/wp\/v2\/pages\/295"}],"collection":[{"href":"https:\/\/blogsaverroes.juntadeandalucia.es\/ieslbs\/wp-json\/wp\/v2\/pages"}],"about":[{"href":"https:\/\/blogsaverroes.juntadeandalucia.es\/ieslbs\/wp-json\/wp\/v2\/types\/page"}],"author":[{"embeddable":true,"href":"https:\/\/blogsaverroes.juntadeandalucia.es\/ieslbs\/wp-json\/wp\/v2\/users\/1848"}],"replies":[{"embeddable":true,"href":"https:\/\/blogsaverroes.juntadeandalucia.es\/ieslbs\/wp-json\/wp\/v2\/comments?post=295"}],"version-history":[{"count":6,"href":"https:\/\/blogsaverroes.juntadeandalucia.es\/ieslbs\/wp-json\/wp\/v2\/pages\/295\/revisions"}],"predecessor-version":[{"id":1017,"href":"https:\/\/blogsaverroes.juntadeandalucia.es\/ieslbs\/wp-json\/wp\/v2\/pages\/295\/revisions\/1017"}],"wp:attachment":[{"href":"https:\/\/blogsaverroes.juntadeandalucia.es\/ieslbs\/wp-json\/wp\/v2\/media?parent=295"}],"curies":[{"name":"wp","href":"https:\/\/api.w.org\/{rel}","templated":true}]}}