{"id":631,"date":"2025-07-04T11:05:21","date_gmt":"2025-07-04T09:05:21","guid":{"rendered":"https:\/\/blogsaverroes.juntadeandalucia.es\/ieslbs\/?page_id=631"},"modified":"2025-07-06T16:26:12","modified_gmt":"2025-07-06T14:26:12","slug":"oferta-educativa","status":"publish","type":"page","link":"https:\/\/blogsaverroes.juntadeandalucia.es\/ieslbs\/oferta-educativa\/","title":{"rendered":"Oferta Educativa"},"content":{"rendered":"<div style=\"max-width: 900px;margin: 20px auto;padding: 25px;border: 2px solid #0073aa;border-radius: 10px;background: #f0f8ff\">\n<p style=\"font-size: 16px;line-height: 1.8;color: #333;margin-bottom: 25px\">El IES Luis Barahona de Soto ofrece a su alumnado una formaci\u00f3n completa y adaptada a sus intereses y necesidades.<\/p>\n<p style=\"font-size: 16px;line-height: 1.8;color: #333;margin-bottom: 25px\">Toda la ense\u00f1anza impartida en el centro es <strong>presencial<\/strong> y en <strong>horario de ma\u00f1ana<\/strong>.<\/p>\n<h3 style=\"color: #0073aa;margin-top: 20px\">Educaci\u00f3n Secundaria Obligatoria (ESO)<\/h3>\n<ul style=\"font-size: 16px;line-height: 1.8;color: #333;list-style-type: disc;padding-left: 20px\">\n<li>1\u00ba, 2\u00ba, 3\u00ba y 4\u00ba de ESO<\/li>\n<\/ul>\n<h3 style=\"color: #0073aa;margin-top: 30px\">Bachillerato<\/h3>\n<ul style=\"font-size: 16px;line-height: 1.8;color: #333;list-style-type: disc;padding-left: 20px\">\n<li>Bachillerato de Ciencias y Tecnolog\u00eda<\/li>\n<li>Bachillerato de Humanidades y Ciencias Sociales<\/li>\n<\/ul>\n<\/div>\n","protected":false},"excerpt":{"rendered":"<p>El IES Luis Barahona de Soto ofrece a su alumnado una formaci\u00f3n completa y adaptada a sus intereses y necesidades. Toda la ense\u00f1anza impartida en el centro es presencial y en horario de ma\u00f1ana. Educaci\u00f3n Secundaria Obligatoria (ESO) 1\u00ba, 2\u00ba, 3\u00ba y 4\u00ba de ESO Bachillerato Bachillerato de Ciencias y Tecnolog\u00eda Bachillerato de Humanidades y &hellip; <\/p>\n<p><a class=\"more-link btn\" href=\"https:\/\/blogsaverroes.juntadeandalucia.es\/ieslbs\/oferta-educativa\/\">Seguir leyendo<\/a><\/p>\n","protected":false},"author":1848,"featured_media":0,"parent":0,"menu_order":0,"comment_status":"closed","ping_status":"closed","template":"","meta":{"ngg_post_thumbnail":0,"footnotes":""},"aioseo_notices":[],"_links":{"self":[{"href":"https:\/\/blogsaverroes.juntadeandalucia.es\/ieslbs\/wp-json\/wp\/v2\/pages\/631"}],"collection":[{"href":"https:\/\/blogsaverroes.juntadeandalucia.es\/ieslbs\/wp-json\/wp\/v2\/pages"}],"about":[{"href":"https:\/\/blogsaverroes.juntadeandalucia.es\/ieslbs\/wp-json\/wp\/v2\/types\/page"}],"author":[{"embeddable":true,"href":"https:\/\/blogsaverroes.juntadeandalucia.es\/ieslbs\/wp-json\/wp\/v2\/users\/1848"}],"replies":[{"embeddable":true,"href":"https:\/\/blogsaverroes.juntadeandalucia.es\/ieslbs\/wp-json\/wp\/v2\/comments?post=631"}],"version-history":[{"count":2,"href":"https:\/\/blogsaverroes.juntadeandalucia.es\/ieslbs\/wp-json\/wp\/v2\/pages\/631\/revisions"}],"predecessor-version":[{"id":882,"href":"https:\/\/blogsaverroes.juntadeandalucia.es\/ieslbs\/wp-json\/wp\/v2\/pages\/631\/revisions\/882"}],"wp:attachment":[{"href":"https:\/\/blogsaverroes.juntadeandalucia.es\/ieslbs\/wp-json\/wp\/v2\/media?parent=631"}],"curies":[{"name":"wp","href":"https:\/\/api.w.org\/{rel}","templated":true}]}}