{"id":632,"date":"2025-07-04T11:05:21","date_gmt":"2025-07-04T09:05:21","guid":{"rendered":"https:\/\/blogsaverroes.juntadeandalucia.es\/ieslbs\/?page_id=632"},"modified":"2025-07-06T15:47:21","modified_gmt":"2025-07-06T13:47:21","slug":"equipo-directivo","status":"publish","type":"page","link":"https:\/\/blogsaverroes.juntadeandalucia.es\/ieslbs\/equipo-directivo\/","title":{"rendered":"Equipo Directivo"},"content":{"rendered":"<div style=\"max-width: 900px;margin: 20px auto;padding: 25px;border: 2px solid #000;border-radius: 10px;background: #f9f9f9\">\n<p style=\"text-align: center;font-size: 1.1em;color: #4b3832;margin-bottom: 30px\">El Equipo Directivo del IES Luis Barahona de Soto trabaja con ilusi\u00f3n y compromiso para garantizar una educaci\u00f3n de calidad, inclusiva y cercana. Nuestra prioridad es el bienestar, el respeto y el \u00e9xito acad\u00e9mico del alumnado.<\/p>\n<table style=\"width: 100%;border-collapse: collapse;text-align: center\">\n<tbody>\n<tr>\n<td style=\"padding: 20px;vertical-align: top\"><img decoding=\"async\" style=\"width: 120px;height: 120px;border-radius: 50%;border: 2px solid #000;margin-bottom: 10px\" src=\"https:\/\/cdn-icons-png.flaticon.com\/512\/4140\/4140047.png\" alt=\"Directora\"><\/p>\n<h4 style=\"margin: 10px 0 5px;color: #34495e\">Clara Rodr\u00edguez Orihuela<\/h4>\n<p style=\"font-size: 14px;color: #7f8c8d\">Directora<\/p>\n<\/td>\n<td style=\"padding: 20px;vertical-align: top\"><img decoding=\"async\" style=\"width: 120px;height: 120px;border-radius: 50%;border: 2px solid #000;margin-bottom: 10px\" src=\"https:\/\/cdn-icons-png.flaticon.com\/512\/3135\/3135715.png\" alt=\"Jefe de Estudios\"><\/p>\n<h4 style=\"margin: 10px 0 5px;color: #34495e\">Sergio Javier Dom\u00ednguez Villegas<\/h4>\n<p style=\"font-size: 14px;color: #7f8c8d\">Jefe de Estudios<\/p>\n<\/td>\n<td style=\"padding: 20px;vertical-align: top\"><img decoding=\"async\" style=\"width: 120px;height: 120px;border-radius: 50%;border: 2px solid #000;margin-bottom: 10px\" src=\"https:\/\/cdn-icons-png.flaticon.com\/512\/3135\/3135715.png\" alt=\"Secretario\"><\/p>\n<h4 style=\"margin: 10px 0 5px;color: #34495e\">Manuel Osorio Soria<\/h4>\n<p style=\"font-size: 14px;color: #7f8c8d\">Secretario<\/p>\n<\/td>\n<\/tr>\n<\/tbody>\n<\/table>\n<\/div>\n","protected":false},"excerpt":{"rendered":"<p>El Equipo Directivo del IES Luis Barahona de Soto trabaja con ilusi\u00f3n y compromiso para garantizar una educaci\u00f3n de calidad, inclusiva y cercana. Nuestra prioridad es el bienestar, el respeto y el \u00e9xito acad\u00e9mico del alumnado. Clara Rodr\u00edguez Orihuela Directora Sergio Javier Dom\u00ednguez Villegas Jefe de Estudios Manuel Osorio Soria Secretario<\/p>\n","protected":false},"author":1848,"featured_media":0,"parent":0,"menu_order":0,"comment_status":"closed","ping_status":"closed","template":"","meta":{"ngg_post_thumbnail":0,"footnotes":""},"aioseo_notices":[],"_links":{"self":[{"href":"https:\/\/blogsaverroes.juntadeandalucia.es\/ieslbs\/wp-json\/wp\/v2\/pages\/632"}],"collection":[{"href":"https:\/\/blogsaverroes.juntadeandalucia.es\/ieslbs\/wp-json\/wp\/v2\/pages"}],"about":[{"href":"https:\/\/blogsaverroes.juntadeandalucia.es\/ieslbs\/wp-json\/wp\/v2\/types\/page"}],"author":[{"embeddable":true,"href":"https:\/\/blogsaverroes.juntadeandalucia.es\/ieslbs\/wp-json\/wp\/v2\/users\/1848"}],"replies":[{"embeddable":true,"href":"https:\/\/blogsaverroes.juntadeandalucia.es\/ieslbs\/wp-json\/wp\/v2\/comments?post=632"}],"version-history":[{"count":6,"href":"https:\/\/blogsaverroes.juntadeandalucia.es\/ieslbs\/wp-json\/wp\/v2\/pages\/632\/revisions"}],"predecessor-version":[{"id":876,"href":"https:\/\/blogsaverroes.juntadeandalucia.es\/ieslbs\/wp-json\/wp\/v2\/pages\/632\/revisions\/876"}],"wp:attachment":[{"href":"https:\/\/blogsaverroes.juntadeandalucia.es\/ieslbs\/wp-json\/wp\/v2\/media?parent=632"}],"curies":[{"name":"wp","href":"https:\/\/api.w.org\/{rel}","templated":true}]}}