{"id":684,"date":"2025-07-04T12:15:35","date_gmt":"2025-07-04T10:15:35","guid":{"rendered":"https:\/\/blogsaverroes.juntadeandalucia.es\/ieslbs\/?page_id=684"},"modified":"2025-07-09T13:48:08","modified_gmt":"2025-07-09T11:48:08","slug":"seguro-escolar","status":"publish","type":"page","link":"https:\/\/blogsaverroes.juntadeandalucia.es\/ieslbs\/seguro-escolar\/","title":{"rendered":"Seguro Escolar"},"content":{"rendered":"<div style=\"max-width: 900px;margin: 20px auto;padding: 25px;border: 3px solid #d4af37;border-radius: 12px;background: #404040;font-family: Georgia, serif;color: #000000\">\n<h2 style=\"text-align: center;color: #d4af37\">Pago del Seguro Escolar<\/h2>\n<div style=\"margin-top: 30px;padding: 20px;border: 2px solid #d4af37;border-radius: 10px;background-color: #e0e0e0\">\n<h3 style=\"color: #d4af37\">\u00bfQui\u00e9n debe pagarlo?<\/h3>\n<p>El pago del <strong>seguro escolar<\/strong> es <strong>obligatorio a partir de 3\u00ba de la ESO<\/strong>.<\/p>\n<h3 style=\"color: #d4af37\">Importe<\/h3>\n<p>El importe del seguro es de <strong>1,12 \u20ac<\/strong>.<\/p>\n<h3 style=\"color: #d4af37\">Formas de pago<\/h3>\n<ol>\n<li><strong>Pago en el centro escolar.<\/strong><\/li>\n<li><strong>Pago en el banco<\/strong> y adjuntando el justificante en la matr\u00edcula online.<\/li>\n<li><strong>Pago electr\u00f3nico a trav\u00e9s de internet<\/strong>, quedando reflejado de forma inmediata en S\u00e9neca.<br \/>\nAccede al siguiente enlace:<br \/>\n<a style=\"color: #000000;text-decoration: underline;font-weight: bold\" href=\"https:\/\/www.juntadeandalucia.es\/educacion\/secretariavirtual\/seguroEscolar\/pagoSeguroEscolar\/\" target=\"_blank\" rel=\"noopener\"> https:\/\/www.juntadeandalucia.es\/educacion\/secretariavirtual\/seguroEscolar\/pagoSeguroEscolar\/ <\/a><\/li>\n<\/ol>\n<h3 style=\"color: #d4af37\">Datos necesarios para el pago electr\u00f3nico<\/h3>\n<ul>\n<li>DNI\/Pasaporte de uno de los tutores del alumno\/a<\/li>\n<li>Fecha de nacimiento del alumno\/a<\/li>\n<li>C\u00f3digo del centro: <strong>29001421<\/strong><\/li>\n<\/ul>\n<p>Una vez verificados los datos, introduce la informaci\u00f3n de la tarjeta de cr\u00e9dito y efect\u00faa el pago. Obtendr\u00e1s <strong>inmediatamente un justificante<\/strong>.<\/p>\n<h3 style=\"color: #d4af37\">Videotutorial de ayuda<\/h3>\n<p>Si tienes problemas puedes consultar el siguiente videotutorial:<\/p>\n<ul>\n<li><a style=\"color: #000000;text-decoration: underline;font-weight: bold\" href=\"https:\/\/www.youtube.com\/watch?v=f2SpHCc3m6I&amp;feature=youtu.be\" target=\"_blank\" rel=\"noopener\"> Ver videotutorial en YouTube <\/a><\/li>\n<\/ul>\n<\/div>\n<\/div>\n","protected":false},"excerpt":{"rendered":"<p>Pago del Seguro Escolar \u00bfQui\u00e9n debe pagarlo? El pago del seguro escolar es obligatorio a partir de 3\u00ba de la ESO. Importe El importe del seguro es de 1,12 \u20ac. Formas de pago Pago en el centro escolar. Pago en el banco y adjuntando el justificante en la matr\u00edcula online. Pago electr\u00f3nico a trav\u00e9s de &hellip; <\/p>\n<p><a class=\"more-link btn\" href=\"https:\/\/blogsaverroes.juntadeandalucia.es\/ieslbs\/seguro-escolar\/\">Seguir leyendo<\/a><\/p>\n","protected":false},"author":1848,"featured_media":0,"parent":0,"menu_order":0,"comment_status":"closed","ping_status":"closed","template":"","meta":{"ngg_post_thumbnail":0,"footnotes":""},"aioseo_notices":[],"_links":{"self":[{"href":"https:\/\/blogsaverroes.juntadeandalucia.es\/ieslbs\/wp-json\/wp\/v2\/pages\/684"}],"collection":[{"href":"https:\/\/blogsaverroes.juntadeandalucia.es\/ieslbs\/wp-json\/wp\/v2\/pages"}],"about":[{"href":"https:\/\/blogsaverroes.juntadeandalucia.es\/ieslbs\/wp-json\/wp\/v2\/types\/page"}],"author":[{"embeddable":true,"href":"https:\/\/blogsaverroes.juntadeandalucia.es\/ieslbs\/wp-json\/wp\/v2\/users\/1848"}],"replies":[{"embeddable":true,"href":"https:\/\/blogsaverroes.juntadeandalucia.es\/ieslbs\/wp-json\/wp\/v2\/comments?post=684"}],"version-history":[{"count":3,"href":"https:\/\/blogsaverroes.juntadeandalucia.es\/ieslbs\/wp-json\/wp\/v2\/pages\/684\/revisions"}],"predecessor-version":[{"id":1049,"href":"https:\/\/blogsaverroes.juntadeandalucia.es\/ieslbs\/wp-json\/wp\/v2\/pages\/684\/revisions\/1049"}],"wp:attachment":[{"href":"https:\/\/blogsaverroes.juntadeandalucia.es\/ieslbs\/wp-json\/wp\/v2\/media?parent=684"}],"curies":[{"name":"wp","href":"https:\/\/api.w.org\/{rel}","templated":true}]}}