{"id":687,"date":"2025-07-04T12:15:35","date_gmt":"2025-07-04T10:15:35","guid":{"rendered":"https:\/\/blogsaverroes.juntadeandalucia.es\/ieslbs\/?page_id=687"},"modified":"2025-07-06T18:47:02","modified_gmt":"2025-07-06T16:47:02","slug":"transito","status":"publish","type":"page","link":"https:\/\/blogsaverroes.juntadeandalucia.es\/ieslbs\/transito\/","title":{"rendered":"Tr\u00e1nsito"},"content":{"rendered":"<div style=\"max-width: 900px;margin: 20px auto;padding: 30px;border: 3px solid #27ae60;border-radius: 12px;background: #f3fff6;font-family: Arial, sans-serif\">\n<h2 style=\"text-align: center;color: #27ae60;margin-bottom: 20px\">\ud83d\udc4b Bienvenidos y Bienvenidas al<\/h2>\n<h2 style=\"text-align: center;color: #27ae60;margin-bottom: 20px\">IES Luis Barahona de Soto<\/h2>\n<p style=\"font-size: 16px;line-height: 1.8;color: #333;margin-bottom: 20px\">Si vienes de otro centro y comienzas tu nueva etapa en nuestro instituto, queremos darte la bienvenida y facilitarte toda la informaci\u00f3n necesaria para que tu llegada sea lo m\u00e1s f\u00e1cil y agradable posible.<\/p>\n<h3 style=\"color: #27ae60;margin-top: 25px\">\ud83d\udca1 Informaci\u00f3n importante para el alumnado de nuevo ingreso<\/h3>\n<ul style=\"font-size: 16px;line-height: 1.8;color: #333;list-style-type: disc;padding-left: 20px\">\n<li>Te explicaremos el funcionamiento del centro: horarios, normas b\u00e1sicas y recursos a tu disposici\u00f3n.<\/li>\n<li>Organizamos jornadas de puertas abiertas.<\/li>\n<li>Nuestro equipo de orientaci\u00f3n est\u00e1 siempre disponible para ayudarte en este proceso de adaptaci\u00f3n.<\/li>\n<\/ul>\n<h3 style=\"color: #27ae60;margin-top: 25px\">\ud83c\udfac Presentaci\u00f3n &#8211; \u00a1Con\u00f3cenos mejor!<\/h3>\n<p><!-- Presentaci\u00f3n de Genially integrada de forma responsiva --><\/p>\n<div style=\"position: relative;padding-bottom: 56.25%;height: 0;overflow: hidden;max-width: 100%;margin-top: 20px;border: 2px solid #27ae60;border-radius: 8px\"><iframe src=\"https:\/\/view.genially.com\/6419ef9ea586f40011483907\" frameborder=\"0\"><\/iframe><\/div>\n<\/div>\n","protected":false},"excerpt":{"rendered":"<p>\ud83d\udc4b Bienvenidos y Bienvenidas al IES Luis Barahona de Soto Si vienes de otro centro y comienzas tu nueva etapa en nuestro instituto, queremos darte la bienvenida y facilitarte toda la informaci\u00f3n necesaria para que tu llegada sea lo m\u00e1s f\u00e1cil y agradable posible. \ud83d\udca1 Informaci\u00f3n importante para el alumnado de nuevo ingreso Te explicaremos &hellip; <\/p>\n<p><a class=\"more-link btn\" href=\"https:\/\/blogsaverroes.juntadeandalucia.es\/ieslbs\/transito\/\">Seguir leyendo<\/a><\/p>\n","protected":false},"author":1848,"featured_media":0,"parent":0,"menu_order":0,"comment_status":"closed","ping_status":"closed","template":"","meta":{"ngg_post_thumbnail":0,"footnotes":""},"aioseo_notices":[],"_links":{"self":[{"href":"https:\/\/blogsaverroes.juntadeandalucia.es\/ieslbs\/wp-json\/wp\/v2\/pages\/687"}],"collection":[{"href":"https:\/\/blogsaverroes.juntadeandalucia.es\/ieslbs\/wp-json\/wp\/v2\/pages"}],"about":[{"href":"https:\/\/blogsaverroes.juntadeandalucia.es\/ieslbs\/wp-json\/wp\/v2\/types\/page"}],"author":[{"embeddable":true,"href":"https:\/\/blogsaverroes.juntadeandalucia.es\/ieslbs\/wp-json\/wp\/v2\/users\/1848"}],"replies":[{"embeddable":true,"href":"https:\/\/blogsaverroes.juntadeandalucia.es\/ieslbs\/wp-json\/wp\/v2\/comments?post=687"}],"version-history":[{"count":4,"href":"https:\/\/blogsaverroes.juntadeandalucia.es\/ieslbs\/wp-json\/wp\/v2\/pages\/687\/revisions"}],"predecessor-version":[{"id":951,"href":"https:\/\/blogsaverroes.juntadeandalucia.es\/ieslbs\/wp-json\/wp\/v2\/pages\/687\/revisions\/951"}],"wp:attachment":[{"href":"https:\/\/blogsaverroes.juntadeandalucia.es\/ieslbs\/wp-json\/wp\/v2\/media?parent=687"}],"curies":[{"name":"wp","href":"https:\/\/api.w.org\/{rel}","templated":true}]}}