{"id":768,"date":"2025-07-06T10:31:12","date_gmt":"2025-07-06T08:31:12","guid":{"rendered":"https:\/\/blogsaverroes.juntadeandalucia.es\/ieslbs\/?page_id=768"},"modified":"2025-07-10T13:40:23","modified_gmt":"2025-07-10T11:40:23","slug":"consejo-escolar","status":"publish","type":"page","link":"https:\/\/blogsaverroes.juntadeandalucia.es\/ieslbs\/consejo-escolar\/","title":{"rendered":"Consejo Escolar"},"content":{"rendered":"<div style=\"max-width: 900px;margin: 20px auto;padding: 25px;border: 3px solid #A0525C;border-radius: 12px;background: #fdf6f6\">\n<p>El Consejo Escolar es un \u00f3rgano colegiado de participaci\u00f3n de la comunidad educativa en el gobierno del centro. La Constituci\u00f3n Espa\u00f1ola, en su art\u00edculo 27, establece que <em>&#8220;Los profesores, los padres y, en su caso, los alumnos intervendr\u00e1n en el control y gesti\u00f3n de todos los centros sostenidos por la Administraci\u00f3n con fondos p\u00fablicos&#8221;<\/em>; este principio de participaci\u00f3n constituye el principal instrumento para que toda la comunidad educativa pueda implicarse directamente en la toma de decisiones del mismo.<\/p>\n<p><!-- DIV resaltado para el voto electr\u00f3nico --><\/p>\n<div style=\"border: 3px solid #A0525C;background-color: #f8d7da;padding: 20px;margin: 30px 0;border-radius: 12px;font-size: 1.05em\">\n<h3 style=\"color: #a0525c\">\u2699\ufe0f Voto electr\u00f3nico de madres, padres y tutores legales en las elecciones a los Consejos Escolares<\/h3>\n<p>Existe la posibilidad de votaci\u00f3n electr\u00f3nica de las madres, padres y tutores legales en las elecciones de sus representantes en los Consejos Escolares en Andaluc\u00eda.<\/p>\n<p>Usando la tecnolog\u00eda como herramienta, se facilita la participaci\u00f3n de las familias en el proceso de elecci\u00f3n de sus representantes en los Consejos Escolares, garantizando la conciliaci\u00f3n de este derecho sin tener que desplazarse a los centros docentes.<\/p>\n<p>Se fomenta la implicaci\u00f3n de los familiares en la educaci\u00f3n de sus hijos e hijas y en la toma de decisiones respecto al Proyecto Educativo de los centros.<\/p>\n<p>Todo ello a trav\u00e9s de un sistema de votaci\u00f3n que incorpora un sistema de verificaci\u00f3n de la identidad mediante tel\u00e9fono m\u00f3vil, asegurando identidad y secreto del voto.<\/p>\n<p><strong style=\"color: #a0525c\">El proceso se realiza a trav\u00e9s de la app iPasen:<\/strong><\/p>\n<ol style=\"margin-left: 20px\">\n<li>Del 4 al 14 de octubre, en iPasen aparecer\u00e1 un acceso al voto electr\u00f3nico para madres, padres o tutores legales del alumnado menor de edad.<\/li>\n<li>Se podr\u00e1n seleccionar los\/as candidatos\/as presentados en los centros de sus hijos\/as.<\/li>\n<li>Se recibir\u00e1 una clave de seguridad en el tel\u00e9fono m\u00f3vil para confirmar la identidad del votante.<\/li>\n<li>Introduciendo la clave, se completa la votaci\u00f3n.<\/li>\n<\/ol>\n<p>\ud83d\uddf3\ufe0f <strong>El voto es \u00fanico y una vez emitido por v\u00eda electr\u00f3nica no podr\u00e1 repetirse por otro medio.<\/strong><\/p>\n<p><!-- Iframe para visualizar el PDF del voto electr\u00f3nico --><\/p>\n<div style=\"justify-content: center;margin-top: 20px\"><iframe src=\"https:\/\/blogsaverroes.juntadeandalucia.es\/ieslbs\/files\/2025\/07\/Voto-Electronico.pdf\" width=\"800px\" height=\"500px\"><\/iframe><\/div>\n<\/div>\n<h3 style=\"color: #a0525c\">Celebraci\u00f3n de Elecciones a Consejos Escolares 2024<\/h3>\n<p>La Resoluci\u00f3n de 6 de septiembre de 2024, de la Direcci\u00f3n General de Participaci\u00f3n e Inclusi\u00f3n Educativa establece el calendario para el desarrollo de las elecciones de representantes en los Consejos Escolares de los centros docentes sostenidos con fondos p\u00fablicos de la Comunidad Aut\u00f3noma de Andaluc\u00eda, a excepci\u00f3n de los centros espec\u00edficos de educaci\u00f3n permanente de personas adultas para el curso 2024\/2025.<\/p>\n<div style=\"text-align: center;margin-top: 20px\"><a style=\"background-color: #a0525c;color: white;padding: 10px 20px;text-decoration: none;border-radius: 6px;font-weight: bold\" href=\"https:\/\/www.juntadeandalucia.es\/educacion\/portales\/centros\/organizacion-y-funcionamiento\/consejos-escolares\" target=\"_blank\" rel=\"noopener\"> M\u00e1s informaci\u00f3n <\/a><\/div>\n<\/div>\n","protected":false},"excerpt":{"rendered":"<p>El Consejo Escolar es un \u00f3rgano colegiado de participaci\u00f3n de la comunidad educativa en el gobierno del centro. La Constituci\u00f3n Espa\u00f1ola, en su art\u00edculo 27, establece que &#8220;Los profesores, los padres y, en su caso, los alumnos intervendr\u00e1n en el control y gesti\u00f3n de todos los centros sostenidos por la Administraci\u00f3n con fondos p\u00fablicos&#8221;; este &hellip; <\/p>\n<p><a class=\"more-link btn\" href=\"https:\/\/blogsaverroes.juntadeandalucia.es\/ieslbs\/consejo-escolar\/\">Seguir leyendo<\/a><\/p>\n","protected":false},"author":1848,"featured_media":0,"parent":0,"menu_order":0,"comment_status":"closed","ping_status":"closed","template":"","meta":{"ngg_post_thumbnail":0,"footnotes":""},"aioseo_notices":[],"_links":{"self":[{"href":"https:\/\/blogsaverroes.juntadeandalucia.es\/ieslbs\/wp-json\/wp\/v2\/pages\/768"}],"collection":[{"href":"https:\/\/blogsaverroes.juntadeandalucia.es\/ieslbs\/wp-json\/wp\/v2\/pages"}],"about":[{"href":"https:\/\/blogsaverroes.juntadeandalucia.es\/ieslbs\/wp-json\/wp\/v2\/types\/page"}],"author":[{"embeddable":true,"href":"https:\/\/blogsaverroes.juntadeandalucia.es\/ieslbs\/wp-json\/wp\/v2\/users\/1848"}],"replies":[{"embeddable":true,"href":"https:\/\/blogsaverroes.juntadeandalucia.es\/ieslbs\/wp-json\/wp\/v2\/comments?post=768"}],"version-history":[{"count":8,"href":"https:\/\/blogsaverroes.juntadeandalucia.es\/ieslbs\/wp-json\/wp\/v2\/pages\/768\/revisions"}],"predecessor-version":[{"id":1083,"href":"https:\/\/blogsaverroes.juntadeandalucia.es\/ieslbs\/wp-json\/wp\/v2\/pages\/768\/revisions\/1083"}],"wp:attachment":[{"href":"https:\/\/blogsaverroes.juntadeandalucia.es\/ieslbs\/wp-json\/wp\/v2\/media?parent=768"}],"curies":[{"name":"wp","href":"https:\/\/api.w.org\/{rel}","templated":true}]}}