{"id":2653,"date":"2018-02-01T12:06:56","date_gmt":"2018-02-01T12:06:56","guid":{"rendered":"http:\/\/blogsaverroes.juntadeandalucia.es\/iesllano\/?page_id=2653"},"modified":"2019-01-21T10:28:44","modified_gmt":"2019-01-21T10:28:44","slug":"erasmus","status":"publish","type":"page","link":"https:\/\/blogsaverroes.juntadeandalucia.es\/iesllano\/erasmus\/","title":{"rendered":"Erasmus+"},"content":{"rendered":"<p><a href=\"http:\/\/ourbilingualmeetingpoint.blogspot.com.es\/\"><img loading=\"lazy\" decoding=\"async\" class=\"alignnone wp-image-2643 size-medium\" src=\"https:\/\/blogsaverroes.juntadeandalucia.es\/iesllano\/files\/2018\/02\/EU-flag-Erasmus-300x86.png\" alt=\"\" width=\"300\" height=\"86\" srcset=\"https:\/\/blogsaverroes.juntadeandalucia.es\/iesllano\/files\/2018\/02\/EU-flag-Erasmus-300x86.png 300w, https:\/\/blogsaverroes.juntadeandalucia.es\/iesllano\/files\/2018\/02\/EU-flag-Erasmus-768x219.png 768w, https:\/\/blogsaverroes.juntadeandalucia.es\/iesllano\/files\/2018\/02\/EU-flag-Erasmus-24x7.png 24w, https:\/\/blogsaverroes.juntadeandalucia.es\/iesllano\/files\/2018\/02\/EU-flag-Erasmus-36x10.png 36w, https:\/\/blogsaverroes.juntadeandalucia.es\/iesllano\/files\/2018\/02\/EU-flag-Erasmus-48x14.png 48w, https:\/\/blogsaverroes.juntadeandalucia.es\/iesllano\/files\/2018\/02\/EU-flag-Erasmus.png 943w\" sizes=\"(max-width: 300px) 100vw, 300px\" \/><\/a><\/p>\n<p><img loading=\"lazy\" decoding=\"async\" class=\"alignright wp-image-2655\" src=\"https:\/\/blogsaverroes.juntadeandalucia.es\/iesllano\/files\/2018\/02\/eurotopia_.png\" alt=\"\" width=\"152\" height=\"117\" srcset=\"https:\/\/blogsaverroes.juntadeandalucia.es\/iesllano\/files\/2018\/02\/eurotopia_.png 152w, https:\/\/blogsaverroes.juntadeandalucia.es\/iesllano\/files\/2018\/02\/eurotopia_-24x18.png 24w, https:\/\/blogsaverroes.juntadeandalucia.es\/iesllano\/files\/2018\/02\/eurotopia_-36x28.png 36w, https:\/\/blogsaverroes.juntadeandalucia.es\/iesllano\/files\/2018\/02\/eurotopia_-48x37.png 48w\" sizes=\"(max-width: 152px) 100vw, 152px\" \/><\/p>\n<p>El centro ha llevado a cabo un programa Erasmus+ que se denomin\u00f3 Eurotop\u00eda, que se inici\u00f3 en 2014.<\/p>\n<p>Aqu\u00ed puedes<a href=\"http:\/\/ourbilingualmeetingpoint.blogspot.com.es\/\" target=\"_blank\" rel=\"noopener\"> visualizar la informaci\u00f3n<\/a> sobre el mismo<\/p>\n<p>&nbsp;<\/p>\n<p>&nbsp;<\/p>\n","protected":false},"excerpt":{"rendered":"<p>El centro ha llevado a cabo un programa Erasmus+ que se denomin\u00f3 Eurotop\u00eda, que se inici\u00f3 en 2014. Aqu\u00ed puedes visualizar la informaci\u00f3n sobre el mismo &nbsp; &nbsp;<\/p>\n","protected":false},"author":4185,"featured_media":2643,"parent":0,"menu_order":0,"comment_status":"closed","ping_status":"closed","template":"page-sc.php","meta":{"ngg_post_thumbnail":0,"footnotes":"","_mc_calendar":[]},"aioseo_notices":[],"_links":{"self":[{"href":"https:\/\/blogsaverroes.juntadeandalucia.es\/iesllano\/wp-json\/wp\/v2\/pages\/2653"}],"collection":[{"href":"https:\/\/blogsaverroes.juntadeandalucia.es\/iesllano\/wp-json\/wp\/v2\/pages"}],"about":[{"href":"https:\/\/blogsaverroes.juntadeandalucia.es\/iesllano\/wp-json\/wp\/v2\/types\/page"}],"author":[{"embeddable":true,"href":"https:\/\/blogsaverroes.juntadeandalucia.es\/iesllano\/wp-json\/wp\/v2\/users\/4185"}],"replies":[{"embeddable":true,"href":"https:\/\/blogsaverroes.juntadeandalucia.es\/iesllano\/wp-json\/wp\/v2\/comments?post=2653"}],"version-history":[{"count":5,"href":"https:\/\/blogsaverroes.juntadeandalucia.es\/iesllano\/wp-json\/wp\/v2\/pages\/2653\/revisions"}],"predecessor-version":[{"id":2656,"href":"https:\/\/blogsaverroes.juntadeandalucia.es\/iesllano\/wp-json\/wp\/v2\/pages\/2653\/revisions\/2656"}],"wp:featuredmedia":[{"embeddable":true,"href":"https:\/\/blogsaverroes.juntadeandalucia.es\/iesllano\/wp-json\/wp\/v2\/media\/2643"}],"wp:attachment":[{"href":"https:\/\/blogsaverroes.juntadeandalucia.es\/iesllano\/wp-json\/wp\/v2\/media?parent=2653"}],"curies":[{"name":"wp","href":"https:\/\/api.w.org\/{rel}","templated":true}]}}