{"id":35,"date":"2015-03-13T08:21:43","date_gmt":"2015-03-13T08:21:43","guid":{"rendered":"http:\/\/blogsaverroes.juntadeandalucia.es\/pre\/ceip\/?page_id=35"},"modified":"2019-11-11T13:31:57","modified_gmt":"2019-11-11T13:31:57","slug":"el-centro-2","status":"publish","type":"page","link":"https:\/\/blogsaverroes.juntadeandalucia.es\/iesllano\/el-centro-2\/","title":{"rendered":"Datos del centro"},"content":{"rendered":"[googlemaps https:\/\/www.google.com\/maps\/embed?pb=!1m0!3m2!1ses!2sus!4v1479761024683!6m8!1m7!1sPjCGG4o8HXkge7e4b7ToBQ!2m2!1d37.93680112180461!2d-3.733475882720029!3f225.06232946882028!4f-10.034917744243643!5f0.7820865974627469&amp;w=600&amp;h=450]\n<h4>Datos de contacto<\/h4>\n<p>I.E.S. Llano de la Vi\u00f1a<\/p>\n<p><strong>Direcci\u00f3n:<\/strong> &nbsp;Calle Donantes de Sangre S\/N. 23630 Villatorres (Ja\u00e9n)<br \/>\n<strong>Tel\u00e9fono: 671 535 844 (corporativo: 635844)<\/strong><br \/>\nFAX: 953 366 877 (Fax corporativo: 280077)<br \/>\n<strong>Email:<\/strong> 23700815.edu@juntadeandalucia.es<\/p>\n<h4><strong>Horarios<\/strong><\/h4>\n<p>Clases: 8:15 &#8211; 14:45<\/p>\n<p>Horario de Administraci\u00f3n: 8:30 &#8211; 14:00<\/p>\n<h4><strong>Oferta educativa<\/strong><\/h4>\n<p>Educaci\u00f3n Secundaria Obligatoria (E.S.O.)<\/p>\n<p>Centro biling\u00fce (Ingl\u00e9s)<\/p>\n<p><b><a href=\"http:\/\/ec.europa.eu\/esf\/home.jsp?langId=es\" target=\"_blank\" rel=\"noopener noreferrer\"><img loading=\"lazy\" decoding=\"async\" class=\"alignnone wp-image-2879\" src=\"https:\/\/blogsaverroes.juntadeandalucia.es\/iesllano\/files\/2019\/01\/fse_cuatricro_ue.izqu_-1024x256.jpg\" alt=\"\" width=\"300\" height=\"75\" \/><\/a><\/b><\/p>\n<p><b>Las retribuciones del Profesorado de este centro que imparte las ense\u00f1anza<\/b><b>s detalladas a continuaci\u00f3n son cofinanciadas a trav\u00e9s del Programa Operativo Fondo Social Europeo 2014-2020:<\/b><\/p>\n<ul>\n<li>Apoyo escolar (PROA).<\/li>\n<li>Auxiliares de conversaci\u00f3n<\/li>\n<li>Pedagog\u00eda Terap\u00e9utica.<\/li>\n<\/ul>\n<p><b>Y a trav\u00e9s del Programa Operativo Fondo Social Europeo 2007-2013 han sido cofinanciadas las retribuciones del profesorado relacionados a continuaci\u00f3n:<\/b><\/p>\n<ul>\n<li>Maestros y Maestras especialistas en Pedagog\u00eda Terap\u00e9utica, Audici\u00f3n y Lenguaje y Profesorado de Secundaria de Lenguaje de Signos.<\/li>\n<li>Profesorado de Formaci\u00f3n y Orientaci\u00f3n Laboral y Orientadores.<\/li>\n<\/ul>\n<p>&nbsp;<\/p>\n<p><a href=\"https:\/\/blogsaverroes.juntadeandalucia.es\/iesllano\/files\/2019\/01\/2.1.-Junta-de-Andaluci\u00eca_Consejeri\u00eca-de-Educacio\u00ecn-Logo.jpg\" rel=\"prettyPhoto[35]\"><img loading=\"lazy\" decoding=\"async\" class=\"wp-image-2889 alignright\" src=\"https:\/\/blogsaverroes.juntadeandalucia.es\/iesllano\/files\/2019\/01\/2.1.-Junta-de-Andaluci\u00eca_Consejeri\u00eca-de-Educacio\u00ecn-Logo.jpg\" alt=\"\" width=\"150\" height=\"131\" srcset=\"https:\/\/blogsaverroes.juntadeandalucia.es\/iesllano\/files\/2019\/01\/2.1.-Junta-de-Andaluci\u00eca_Consejeri\u00eca-de-Educacio\u00ecn-Logo.jpg 255w, https:\/\/blogsaverroes.juntadeandalucia.es\/iesllano\/files\/2019\/01\/2.1.-Junta-de-Andaluci\u00eca_Consejeri\u00eca-de-Educacio\u00ecn-Logo-24x21.jpg 24w, https:\/\/blogsaverroes.juntadeandalucia.es\/iesllano\/files\/2019\/01\/2.1.-Junta-de-Andaluci\u00eca_Consejeri\u00eca-de-Educacio\u00ecn-Logo-36x31.jpg 36w, https:\/\/blogsaverroes.juntadeandalucia.es\/iesllano\/files\/2019\/01\/2.1.-Junta-de-Andaluci\u00eca_Consejeri\u00eca-de-Educacio\u00ecn-Logo-48x42.jpg 48w\" sizes=\"(max-width: 150px) 100vw, 150px\" \/><\/a><\/p>\n<p><a href=\"https:\/\/blogsaverroes.juntadeandalucia.es\/iesllano\/files\/2019\/01\/1_andaluciasemueve1.gif\" rel=\"prettyPhoto[35]\"><img loading=\"lazy\" decoding=\"async\" class=\"alignleft wp-image-2887\" src=\"https:\/\/blogsaverroes.juntadeandalucia.es\/iesllano\/files\/2019\/01\/1_andaluciasemueve1-300x149.gif\" alt=\"\" width=\"150\" height=\"74\" \/><\/a><\/p>\n<p>&nbsp;<\/p>\n","protected":false},"excerpt":{"rendered":"<p>[googlemaps https:\/\/www.google.com\/maps\/embed?pb=!1m0!3m2!1ses!2sus!4v1479761024683!6m8!1m7!1sPjCGG4o8HXkge7e4b7ToBQ!2m2!1d37.93680112180461!2d-3.733475882720029!3f225.06232946882028!4f-10.034917744243643!5f0.7820865974627469&amp;w=600&amp;h=450] Datos de contacto I.E.S. Llano de la Vi\u00f1a Direcci\u00f3n: &nbsp;Calle Donantes de Sangre S\/N. 23630 Villatorres (Ja\u00e9n) Tel\u00e9fono: 671 535 844 (corporativo: 635844) FAX: 953 366 877 (Fax corporativo: 280077) Email: 23700815.edu@juntadeandalucia.es Horarios Clases: 8:15 &#8211; 14:45 Horario de Administraci\u00f3n: 8:30 &#8211; 14:00 Oferta educativa Educaci\u00f3n Secundaria Obligatoria (E.S.O.) Centro biling\u00fce (Ingl\u00e9s) Las [&hellip;]<\/p>\n","protected":false},"author":1,"featured_media":2490,"parent":0,"menu_order":0,"comment_status":"closed","ping_status":"closed","template":"page-cs.php","meta":{"ngg_post_thumbnail":0,"footnotes":"","_mc_calendar":[]},"aioseo_notices":[],"_links":{"self":[{"href":"https:\/\/blogsaverroes.juntadeandalucia.es\/iesllano\/wp-json\/wp\/v2\/pages\/35"}],"collection":[{"href":"https:\/\/blogsaverroes.juntadeandalucia.es\/iesllano\/wp-json\/wp\/v2\/pages"}],"about":[{"href":"https:\/\/blogsaverroes.juntadeandalucia.es\/iesllano\/wp-json\/wp\/v2\/types\/page"}],"author":[{"embeddable":true,"href":"https:\/\/blogsaverroes.juntadeandalucia.es\/iesllano\/wp-json\/wp\/v2\/users\/1"}],"replies":[{"embeddable":true,"href":"https:\/\/blogsaverroes.juntadeandalucia.es\/iesllano\/wp-json\/wp\/v2\/comments?post=35"}],"version-history":[{"count":37,"href":"https:\/\/blogsaverroes.juntadeandalucia.es\/iesllano\/wp-json\/wp\/v2\/pages\/35\/revisions"}],"predecessor-version":[{"id":3049,"href":"https:\/\/blogsaverroes.juntadeandalucia.es\/iesllano\/wp-json\/wp\/v2\/pages\/35\/revisions\/3049"}],"wp:featuredmedia":[{"embeddable":true,"href":"https:\/\/blogsaverroes.juntadeandalucia.es\/iesllano\/wp-json\/wp\/v2\/media\/2490"}],"wp:attachment":[{"href":"https:\/\/blogsaverroes.juntadeandalucia.es\/iesllano\/wp-json\/wp\/v2\/media?parent=35"}],"curies":[{"name":"wp","href":"https:\/\/api.w.org\/{rel}","templated":true}]}}