{"id":2442,"date":"2021-09-02T23:54:19","date_gmt":"2021-09-02T21:54:19","guid":{"rendered":"http:\/\/blogsaverroes.juntadeandalucia.es\/iesloscolegiales\/?page_id=2442"},"modified":"2021-09-03T00:10:30","modified_gmt":"2021-09-02T22:10:30","slug":"cita-previa","status":"publish","type":"page","link":"https:\/\/blogsaverroes.juntadeandalucia.es\/iesloscolegiales\/cita-previa\/","title":{"rendered":"Cita previa"},"content":{"rendered":"<div>\n<p>Se admitir\u00e1n citas presenciales s\u00f3lo para los tramites que requieran entrega o recogida de documentaci\u00f3n en papel. Se debe acudir al centro con mascarilla, con bol\u00edgrafo propio y preferiblemente con los impresos a entregar ya rellenos.<\/p>\n<p>Puede solicitar cita a trav\u00e9s del siguiente&nbsp;<a href=\"https:\/\/calendly.com\/iesloscolegiales\/secretaria\" target=\"_blank\" rel=\"noopener noreferrer\">ENLACE<\/a>.<\/p>\n<p>Si \u00fanicamente desea informaci\u00f3n sobre alg\u00fan tema ll\u00e1menos a los tel\u00e9fonos 952712500 o 952712501 en horario de 9:30 a 13:30&nbsp;y le atenderemos.<\/p>\n<p>Si lo que desea es que se le emita alg\u00fan certificado, solic\u00edtelo a trav\u00e9s del correo <a>29012052.edu@juntadeandalucia.es<\/a> y se lo enviaremos firmado digitalmente.<\/p>\n<p>Por otra parte, si necesita que se le solucione alg\u00fan problema t\u00e9cnico con las plataformas Pasen, Google Suite o Moodle, env\u00edenos un correo a&nbsp;<span id=\"cloakd420b5ebd10e9e5c56b8dc85e69983ec\"><a>incidencias@iesloscolegiales.com<\/a><\/span>&nbsp;indicando nombre, apellidos y DNI del usuario y\/o del alumno, as\u00ed como el curso.<\/p>\n<\/div>\n","protected":false},"excerpt":{"rendered":"<p>Se admitir\u00e1n citas presenciales s\u00f3lo para los tramites que requieran entrega o recogida de documentaci\u00f3n en papel. Se debe acudir al centro con mascarilla, con bol\u00edgrafo propio y preferiblemente con los impresos a entregar ya rellenos. Puede solicitar cita a trav\u00e9s del siguiente&nbsp;ENLACE. Si \u00fanicamente desea informaci\u00f3n sobre alg\u00fan tema ll\u00e1menos a los tel\u00e9fonos 952712500 o 952712501 en horario de 9:30 a 13:30&nbsp;y le atenderemos. Si lo que desea es que se le emita alg\u00fan certificado, solic\u00edtelo a trav\u00e9s del correo 29012052.edu@juntadeandalucia.es y se lo enviaremos firmado digitalmente. Por otra parte, si necesita que se le solucione alg\u00fan problema t\u00e9cnico&#46;&#46;&#46;<\/p>\n","protected":false},"author":3569,"featured_media":0,"parent":0,"menu_order":0,"comment_status":"closed","ping_status":"closed","template":"","meta":{"ngg_post_thumbnail":0,"footnotes":"","_mc_calendar":[]},"aioseo_notices":[],"_links":{"self":[{"href":"https:\/\/blogsaverroes.juntadeandalucia.es\/iesloscolegiales\/wp-json\/wp\/v2\/pages\/2442"}],"collection":[{"href":"https:\/\/blogsaverroes.juntadeandalucia.es\/iesloscolegiales\/wp-json\/wp\/v2\/pages"}],"about":[{"href":"https:\/\/blogsaverroes.juntadeandalucia.es\/iesloscolegiales\/wp-json\/wp\/v2\/types\/page"}],"author":[{"embeddable":true,"href":"https:\/\/blogsaverroes.juntadeandalucia.es\/iesloscolegiales\/wp-json\/wp\/v2\/users\/3569"}],"replies":[{"embeddable":true,"href":"https:\/\/blogsaverroes.juntadeandalucia.es\/iesloscolegiales\/wp-json\/wp\/v2\/comments?post=2442"}],"version-history":[{"count":6,"href":"https:\/\/blogsaverroes.juntadeandalucia.es\/iesloscolegiales\/wp-json\/wp\/v2\/pages\/2442\/revisions"}],"predecessor-version":[{"id":2450,"href":"https:\/\/blogsaverroes.juntadeandalucia.es\/iesloscolegiales\/wp-json\/wp\/v2\/pages\/2442\/revisions\/2450"}],"wp:attachment":[{"href":"https:\/\/blogsaverroes.juntadeandalucia.es\/iesloscolegiales\/wp-json\/wp\/v2\/media?parent=2442"}],"curies":[{"name":"wp","href":"https:\/\/api.w.org\/{rel}","templated":true}]}}