{"id":2516,"date":"2021-09-08T19:48:01","date_gmt":"2021-09-08T17:48:01","guid":{"rendered":"http:\/\/blogsaverroes.juntadeandalucia.es\/iesloscolegiales\/?page_id=2516"},"modified":"2026-03-02T10:08:59","modified_gmt":"2026-03-02T09:08:59","slug":"programaciones-didacticas","status":"publish","type":"page","link":"https:\/\/blogsaverroes.juntadeandalucia.es\/iesloscolegiales\/programaciones-didacticas\/","title":{"rendered":"Programaciones Did\u00e1cticas"},"content":{"rendered":"<p style=\"text-align: center\">PULSE SOBRE EL ENLACE DEL CURSO Y NIVEL DE LAS MATERIAS CUYAS <b><strong>PROGRAMACIONES DID\u00c1CTICAS<\/strong><\/b> PARA EL CURSO 2024\/25 QUE DESEE CONSULTAR<\/p>\n<p><b><strong>EDUCACI\u00d3N SECUNDARIA OBLIGATORIA:<\/strong><\/b><\/p>\n<ul>\n<li><a href=\"https:\/\/drive.google.com\/drive\/folders\/1dKIz_MJEo95zmoZKQi7i7gFMTgGdKTPv\" target=\"_blank\" rel=\"noopener noreferrer\">1\u00ba ESO<\/a><\/li>\n<li><a href=\"https:\/\/drive.google.com\/drive\/folders\/1LC12O3le0WeoufUptZrv4FRXyjq9xivP\" target=\"_blank\" rel=\"noopener noreferrer\">2\u00ba ESO<\/a><\/li>\n<li><a href=\"https:\/\/drive.google.com\/drive\/folders\/1xFwCNhUTU5BnzwhX7PeHvUZW7qlr_w64\" target=\"_blank\" rel=\"noopener noreferrer\">3\u00ba ESO<\/a><\/li>\n<li><a href=\"https:\/\/drive.google.com\/drive\/folders\/1xFwCNhUTU5BnzwhX7PeHvUZW7qlr_w64\" target=\"_blank\" rel=\"noopener noreferrer\">4\u00ba ESO<\/a><\/li>\n<\/ul>\n<p><b><strong>BACHILLERATO (CIENCIAS\/ HUMANIDADES Y CIENCIAS SOCIALES)<\/strong><\/b><\/p>\n<ul>\n<li><a href=\"https:\/\/drive.google.com\/drive\/folders\/1X3cJIfQDcEGL8rGb2DU1dhZ3TcljnvY0\" target=\"_blank\" rel=\"noopener noreferrer\">1\u00ba BACH CIENCIAS Y TECNOLOG\u00cdA<\/a><\/li>\n<li><a href=\"https:\/\/drive.google.com\/drive\/folders\/1IBnQ-IQ9SN0lABgy3of78CRPUcO-kUbK\" target=\"_blank\" rel=\"noopener noreferrer\">2\u00ba BACH CIENCIAS Y TECNOLOG\u00cdA<\/a><\/li>\n<li><a href=\"https:\/\/drive.google.com\/drive\/folders\/1n9G1i4iUUDhk46rwIbKd-szKi1kH6gos\" target=\"_blank\" rel=\"noopener noreferrer\">1\u00ba BACH HUMANIDADES Y CIENCIAS SOCIALES<\/a><\/li>\n<li><a href=\"https:\/\/drive.google.com\/drive\/folders\/1nTUx0R5WUfliQuajtbnWfe4cW-3vw1eO\" target=\"_blank\" rel=\"noopener noreferrer\">2\u00ba BACH HUMANIDADES Y CIENCIAS SOCIALES<\/a><\/li>\n<\/ul>\n<p><b><strong>GRADO B\u00c1SICO (ELECTRICIDAD Y ELECTR\u00d3NICA)<\/strong><\/b><\/p>\n<ul>\n<li><a href=\"https:\/\/drive.google.com\/drive\/folders\/1ZttSXvqzLQOkR7g15ybul2v-kOq3Wn1U\" target=\"_blank\" rel=\"noopener noreferrer\">1\u00ba CF Grado B\u00e1sico de Formaci\u00f3n Profesional<\/a><\/li>\n<li><a href=\"https:\/\/blogsaverroes.juntadeandalucia.es\/iesloscolegiales\/?page_id=2593&amp;preview=true\">2\u00ba <\/a><a href=\"https:\/\/drive.google.com\/drive\/folders\/1-tmPMH8NhGJ67IYnt78E__Ia3M4xO-Ju\" target=\"_blank\" rel=\"noopener noreferrer\">CF Grado B\u00e1sico de Formaci\u00f3n Profesional<\/a><\/li>\n<\/ul>\n<p><b><strong>CFGM INSTALACIONES EL\u00c9CTRICAS Y AUTOM\u00c1TICAS<\/strong><\/b><\/p>\n<ul>\n<li><a href=\"https:\/\/drive.google.com\/drive\/folders\/1-r3xkVOeIbrMQfIFMGXq4NvBwno5H4SL\" target=\"_blank\" rel=\"noopener noreferrer\"><span style=\"text-align: center\">1\u00ba IEA<\/span><\/a><\/li>\n<li><a href=\"https:\/\/drive.google.com\/drive\/folders\/1t27Y096wYAJP2HT2Mzj9l5J0sy_hummP\" target=\"_blank\" rel=\"noopener noreferrer\"><span style=\"text-align: center\">2\u00ba IEA<\/span><\/a><\/li>\n<\/ul>\n<p><b><strong>CFGM INSTALACIONES DE PRODUCCI\u00d3N DE CALOR<\/strong><\/b><\/p>\n<ul>\n<li><a href=\"https:\/\/drive.google.com\/drive\/folders\/1nmXQRrZw-5DIgyXktGi3Uldnn4uewJYx\" target=\"_blank\" rel=\"noopener noreferrer\"><span style=\"text-align: center\">1\u00ba IPC<\/span><\/a><\/li>\n<li><a href=\"https:\/\/drive.google.com\/drive\/folders\/1ccErKLJ4PtPDqFoYQ-VpGO-4uqmPYBUL\" target=\"_blank\" rel=\"noopener noreferrer\"><span style=\"text-align: center\">2\u00ba IPC<\/span><\/a><\/li>\n<\/ul>\n<p><b><strong>CFGM INSTALACIONES FRIGOR\u00cdFICAS Y DE CLIMATIZACI\u00d3N<\/strong><\/b><\/p>\n<ul>\n<li><a href=\"https:\/\/drive.google.com\/drive\/folders\/1I3veha8uT44qKRxtxDs7QuFYKHbaUziq\" target=\"_blank\" rel=\"noopener noreferrer\"><span style=\"text-align: center\">2\u00ba IFC<\/span><\/a><\/li>\n<\/ul>\n<p><b><strong>CFGM CUIDADOS AUXILIARES DE ENFERMER\u00cdA<\/strong><\/b><\/p>\n<ul>\n<li><a href=\"https:\/\/drive.google.com\/drive\/folders\/1763AruzfKOAswi_HydLcUMUblgzOEjeC\" target=\"_blank\" rel=\"noopener noreferrer\"><span style=\"text-align: center\">1CAE<\/span><\/a><\/li>\n<li><a href=\"https:\/\/drive.google.com\/drive\/folders\/132XhOJ00w1cHmDvyBdcOmT1TK_9739D6\" target=\"_blank\" rel=\"noopener noreferrer\"><span style=\"text-align: center\">2CAE<\/span><\/a><\/li>\n<\/ul>\n<p><b><strong>CFGS ANATOM\u00cdA PATOL\u00d3GICA Y CITODIAGN\u00d3STICO<\/strong><\/b><\/p>\n<ul>\n<li><a href=\"https:\/\/drive.google.com\/drive\/folders\/1l3NyHTiOIYnne6CPf04LtUKdMPuz8Y_A\" target=\"_blank\" rel=\"noopener noreferrer\"><span style=\"text-align: center\">1APC<\/span><\/a><\/li>\n<li><a href=\"https:\/\/drive.google.com\/drive\/folders\/1uVyT-KbZThVpFvW7l4I7LoqdU1kzQ-wY\" target=\"_blank\" rel=\"noopener noreferrer\"><span style=\"text-align: center\">2APC<\/span><\/a><\/li>\n<\/ul>\n<p><b><strong>CURSO DE ACCESO A CICLOS FORMATIVOS DE GRADO MEDIO<\/strong><\/b><\/p>\n<ul>\n<li><a href=\"https:\/\/drive.google.com\/drive\/folders\/1S_wh1-_bypbwvSubizfxqTH06nlWFpy-\" target=\"_blank\" rel=\"noopener noreferrer\"><span style=\"text-align: center\">CACFGM<\/span><\/a><\/li>\n<\/ul>\n<p><strong>PROGRAMACI\u00d3N DEL DEPARTAMENTO DE ACTIVIDADES COMPLEMENTARIAS Y EXTRAESCOLARES<\/strong><\/p>\n<ul>\n<li><a href=\"https:\/\/drive.google.com\/drive\/folders\/1dwq56zQslYtLsJqnBINYS1VZXP0tKoej?usp=sharing\" target=\"_blank\" rel=\"noopener\">Programaci\u00f3n DACE<\/a><\/li>\n<\/ul>\n<p><strong>PROGRAMACIONES DEL DEPARTAMENTO DE ORIENTACI\u00d3N<\/strong><\/p>\n<ul>\n<li><a href=\"https:\/\/drive.google.com\/drive\/folders\/1IGRazajVQnZq5qVSlcfXYdDz7Qbi4FkN\" target=\"_blank\" rel=\"noopener\">Programaciones Orientaci\u00f3n<\/a><\/li>\n<\/ul>\n","protected":false},"excerpt":{"rendered":"<p>PULSE SOBRE EL ENLACE DEL CURSO Y NIVEL DE LAS MATERIAS CUYAS PROGRAMACIONES DID\u00c1CTICAS PARA EL CURSO 2024\/25 QUE DESEE CONSULTAR EDUCACI\u00d3N SECUNDARIA OBLIGATORIA: 1\u00ba ESO 2\u00ba ESO 3\u00ba ESO 4\u00ba ESO BACHILLERATO (CIENCIAS\/ HUMANIDADES Y CIENCIAS SOCIALES) 1\u00ba BACH CIENCIAS Y TECNOLOG\u00cdA 2\u00ba BACH CIENCIAS Y TECNOLOG\u00cdA 1\u00ba BACH HUMANIDADES Y CIENCIAS SOCIALES 2\u00ba BACH HUMANIDADES Y CIENCIAS SOCIALES GRADO B\u00c1SICO (ELECTRICIDAD Y ELECTR\u00d3NICA) 1\u00ba CF Grado B\u00e1sico de Formaci\u00f3n Profesional 2\u00ba CF Grado B\u00e1sico de Formaci\u00f3n Profesional CFGM INSTALACIONES EL\u00c9CTRICAS Y AUTOM\u00c1TICAS 1\u00ba IEA 2\u00ba IEA CFGM INSTALACIONES DE PRODUCCI\u00d3N DE CALOR 1\u00ba IPC 2\u00ba IPC CFGM INSTALACIONES&#46;&#46;&#46;<\/p>\n","protected":false},"author":3569,"featured_media":0,"parent":0,"menu_order":0,"comment_status":"closed","ping_status":"closed","template":"","meta":{"ngg_post_thumbnail":0,"footnotes":"","_mc_calendar":[]},"aioseo_notices":[],"_links":{"self":[{"href":"https:\/\/blogsaverroes.juntadeandalucia.es\/iesloscolegiales\/wp-json\/wp\/v2\/pages\/2516"}],"collection":[{"href":"https:\/\/blogsaverroes.juntadeandalucia.es\/iesloscolegiales\/wp-json\/wp\/v2\/pages"}],"about":[{"href":"https:\/\/blogsaverroes.juntadeandalucia.es\/iesloscolegiales\/wp-json\/wp\/v2\/types\/page"}],"author":[{"embeddable":true,"href":"https:\/\/blogsaverroes.juntadeandalucia.es\/iesloscolegiales\/wp-json\/wp\/v2\/users\/3569"}],"replies":[{"embeddable":true,"href":"https:\/\/blogsaverroes.juntadeandalucia.es\/iesloscolegiales\/wp-json\/wp\/v2\/comments?post=2516"}],"version-history":[{"count":37,"href":"https:\/\/blogsaverroes.juntadeandalucia.es\/iesloscolegiales\/wp-json\/wp\/v2\/pages\/2516\/revisions"}],"predecessor-version":[{"id":4608,"href":"https:\/\/blogsaverroes.juntadeandalucia.es\/iesloscolegiales\/wp-json\/wp\/v2\/pages\/2516\/revisions\/4608"}],"wp:attachment":[{"href":"https:\/\/blogsaverroes.juntadeandalucia.es\/iesloscolegiales\/wp-json\/wp\/v2\/media?parent=2516"}],"curies":[{"name":"wp","href":"https:\/\/api.w.org\/{rel}","templated":true}]}}