{"id":2528,"date":"2021-09-08T20:18:59","date_gmt":"2021-09-08T18:18:59","guid":{"rendered":"http:\/\/blogsaverroes.juntadeandalucia.es\/iesloscolegiales\/?page_id=2528"},"modified":"2024-12-04T20:02:58","modified_gmt":"2024-12-04T19:02:58","slug":"consejo-escolar","status":"publish","type":"page","link":"https:\/\/blogsaverroes.juntadeandalucia.es\/iesloscolegiales\/consejo-escolar\/","title":{"rendered":"Consejo Escolar"},"content":{"rendered":"<p>El Consejo Escolar del centro, seg\u00fan los resultados de las elecciones celebradas en noviembre de 2024, queda constituido por los siguientes miembros:<\/p>\n<p><strong>EQUIPO DIRECTIVO<\/strong><\/p>\n<p>D. Jos\u00e9 Antonio Gin\u00e9s G\u00e1miz\u00a0(Director)<br \/>\nD. Eddy Comard (Jefe de Estudios)<br \/>\nD. Jos\u00e9 Manuel L\u00f3pez Bracho (Secretario)<\/p>\n<p><strong>SECTOR ALUMNADO:<\/strong><\/p>\n<p>D\u00f1a. Paula Hidalgo Delgado.<br \/>\nD. Cristian Garc\u00eda S\u00e1ez.<br \/>\nD\u00f1a. Roc\u00edo Clavijo Jim\u00e9nez.<br \/>\nD\u00f1a. Marta Enr\u00edquez S\u00e1nchez.<br \/>\nD. Abdelhamid Aissasoui Abdi.<\/p>\n<p><strong>SECTOR DE MADRES Y PADRES:<\/strong><\/p>\n<p>D\u00f1a. Mar\u00eda Teresa Ruz Garc\u00eda.<br \/>\nD\u00f1a. Raquel Tejada Pena.<br \/>\nD. Carlos Villal\u00f3n Artacho.<br \/>\nD. Jos\u00e9 Antonio Pozo Real.<\/p>\n<p><strong>SECTOR DEL PROFESORADO:<\/strong><\/p>\n<p>D\u00f1a. Mar\u00eda de las Mercedes S\u00e1nchez Romero.<br \/>\nD\u00f1a. Estrella Mar\u00eda S\u00e1nchez Gonz\u00e1lez.<br \/>\nD. Rafael \u00c1lvarez Rosales.<br \/>\nD\u00f1a. Mar\u00eda de la Paz Pic\u00f3n Alguacil.<br \/>\nD\u00f1a. Roc\u00edo Gallardo Romero.<\/p>\n<p><strong>SECTOR DEL PERSONAL DE ADMINISTRACI\u00d3N Y SERVICIOS:<\/strong><\/p>\n<p>D\u00f1a. Pilar Mu\u00f1oz Gonz\u00e1lez.<\/p>\n<p>&nbsp;<\/p>\n","protected":false},"excerpt":{"rendered":"<p>El Consejo Escolar del centro, seg\u00fan los resultados de las elecciones celebradas en noviembre de 2024, queda constituido por los siguientes miembros: EQUIPO DIRECTIVO D. Jos\u00e9 Antonio Gin\u00e9s G\u00e1miz\u00a0(Director) D. Eddy Comard (Jefe de Estudios) D. Jos\u00e9 Manuel L\u00f3pez Bracho (Secretario) SECTOR ALUMNADO: D\u00f1a. Paula Hidalgo Delgado. D. Cristian Garc\u00eda S\u00e1ez. D\u00f1a. Roc\u00edo Clavijo Jim\u00e9nez. D\u00f1a. Marta Enr\u00edquez S\u00e1nchez. D. Abdelhamid Aissasoui Abdi. SECTOR DE MADRES Y PADRES: D\u00f1a. Mar\u00eda Teresa Ruz Garc\u00eda. D\u00f1a. Raquel Tejada Pena. D. Carlos Villal\u00f3n Artacho. D. Jos\u00e9 Antonio Pozo Real. SECTOR DEL PROFESORADO: D\u00f1a. Mar\u00eda de las Mercedes S\u00e1nchez Romero. D\u00f1a. Estrella Mar\u00eda S\u00e1nchez&#46;&#46;&#46;<\/p>\n","protected":false},"author":3569,"featured_media":0,"parent":0,"menu_order":0,"comment_status":"closed","ping_status":"closed","template":"","meta":{"ngg_post_thumbnail":0,"footnotes":"","_mc_calendar":[]},"aioseo_notices":[],"_links":{"self":[{"href":"https:\/\/blogsaverroes.juntadeandalucia.es\/iesloscolegiales\/wp-json\/wp\/v2\/pages\/2528"}],"collection":[{"href":"https:\/\/blogsaverroes.juntadeandalucia.es\/iesloscolegiales\/wp-json\/wp\/v2\/pages"}],"about":[{"href":"https:\/\/blogsaverroes.juntadeandalucia.es\/iesloscolegiales\/wp-json\/wp\/v2\/types\/page"}],"author":[{"embeddable":true,"href":"https:\/\/blogsaverroes.juntadeandalucia.es\/iesloscolegiales\/wp-json\/wp\/v2\/users\/3569"}],"replies":[{"embeddable":true,"href":"https:\/\/blogsaverroes.juntadeandalucia.es\/iesloscolegiales\/wp-json\/wp\/v2\/comments?post=2528"}],"version-history":[{"count":11,"href":"https:\/\/blogsaverroes.juntadeandalucia.es\/iesloscolegiales\/wp-json\/wp\/v2\/pages\/2528\/revisions"}],"predecessor-version":[{"id":4255,"href":"https:\/\/blogsaverroes.juntadeandalucia.es\/iesloscolegiales\/wp-json\/wp\/v2\/pages\/2528\/revisions\/4255"}],"wp:attachment":[{"href":"https:\/\/blogsaverroes.juntadeandalucia.es\/iesloscolegiales\/wp-json\/wp\/v2\/media?parent=2528"}],"curies":[{"name":"wp","href":"https:\/\/api.w.org\/{rel}","templated":true}]}}