{"id":2582,"date":"2021-09-12T17:47:18","date_gmt":"2021-09-12T15:47:18","guid":{"rendered":"http:\/\/blogsaverroes.juntadeandalucia.es\/iesloscolegiales\/?page_id=2582"},"modified":"2023-06-08T10:01:59","modified_gmt":"2023-06-08T08:01:59","slug":"programaciones-4o-eso","status":"publish","type":"page","link":"https:\/\/blogsaverroes.juntadeandalucia.es\/iesloscolegiales\/programaciones-4o-eso\/","title":{"rendered":"Programaciones 4\u00ba ESO"},"content":{"rendered":"<p><a href=\"https:\/\/blogsaverroes.juntadeandalucia.es\/iesloscolegiales\/files\/2023\/04\/Biolog\u00eda-y-Geolog\u00eda-4\u00ba-ESO.pdf\">Biolog\u00eda y Geolog\u00eda (4\u00ba ESO)<\/a><\/p>\n<p><a href=\"https:\/\/blogsaverroes.juntadeandalucia.es\/iesloscolegiales\/files\/2023\/04\/Ciencias-Aplicadas-a-la-Actividad-Profesional-4\u00ba-ESO.pdf\">Ciencias Aplicadas a la Actividad Profesional (4\u00ba ESO)<\/a><\/p>\n<p><a href=\"https:\/\/blogsaverroes.juntadeandalucia.es\/iesloscolegiales\/files\/2023\/04\/Cultura-Cient\u00edfica-4\u00ba-ESO.pdf\">Cultura Cient\u00edfica (4\u00ba ESO)<\/a><\/p>\n<p><a href=\"https:\/\/blogsaverroes.juntadeandalucia.es\/iesloscolegiales\/files\/2023\/04\/Econom\u00eda-4\u00ba-ESO.pdf\">Econom\u00eda (4\u00ba ESO)<\/a><\/p>\n<p><a href=\"https:\/\/blogsaverroes.juntadeandalucia.es\/iesloscolegiales\/files\/2023\/04\/Educaci\u00f3n-F\u00edsica-4\u00ba-ESO.pdf\">Educaci\u00f3n F\u00edsica (4\u00ba ESO)<\/a><\/p>\n<p><a href=\"https:\/\/blogsaverroes.juntadeandalucia.es\/iesloscolegiales\/files\/2023\/04\/Educaci\u00f3n-Pl\u00e1stica-Visual-y-Audiovisual-4\u00ba-ESO.pdf\">Educaci\u00f3n Pl\u00e1stica Visual y Audiovisual (4\u00ba ESO)<\/a><\/p>\n<p><a href=\"https:\/\/blogsaverroes.juntadeandalucia.es\/iesloscolegiales\/files\/2023\/04\/F\u00edsica-y-Qu\u00edmica-4\u00ba-ESO.pdf\">F\u00edsica y Qu\u00edmica (4\u00ba ESO)<\/a><\/p>\n<p><a href=\"https:\/\/blogsaverroes.juntadeandalucia.es\/iesloscolegiales\/files\/2023\/04\/Franc\u00e9s-2\u00ba-Idioma-4\u00ba-ESO.pdf\">Franc\u00e9s 2\u00ba Idioma (4\u00ba ESO)<\/a><\/p>\n<p><a href=\"https:\/\/blogsaverroes.juntadeandalucia.es\/iesloscolegiales\/files\/2023\/04\/Geograf\u00eda-e-Historia-4\u00ba-ESO.pdf\">Geograf\u00eda e Historia (4\u00ba ESO)<\/a><\/p>\n<p><a href=\"https:\/\/blogsaverroes.juntadeandalucia.es\/iesloscolegiales\/files\/2023\/06\/Ingl\u00e9s-4\u00ba-ESO.pdf\">Ingl\u00e9s (4\u00ba ESO)<\/a><\/p>\n<p><a href=\"https:\/\/blogsaverroes.juntadeandalucia.es\/iesloscolegiales\/files\/2023\/04\/Iniciaci\u00f3n-a-la-Actividad-Emprendedora-4\u00ba-ESO.pdf\">Iniciaci\u00f3n a la Actividad Emprendedora (4\u00ba ESO)<\/a><\/p>\n<p><a href=\"https:\/\/blogsaverroes.juntadeandalucia.es\/iesloscolegiales\/files\/2023\/04\/Lat\u00edn-4\u00ba-ESO.pdf\">Lat\u00edn (4\u00ba ESO)<\/a><\/p>\n<p><a href=\"https:\/\/blogsaverroes.juntadeandalucia.es\/iesloscolegiales\/files\/2023\/04\/Lengua-Castellana-y-Literatura-4\u00ba-ESO.pdf\">Lengua Castellana y Literatura (4\u00ba ESO)<\/a><\/p>\n<p><a href=\"https:\/\/blogsaverroes.juntadeandalucia.es\/iesloscolegiales\/files\/2023\/04\/Matem\u00e1ticas-Acad\u00e9micas-4\u00ba-ESO.pdf\">Matem\u00e1ticas Acad\u00e9micas (4\u00ba ESO)<\/a><\/p>\n<p><a href=\"https:\/\/blogsaverroes.juntadeandalucia.es\/iesloscolegiales\/files\/2023\/04\/Matem\u00e1ticas-Aplicadas-4\u00ba-ESO.pdf\">Matem\u00e1ticas Aplicadas (4\u00ba ESO)<\/a><\/p>\n<p><a href=\"https:\/\/blogsaverroes.juntadeandalucia.es\/iesloscolegiales\/files\/2023\/04\/M\u00fasica-4\u00ba-ESO.pdf\">M\u00fasica (4\u00ba ESO)<\/a><\/p>\n<p><a href=\"https:\/\/blogsaverroes.juntadeandalucia.es\/iesloscolegiales\/files\/2023\/04\/Religi\u00f3n-4\u00ba-ESO.pdf\">Religi\u00f3n (4\u00ba ESO)<\/a><\/p>\n<p><a href=\"https:\/\/blogsaverroes.juntadeandalucia.es\/iesloscolegiales\/files\/2023\/04\/Refuerzo-de-Materias-Troncales-4\u00ba-ESO.pdf\">Refuerzo de Materias Troncales (4\u00ba ESO)<\/a><\/p>\n<p><a href=\"https:\/\/blogsaverroes.juntadeandalucia.es\/iesloscolegiales\/files\/2023\/04\/Tecnolog\u00eda-4\u00ba-ESO.pdf\">Tecnolog\u00eda (4\u00ba ESO)<\/a><\/p>\n<p><a href=\"https:\/\/blogsaverroes.juntadeandalucia.es\/iesloscolegiales\/files\/2023\/04\/Tecnolog\u00edas-de-la-Informaci\u00f3n-y-la-Comunicaci\u00f3n-4\u00aa-ESO.pdf\">Tecnolog\u00edas de la Informaci\u00f3n y la Comunicaci\u00f3n (4\u00aa ESO)<\/a><\/p>\n<p><a href=\"https:\/\/blogsaverroes.juntadeandalucia.es\/iesloscolegiales\/files\/2023\/04\/Valores-\u00c9ticos-4\u00ba-ESO.pdf\">Valores \u00c9ticos (4\u00ba ESO)<\/a><\/p>\n","protected":false},"excerpt":{"rendered":"<p>Biolog\u00eda y Geolog\u00eda (4\u00ba ESO) Ciencias Aplicadas a la Actividad Profesional (4\u00ba ESO) Cultura Cient\u00edfica (4\u00ba ESO) Econom\u00eda (4\u00ba ESO) Educaci\u00f3n F\u00edsica (4\u00ba ESO) Educaci\u00f3n Pl\u00e1stica Visual y Audiovisual (4\u00ba ESO) F\u00edsica y Qu\u00edmica (4\u00ba ESO) Franc\u00e9s 2\u00ba Idioma (4\u00ba ESO) Geograf\u00eda e Historia (4\u00ba ESO) Ingl\u00e9s (4\u00ba ESO) Iniciaci\u00f3n a la Actividad Emprendedora (4\u00ba ESO) Lat\u00edn (4\u00ba ESO) Lengua Castellana y Literatura (4\u00ba ESO) Matem\u00e1ticas Acad\u00e9micas (4\u00ba ESO) Matem\u00e1ticas Aplicadas (4\u00ba ESO) M\u00fasica (4\u00ba ESO) Religi\u00f3n (4\u00ba ESO) Refuerzo de Materias Troncales (4\u00ba ESO) Tecnolog\u00eda (4\u00ba ESO) Tecnolog\u00edas de la Informaci\u00f3n y la Comunicaci\u00f3n (4\u00aa ESO) Valores \u00c9ticos (4\u00ba&#46;&#46;&#46;<\/p>\n","protected":false},"author":3569,"featured_media":0,"parent":0,"menu_order":0,"comment_status":"closed","ping_status":"closed","template":"","meta":{"ngg_post_thumbnail":0,"footnotes":"","_mc_calendar":[]},"aioseo_notices":[],"_links":{"self":[{"href":"https:\/\/blogsaverroes.juntadeandalucia.es\/iesloscolegiales\/wp-json\/wp\/v2\/pages\/2582"}],"collection":[{"href":"https:\/\/blogsaverroes.juntadeandalucia.es\/iesloscolegiales\/wp-json\/wp\/v2\/pages"}],"about":[{"href":"https:\/\/blogsaverroes.juntadeandalucia.es\/iesloscolegiales\/wp-json\/wp\/v2\/types\/page"}],"author":[{"embeddable":true,"href":"https:\/\/blogsaverroes.juntadeandalucia.es\/iesloscolegiales\/wp-json\/wp\/v2\/users\/3569"}],"replies":[{"embeddable":true,"href":"https:\/\/blogsaverroes.juntadeandalucia.es\/iesloscolegiales\/wp-json\/wp\/v2\/comments?post=2582"}],"version-history":[{"count":15,"href":"https:\/\/blogsaverroes.juntadeandalucia.es\/iesloscolegiales\/wp-json\/wp\/v2\/pages\/2582\/revisions"}],"predecessor-version":[{"id":3882,"href":"https:\/\/blogsaverroes.juntadeandalucia.es\/iesloscolegiales\/wp-json\/wp\/v2\/pages\/2582\/revisions\/3882"}],"wp:attachment":[{"href":"https:\/\/blogsaverroes.juntadeandalucia.es\/iesloscolegiales\/wp-json\/wp\/v2\/media?parent=2582"}],"curies":[{"name":"wp","href":"https:\/\/api.w.org\/{rel}","templated":true}]}}