{"id":2587,"date":"2021-09-12T17:52:35","date_gmt":"2021-09-12T15:52:35","guid":{"rendered":"http:\/\/blogsaverroes.juntadeandalucia.es\/iesloscolegiales\/?page_id=2587"},"modified":"2023-07-04T11:31:09","modified_gmt":"2023-07-04T09:31:09","slug":"programaciones-1o-bachillerato","status":"publish","type":"page","link":"https:\/\/blogsaverroes.juntadeandalucia.es\/iesloscolegiales\/programaciones-1o-bachillerato\/","title":{"rendered":"Programaciones 1\u00ba Bachillerato"},"content":{"rendered":"<p><a href=\"https:\/\/blogsaverroes.juntadeandalucia.es\/iesloscolegiales\/files\/2023\/05\/Anatom\u00eda-Aplicada-1\u00ba-BACH.pdf\">Anatom\u00eda Aplicada (1\u00ba BACH)<\/a><\/p>\n<p><a href=\"https:\/\/blogsaverroes.juntadeandalucia.es\/iesloscolegiales\/files\/2023\/05\/Antropolog\u00eda-y-Sociolog\u00eda-1\u00ba-BACH.pdf\">Antropolog\u00eda y Sociolog\u00eda (1\u00ba BACH)<\/a><\/p>\n<p><a href=\"https:\/\/blogsaverroes.juntadeandalucia.es\/iesloscolegiales\/files\/2023\/05\/Biolog\u00eda-y-Geolog\u00eda-1\u00ba-BACH.pdf\">Biolog\u00eda y Geolog\u00eda (1\u00ba BACH)<\/a><\/p>\n<p><a href=\"https:\/\/blogsaverroes.juntadeandalucia.es\/iesloscolegiales\/files\/2023\/05\/Creaci\u00f3n-Digital-1\u00ba-BACH.pdf\">Creaci\u00f3n Digital (1\u00ba BACH)<\/a><\/p>\n<p><a href=\"https:\/\/blogsaverroes.juntadeandalucia.es\/iesloscolegiales\/files\/2021\/12\/Programacion-CEYE-1BACH.pdf\">Cultuta Emprendedora y Empresarial (1\u00ba BACH)<\/a><\/p>\n<p><a href=\"https:\/\/blogsaverroes.juntadeandalucia.es\/iesloscolegiales\/files\/2023\/05\/Dibujo-T\u00e9cnico-I-1\u00ba-BACH.pdf\">Dibujo T\u00e9cnico I (1\u00ba BACH)<\/a><\/p>\n<p><a href=\"https:\/\/blogsaverroes.juntadeandalucia.es\/iesloscolegiales\/files\/2023\/05\/Econom\u00eda-1\u00ba-BACH.pdf\">Econom\u00eda (1\u00ba BACH)<\/a><\/p>\n<p><a href=\"https:\/\/blogsaverroes.juntadeandalucia.es\/iesloscolegiales\/files\/2023\/05\/Educaci\u00f3n-F\u00edsica-1\u00ba-BACH.pdf\">Educaci\u00f3n F\u00edsica (1\u00ba BACH)<\/a><\/p>\n<p><a href=\"https:\/\/blogsaverroes.juntadeandalucia.es\/iesloscolegiales\/files\/2023\/05\/Educaci\u00f3n-para-la-ciudadan\u00eda-1\u00ba-BACH.pdf\">Educaci\u00f3n para la ciudadan\u00eda (1\u00ba BACH)<\/a><\/p>\n<p><a href=\"https:\/\/blogsaverroes.juntadeandalucia.es\/iesloscolegiales\/files\/2023\/05\/Filosof\u00eda-1\u00ba-BACH.pdf\">Filosof\u00eda (1\u00ba BACH)<\/a><\/p>\n<p><a href=\"https:\/\/blogsaverroes.juntadeandalucia.es\/iesloscolegiales\/files\/2023\/05\/Franc\u00e9s-2\u00ba-Idioma-1\u00ba-BACH.pdf\">Franc\u00e9s 2\u00ba Idioma (1\u00ba BACH)<\/a><\/p>\n<p><a href=\"https:\/\/blogsaverroes.juntadeandalucia.es\/iesloscolegiales\/files\/2023\/05\/F\u00edsica-y-Qu\u00edmica-1\u00ba-BACH.pdf\">F\u00edsica y Qu\u00edmica (1\u00ba BACH)<\/a><\/p>\n<p><a href=\"https:\/\/blogsaverroes.juntadeandalucia.es\/iesloscolegiales\/files\/2023\/05\/Griego-1\u00ba-BACH.pdf\">Griego (1\u00ba BACH)<\/a><\/p>\n<p><a href=\"https:\/\/blogsaverroes.juntadeandalucia.es\/iesloscolegiales\/files\/2023\/05\/Historia-del-mundo-contemporaneo-1\u00ba-BACH.pdf\">Historia del mundo contemporaneo (1\u00ba BACH)<\/a><\/p>\n<p><a href=\"https:\/\/blogsaverroes.juntadeandalucia.es\/iesloscolegiales\/files\/2023\/05\/Ingl\u00e9s-1\u00ba-BACH.pdf\">Ingl\u00e9s (1\u00ba BACH)<\/a><\/p>\n<p><a href=\"https:\/\/blogsaverroes.juntadeandalucia.es\/iesloscolegiales\/files\/2023\/05\/Investigaci\u00f3n-en-Anatom\u00eda-1\u00ba-BACH.pdf\">Investigaci\u00f3n en Anatom\u00eda (1\u00ba BACH)<\/a><\/p>\n<p><a href=\"https:\/\/blogsaverroes.juntadeandalucia.es\/iesloscolegiales\/files\/2023\/05\/Lat\u00edn-1\u00ba-BACH.pdf\">Lat\u00edn (1\u00ba BACH)<\/a><\/p>\n<p><a href=\"https:\/\/blogsaverroes.juntadeandalucia.es\/iesloscolegiales\/files\/2023\/05\/Lengua-Castellana-y-Literatura-1\u00ba-BACH.pdf\">Lengua Castellana y Literatura (1\u00ba BACH)<\/a><\/p>\n<p><a href=\"https:\/\/blogsaverroes.juntadeandalucia.es\/iesloscolegiales\/files\/2023\/05\/Matem\u00e1ticas-Aplicadas-CCSS-1\u00ba-BACH.pdf\">Matem\u00e1ticas Aplicadas CCSS (1\u00ba BACH)<\/a><\/p>\n<p><a href=\"https:\/\/blogsaverroes.juntadeandalucia.es\/iesloscolegiales\/files\/2023\/07\/Matem\u00e1ticas-I-1\u00ba-BACH.pdf\">Matem\u00e1ticas I (1\u00ba BACH)<\/a><\/p>\n<p><a href=\"https:\/\/blogsaverroes.juntadeandalucia.es\/iesloscolegiales\/files\/2023\/05\/Patrimonio-Cultural-de-Andaluc\u00eda-1\u00ba-BACH.pdf\">Patrimonio Cultural de Andaluc\u00eda (1\u00ba BACH)<\/a><\/p>\n<p><a href=\"https:\/\/blogsaverroes.juntadeandalucia.es\/iesloscolegiales\/files\/2023\/05\/Psicolog\u00eda-1\u00ba-BACH.pdf\">Psicolog\u00eda (1\u00ba BACH)<\/a><\/p>\n<p><a href=\"https:\/\/blogsaverroes.juntadeandalucia.es\/iesloscolegiales\/files\/2023\/05\/Religi\u00f3n-Cat\u00f3lica-1\u00ba-BACH.pdf\">Religi\u00f3n Cat\u00f3lica (1\u00ba BACH)<\/a><\/p>\n<p><a href=\"https:\/\/blogsaverroes.juntadeandalucia.es\/iesloscolegiales\/files\/2023\/05\/Tecnolog\u00eda-Industrial-1\u00ba-BACH.pdf\">Tecnolog\u00eda Industrial (1\u00ba BACH)<\/a><\/p>\n<p><a href=\"https:\/\/blogsaverroes.juntadeandalucia.es\/iesloscolegiales\/files\/2023\/05\/Tecnolog\u00edas-de-la-Informaci\u00f3n-y-la-Comunicaci\u00f3n-1\u00ba-BACH.pdf\">Tecnolog\u00edas de la Informaci\u00f3n y la Comunicaci\u00f3n (1\u00ba BACH)<\/a><\/p>\n","protected":false},"excerpt":{"rendered":"<p>Anatom\u00eda Aplicada (1\u00ba BACH) Antropolog\u00eda y Sociolog\u00eda (1\u00ba BACH) Biolog\u00eda y Geolog\u00eda (1\u00ba BACH) Creaci\u00f3n Digital (1\u00ba BACH) Cultuta Emprendedora y Empresarial (1\u00ba BACH) Dibujo T\u00e9cnico I (1\u00ba BACH) Econom\u00eda (1\u00ba BACH) Educaci\u00f3n F\u00edsica (1\u00ba BACH) Educaci\u00f3n para la ciudadan\u00eda (1\u00ba BACH) Filosof\u00eda (1\u00ba BACH) Franc\u00e9s 2\u00ba Idioma (1\u00ba BACH) F\u00edsica y Qu\u00edmica (1\u00ba BACH) Griego (1\u00ba BACH) Historia del mundo contemporaneo (1\u00ba BACH) Ingl\u00e9s (1\u00ba BACH) Investigaci\u00f3n en Anatom\u00eda (1\u00ba BACH) Lat\u00edn (1\u00ba BACH) Lengua Castellana y Literatura (1\u00ba BACH) Matem\u00e1ticas Aplicadas CCSS (1\u00ba BACH) Matem\u00e1ticas I (1\u00ba BACH) Patrimonio Cultural de Andaluc\u00eda (1\u00ba BACH) Psicolog\u00eda (1\u00ba BACH) Religi\u00f3n&#46;&#46;&#46;<\/p>\n","protected":false},"author":3569,"featured_media":0,"parent":0,"menu_order":0,"comment_status":"closed","ping_status":"closed","template":"","meta":{"ngg_post_thumbnail":0,"footnotes":"","_mc_calendar":[]},"aioseo_notices":[],"_links":{"self":[{"href":"https:\/\/blogsaverroes.juntadeandalucia.es\/iesloscolegiales\/wp-json\/wp\/v2\/pages\/2587"}],"collection":[{"href":"https:\/\/blogsaverroes.juntadeandalucia.es\/iesloscolegiales\/wp-json\/wp\/v2\/pages"}],"about":[{"href":"https:\/\/blogsaverroes.juntadeandalucia.es\/iesloscolegiales\/wp-json\/wp\/v2\/types\/page"}],"author":[{"embeddable":true,"href":"https:\/\/blogsaverroes.juntadeandalucia.es\/iesloscolegiales\/wp-json\/wp\/v2\/users\/3569"}],"replies":[{"embeddable":true,"href":"https:\/\/blogsaverroes.juntadeandalucia.es\/iesloscolegiales\/wp-json\/wp\/v2\/comments?post=2587"}],"version-history":[{"count":10,"href":"https:\/\/blogsaverroes.juntadeandalucia.es\/iesloscolegiales\/wp-json\/wp\/v2\/pages\/2587\/revisions"}],"predecessor-version":[{"id":3941,"href":"https:\/\/blogsaverroes.juntadeandalucia.es\/iesloscolegiales\/wp-json\/wp\/v2\/pages\/2587\/revisions\/3941"}],"wp:attachment":[{"href":"https:\/\/blogsaverroes.juntadeandalucia.es\/iesloscolegiales\/wp-json\/wp\/v2\/media?parent=2587"}],"curies":[{"name":"wp","href":"https:\/\/api.w.org\/{rel}","templated":true}]}}