{"id":2591,"date":"2021-09-12T17:54:32","date_gmt":"2021-09-12T15:54:32","guid":{"rendered":"http:\/\/blogsaverroes.juntadeandalucia.es\/iesloscolegiales\/?page_id=2591"},"modified":"2023-04-10T23:57:24","modified_gmt":"2023-04-10T21:57:24","slug":"programaciones-1o-f-b","status":"publish","type":"page","link":"https:\/\/blogsaverroes.juntadeandalucia.es\/iesloscolegiales\/programaciones-1o-f-b\/","title":{"rendered":"Programaciones 1\u00ba G.B."},"content":{"rendered":"<p style=\"text-align: center\"><strong>GRADO B\u00c1SICO EN ELECTRICIDAD Y ELECTR\u00d3NICA<\/strong><\/p>\n<p style=\"text-align: center\"><strong>PROGRAMACIONES DID\u00c1CTICAS DEL PRIMER CURSO<\/strong><\/p>\n<p><a href=\"https:\/\/blogsaverroes.juntadeandalucia.es\/iesloscolegiales\/files\/2022\/11\/PROGRAMACI\u00d3N-DID\u00c1CTICA-ACCS-I-1\u00ba-CFGB.pdf\">\u00c1mbito de Comunicaci\u00f3n y Sociedad I 1\u00ba CFGB<\/a><\/p>\n<p><a href=\"https:\/\/blogsaverroes.juntadeandalucia.es\/iesloscolegiales\/files\/2022\/11\/PROGRAMACI\u00d3N-DID\u00c1CTICA-CAI-1\u00ba-CFGB.pdf\">\u00c1mbito de Ciencias Aplicadas I 1\u00ba CFGB<\/a><\/p>\n<p><a href=\"https:\/\/drive.google.com\/file\/d\/1_n0JI2XnUHe4DXUhztNorVqbLdTfDISI\/view?usp=share_link\" target=\"_blank\" rel=\"noopener noreferrer\">\u00c1mbito Pr\u00e1ctico 1\u00baCFGB (Instalaciones el\u00e9ctricas y dom\u00f3ticas y Equipos el\u00e9ctricos y electr\u00f3nicos)<\/a><\/p>\n","protected":false},"excerpt":{"rendered":"<p>GRADO B\u00c1SICO EN ELECTRICIDAD Y ELECTR\u00d3NICA PROGRAMACIONES DID\u00c1CTICAS DEL PRIMER CURSO \u00c1mbito de Comunicaci\u00f3n y Sociedad I 1\u00ba CFGB \u00c1mbito de Ciencias Aplicadas I 1\u00ba CFGB \u00c1mbito Pr\u00e1ctico 1\u00baCFGB (Instalaciones el\u00e9ctricas y dom\u00f3ticas y Equipos el\u00e9ctricos y electr\u00f3nicos)<\/p>\n","protected":false},"author":3569,"featured_media":0,"parent":0,"menu_order":0,"comment_status":"closed","ping_status":"closed","template":"","meta":{"ngg_post_thumbnail":0,"footnotes":"","_mc_calendar":[]},"aioseo_notices":[],"_links":{"self":[{"href":"https:\/\/blogsaverroes.juntadeandalucia.es\/iesloscolegiales\/wp-json\/wp\/v2\/pages\/2591"}],"collection":[{"href":"https:\/\/blogsaverroes.juntadeandalucia.es\/iesloscolegiales\/wp-json\/wp\/v2\/pages"}],"about":[{"href":"https:\/\/blogsaverroes.juntadeandalucia.es\/iesloscolegiales\/wp-json\/wp\/v2\/types\/page"}],"author":[{"embeddable":true,"href":"https:\/\/blogsaverroes.juntadeandalucia.es\/iesloscolegiales\/wp-json\/wp\/v2\/users\/3569"}],"replies":[{"embeddable":true,"href":"https:\/\/blogsaverroes.juntadeandalucia.es\/iesloscolegiales\/wp-json\/wp\/v2\/comments?post=2591"}],"version-history":[{"count":8,"href":"https:\/\/blogsaverroes.juntadeandalucia.es\/iesloscolegiales\/wp-json\/wp\/v2\/pages\/2591\/revisions"}],"predecessor-version":[{"id":3648,"href":"https:\/\/blogsaverroes.juntadeandalucia.es\/iesloscolegiales\/wp-json\/wp\/v2\/pages\/2591\/revisions\/3648"}],"wp:attachment":[{"href":"https:\/\/blogsaverroes.juntadeandalucia.es\/iesloscolegiales\/wp-json\/wp\/v2\/media?parent=2591"}],"curies":[{"name":"wp","href":"https:\/\/api.w.org\/{rel}","templated":true}]}}