{"id":2593,"date":"2021-09-12T17:55:22","date_gmt":"2021-09-12T15:55:22","guid":{"rendered":"http:\/\/blogsaverroes.juntadeandalucia.es\/iesloscolegiales\/?page_id=2593"},"modified":"2023-04-11T00:01:00","modified_gmt":"2023-04-10T22:01:00","slug":"programaciones-2o-f-b","status":"publish","type":"page","link":"https:\/\/blogsaverroes.juntadeandalucia.es\/iesloscolegiales\/programaciones-2o-f-b\/","title":{"rendered":"Programaciones 2\u00ba F.B."},"content":{"rendered":"<p style=\"text-align: center\"><strong>FORMACI\u00d3N PROFESIONAL B\u00c1SICA EN ELECTRICIDAD Y ELECTR\u00d3NICA<\/strong><\/p>\n<p style=\"text-align: center\"><strong>PROGRAMACIONES DID\u00c1CTICAS DEL SEGUNDO CURSO<\/strong><\/p>\n<p>&nbsp;<\/p>\n<p><a href=\"https:\/\/blogsaverroes.juntadeandalucia.es\/iesloscolegiales\/files\/2021\/12\/FPB2-FCT-2021-2022.pdf\">Formaci\u00f3n en Centros de Trabajo (2\u00ba FPB)<\/a><\/p>\n<p><a href=\"https:\/\/blogsaverroes.juntadeandalucia.es\/iesloscolegiales\/files\/2021\/12\/CCAAII_2FPB.pdf\">Ciencias Aplicadas II_(2\u00ba FPB)<\/a><\/p>\n<p><a href=\"https:\/\/drive.google.com\/file\/d\/1aYNhexRjLTAE2a23qF2wYgiSQV6BwwLz\/view?usp=share_link\" target=\"_blank\" rel=\"noopener noreferrer\">Comunicaci\u00f3n y Sociedad II (2\u00ba FPB)<\/a><\/p>\n<p><a href=\"https:\/\/drive.google.com\/file\/d\/11CGOs-KjrBt9kqhm5kXOpR-XwwL_uz55\/view?usp=share_link\" target=\"_blank\" rel=\"noopener noreferrer\">Instalaciones de Telecomunicaciones (2\u00ba FPB)<\/a><\/p>\n<p><a href=\"https:\/\/drive.google.com\/file\/d\/1sIRTtROjm90Y8381G57_IwE1q7V68oQz\/view?usp=share_link\" target=\"_blank\" rel=\"noopener noreferrer\">Instalaci\u00f3n y mantenimiento de Redes de Datos ( 2\u00ba FPB)<\/a><\/p>\n","protected":false},"excerpt":{"rendered":"<p>FORMACI\u00d3N PROFESIONAL B\u00c1SICA EN ELECTRICIDAD Y ELECTR\u00d3NICA PROGRAMACIONES DID\u00c1CTICAS DEL SEGUNDO CURSO &nbsp; Formaci\u00f3n en Centros de Trabajo (2\u00ba FPB) Ciencias Aplicadas II_(2\u00ba FPB) Comunicaci\u00f3n y Sociedad II (2\u00ba FPB) Instalaciones de Telecomunicaciones (2\u00ba FPB) Instalaci\u00f3n y mantenimiento de Redes de Datos ( 2\u00ba FPB)<\/p>\n","protected":false},"author":3569,"featured_media":0,"parent":0,"menu_order":0,"comment_status":"closed","ping_status":"closed","template":"","meta":{"ngg_post_thumbnail":0,"footnotes":"","_mc_calendar":[]},"aioseo_notices":[],"_links":{"self":[{"href":"https:\/\/blogsaverroes.juntadeandalucia.es\/iesloscolegiales\/wp-json\/wp\/v2\/pages\/2593"}],"collection":[{"href":"https:\/\/blogsaverroes.juntadeandalucia.es\/iesloscolegiales\/wp-json\/wp\/v2\/pages"}],"about":[{"href":"https:\/\/blogsaverroes.juntadeandalucia.es\/iesloscolegiales\/wp-json\/wp\/v2\/types\/page"}],"author":[{"embeddable":true,"href":"https:\/\/blogsaverroes.juntadeandalucia.es\/iesloscolegiales\/wp-json\/wp\/v2\/users\/3569"}],"replies":[{"embeddable":true,"href":"https:\/\/blogsaverroes.juntadeandalucia.es\/iesloscolegiales\/wp-json\/wp\/v2\/comments?post=2593"}],"version-history":[{"count":5,"href":"https:\/\/blogsaverroes.juntadeandalucia.es\/iesloscolegiales\/wp-json\/wp\/v2\/pages\/2593\/revisions"}],"predecessor-version":[{"id":3650,"href":"https:\/\/blogsaverroes.juntadeandalucia.es\/iesloscolegiales\/wp-json\/wp\/v2\/pages\/2593\/revisions\/3650"}],"wp:attachment":[{"href":"https:\/\/blogsaverroes.juntadeandalucia.es\/iesloscolegiales\/wp-json\/wp\/v2\/media?parent=2593"}],"curies":[{"name":"wp","href":"https:\/\/api.w.org\/{rel}","templated":true}]}}