{"id":2598,"date":"2021-09-12T17:58:36","date_gmt":"2021-09-12T15:58:36","guid":{"rendered":"http:\/\/blogsaverroes.juntadeandalucia.es\/iesloscolegiales\/?page_id=2598"},"modified":"2023-04-10T23:54:05","modified_gmt":"2023-04-10T21:54:05","slug":"programaciones-2o-iea","status":"publish","type":"page","link":"https:\/\/blogsaverroes.juntadeandalucia.es\/iesloscolegiales\/programaciones-2o-iea\/","title":{"rendered":"Programaciones 2\u00ba IEA"},"content":{"rendered":"<p style=\"text-align: center\"><strong>T\u00e9cnico\/a en Instalaciones El\u00e9ctricas y Autom\u00e1ticas <\/strong><\/p>\n<p style=\"text-align: center\"><strong>(<a href=\"https:\/\/www.juntadeandalucia.es\/boja\/2009\/164\/1\" target=\"_blank\" rel=\"noopener noreferrer\">Orden de 7 de julio de 2009<\/a>)<\/strong><\/p>\n<p style=\"text-align: center\"><strong>PROGRAMACIONES DEL SEGUNDO CURSO<\/strong><\/p>\n<p>&nbsp;<\/p>\n<p><a href=\"https:\/\/drive.google.com\/file\/d\/1VvugdiBRPw2sALe0Cq7Uc1TTv_j1_1iM\/view?usp=share_link\" target=\"_blank\" rel=\"noopener noreferrer\">0236. Instalaciones de Distribuci\u00f3n (2 IEA)<\/a><\/p>\n<p><a href=\"https:\/\/drive.google.com\/file\/d\/1ssknwyHe2Rti1RXGXhF05udmIOUIZQMC\/view?usp=share_link\" target=\"_blank\" rel=\"noopener noreferrer\">0237. Infraestructuras Comunes de Telecomunicaci\u00f3n en Viviendas y Edificios (2 IEA)<\/a><\/p>\n<p><a href=\"https:\/\/drive.google.com\/file\/d\/1iKDdvFV3St2x_d1SqTYRVXuAsGzRs_aM\/view?usp=share_link\" target=\"_blank\" rel=\"noopener noreferrer\">0238. Instalaciones Dom\u00f3ticas (2 IEA)<\/a><\/p>\n<p><a href=\"https:\/\/drive.google.com\/file\/d\/1yq50gTqiaeS5b11ztOOFn0em6vZOuKZ3\/view?usp=share_link\" target=\"_blank\" rel=\"noopener noreferrer\">0239. Instalaciones Solares Fotovoltaicas (2 IEA)<\/a><\/p>\n<p><a href=\"https:\/\/drive.google.com\/file\/d\/1d4-9xkI3yUvEjsj-NFhO2rQjwc4zzoOE\/view?usp=share_link\" target=\"_blank\" rel=\"noopener noreferrer\">0240. M\u00e1quinas El\u00e9ctricas (2 IEA)<\/a><\/p>\n<p>Horas de Libre Configuraci\u00f3n (2IEA)<\/p>\n<p><a href=\"https:\/\/drive.google.com\/file\/d\/1UCnK40EFOfXcBcsM5BOlHLX9HWzT7Y6X\/view?usp=share_link\" target=\"_blank\" rel=\"noopener noreferrer\">0242. Empresa e Iniciativa Emprendedora\u00a0 (2 IEA)<\/a><\/p>\n<p><a href=\"https:\/\/drive.google.com\/file\/d\/1_n0JI2XnUHe4DXUhztNorVqbLdTfDISI\/view?usp=share_link\" target=\"_blank\" rel=\"noopener noreferrer\">0243. Formaci\u00f3n en Centros de Trabajo (2IEA)<\/a><\/p>\n","protected":false},"excerpt":{"rendered":"<p>T\u00e9cnico\/a en Instalaciones El\u00e9ctricas y Autom\u00e1ticas (Orden de 7 de julio de 2009) PROGRAMACIONES DEL SEGUNDO CURSO &nbsp; 0236. Instalaciones de Distribuci\u00f3n (2 IEA) 0237. Infraestructuras Comunes de Telecomunicaci\u00f3n en Viviendas y Edificios (2 IEA) 0238. Instalaciones Dom\u00f3ticas (2 IEA) 0239. Instalaciones Solares Fotovoltaicas (2 IEA) 0240. M\u00e1quinas El\u00e9ctricas (2 IEA) Horas de Libre Configuraci\u00f3n (2IEA) 0242. Empresa e Iniciativa Emprendedora\u00a0 (2 IEA) 0243. Formaci\u00f3n en Centros de Trabajo (2IEA)<\/p>\n","protected":false},"author":3569,"featured_media":0,"parent":0,"menu_order":0,"comment_status":"closed","ping_status":"closed","template":"","meta":{"ngg_post_thumbnail":0,"footnotes":"","_mc_calendar":[]},"aioseo_notices":[],"_links":{"self":[{"href":"https:\/\/blogsaverroes.juntadeandalucia.es\/iesloscolegiales\/wp-json\/wp\/v2\/pages\/2598"}],"collection":[{"href":"https:\/\/blogsaverroes.juntadeandalucia.es\/iesloscolegiales\/wp-json\/wp\/v2\/pages"}],"about":[{"href":"https:\/\/blogsaverroes.juntadeandalucia.es\/iesloscolegiales\/wp-json\/wp\/v2\/types\/page"}],"author":[{"embeddable":true,"href":"https:\/\/blogsaverroes.juntadeandalucia.es\/iesloscolegiales\/wp-json\/wp\/v2\/users\/3569"}],"replies":[{"embeddable":true,"href":"https:\/\/blogsaverroes.juntadeandalucia.es\/iesloscolegiales\/wp-json\/wp\/v2\/comments?post=2598"}],"version-history":[{"count":8,"href":"https:\/\/blogsaverroes.juntadeandalucia.es\/iesloscolegiales\/wp-json\/wp\/v2\/pages\/2598\/revisions"}],"predecessor-version":[{"id":3645,"href":"https:\/\/blogsaverroes.juntadeandalucia.es\/iesloscolegiales\/wp-json\/wp\/v2\/pages\/2598\/revisions\/3645"}],"wp:attachment":[{"href":"https:\/\/blogsaverroes.juntadeandalucia.es\/iesloscolegiales\/wp-json\/wp\/v2\/media?parent=2598"}],"curies":[{"name":"wp","href":"https:\/\/api.w.org\/{rel}","templated":true}]}}