{"id":2606,"date":"2021-09-12T18:02:28","date_gmt":"2021-09-12T16:02:28","guid":{"rendered":"http:\/\/blogsaverroes.juntadeandalucia.es\/iesloscolegiales\/?page_id=2606"},"modified":"2021-12-07T17:36:55","modified_gmt":"2021-12-07T16:36:55","slug":"programaciones-1o-cae","status":"publish","type":"page","link":"https:\/\/blogsaverroes.juntadeandalucia.es\/iesloscolegiales\/programaciones-1o-cae\/","title":{"rendered":"Programaciones 1\u00ba CAE"},"content":{"rendered":"<p><a href=\"https:\/\/blogsaverroes.juntadeandalucia.es\/iesloscolegiales\/files\/2021\/12\/SSA_1CAE.pdf\">El Sector de la Sanidad en Andaluc\u00eda_(1\u00ba CAE)<\/a><\/p>\n<p><a href=\"https:\/\/blogsaverroes.juntadeandalucia.es\/iesloscolegiales\/files\/2021\/12\/FOL-CAE-21-22.pdf\">Formaci\u00f3n y Orientaci\u00f3n Laboral (1\u00ba CAE)<\/a><\/p>\n<p><a href=\"https:\/\/blogsaverroes.juntadeandalucia.es\/iesloscolegiales\/files\/2021\/12\/HMH_1CAE.pdf\">Higiene en el Medio Hospitalario_(1\u00ba CAE)<\/a><\/p>\n<p><a href=\"https:\/\/blogsaverroes.juntadeandalucia.es\/iesloscolegiales\/files\/2021\/12\/OADS_1CAE.pdf\">Operaciones Administrativas y Documentaci\u00f3n Sanitaria_(1\u00ba CAE)<\/a><\/p>\n<p><a href=\"https:\/\/blogsaverroes.juntadeandalucia.es\/iesloscolegiales\/files\/2021\/12\/PSP_1CAE.pdf\">Promoci\u00f3n de la Salud y Apoyo Psicol\u00f3gico al Paciente_(1\u00ba CAE)<\/a><\/p>\n<p><a href=\"https:\/\/blogsaverroes.juntadeandalucia.es\/iesloscolegiales\/files\/2021\/12\/RET_-1-CAE-21-22.pdf\">Relaciones en el Entorno de Trabajo_(1\u00ba CAE)<\/a><\/p>\n<p><a href=\"https:\/\/blogsaverroes.juntadeandalucia.es\/iesloscolegiales\/files\/2021\/12\/TBE_1CAE.pdf\">T\u00e9cnicas B\u00e1sica de Enfermer\u00eda_(1\u00ba CAE)<\/a><\/p>\n<p><a href=\"https:\/\/blogsaverroes.juntadeandalucia.es\/iesloscolegiales\/files\/2021\/12\/TAOE_1CAE.pdf\">T\u00e9cnicas de Ayuda Odonto Estomatol\u00f3gicas_(1\u00ba CAE)<\/a><\/p>\n","protected":false},"excerpt":{"rendered":"<p>El Sector de la Sanidad en Andaluc\u00eda_(1\u00ba CAE) Formaci\u00f3n y Orientaci\u00f3n Laboral (1\u00ba CAE) Higiene en el Medio Hospitalario_(1\u00ba CAE) Operaciones Administrativas y Documentaci\u00f3n Sanitaria_(1\u00ba CAE) Promoci\u00f3n de la Salud y Apoyo Psicol\u00f3gico al Paciente_(1\u00ba CAE) Relaciones en el Entorno de Trabajo_(1\u00ba CAE) T\u00e9cnicas B\u00e1sica de Enfermer\u00eda_(1\u00ba CAE) T\u00e9cnicas de Ayuda Odonto Estomatol\u00f3gicas_(1\u00ba CAE)<\/p>\n","protected":false},"author":3569,"featured_media":0,"parent":0,"menu_order":0,"comment_status":"closed","ping_status":"closed","template":"","meta":{"ngg_post_thumbnail":0,"footnotes":"","_mc_calendar":[]},"aioseo_notices":[],"_links":{"self":[{"href":"https:\/\/blogsaverroes.juntadeandalucia.es\/iesloscolegiales\/wp-json\/wp\/v2\/pages\/2606"}],"collection":[{"href":"https:\/\/blogsaverroes.juntadeandalucia.es\/iesloscolegiales\/wp-json\/wp\/v2\/pages"}],"about":[{"href":"https:\/\/blogsaverroes.juntadeandalucia.es\/iesloscolegiales\/wp-json\/wp\/v2\/types\/page"}],"author":[{"embeddable":true,"href":"https:\/\/blogsaverroes.juntadeandalucia.es\/iesloscolegiales\/wp-json\/wp\/v2\/users\/3569"}],"replies":[{"embeddable":true,"href":"https:\/\/blogsaverroes.juntadeandalucia.es\/iesloscolegiales\/wp-json\/wp\/v2\/comments?post=2606"}],"version-history":[{"count":3,"href":"https:\/\/blogsaverroes.juntadeandalucia.es\/iesloscolegiales\/wp-json\/wp\/v2\/pages\/2606\/revisions"}],"predecessor-version":[{"id":3063,"href":"https:\/\/blogsaverroes.juntadeandalucia.es\/iesloscolegiales\/wp-json\/wp\/v2\/pages\/2606\/revisions\/3063"}],"wp:attachment":[{"href":"https:\/\/blogsaverroes.juntadeandalucia.es\/iesloscolegiales\/wp-json\/wp\/v2\/media?parent=2606"}],"curies":[{"name":"wp","href":"https:\/\/api.w.org\/{rel}","templated":true}]}}