{"id":2638,"date":"2021-09-12T22:38:11","date_gmt":"2021-09-12T20:38:11","guid":{"rendered":"http:\/\/blogsaverroes.juntadeandalucia.es\/iesloscolegiales\/?page_id=2638"},"modified":"2025-02-04T22:29:10","modified_gmt":"2025-02-04T21:29:10","slug":"titulos","status":"publish","type":"page","link":"https:\/\/blogsaverroes.juntadeandalucia.es\/iesloscolegiales\/secretaria\/titulos\/","title":{"rendered":"T\u00edtulos"},"content":{"rendered":"<ul>\n<li><a href=\"https:\/\/blogsaverroes.juntadeandalucia.es\/iesloscolegiales\/secretaria\/titulos\/solicitud-de-titulos-recientes\/\">Solicitud de T\u00cdTULOS RECIENTES<\/a>.<\/li>\n<li><a href=\"https:\/\/blogsaverroes.juntadeandalucia.es\/iesloscolegiales\/secretaria\/titulos\/solicitud-de-titulos-antiguos-de-estudios-ya-extinguidos\/\">Solicitud de T\u00cdTULOS ANTIGUOS<\/a> (de estudios ya extinguidos).<\/li>\n<li><a href=\"https:\/\/blogsaverroes.juntadeandalucia.es\/iesloscolegiales\/secretaria\/titulos\/recogida-de-titulos\/\">Recogida de t\u00edtulos<\/a>.<\/li>\n<\/ul>\n","protected":false},"excerpt":{"rendered":"<p>Solicitud de T\u00cdTULOS RECIENTES. Solicitud de T\u00cdTULOS ANTIGUOS (de estudios ya extinguidos). Recogida de t\u00edtulos.<\/p>\n","protected":false},"author":3569,"featured_media":0,"parent":77,"menu_order":0,"comment_status":"closed","ping_status":"closed","template":"","meta":{"ngg_post_thumbnail":0,"footnotes":"","_mc_calendar":[]},"aioseo_notices":[],"_links":{"self":[{"href":"https:\/\/blogsaverroes.juntadeandalucia.es\/iesloscolegiales\/wp-json\/wp\/v2\/pages\/2638"}],"collection":[{"href":"https:\/\/blogsaverroes.juntadeandalucia.es\/iesloscolegiales\/wp-json\/wp\/v2\/pages"}],"about":[{"href":"https:\/\/blogsaverroes.juntadeandalucia.es\/iesloscolegiales\/wp-json\/wp\/v2\/types\/page"}],"author":[{"embeddable":true,"href":"https:\/\/blogsaverroes.juntadeandalucia.es\/iesloscolegiales\/wp-json\/wp\/v2\/users\/3569"}],"replies":[{"embeddable":true,"href":"https:\/\/blogsaverroes.juntadeandalucia.es\/iesloscolegiales\/wp-json\/wp\/v2\/comments?post=2638"}],"version-history":[{"count":12,"href":"https:\/\/blogsaverroes.juntadeandalucia.es\/iesloscolegiales\/wp-json\/wp\/v2\/pages\/2638\/revisions"}],"predecessor-version":[{"id":4306,"href":"https:\/\/blogsaverroes.juntadeandalucia.es\/iesloscolegiales\/wp-json\/wp\/v2\/pages\/2638\/revisions\/4306"}],"up":[{"embeddable":true,"href":"https:\/\/blogsaverroes.juntadeandalucia.es\/iesloscolegiales\/wp-json\/wp\/v2\/pages\/77"}],"wp:attachment":[{"href":"https:\/\/blogsaverroes.juntadeandalucia.es\/iesloscolegiales\/wp-json\/wp\/v2\/media?parent=2638"}],"curies":[{"name":"wp","href":"https:\/\/api.w.org\/{rel}","templated":true}]}}