{"id":3098,"date":"2021-12-22T11:32:57","date_gmt":"2021-12-22T10:32:57","guid":{"rendered":"http:\/\/blogsaverroes.juntadeandalucia.es\/iesloscolegiales\/?page_id=3098"},"modified":"2021-12-22T13:43:26","modified_gmt":"2021-12-22T12:43:26","slug":"informacion-sobre-el-ciclo-de-anatomia-patologica-y-citodiagnostico-dual","status":"publish","type":"page","link":"https:\/\/blogsaverroes.juntadeandalucia.es\/iesloscolegiales\/informacion-sobre-el-ciclo-de-anatomia-patologica-y-citodiagnostico-dual\/","title":{"rendered":"Informaci\u00f3n sobre el ciclo de Anatom\u00eda Patol\u00f3gica y Citodiagn\u00f3stico Dual"},"content":{"rendered":"<blockquote class=\"twitter-tweet\" data-width=\"500\" data-dnt=\"true\">\n<p lang=\"es\" dir=\"ltr\">Proyecto de difusi\u00f3n del ciclo <a href=\"https:\/\/twitter.com\/hashtag\/anatom%C3%ADapatol%C3%B3gica?src=hash&amp;ref_src=twsrc%5Etfw\">#anatom\u00edapatol\u00f3gica<\/a> <a href=\"https:\/\/twitter.com\/hashtag\/Dual?src=hash&amp;ref_src=twsrc%5Etfw\">#Dual<\/a> <a href=\"https:\/\/twitter.com\/IColegiales?ref_src=twsrc%5Etfw\">@IColegiales<\/a> <br \/>Ministerio Educaci\u00f3n y Formaci\u00f3n Profesional <a href=\"https:\/\/twitter.com\/educaciongob?ref_src=twsrc%5Etfw\">@educaciongob<\/a><br \/>Consejer\u00eda de Educaci\u00f3n y Deporte Junta de Andaluc\u00eda <a href=\"https:\/\/twitter.com\/EducaAnd?ref_src=twsrc%5Etfw\">@EducaAnd<\/a> <a href=\"https:\/\/twitter.com\/FPAndaluza?ref_src=twsrc%5Etfw\">@FPAndaluza<\/a> <a href=\"https:\/\/twitter.com\/hashtag\/FP?src=hash&amp;ref_src=twsrc%5Etfw\">#FP<\/a> <a href=\"https:\/\/twitter.com\/hashtag\/TSAPC?src=hash&amp;ref_src=twsrc%5Etfw\">#TSAPC<\/a> <a href=\"https:\/\/t.co\/H5z7I1eam1\">pic.twitter.com\/H5z7I1eam1<\/a><\/p>\n<p>&mdash; Departamento Sanidad IES Los Colegiales (@IesSanidad) <a href=\"https:\/\/twitter.com\/IesSanidad\/status\/1473573679590256641?ref_src=twsrc%5Etfw\">December 22, 2021<\/a><\/p><\/blockquote>\n<p><script async src=\"https:\/\/platform.twitter.com\/widgets.js\" charset=\"utf-8\"><\/script><\/p>\n<p style=\"text-align: center\"><i>Difusi\u00f3n financiada por el Ministerio de Educaci\u00f3n y Formaci\u00f3n Profesional, y la Consejer\u00eda de Educaci\u00f3n de la Junta de Andaluc\u00eda<\/i>.<\/p>\n","protected":false},"excerpt":{"rendered":"<p>Difusi\u00f3n financiada por el Ministerio de Educaci\u00f3n y Formaci\u00f3n Profesional, y la Consejer\u00eda de Educaci\u00f3n de la Junta de Andaluc\u00eda.<\/p>\n","protected":false},"author":3569,"featured_media":0,"parent":0,"menu_order":0,"comment_status":"closed","ping_status":"closed","template":"","meta":{"ngg_post_thumbnail":0,"footnotes":"","_mc_calendar":[]},"aioseo_notices":[],"_links":{"self":[{"href":"https:\/\/blogsaverroes.juntadeandalucia.es\/iesloscolegiales\/wp-json\/wp\/v2\/pages\/3098"}],"collection":[{"href":"https:\/\/blogsaverroes.juntadeandalucia.es\/iesloscolegiales\/wp-json\/wp\/v2\/pages"}],"about":[{"href":"https:\/\/blogsaverroes.juntadeandalucia.es\/iesloscolegiales\/wp-json\/wp\/v2\/types\/page"}],"author":[{"embeddable":true,"href":"https:\/\/blogsaverroes.juntadeandalucia.es\/iesloscolegiales\/wp-json\/wp\/v2\/users\/3569"}],"replies":[{"embeddable":true,"href":"https:\/\/blogsaverroes.juntadeandalucia.es\/iesloscolegiales\/wp-json\/wp\/v2\/comments?post=3098"}],"version-history":[{"count":5,"href":"https:\/\/blogsaverroes.juntadeandalucia.es\/iesloscolegiales\/wp-json\/wp\/v2\/pages\/3098\/revisions"}],"predecessor-version":[{"id":3135,"href":"https:\/\/blogsaverroes.juntadeandalucia.es\/iesloscolegiales\/wp-json\/wp\/v2\/pages\/3098\/revisions\/3135"}],"wp:attachment":[{"href":"https:\/\/blogsaverroes.juntadeandalucia.es\/iesloscolegiales\/wp-json\/wp\/v2\/media?parent=3098"}],"curies":[{"name":"wp","href":"https:\/\/api.w.org\/{rel}","templated":true}]}}