{"id":3270,"date":"2022-05-26T10:28:05","date_gmt":"2022-05-26T08:28:05","guid":{"rendered":"http:\/\/blogsaverroes.juntadeandalucia.es\/iesloscolegiales\/?page_id=3270"},"modified":"2022-06-01T18:47:29","modified_gmt":"2022-06-01T16:47:29","slug":"fantec-2022","status":"publish","type":"page","link":"https:\/\/blogsaverroes.juntadeandalucia.es\/iesloscolegiales\/fantec-2022\/","title":{"rendered":"FANTEC 2022"},"content":{"rendered":"<p style=\"text-align: center\"><a href=\"https:\/\/blogsaverroes.juntadeandalucia.es\/iesloscolegiales\/files\/2022\/05\/fantec.png\"><img loading=\"lazy\" decoding=\"async\" class=\"aligncenter size-medium wp-image-3272\" src=\"https:\/\/blogsaverroes.juntadeandalucia.es\/iesloscolegiales\/files\/2022\/05\/fantec-300x114.png\" alt=\"\" width=\"300\" height=\"114\" srcset=\"https:\/\/blogsaverroes.juntadeandalucia.es\/iesloscolegiales\/files\/2022\/05\/fantec-300x114.png 300w, https:\/\/blogsaverroes.juntadeandalucia.es\/iesloscolegiales\/files\/2022\/05\/fantec.png 364w\" sizes=\"(max-width: 300px) 100vw, 300px\" \/><\/a><\/p>\n<p>El pasado viernes 20 de mayo, el alumnado de Itinerario Tecnol\u00f3gico de nuestros cursos de 1\u00ba y 2\u00ba de Bachillerato, participaron en la Feria Andaluza de la Tecnolog\u00eda (FANTEC 2022).<\/p>\n<p style=\"text-align: center\"><a href=\"https:\/\/blogsaverroes.juntadeandalucia.es\/iesloscolegiales\/files\/2022\/06\/WhatsApp-Image-2022-06-01-at-5.26.06-PM-2.jpeg\"><img loading=\"lazy\" decoding=\"async\" class=\"aligncenter size-full wp-image-3290\" src=\"https:\/\/blogsaverroes.juntadeandalucia.es\/iesloscolegiales\/files\/2022\/06\/WhatsApp-Image-2022-06-01-at-5.26.06-PM-2.jpeg\" alt=\"\" width=\"1024\" height=\"683\" srcset=\"https:\/\/blogsaverroes.juntadeandalucia.es\/iesloscolegiales\/files\/2022\/06\/WhatsApp-Image-2022-06-01-at-5.26.06-PM-2.jpeg 1024w, https:\/\/blogsaverroes.juntadeandalucia.es\/iesloscolegiales\/files\/2022\/06\/WhatsApp-Image-2022-06-01-at-5.26.06-PM-2-300x200.jpeg 300w, https:\/\/blogsaverroes.juntadeandalucia.es\/iesloscolegiales\/files\/2022\/06\/WhatsApp-Image-2022-06-01-at-5.26.06-PM-2-768x512.jpeg 768w\" sizes=\"(max-width: 1024px) 100vw, 1024px\" \/><\/a><\/p>\n<p style=\"text-align: left\">Este evento es un\u00a0<strong>encuentro de car\u00e1cter anual donde el alumnado tiene la oportunidad de mostrar el trabajo que en el \u00e1mbito cient\u00edfico-tecnol\u00f3gico\u00a0<\/strong>han desarrollado durante el curso escolar. Un trabajo fruto del esfuerzo colectivo que potencia la colaboraci\u00f3n entre grupos de estudiantes para el desarrollo de proyectos que favorezcan la cultura del emprendimiento, el esfuerzo, la creatividad y la innovaci\u00f3n.<\/p>\n<p>Nuestros alumnos y alumnas expusieron dos de los proyectos realizados en las asignaturas de Tecnolog\u00eda Industrial, TYC y Programaci\u00f3n y Computaci\u00f3n, en los que han aplicado de manera integrada los conocimientos adquiridos en varios de los bloques tem\u00e1ticos de dichas materias.<\/p>\n<p>Fue un dia para compartir experiencias entre todos los centros participantes, y dar a conocer el gran trabajo realizado por nuestro alumnado.<\/p>\n<p>[youtube https:\/\/www.youtube.com\/watch?v=eQiube0qtJA&#038;w=400&#038;h=225]<\/p>\n<p>Puedes ver informaci\u00f3n completa de los proyectos en estos enlaces:<\/p>\n<ul>\n<li>Proyecto de 1\u00ba de Bachillerato: <a href=\"https:\/\/sites.google.com\/iesloscolegiales.com\/seguidorlinea-iesloscolegiales\/inicio\" target=\"_blank\" rel=\"noopener noreferrer\">Robot multifunci\u00f3n (seguidor de l\u00ednea \/ conducci\u00f3n)<\/a>.<\/li>\n<li>Proyecto de 2\u00ba de Bachillerato: <a href=\"http:\/\/blogsaverroes.juntadeandalucia.es\/iesloscolegiales\/tecnologia\/materiales-recursos\/compactador-de-latas-de-refresco\/\" target=\"_blank\" rel=\"noopener noreferrer\">Compactador de latas de refresco<\/a>.<\/li>\n<\/ul>\n<p>Los proyectos tuvieron mucho \u00e9xito entre los centros visitantes, que pudieron interactuar con ellos y conocer de primera mano el funcionamiento de ambos.<\/p>\n<p>Enhorabuena a todo el alumnado participante.<\/p>\n","protected":false},"excerpt":{"rendered":"<p>El pasado viernes 20 de mayo, el alumnado de Itinerario Tecnol\u00f3gico de nuestros cursos de 1\u00ba y 2\u00ba de Bachillerato, participaron en la Feria Andaluza de la Tecnolog\u00eda (FANTEC 2022). Este evento es un\u00a0encuentro de car\u00e1cter anual donde el alumnado tiene la oportunidad de mostrar el trabajo que en el \u00e1mbito cient\u00edfico-tecnol\u00f3gico\u00a0han desarrollado durante el curso escolar. Un trabajo fruto del esfuerzo colectivo que potencia la colaboraci\u00f3n entre grupos de estudiantes para el desarrollo de proyectos que favorezcan la cultura del emprendimiento, el esfuerzo, la creatividad y la innovaci\u00f3n. Nuestros alumnos y alumnas expusieron dos de los proyectos realizados en&#46;&#46;&#46;<\/p>\n","protected":false},"author":13835,"featured_media":0,"parent":0,"menu_order":0,"comment_status":"closed","ping_status":"closed","template":"","meta":{"ngg_post_thumbnail":0,"footnotes":"","_mc_calendar":[]},"aioseo_notices":[],"_links":{"self":[{"href":"https:\/\/blogsaverroes.juntadeandalucia.es\/iesloscolegiales\/wp-json\/wp\/v2\/pages\/3270"}],"collection":[{"href":"https:\/\/blogsaverroes.juntadeandalucia.es\/iesloscolegiales\/wp-json\/wp\/v2\/pages"}],"about":[{"href":"https:\/\/blogsaverroes.juntadeandalucia.es\/iesloscolegiales\/wp-json\/wp\/v2\/types\/page"}],"author":[{"embeddable":true,"href":"https:\/\/blogsaverroes.juntadeandalucia.es\/iesloscolegiales\/wp-json\/wp\/v2\/users\/13835"}],"replies":[{"embeddable":true,"href":"https:\/\/blogsaverroes.juntadeandalucia.es\/iesloscolegiales\/wp-json\/wp\/v2\/comments?post=3270"}],"version-history":[{"count":9,"href":"https:\/\/blogsaverroes.juntadeandalucia.es\/iesloscolegiales\/wp-json\/wp\/v2\/pages\/3270\/revisions"}],"predecessor-version":[{"id":3296,"href":"https:\/\/blogsaverroes.juntadeandalucia.es\/iesloscolegiales\/wp-json\/wp\/v2\/pages\/3270\/revisions\/3296"}],"wp:attachment":[{"href":"https:\/\/blogsaverroes.juntadeandalucia.es\/iesloscolegiales\/wp-json\/wp\/v2\/media?parent=3270"}],"curies":[{"name":"wp","href":"https:\/\/api.w.org\/{rel}","templated":true}]}}