{"id":3298,"date":"2022-06-03T11:02:02","date_gmt":"2022-06-03T09:02:02","guid":{"rendered":"http:\/\/blogsaverroes.juntadeandalucia.es\/iesloscolegiales\/?page_id=3298"},"modified":"2024-09-09T17:00:10","modified_gmt":"2024-09-09T15:00:10","slug":"informacion-sobre-el-ciclo-formativo-de-grado-medio-instalaciones-electricas-y-automatica","status":"publish","type":"page","link":"https:\/\/blogsaverroes.juntadeandalucia.es\/iesloscolegiales\/informacion-sobre-el-ciclo-formativo-de-grado-medio-instalaciones-electricas-y-automatica\/","title":{"rendered":"Informaci\u00f3n sobre el Ciclo formativo de grado medio: Instalaciones El\u00e9ctricas y Autom\u00e1tica"},"content":{"rendered":"<p><a href=\"https:\/\/blogsaverroes.juntadeandalucia.es\/iesloscolegiales\/files\/2022\/06\/grado_medio_electricidad.png\"><img loading=\"lazy\" decoding=\"async\" class=\"size-full wp-image-3299 alignnone\" src=\"https:\/\/blogsaverroes.juntadeandalucia.es\/iesloscolegiales\/files\/2022\/06\/grado_medio_electricidad.png\" alt=\"\" width=\"1080\" height=\"1080\" srcset=\"https:\/\/blogsaverroes.juntadeandalucia.es\/iesloscolegiales\/files\/2022\/06\/grado_medio_electricidad.png 1080w, https:\/\/blogsaverroes.juntadeandalucia.es\/iesloscolegiales\/files\/2022\/06\/grado_medio_electricidad-300x300.png 300w, https:\/\/blogsaverroes.juntadeandalucia.es\/iesloscolegiales\/files\/2022\/06\/grado_medio_electricidad-1024x1024.png 1024w, https:\/\/blogsaverroes.juntadeandalucia.es\/iesloscolegiales\/files\/2022\/06\/grado_medio_electricidad-150x150.png 150w, https:\/\/blogsaverroes.juntadeandalucia.es\/iesloscolegiales\/files\/2022\/06\/grado_medio_electricidad-768x768.png 768w, https:\/\/blogsaverroes.juntadeandalucia.es\/iesloscolegiales\/files\/2022\/06\/grado_medio_electricidad-50x50.png 50w\" sizes=\"(max-width: 1080px) 100vw, 1080px\" \/><\/a><\/p>\n<p><strong>PRIMER CURSO (Nueva FP, Grado D):<\/strong><\/p>\n<ul>\n<li>Automatismos industriales (8 horas)<\/li>\n<li>Instalaciones el\u00e9ctricas interiores (8 horas)<\/li>\n<li>Electrotecnia (6 horas)<\/li>\n<li>Electr\u00f3nica (3 horas)<\/li>\n<li>Digitalizaci\u00f3n aplicada a los sectores productivos (1 hora)<\/li>\n<li>Sostenibilidad aplicada al sistema productivo (1 hora)<\/li>\n<li>Itinerario personal para la empleabilidad I (3 horas)<\/li>\n<\/ul>\n<p>&nbsp;<\/p>\n<p><strong>SEGUNDO CURSO (Plan antiguo LOE):<\/strong><\/p>\n<ul>\n<li>Instalaciones de distribuci\u00f3n (6 horas)<\/li>\n<li>Infraestructuras comunes de telecomunicaci\u00f3n en viviendas y edificios (5 horas)<\/li>\n<li>Instalaciones dom\u00f3ticas (5 horas)<\/li>\n<li>Instalaciones solares fotovoltaicas (2 horas)<\/li>\n<li>M\u00e1quinas el\u00e9ctricas (5 horas)<\/li>\n<li>Empresa e iniciativa emprendedora (4 horas)<\/li>\n<li>Horas de libre configuraci\u00f3n (3 horas)<\/li>\n<\/ul>\n<p>&nbsp;<\/p>\n<p><strong>FORMACI\u00d3N EN CENTROS DE TRABAJO (Pr\u00e1cticas en empresas):<\/strong><\/p>\n<p>Durante el tercer trimestre del segundo curso, los\/as alumnos\/as que han superado todos los m\u00f3dulos profesionales realizan pr\u00e1cticas profesionales en empresas del sector (410 horas).<\/p>\n<p><strong>FP DUAL<\/strong><\/p>\n<p>Desde el curso 2023\/2024 incorporamos a nuestra oferta educativa la modalidad dual en algunas plazas del t\u00edtulo LOE. En esta modalidad, los alumnos de primer curso realizaron 6 semanas de alternancia durante el segundo trimestre (4 d\u00edas en la empresa y 1 en el instituto) y 2 semanas en el primer trimestre del segundo curso. Adem\u00e1s, realizan el m\u00f3dulo de FCT de 410 horas en el tercer trimestre igual que los alumnos de modalidad presencial.<\/p>\n<p>Con la nueva FP, todo el alumnado tanto en primer como en segundo curso realiza pr\u00e1cticas en empresa, durante 500 horas en todo el ciclo formativo.<\/p>\n<p>Puedes encontrar m\u00e1s informaci\u00f3n en Instagram: <a href=\"https:\/\/www.instagram.com\/electricidad_iesloscolegiales\/\" target=\"_blank\" rel=\"noopener noreferrer\">@electricidad_iesloscolegiales<\/a><\/p>\n","protected":false},"excerpt":{"rendered":"<p>PRIMER CURSO (Nueva FP, Grado D): Automatismos industriales (8 horas) Instalaciones el\u00e9ctricas interiores (8 horas) Electrotecnia (6 horas) Electr\u00f3nica (3 horas) Digitalizaci\u00f3n aplicada a los sectores productivos (1 hora) Sostenibilidad aplicada al sistema productivo (1 hora) Itinerario personal para la empleabilidad I (3 horas) &nbsp; SEGUNDO CURSO (Plan antiguo LOE): Instalaciones de distribuci\u00f3n (6 horas) Infraestructuras comunes de telecomunicaci\u00f3n en viviendas y edificios (5 horas) Instalaciones dom\u00f3ticas (5 horas) Instalaciones solares fotovoltaicas (2 horas) M\u00e1quinas el\u00e9ctricas (5 horas) Empresa e iniciativa emprendedora (4 horas) Horas de libre configuraci\u00f3n (3 horas) &nbsp; FORMACI\u00d3N EN CENTROS DE TRABAJO (Pr\u00e1cticas en empresas): Durante&#46;&#46;&#46;<\/p>\n","protected":false},"author":3569,"featured_media":0,"parent":0,"menu_order":0,"comment_status":"closed","ping_status":"closed","template":"","meta":{"ngg_post_thumbnail":0,"footnotes":"","_mc_calendar":[]},"aioseo_notices":[],"_links":{"self":[{"href":"https:\/\/blogsaverroes.juntadeandalucia.es\/iesloscolegiales\/wp-json\/wp\/v2\/pages\/3298"}],"collection":[{"href":"https:\/\/blogsaverroes.juntadeandalucia.es\/iesloscolegiales\/wp-json\/wp\/v2\/pages"}],"about":[{"href":"https:\/\/blogsaverroes.juntadeandalucia.es\/iesloscolegiales\/wp-json\/wp\/v2\/types\/page"}],"author":[{"embeddable":true,"href":"https:\/\/blogsaverroes.juntadeandalucia.es\/iesloscolegiales\/wp-json\/wp\/v2\/users\/3569"}],"replies":[{"embeddable":true,"href":"https:\/\/blogsaverroes.juntadeandalucia.es\/iesloscolegiales\/wp-json\/wp\/v2\/comments?post=3298"}],"version-history":[{"count":5,"href":"https:\/\/blogsaverroes.juntadeandalucia.es\/iesloscolegiales\/wp-json\/wp\/v2\/pages\/3298\/revisions"}],"predecessor-version":[{"id":4214,"href":"https:\/\/blogsaverroes.juntadeandalucia.es\/iesloscolegiales\/wp-json\/wp\/v2\/pages\/3298\/revisions\/4214"}],"wp:attachment":[{"href":"https:\/\/blogsaverroes.juntadeandalucia.es\/iesloscolegiales\/wp-json\/wp\/v2\/media?parent=3298"}],"curies":[{"name":"wp","href":"https:\/\/api.w.org\/{rel}","templated":true}]}}