{"id":3468,"date":"2022-10-13T22:26:52","date_gmt":"2022-10-13T20:26:52","guid":{"rendered":"http:\/\/blogsaverroes.juntadeandalucia.es\/iesloscolegiales\/?page_id=3468"},"modified":"2023-09-06T09:30:07","modified_gmt":"2023-09-06T07:30:07","slug":"electricidad-y-electronica","status":"publish","type":"page","link":"https:\/\/blogsaverroes.juntadeandalucia.es\/iesloscolegiales\/electricidad-y-electronica\/","title":{"rendered":"Electricidad y Electr\u00f3nica"},"content":{"rendered":"<p style=\"text-align: justify\">El departamento de la familia profesional de Electricidad y Electr\u00f3nica est\u00e1 formado por profesorado de las especialidades de Sistemas Electrot\u00e9cnicos y Automatizados, Instalaciones Electrot\u00e9cnicas y Equipos Electr\u00f3nicos. Si necesita contactar con nosotros puede hacerlo a trav\u00e9s del correo electr\u00f3nico <a href=\"mailto:29012052.ele@g.educaand.es\">29012052.ele@g.educaand.es<\/a> o en Instagram: <a href=\"https:\/\/www.instagram.com\/electricidad_iesloscolegiales\/\" target=\"_blank\" rel=\"noopener noreferrer\">@electricidad_iesloscolegiales<\/a>.<\/p>\n<p>La oferta educativa en el IES Los Colegiales es la siguiente:<\/p>\n<ul>\n<li><a href=\"http:\/\/blogsaverroes.juntadeandalucia.es\/iesloscolegiales\/informacion-sobre-el-ciclo-formativo-de-grado-basico-electricidad-y-electronica\/\">Grado B\u00e1sico en Electricidad y Electr\u00f3nica.<\/a><\/li>\n<li><a href=\"http:\/\/blogsaverroes.juntadeandalucia.es\/iesloscolegiales\/informacion-sobre-el-ciclo-formativo-de-grado-medio-instalaciones-electricas-y-automatica\/\">Grado Medio: T\u00e9cnico\/a en Instalaciones El\u00e9ctricas y Autom\u00e1ticas (con algunas plazas en FP dual)<\/a>.<\/li>\n<\/ul>\n<p><a href=\"https:\/\/blogsaverroes.juntadeandalucia.es\/iesloscolegiales\/files\/2022\/06\/grado_medio_electricidad.png\"><img loading=\"lazy\" decoding=\"async\" class=\"alignleft size-large wp-image-3299\" src=\"https:\/\/blogsaverroes.juntadeandalucia.es\/iesloscolegiales\/files\/2022\/06\/grado_medio_electricidad-1024x1024.png\" alt=\"\" width=\"646\" height=\"646\" srcset=\"https:\/\/blogsaverroes.juntadeandalucia.es\/iesloscolegiales\/files\/2022\/06\/grado_medio_electricidad-1024x1024.png 1024w, https:\/\/blogsaverroes.juntadeandalucia.es\/iesloscolegiales\/files\/2022\/06\/grado_medio_electricidad-300x300.png 300w, https:\/\/blogsaverroes.juntadeandalucia.es\/iesloscolegiales\/files\/2022\/06\/grado_medio_electricidad-150x150.png 150w, https:\/\/blogsaverroes.juntadeandalucia.es\/iesloscolegiales\/files\/2022\/06\/grado_medio_electricidad-768x768.png 768w, https:\/\/blogsaverroes.juntadeandalucia.es\/iesloscolegiales\/files\/2022\/06\/grado_medio_electricidad-50x50.png 50w, https:\/\/blogsaverroes.juntadeandalucia.es\/iesloscolegiales\/files\/2022\/06\/grado_medio_electricidad.png 1080w\" sizes=\"(max-width: 646px) 100vw, 646px\" \/><\/a><\/p>\n","protected":false},"excerpt":{"rendered":"<p>El departamento de la familia profesional de Electricidad y Electr\u00f3nica est\u00e1 formado por profesorado de las especialidades de Sistemas Electrot\u00e9cnicos y Automatizados, Instalaciones Electrot\u00e9cnicas y Equipos Electr\u00f3nicos. Si necesita contactar con nosotros puede hacerlo a trav\u00e9s del correo electr\u00f3nico 29012052.ele@g.educaand.es o en Instagram: @electricidad_iesloscolegiales. La oferta educativa en el IES Los Colegiales es la siguiente: Grado B\u00e1sico en Electricidad y Electr\u00f3nica. Grado Medio: T\u00e9cnico\/a en Instalaciones El\u00e9ctricas y Autom\u00e1ticas (con algunas plazas en FP dual).<\/p>\n","protected":false},"author":508,"featured_media":0,"parent":0,"menu_order":0,"comment_status":"closed","ping_status":"closed","template":"","meta":{"ngg_post_thumbnail":0,"footnotes":"","_mc_calendar":[]},"aioseo_notices":[],"_links":{"self":[{"href":"https:\/\/blogsaverroes.juntadeandalucia.es\/iesloscolegiales\/wp-json\/wp\/v2\/pages\/3468"}],"collection":[{"href":"https:\/\/blogsaverroes.juntadeandalucia.es\/iesloscolegiales\/wp-json\/wp\/v2\/pages"}],"about":[{"href":"https:\/\/blogsaverroes.juntadeandalucia.es\/iesloscolegiales\/wp-json\/wp\/v2\/types\/page"}],"author":[{"embeddable":true,"href":"https:\/\/blogsaverroes.juntadeandalucia.es\/iesloscolegiales\/wp-json\/wp\/v2\/users\/508"}],"replies":[{"embeddable":true,"href":"https:\/\/blogsaverroes.juntadeandalucia.es\/iesloscolegiales\/wp-json\/wp\/v2\/comments?post=3468"}],"version-history":[{"count":7,"href":"https:\/\/blogsaverroes.juntadeandalucia.es\/iesloscolegiales\/wp-json\/wp\/v2\/pages\/3468\/revisions"}],"predecessor-version":[{"id":4012,"href":"https:\/\/blogsaverroes.juntadeandalucia.es\/iesloscolegiales\/wp-json\/wp\/v2\/pages\/3468\/revisions\/4012"}],"wp:attachment":[{"href":"https:\/\/blogsaverroes.juntadeandalucia.es\/iesloscolegiales\/wp-json\/wp\/v2\/media?parent=3468"}],"curies":[{"name":"wp","href":"https:\/\/api.w.org\/{rel}","templated":true}]}}