{"id":3486,"date":"2022-10-27T08:47:59","date_gmt":"2022-10-27T06:47:59","guid":{"rendered":"http:\/\/blogsaverroes.juntadeandalucia.es\/iesloscolegiales\/?page_id=3486"},"modified":"2022-11-03T14:44:20","modified_gmt":"2022-11-03T13:44:20","slug":"informacion-ciclo-formativo-instalaciones-de-produccion-de-calor","status":"publish","type":"page","link":"https:\/\/blogsaverroes.juntadeandalucia.es\/iesloscolegiales\/informacion-ciclo-formativo-instalaciones-de-produccion-de-calor\/","title":{"rendered":"Informaci\u00f3n sobre el ciclo formativo: Instalaciones de Producci\u00f3n de Calor."},"content":{"rendered":"<div><a href=\"https:\/\/blogsaverroes.juntadeandalucia.es\/iesloscolegiales\/files\/2022\/11\/ima-5-instalaciones-produccion-calor_page-0001-scaled.jpg\"><img loading=\"lazy\" decoding=\"async\" class=\"size-full wp-image-3495 aligncenter\" src=\"https:\/\/blogsaverroes.juntadeandalucia.es\/iesloscolegiales\/files\/2022\/11\/ima-5-instalaciones-produccion-calor_page-0001-scaled.jpg\" alt=\"\" width=\"1600\" height=\"900\" srcset=\"https:\/\/blogsaverroes.juntadeandalucia.es\/iesloscolegiales\/files\/2022\/11\/ima-5-instalaciones-produccion-calor_page-0001-scaled.jpg 1600w, https:\/\/blogsaverroes.juntadeandalucia.es\/iesloscolegiales\/files\/2022\/11\/ima-5-instalaciones-produccion-calor_page-0001-300x169.jpg 300w, https:\/\/blogsaverroes.juntadeandalucia.es\/iesloscolegiales\/files\/2022\/11\/ima-5-instalaciones-produccion-calor_page-0001-1024x576.jpg 1024w, https:\/\/blogsaverroes.juntadeandalucia.es\/iesloscolegiales\/files\/2022\/11\/ima-5-instalaciones-produccion-calor_page-0001-768x432.jpg 768w, https:\/\/blogsaverroes.juntadeandalucia.es\/iesloscolegiales\/files\/2022\/11\/ima-5-instalaciones-produccion-calor_page-0001-1536x864.jpg 1536w, https:\/\/blogsaverroes.juntadeandalucia.es\/iesloscolegiales\/files\/2022\/11\/ima-5-instalaciones-produccion-calor_page-0001-2048x1152.jpg 2048w\" sizes=\"(max-width: 1600px) 100vw, 1600px\" \/><\/a><\/div>\n<div>PRIMER CURSO (HORAS SEMANALES):<\/div>\n<div>&nbsp;M\u00e1quinas y equipos t\u00e9rmicos: 9h<\/div>\n<div>&nbsp;T\u00e9cnicas de montaje de instalaciones: 9h<\/div>\n<div>&nbsp;Instalaciones el\u00e9ctricas y automatismos: 9h<\/div>\n<div>&nbsp;Formaci\u00f3n y orientaci\u00f3n laboral: 3h<\/div>\n<div>&nbsp;<\/div>\n<div>SEGUNDO CURSO (HORAS SEMANALES)<\/div>\n<div>&nbsp;Configuraci\u00f3n de instalaciones calor\u00edficas: 4h<\/div>\n<div>&nbsp;Montaje y mantenimiento de instalaciones calor\u00edficas: 7h<\/div>\n<div>&nbsp;Montaje y mantenimiento de instalaciones de agua: 5h<\/div>\n<div>&nbsp;Montaje y mantenimiento de instalaciones de energ\u00eda solar: 4h<\/div>\n<div>&nbsp;Montaje y mantenimiento de instalaciones de gas y combustibles l\u00edquidos: 3h<\/div>\n<div>&nbsp;Empresa e iniciativa emprendedora: 4h<\/div>\n<div>&nbsp;Horas de libre configuraci\u00f3n: 3h&nbsp;<\/div>\n<div>&nbsp;<\/div>\n<div>PR\u00c1CTICAS EN EMPRESAS<\/div>\n<div>&nbsp;Formaci\u00f3n en centros de trabajo: 410&nbsp;<\/div>\n<div>&nbsp;<\/div>\n<div>\n<div>ENTORNO PROFESIONAL<\/div>\n<div>\n<p>Este profesional ejerce su actividad en las industrias de montaje y mantenimiento de instalaciones t\u00e9rmicas y de fluidos relacionadas con los subsectores de calefacci\u00f3n, instalaciones solares t\u00e9rmicas para la producci\u00f3n de agua caliente sanitaria y gases en el sector industrial y en el sector de edificaci\u00f3n y obra civil.<\/p>\n<p>Las ocupaciones y puestos de trabajo m\u00e1s relevantes son los siguientes:<\/p>\n<p>&#8211; Instalador \/ Mantenedor de equipos de producci\u00f3n de calor.<br \/>\n&#8211; Instalador \/ Mantenedor de instalaciones de calefacci\u00f3n y ACS.<br \/>\n&#8211; Instalador \/ Mantenedor de instalaciones solares t\u00e9rmicas.Instalador \/ Mantenedor de instalaciones de agua.Instalador \/ Mantenedor de instalaciones de gas y combustibles l\u00edquidos.<\/p>\n<\/div>\n<\/div>\n","protected":false},"excerpt":{"rendered":"<p>PRIMER CURSO (HORAS SEMANALES): &nbsp;M\u00e1quinas y equipos t\u00e9rmicos: 9h &nbsp;T\u00e9cnicas de montaje de instalaciones: 9h &nbsp;Instalaciones el\u00e9ctricas y automatismos: 9h &nbsp;Formaci\u00f3n y orientaci\u00f3n laboral: 3h &nbsp; SEGUNDO CURSO (HORAS SEMANALES) &nbsp;Configuraci\u00f3n de instalaciones calor\u00edficas: 4h &nbsp;Montaje y mantenimiento de instalaciones calor\u00edficas: 7h &nbsp;Montaje y mantenimiento de instalaciones de agua: 5h &nbsp;Montaje y mantenimiento de instalaciones de energ\u00eda solar: 4h &nbsp;Montaje y mantenimiento de instalaciones de gas y combustibles l\u00edquidos: 3h &nbsp;Empresa e iniciativa emprendedora: 4h &nbsp;Horas de libre configuraci\u00f3n: 3h&nbsp; &nbsp; PR\u00c1CTICAS EN EMPRESAS &nbsp;Formaci\u00f3n en centros de trabajo: 410&nbsp; &nbsp; ENTORNO PROFESIONAL Este profesional ejerce su actividad en las&#46;&#46;&#46;<\/p>\n","protected":false},"author":3569,"featured_media":0,"parent":0,"menu_order":0,"comment_status":"closed","ping_status":"closed","template":"","meta":{"ngg_post_thumbnail":0,"footnotes":"","_mc_calendar":[]},"aioseo_notices":[],"_links":{"self":[{"href":"https:\/\/blogsaverroes.juntadeandalucia.es\/iesloscolegiales\/wp-json\/wp\/v2\/pages\/3486"}],"collection":[{"href":"https:\/\/blogsaverroes.juntadeandalucia.es\/iesloscolegiales\/wp-json\/wp\/v2\/pages"}],"about":[{"href":"https:\/\/blogsaverroes.juntadeandalucia.es\/iesloscolegiales\/wp-json\/wp\/v2\/types\/page"}],"author":[{"embeddable":true,"href":"https:\/\/blogsaverroes.juntadeandalucia.es\/iesloscolegiales\/wp-json\/wp\/v2\/users\/3569"}],"replies":[{"embeddable":true,"href":"https:\/\/blogsaverroes.juntadeandalucia.es\/iesloscolegiales\/wp-json\/wp\/v2\/comments?post=3486"}],"version-history":[{"count":4,"href":"https:\/\/blogsaverroes.juntadeandalucia.es\/iesloscolegiales\/wp-json\/wp\/v2\/pages\/3486\/revisions"}],"predecessor-version":[{"id":3496,"href":"https:\/\/blogsaverroes.juntadeandalucia.es\/iesloscolegiales\/wp-json\/wp\/v2\/pages\/3486\/revisions\/3496"}],"wp:attachment":[{"href":"https:\/\/blogsaverroes.juntadeandalucia.es\/iesloscolegiales\/wp-json\/wp\/v2\/media?parent=3486"}],"curies":[{"name":"wp","href":"https:\/\/api.w.org\/{rel}","templated":true}]}}