{"id":3954,"date":"2023-07-04T21:48:12","date_gmt":"2023-07-04T19:48:12","guid":{"rendered":"http:\/\/blogsaverroes.juntadeandalucia.es\/iesloscolegiales\/?page_id=3954"},"modified":"2023-07-04T22:09:21","modified_gmt":"2023-07-04T20:09:21","slug":"procedimiento-de-admision-al-curso-de-acceso-a-ciclos-formativos-de-grado-medio-curso-2023-2024","status":"publish","type":"page","link":"https:\/\/blogsaverroes.juntadeandalucia.es\/iesloscolegiales\/procedimiento-de-admision-al-curso-de-acceso-a-ciclos-formativos-de-grado-medio-curso-2023-2024\/","title":{"rendered":"Procedimiento de Admisi\u00f3n al CURSO DE ACCESO A Ciclos Formativos de Grado Medio, Curso 2023-2024"},"content":{"rendered":"<p>Las fechas m\u00e1s relevantes del procedimiento son:<\/p>\n<p><img loading=\"lazy\" decoding=\"async\" class=\"aligncenter size-full wp-image-3955\" src=\"https:\/\/blogsaverroes.juntadeandalucia.es\/iesloscolegiales\/files\/2023\/07\/CACFGM.jpg\" alt=\"\" width=\"984\" height=\"435\" srcset=\"https:\/\/blogsaverroes.juntadeandalucia.es\/iesloscolegiales\/files\/2023\/07\/CACFGM.jpg 984w, https:\/\/blogsaverroes.juntadeandalucia.es\/iesloscolegiales\/files\/2023\/07\/CACFGM-300x133.jpg 300w, https:\/\/blogsaverroes.juntadeandalucia.es\/iesloscolegiales\/files\/2023\/07\/CACFGM-768x340.jpg 768w\" sizes=\"(max-width: 984px) 100vw, 984px\" \/><\/p>\n<p>Se recuerda la necesidad de realizar todos los tr\u00e1mites en plazo. De lo contrario, el solicitante quedar\u00eda excluido del procedimiento.<\/p>\n<p>Todos los tr\u00e1mites se pueden realizar a trav\u00e9s de la <a href=\"https:\/\/www.juntadeandalucia.es\/educacion\/secretariavirtual\/\" target=\"_blank\" rel=\"noopener noreferrer\">Secretar\u00eda Virtual de los Centros Docentes Andaluces<\/a>.<\/p>\n<p>M\u00e1s informaci\u00f3n en el <a href=\"https:\/\/www.juntadeandalucia.es\/educacion\/portales\/web\/escolarizacion\/fp\/ciclos-formativos-grado-medio\" target=\"_blank\" rel=\"noopener noreferrer\">Portal de Escolarizaci\u00f3n de la Consejer\u00eda de Desarrollo Educativo y Formaci\u00f3n Profesional de la Junta de Andaluc\u00eda<\/a>.<\/p>\n","protected":false},"excerpt":{"rendered":"<p>Las fechas m\u00e1s relevantes del procedimiento son: Se recuerda la necesidad de realizar todos los tr\u00e1mites en plazo. De lo contrario, el solicitante quedar\u00eda excluido del procedimiento. Todos los tr\u00e1mites se pueden realizar a trav\u00e9s de la Secretar\u00eda Virtual de los Centros Docentes Andaluces. M\u00e1s informaci\u00f3n en el Portal de Escolarizaci\u00f3n de la Consejer\u00eda de Desarrollo Educativo y Formaci\u00f3n Profesional de la Junta de Andaluc\u00eda.<\/p>\n","protected":false},"author":13835,"featured_media":0,"parent":0,"menu_order":0,"comment_status":"closed","ping_status":"closed","template":"","meta":{"ngg_post_thumbnail":0,"footnotes":"","_mc_calendar":[]},"aioseo_notices":[],"_links":{"self":[{"href":"https:\/\/blogsaverroes.juntadeandalucia.es\/iesloscolegiales\/wp-json\/wp\/v2\/pages\/3954"}],"collection":[{"href":"https:\/\/blogsaverroes.juntadeandalucia.es\/iesloscolegiales\/wp-json\/wp\/v2\/pages"}],"about":[{"href":"https:\/\/blogsaverroes.juntadeandalucia.es\/iesloscolegiales\/wp-json\/wp\/v2\/types\/page"}],"author":[{"embeddable":true,"href":"https:\/\/blogsaverroes.juntadeandalucia.es\/iesloscolegiales\/wp-json\/wp\/v2\/users\/13835"}],"replies":[{"embeddable":true,"href":"https:\/\/blogsaverroes.juntadeandalucia.es\/iesloscolegiales\/wp-json\/wp\/v2\/comments?post=3954"}],"version-history":[{"count":2,"href":"https:\/\/blogsaverroes.juntadeandalucia.es\/iesloscolegiales\/wp-json\/wp\/v2\/pages\/3954\/revisions"}],"predecessor-version":[{"id":3964,"href":"https:\/\/blogsaverroes.juntadeandalucia.es\/iesloscolegiales\/wp-json\/wp\/v2\/pages\/3954\/revisions\/3964"}],"wp:attachment":[{"href":"https:\/\/blogsaverroes.juntadeandalucia.es\/iesloscolegiales\/wp-json\/wp\/v2\/media?parent=3954"}],"curies":[{"name":"wp","href":"https:\/\/api.w.org\/{rel}","templated":true}]}}