{"id":4298,"date":"2025-02-04T22:09:20","date_gmt":"2025-02-04T21:09:20","guid":{"rendered":"https:\/\/blogsaverroes.juntadeandalucia.es\/iesloscolegiales\/?page_id=4298"},"modified":"2025-03-14T09:18:17","modified_gmt":"2025-03-14T08:18:17","slug":"solicitud-de-titulos-recientes","status":"publish","type":"page","link":"https:\/\/blogsaverroes.juntadeandalucia.es\/iesloscolegiales\/secretaria\/titulos\/solicitud-de-titulos-recientes\/","title":{"rendered":"Solicitud de t\u00edtulos recientes"},"content":{"rendered":"<p>Para\u00a0<strong>SOLICITAR LA EXPEDICI\u00d3N DE UN T\u00cdTULO<\/strong> de manera presencial se debe proceder del siguiente modo:<\/p>\n<ol>\n<li>Cumplimente el modelo de <a href=\"https:\/\/blogsaverroes.juntadeandalucia.es\/iesloscolegiales\/files\/2021\/09\/Solicitud_titulo.pdf\" target=\"_blank\" rel=\"noopener noreferrer\">Solicitud del titulo<\/a>, impr\u00edmalo y f\u00edrmelo.<\/li>\n<li>A continuaci\u00f3n acceda al\u00a0<a href=\"http:\/\/www.juntadeandalucia.es\/economiayhacienda\/apl\/surweb\/modelos\/modelo046\/046.jsp\" target=\"_blank\" rel=\"noopener noreferrer\">MODELO 046<\/a>\u00a0para pago de tasas.<\/li>\n<li>Rellene el formulario del siguiente modo:<\/li>\n<\/ol>\n<ul>\n<li>Cumplimente el apartado \u00abObligado al pago\u00bb con sus datos personales.<\/li>\n<li>En el apartado \u00abDatos generales\u00bb marque \u00abAutoliquidaci\u00f3n\u00bb, y en el siguiente cuadro de texto escriba: \u00abExpedici\u00f3n de T\u00edtulo de&#8230;\u00bb seguido del nombre completo del t\u00edtulo de que se trata.<\/li>\n<li>Introduzca la fecha y el importe a abonar (consultar tarifas 2025 en la tabla siguiente).<\/li>\n<\/ul>\n<table style=\"font-weight: 400;width: 80.96052833371674%;height: 368px\" width=\"483\">\n<tbody>\n<tr style=\"height: 104px\">\n<td style=\"height: 104px;width: 24.485596707818928%;text-align: center\" width=\"124\"><b><strong>T\u00cdTULO<\/strong><\/b><\/td>\n<td style=\"height: 104px;width: 20.98765432098765%;text-align: center\" width=\"104\"><b><strong>TARIFA NORMAL<\/strong><\/b><\/td>\n<td style=\"height: 104px;width: 26.74897119341564%;text-align: center\" width=\"132\"><b><strong>Familia numerosa de CATEGOR\u00cdA GENERAL<\/strong><\/b><\/td>\n<td style=\"height: 104px;width: 32.92181069958848%;text-align: center\" width=\"123\"><b><strong>Familia numerosa de CATEGOR\u00cdA ESPECIAL<\/strong><\/b><\/td>\n<\/tr>\n<tr style=\"height: 56px\">\n<td style=\"height: 56px;width: 24.485596707818928%\" width=\"124\">Bachillerato<\/td>\n<td style=\"height: 56px;width: 20.98765432098765%;text-align: center\" width=\"104\">57,19 \u20ac<\/td>\n<td style=\"height: 56px;width: 26.74897119341564%;text-align: center\" width=\"132\">28,60 \u20ac<\/td>\n<td style=\"height: 56px;width: 32.92181069958848%;text-align: center\" width=\"123\">Exento<\/td>\n<\/tr>\n<tr style=\"height: 104px\">\n<td style=\"height: 104px;width: 24.485596707818928%\" width=\"124\">Formaci\u00f3n Profesional de Grado Medio<\/td>\n<td style=\"height: 104px;width: 20.98765432098765%;text-align: center\" width=\"104\">23,28 \u20ac<\/td>\n<td style=\"height: 104px;width: 26.74897119341564%;text-align: center\" width=\"132\">11,64 \u20ac<\/td>\n<td style=\"height: 104px;width: 32.92181069958848%;text-align: center\" width=\"123\">Exento<\/td>\n<\/tr>\n<tr style=\"height: 104px\">\n<td style=\"height: 104px;width: 24.485596707818928%\" width=\"124\">Formaci\u00f3n Profesional de Grado Superior<\/td>\n<td style=\"height: 104px;width: 20.98765432098765%;text-align: center\" width=\"104\">57,19 \u20ac<\/td>\n<td style=\"height: 104px;width: 26.74897119341564%;text-align: center\" width=\"132\">28,60 \u20ac<\/td>\n<td style=\"height: 104px;width: 32.92181069958848%;text-align: center\" width=\"123\">Exento<\/td>\n<\/tr>\n<\/tbody>\n<\/table>\n<ul style=\"font-weight: 400\">\n<li>Introduzca o seleccione el C\u00f3digo Territorial:\u00a0<b><strong>ED29A9<\/strong><\/b>.<\/li>\n<li>Introduzca o seleccione el Concepto de Pago:\u00a0<b><strong>0049<\/strong><\/b>.<\/li>\n<\/ul>\n<ol style=\"font-weight: 400\">\n<li>Compruebe que todos los datos son correctos y pulse en \u00abValidar\u00bb.<\/li>\n<li>A continuaci\u00f3n podr\u00e1 optar por realizar el pago telem\u00e1tico o bien en una entidad colaboradora. Pulse en \u00abImprimir\u00bb, con lo cual se generar\u00e1 un documento por triplicado que debe imprimir.<\/li>\n<li>Con el documento impreso (modelo 046) debe acudir a una entidad colaboradora para hacer el ingreso (si no ha optado por el pago telem\u00e1tico), y a continuaci\u00f3n a la Secretar\u00eda de nuestro Centro (<a href=\"https:\/\/calendly.com\/iesloscolegiales\/secretaria\" target=\"_blank\" rel=\"noopener noreferrer\">CITA PREVIA<\/a>) para presentar el documento, adjuntando el impreso de solicitud de titulo y fotocopia del DNI (en caso de tratarse de alumnos de La Salle Virlecha o de Al\u00faa, deber\u00e1n a\u00f1adir tambi\u00e9n certificaci\u00f3n acad\u00e9mica). Igualmente, en caso de acogerse al precio de familia numerosa, deber\u00e1 aportar fotocopia del carnet acreditativo de dicha circunstancia, que debe estar en vigor.<\/li>\n<\/ol>\n<p>Tambi\u00e9n si lo prefiere puede realizar todo el tr\u00e1mite TELEM\u00c1TICAMENTE sin necesidad de desplazarse a trav\u00e9s de la <a href=\"https:\/\/www.juntadeandalucia.es\/educacion\/secretariavirtual\/accesoTramite\/302\/\" target=\"_blank\" rel=\"noopener\">SECRETAR\u00cdA VIRTUAL<\/a> de los Centros Docentes Andaluces.<\/p>\n","protected":false},"excerpt":{"rendered":"<p>Para\u00a0SOLICITAR LA EXPEDICI\u00d3N DE UN T\u00cdTULO de manera presencial se debe proceder del siguiente modo: Cumplimente el modelo de Solicitud del titulo, impr\u00edmalo y f\u00edrmelo. A continuaci\u00f3n acceda al\u00a0MODELO 046\u00a0para pago de tasas. Rellene el formulario del siguiente modo: Cumplimente el apartado \u00abObligado al pago\u00bb con sus datos personales. En el apartado \u00abDatos generales\u00bb marque \u00abAutoliquidaci\u00f3n\u00bb, y en el siguiente cuadro de texto escriba: \u00abExpedici\u00f3n de T\u00edtulo de&#8230;\u00bb seguido del nombre completo del t\u00edtulo de que se trata. Introduzca la fecha y el importe a abonar (consultar tarifas 2025 en la tabla siguiente). T\u00cdTULO TARIFA NORMAL Familia numerosa de CATEGOR\u00cdA&#46;&#46;&#46;<\/p>\n","protected":false},"author":13835,"featured_media":0,"parent":2638,"menu_order":0,"comment_status":"closed","ping_status":"closed","template":"","meta":{"ngg_post_thumbnail":0,"footnotes":"","_mc_calendar":[]},"aioseo_notices":[],"_links":{"self":[{"href":"https:\/\/blogsaverroes.juntadeandalucia.es\/iesloscolegiales\/wp-json\/wp\/v2\/pages\/4298"}],"collection":[{"href":"https:\/\/blogsaverroes.juntadeandalucia.es\/iesloscolegiales\/wp-json\/wp\/v2\/pages"}],"about":[{"href":"https:\/\/blogsaverroes.juntadeandalucia.es\/iesloscolegiales\/wp-json\/wp\/v2\/types\/page"}],"author":[{"embeddable":true,"href":"https:\/\/blogsaverroes.juntadeandalucia.es\/iesloscolegiales\/wp-json\/wp\/v2\/users\/13835"}],"replies":[{"embeddable":true,"href":"https:\/\/blogsaverroes.juntadeandalucia.es\/iesloscolegiales\/wp-json\/wp\/v2\/comments?post=4298"}],"version-history":[{"count":4,"href":"https:\/\/blogsaverroes.juntadeandalucia.es\/iesloscolegiales\/wp-json\/wp\/v2\/pages\/4298\/revisions"}],"predecessor-version":[{"id":4324,"href":"https:\/\/blogsaverroes.juntadeandalucia.es\/iesloscolegiales\/wp-json\/wp\/v2\/pages\/4298\/revisions\/4324"}],"up":[{"embeddable":true,"href":"https:\/\/blogsaverroes.juntadeandalucia.es\/iesloscolegiales\/wp-json\/wp\/v2\/pages\/2638"}],"wp:attachment":[{"href":"https:\/\/blogsaverroes.juntadeandalucia.es\/iesloscolegiales\/wp-json\/wp\/v2\/media?parent=4298"}],"curies":[{"name":"wp","href":"https:\/\/api.w.org\/{rel}","templated":true}]}}