{"id":44,"date":"2015-03-13T08:42:15","date_gmt":"2015-03-13T08:42:15","guid":{"rendered":"http:\/\/blogsaverroes.juntadeandalucia.es\/pre\/ceip\/?page_id=44"},"modified":"2025-01-09T17:35:33","modified_gmt":"2025-01-09T16:35:33","slug":"planes-y-proyectos","status":"publish","type":"page","link":"https:\/\/blogsaverroes.juntadeandalucia.es\/iesloscolegiales\/planes-y-proyectos\/","title":{"rendered":"Planes y Programas"},"content":{"rendered":"<h3><strong>Proyectos de innovaci\u00f3n educativa y desarrollo curricular:<\/strong><\/h3>\n<p>Curso 2022-2023: Atlas digital conflictos del mundo actual. Refugiados.<\/p>\n<ul>\n<li>Blog<strong> Conflictos actuales y refugiados<\/strong>: <a href=\"https:\/\/conflictosactualesiesloscolegiales.blogspot.com\/\" target=\"_blank\" rel=\"noopener noreferrer\" data-saferedirecturl=\"https:\/\/www.google.com\/url?q=https:\/\/conflictosactualesiesloscolegiales.blogspot.com\/&amp;source=gmail&amp;ust=1666939249689000&amp;usg=AOvVaw3MyeyH8-tVe5g7tfl6hkNU\">https:\/\/conflictosactualesiesloscolegiales.blogspot.com\/<\/a><\/li>\n<\/ul>\n<h3><strong>Proyectos de elaboraci\u00f3n de materiales y recursos did\u00e1cticos:<\/strong><\/h3>\n<p>Curso 2022-2023: <a href=\"http:\/\/blogsaverroes.juntadeandalucia.es\/iesloscolegiales\/proyecto-de-hibridacion\/\">\u201cHibridaci\u00f3n de Energ\u00edas Renovables con Red para Grupo de Presi\u00f3n a presi\u00f3n constante\u201d<\/a>. Manuel Mart\u00ednez (Departamento de Instalaci\u00f3n y Mantenimiento)<\/p>\n<p>Curso 2021-2022: \u201cMujeres de la Historia Contempor\u00e1nea. Google Maps y \u00bfQui\u00e9n es qui\u00e9n?\u201d: Jos\u00e9 Luis Trujillo (Departamento de Geograf\u00eda e Historia)<\/p>\n<h3><strong>PLANES Y PROGRAMAS:<\/strong><\/h3>\n<ul>\n<li><strong>Cultura Cl\u00e1sica 1\u00ba ESO<\/strong>: <a href=\"https:\/\/culturaclasicaloscolegiales.blogspot.com\/\" target=\"_blank\" rel=\"noopener noreferrer\" data-saferedirecturl=\"https:\/\/www.google.com\/url?q=https:\/\/culturaclasicaloscolegiales.blogspot.com\/&amp;source=gmail&amp;ust=1666939249689000&amp;usg=AOvVaw2gB8Zhj_qrbUUwxUc5J1dv\">https:\/\/culturaclasicaloscolegiales.blogspot.com\/<\/a><\/li>\n<li><strong>Aula de cine. <\/strong>Este proyecto tiene un blog sobre el uso del cine en el aula<strong>.<\/strong>\n<ul>\n<li><strong><a href=\"https:\/\/cineloscolegiales.blogspot.com\/\">BLOG DE CINE EN EL AULA<\/a> <\/strong><\/li>\n<li>Hay un apartado donde se pueden encontrar m\u00e1s de 160 pel\u00edculas \/ documentales con su ficha did\u00e1ctica correspondiente.\u00a0 <strong><a href=\"http:\/\/Lista de pel\u00edculas: https:\/\/cineloscolegiales.blogspot.com\/p\/listado-alfabetico.html\">LISTA DE PEL\u00cdCULAS<\/a><\/strong><\/li>\n<\/ul>\n<\/li>\n<li><strong>Proyecto<\/strong> <strong>eTwining: <\/strong>Miguel Luque (Departamento de Ingl\u00e9s). <a href=\"https:\/\/www.instagram.com\/miguel_luque_etwinning\/\" target=\"_blank\" rel=\"noopener noreferrer\">Instagram<\/a> &#8211; <a href=\"https:\/\/twitter.com\/megiasluque\" target=\"_blank\" rel=\"noopener noreferrer\">Twitter<\/a><strong><br \/>\n<\/strong><\/li>\n<li><strong>ALDEA<\/strong>: Inma D\u00edaz Moreno (Departamento de Biolog\u00eda y Geolog\u00eda)<br \/>\nAqu\u00ed puedes encontrar informaci\u00f3n sobre el proyecto: <a href=\"https:\/\/blogsaverroes.juntadeandalucia.es\/iesloscolegiales\/files\/2021\/12\/Plan-de-actuaci\u00f3n-Aldea.pdf\"><strong>PLAN DE ACTUACI\u00d3N ALDEA<\/strong><\/a><\/li>\n<li><strong>Vivir y sentir el Patrimonio:<\/strong> Mercedes S\u00e1nchez (Departamento de Geograf\u00eda e Historia)<\/li>\n<li><strong>Innicia (cultura emprendedora)<\/strong>: Ver\u00f3nica Dur\u00e1n (Departamento de Formaci\u00f3n y Orientaci\u00f3n Laboral)<\/li>\n<li><strong>ComunicA:<\/strong> Mercedes Pardo (Departamento de Lengua y Literatura)<br \/>\nAqu\u00ed puedes encontrar informaci\u00f3n sobre el proyecto: <a href=\"https:\/\/blogsaverroes.juntadeandalucia.es\/iesloscolegiales\/files\/2021\/12\/Plan-de-actuaci\u00f3n-Comunica.pdf\"><strong>PLAN DE ACTUACI\u00d3N COMUNICA<\/strong><\/a><\/li>\n<li><strong>AulaDcine<\/strong>: Jos\u00e9 Luis Blanco (Departamento de F\u00edsica y Qu\u00edmica)<\/li>\n<li><strong>AulaDjaque<\/strong>: David Garc\u00eda (Departamento de Geograf\u00eda e Historia)<br \/>\nAqu\u00ed puedes encontrar informaci\u00f3n sobre el proyecto: <strong><a href=\"https:\/\/blogsaverroes.juntadeandalucia.es\/iesloscolegiales\/files\/2021\/12\/Plan-de-actuacion-AulaDjaque.pdf\">PLAN DE ACTUACI\u00d3N AULADJAQUE<\/a><\/strong><\/li>\n<li><strong>Forma Joven<\/strong>: Ana Artacho (Departamento de Sanidad)<br \/>\nAqu\u00ed puedes encontrar informaci\u00f3n sobre el proyecto:<strong> <a href=\"https:\/\/blogsaverroes.juntadeandalucia.es\/iesloscolegiales\/files\/2021\/12\/Plan-de-actuaci\u00f3n-Forma-Joven-curso-21-22.pdf\">PLAN DE ACTUACI\u00d3N FORMA JOVEN<\/a><\/strong><\/li>\n<li><strong>Escuela, espacio de Paz<\/strong>. Rosi Gonz\u00e1lez (Departamento de Matem\u00e1ticas). Aqu\u00ed puedes encontrar informaci\u00f3n relativa a este proyecto: <strong><a href=\"http:\/\/escueladepazcolegiales.blogspot.com\/\">BLOG ESCUELA ESPACIO DE PAZ<\/a><\/strong><\/li>\n<li><strong>Coeducaci\u00f3n<\/strong>: Mar\u00eda Jos\u00e9 Romero (Departamento de Orientaci\u00f3n)<\/li>\n<li><strong>Proyecto digitalizaci\u00f3n del centro<\/strong>: Estrella S\u00e1nchez. Tecn e Inform\u00e1tica.<\/li>\n<li><strong>Blog de M\u00fasica<\/strong>: <a href=\"https:\/\/elmusicodelavega2017.blogspot.com\/2018\/04\/portada-el-musico-de-la-vega.html\">BLOG MUSICA <\/a>Y <a href=\"https:\/\/www.youtube.com\/channel\/UC-BojWYvzYc8pyeMd0At-eA\">CANAL DE YOUTUBE<\/a><\/li>\n<li><strong>Otros proyectos:<\/strong><\/li>\n<\/ul>\n<div>\n<ul>\n<li style=\"list-style-type: none\">\n<ul>\n<li>\n<p dir=\"ltr\" role=\"presentation\"><strong>Programa de emprendimiento.<\/strong> Ver\u00f3nica Dur\u00e1n (Departamento de Formaci\u00f3n y Orientaci\u00f3n Laboral).<\/p>\n<\/li>\n<li>\n<p dir=\"ltr\" role=\"presentation\"><strong>ERASMUS+ FP.<\/strong> Fernando P. Vasco (Departamento de Instalaci\u00f3n y Mantenimiento) <strong><a href=\"https:\/\/blogsaverroes.juntadeandalucia.es\/erasmusfploscolegiales\/\">BLOG ERASMUS FP<\/a><\/strong><\/p>\n<\/li>\n<li><strong>ERASMUS+ PROYECTO MEDITERRANEO:<\/strong> Encargados del proyecto: Inma D\u00edaz (Biolog\u00eda), Jos\u00e9 Luis Trujillo (Historia), Miguel Luque (ingl\u00e9s). BLOG <a title=\"PROYECTO &quot;MEDITERR\u00c1NEO&quot;\" href=\"https:\/\/mediterraneoiescolegiales.blogspot.com\/\">PROYECTO \u00abMEDITERR\u00c1NEO\u00bb<\/a><\/li>\n<\/ul>\n<\/li>\n<\/ul>\n<p>Blogs educativos relacionados con los proyectos:<\/p>\n<ul>\n<li>Blog de Historia Contempor\u00e1nea:<strong> <a href=\"http:\/\/joseluistrujillorodriguez.blogspot.com\/\" target=\"_blank\" rel=\"noopener noreferrer\" data-saferedirecturl=\"https:\/\/www.google.com\/url?q=http:\/\/joseluistrujillorodriguez.blogspot.com\/&amp;source=gmail&amp;ust=1634814050714000&amp;usg=AFQjCNFL8EMeYwl0ooUAFXu08xTmy2aGHw\">http:\/\/joseluistrujillorodriguez.blogspot.com\/<\/a><\/strong><\/li>\n<li>Blog de Educaci\u00f3n Medioambiental:<strong> <a href=\"https:\/\/educambientalcolegiales.blogspot.com\/\" target=\"_blank\" rel=\"noopener noreferrer\" data-saferedirecturl=\"https:\/\/www.google.com\/url?q=https:\/\/educambientalcolegiales.blogspot.com\/&amp;source=gmail&amp;ust=1634814050715000&amp;usg=AFQjCNFLjE7AJ1IwX2x5VidZZdrvskp93A\">https:\/\/educambientalcolegiales.blogspot.com\/<\/a><\/strong><\/li>\n<li>Blog de Patrimonio IES Los Colegiales: <strong><a href=\"https:\/\/patrimonioloscolegiales.blogspot.com\/\" target=\"_blank\" rel=\"noopener noreferrer\" data-saferedirecturl=\"https:\/\/www.google.com\/url?q=https:\/\/patrimonioloscolegiales.blogspot.com\/&amp;source=gmail&amp;ust=1634814050715000&amp;usg=AFQjCNE1avC-atpsluEQ76FAFqRuTno-jg\">https:\/\/patrimonioloscolegiales.blogspot.com\/<\/a><\/strong><\/li>\n<\/ul>\n<\/div>\n","protected":false},"excerpt":{"rendered":"<p>Proyectos de innovaci\u00f3n educativa y desarrollo curricular: Curso 2022-2023: Atlas digital conflictos del mundo actual. Refugiados. Blog Conflictos actuales y refugiados: https:\/\/conflictosactualesiesloscolegiales.blogspot.com\/ Proyectos de elaboraci\u00f3n de materiales y recursos did\u00e1cticos: Curso 2022-2023: \u201cHibridaci\u00f3n de Energ\u00edas Renovables con Red para Grupo de Presi\u00f3n a presi\u00f3n constante\u201d. Manuel Mart\u00ednez (Departamento de Instalaci\u00f3n y Mantenimiento) Curso 2021-2022: \u201cMujeres de la Historia Contempor\u00e1nea. Google Maps y \u00bfQui\u00e9n es qui\u00e9n?\u201d: Jos\u00e9 Luis Trujillo (Departamento de Geograf\u00eda e Historia) PLANES Y PROGRAMAS: Cultura Cl\u00e1sica 1\u00ba ESO: https:\/\/culturaclasicaloscolegiales.blogspot.com\/ Aula de cine. Este proyecto tiene un blog sobre el uso del cine en el aula. BLOG DE CINE&#46;&#46;&#46;<\/p>\n","protected":false},"author":1,"featured_media":0,"parent":0,"menu_order":0,"comment_status":"closed","ping_status":"closed","template":"","meta":{"ngg_post_thumbnail":0,"footnotes":"","_mc_calendar":[]},"aioseo_notices":[],"_links":{"self":[{"href":"https:\/\/blogsaverroes.juntadeandalucia.es\/iesloscolegiales\/wp-json\/wp\/v2\/pages\/44"}],"collection":[{"href":"https:\/\/blogsaverroes.juntadeandalucia.es\/iesloscolegiales\/wp-json\/wp\/v2\/pages"}],"about":[{"href":"https:\/\/blogsaverroes.juntadeandalucia.es\/iesloscolegiales\/wp-json\/wp\/v2\/types\/page"}],"author":[{"embeddable":true,"href":"https:\/\/blogsaverroes.juntadeandalucia.es\/iesloscolegiales\/wp-json\/wp\/v2\/users\/1"}],"replies":[{"embeddable":true,"href":"https:\/\/blogsaverroes.juntadeandalucia.es\/iesloscolegiales\/wp-json\/wp\/v2\/comments?post=44"}],"version-history":[{"count":31,"href":"https:\/\/blogsaverroes.juntadeandalucia.es\/iesloscolegiales\/wp-json\/wp\/v2\/pages\/44\/revisions"}],"predecessor-version":[{"id":4279,"href":"https:\/\/blogsaverroes.juntadeandalucia.es\/iesloscolegiales\/wp-json\/wp\/v2\/pages\/44\/revisions\/4279"}],"wp:attachment":[{"href":"https:\/\/blogsaverroes.juntadeandalucia.es\/iesloscolegiales\/wp-json\/wp\/v2\/media?parent=44"}],"curies":[{"name":"wp","href":"https:\/\/api.w.org\/{rel}","templated":true}]}}