{"id":162,"date":"2018-10-10T18:35:10","date_gmt":"2018-10-10T17:35:10","guid":{"rendered":"http:\/\/blogsaverroes.juntadeandalucia.es\/pre\/ceip\/?page_id=162"},"modified":"2025-10-27T13:22:02","modified_gmt":"2025-10-27T12:22:02","slug":"tecnologia","status":"publish","type":"page","link":"https:\/\/blogsaverroes.juntadeandalucia.es\/ieslosmolinosconil\/tecnologia\/","title":{"rendered":"TECNOLOG\u00cdA"},"content":{"rendered":"<p><a href=\"https:\/\/blogsaverroes.juntadeandalucia.es\/ieslosmolinosconil\/files\/2023\/05\/Departamento-TECNOLOG\u00cdA.png\"><img loading=\"lazy\" decoding=\"async\" class=\"size-medium wp-image-6583 aligncenter\" src=\"https:\/\/blogsaverroes.juntadeandalucia.es\/ieslosmolinosconil\/files\/2023\/05\/Departamento-TECNOLOG\u00cdA-300x300.png\" alt=\"\" width=\"300\" height=\"300\" srcset=\"https:\/\/blogsaverroes.juntadeandalucia.es\/ieslosmolinosconil\/files\/2023\/05\/Departamento-TECNOLOG\u00cdA-300x300.png 300w, https:\/\/blogsaverroes.juntadeandalucia.es\/ieslosmolinosconil\/files\/2023\/05\/Departamento-TECNOLOG\u00cdA-150x150.png 150w, https:\/\/blogsaverroes.juntadeandalucia.es\/ieslosmolinosconil\/files\/2023\/05\/Departamento-TECNOLOG\u00cdA.png 500w\" sizes=\"(max-width: 300px) 100vw, 300px\" \/><\/a><\/p>\n<p style=\"text-align: center\"><span style=\"font-family: arial, helvetica, sans-serif;color: #000000\"><strong>MIEMBROS DEL DEPARTAMENTO<\/strong><\/span><\/p>\n<p style=\"text-align: center\"><span style=\"font-family: arial, helvetica, sans-serif\">Jefa Dpto: Bego\u00f1a G.R<\/span><\/p>\n<p style=\"text-align: center\"><span style=\"font-family: arial, helvetica, sans-serif\">Fco. Javier S.P<\/span><\/p>\n<p style=\"text-align: center\"><span style=\"font-family: arial, helvetica, sans-serif\">Manuel V.R<\/span><\/p>\n<p style=\"text-align: center\"><span style=\"font-family: arial, helvetica, sans-serif\">Jose Joaqu\u00edn A.S<\/span><\/p>\n<p>&nbsp;<\/p>\n<p>&#8212;&#8212;&#8212;&#8212;&#8212;&#8212;&#8212;&#8212;&#8212;&#8212;&#8212;&#8212;&#8212;&#8212;&#8212;&#8212;&#8212;&#8212;&#8212;&#8212;&#8212;&#8212;&#8212;&#8212;&#8212;&#8212;&#8212;&#8212;&#8212;&#8212;&#8212;&#8212;&#8212;&#8212;&#8212;&#8212;&#8212;&#8212;&#8212;&#8212;&#8212;-<\/p>\n<p>Os dejamos el enlace de las webs con las que solemos trabajar contenidos de las materias del dpto.<\/p>\n<p>&#8211; <a href=\"https:\/\/www.tinkercad.com\">tinkercad<\/a><\/p>\n<p>&#8211; <a href=\"http:\/\/www.arduinoblocks.com\/\">arduinoblocks<\/a><\/p>\n<p>&#8211; <a href=\"https:\/\/scratch.mit.edu\/\">scratch<\/a><\/p>\n<p>&#8211; <a href=\"https:\/\/makecode.microbit.org\/#\">makecode Microbit<\/a><\/p>\n<p>&#8211; <a href=\"https:\/\/code.org\/\">code<\/a><\/p>\n<p>&#8211; <a href=\"https:\/\/edpuzzle.com\/\">edpuzzle<\/a><\/p>\n<p>&#8211; <a href=\"https:\/\/www.canva.com\/\">canva<\/a><\/p>\n<p>&#8211; <a href=\"https:\/\/genial.ly\/es\/\">genially<\/a><\/p>\n<p>&nbsp;<\/p>\n<hr>\n<p>Desde el departamento de tecnolog\u00eda, queremos dar respuesta a las dudas sobre varias materias de nueva oferta:<\/p>\n<ul>\n<li><a href=\"https:\/\/blogsaverroes.juntadeandalucia.es\/ieslosmolinosconil\/files\/2023\/06\/BOJA23-104-00289-9727-01_DIGITALIZACI%C3%93N.pdf\">DIGITALIZACI\u00d3N<\/a>,&nbsp; para 4\u00ba ESO<\/li>\n<li><a href=\"https:\/\/drive.google.com\/file\/d\/1S7NGD4g-YDxFyiUHs9HQEZLy_rYtwPjR\/view?usp=drive_link\">EDUCACI\u00d3N DIGITAL Y CIBERSGURIDAD<\/a>, para 1\u00ba ESO&nbsp; (propia del centro)<\/li>\n<\/ul>\n<p>___________________________________________________________________________________________________________________________<\/p>\n<p>CRITERIOS EVALUACI\u00d3N MATERIAS DPTO. TECNOLOG\u00cdA.&nbsp;<\/p>\n<p>Pr\u00f3ximamente se publicar\u00e1n los criterios de evaluaci\u00f3n de la materia.&nbsp;<\/p>\n","protected":false},"excerpt":{"rendered":"<p>MIEMBROS DEL DEPARTAMENTO Jefa Dpto: Bego\u00f1a G.R Fco. Javier S.P Manuel V.R Jose Joaqu\u00edn A.S &nbsp; &#8212;&#8212;&#8212;&#8212;&#8212;&#8212;&#8212;&#8212;&#8212;&#8212;&#8212;&#8212;&#8212;&#8212;&#8212;&#8212;&#8212;&#8212;&#8212;&#8212;&#8212;&#8212;&#8212;&#8212;&#8212;&#8212;&#8212;&#8212;&#8212;&#8212;&#8212;&#8212;&#8212;&#8212;&#8212;&#8212;&#8212;&#8212;&#8212;&#8212;&#8212;- Os dejamos el enlace de las webs con&hellip;<\/p>\n","protected":false},"author":1,"featured_media":6583,"parent":0,"menu_order":0,"comment_status":"closed","ping_status":"open","template":"","meta":{"ngg_post_thumbnail":0,"footnotes":"","_mc_calendar":[]},"aioseo_notices":[],"_links":{"self":[{"href":"https:\/\/blogsaverroes.juntadeandalucia.es\/ieslosmolinosconil\/wp-json\/wp\/v2\/pages\/162"}],"collection":[{"href":"https:\/\/blogsaverroes.juntadeandalucia.es\/ieslosmolinosconil\/wp-json\/wp\/v2\/pages"}],"about":[{"href":"https:\/\/blogsaverroes.juntadeandalucia.es\/ieslosmolinosconil\/wp-json\/wp\/v2\/types\/page"}],"author":[{"embeddable":true,"href":"https:\/\/blogsaverroes.juntadeandalucia.es\/ieslosmolinosconil\/wp-json\/wp\/v2\/users\/1"}],"replies":[{"embeddable":true,"href":"https:\/\/blogsaverroes.juntadeandalucia.es\/ieslosmolinosconil\/wp-json\/wp\/v2\/comments?post=162"}],"version-history":[{"count":27,"href":"https:\/\/blogsaverroes.juntadeandalucia.es\/ieslosmolinosconil\/wp-json\/wp\/v2\/pages\/162\/revisions"}],"predecessor-version":[{"id":7942,"href":"https:\/\/blogsaverroes.juntadeandalucia.es\/ieslosmolinosconil\/wp-json\/wp\/v2\/pages\/162\/revisions\/7942"}],"wp:featuredmedia":[{"embeddable":true,"href":"https:\/\/blogsaverroes.juntadeandalucia.es\/ieslosmolinosconil\/wp-json\/wp\/v2\/media\/6583"}],"wp:attachment":[{"href":"https:\/\/blogsaverroes.juntadeandalucia.es\/ieslosmolinosconil\/wp-json\/wp\/v2\/media?parent=162"}],"curies":[{"name":"wp","href":"https:\/\/api.w.org\/{rel}","templated":true}]}}