{"id":164,"date":"2018-10-10T17:20:28","date_gmt":"2018-10-10T16:20:28","guid":{"rendered":"http:\/\/blogsaverroes.juntadeandalucia.es\/pre\/ceip\/?page_id=164"},"modified":"2026-02-10T19:28:03","modified_gmt":"2026-02-10T18:28:03","slug":"ingles","status":"publish","type":"page","link":"https:\/\/blogsaverroes.juntadeandalucia.es\/ieslosmolinosconil\/ingles\/","title":{"rendered":"INGL\u00c9S"},"content":{"rendered":"<p style=\"text-align: center\"><span style=\"font-family: georgia, palatino, serif\"><img loading=\"lazy\" decoding=\"async\" class=\"aligncenter\" src=\"https:\/\/d39eazhratf38c.cloudfront.net\/Pictures\/480xany\/0\/5\/9\/60059_155488_27676.jpg\" alt=\"\" width=\"263\" height=\"175\" \/><\/span><\/p>\n<p style=\"text-align: center\"><span style=\"font-family: georgia, palatino, serif;color: #000000\"><strong>MIEMBROS DEL DEPARTAMENTO:<\/strong><\/span><\/p>\n<p style=\"text-align: center\"><span style=\"font-family: georgia, palatino, serif\">Jefa Dpto. Luz Mar\u00eda G.M.\u00a0<\/span><\/p>\n<p style=\"text-align: center\"><span style=\"font-family: georgia, palatino, serif\">Judit A.R.<\/span><\/p>\n<p style=\"text-align: center\"><span style=\"font-family: georgia, palatino, serif\">Ana Cristina N.C.<\/span><\/p>\n<p style=\"text-align: center\"><span style=\"font-family: georgia, palatino, serif\">Roc\u00edo R.P.<\/span><\/p>\n<p style=\"text-align: center\"><span style=\"font-family: georgia, palatino, serif\">Mar\u00eda \u00c1ngeles O.G.<\/span><\/p>\n<hr \/>\n<p style=\"text-align: center\"><span style=\"text-decoration: underline;font-family: georgia, palatino, serif\"><strong>Criterios de evaluaci\u00f3n<\/strong><\/span><\/p>\n<ul>\n<li style=\"text-align: center\"><span style=\"font-family: georgia, palatino, serif\">Los criterios evaluados por ley pueden consultarse en la web del gobierno, <a href=\"https:\/\/educagob.educacionfpydeportes.gob.es\/ca\/curriculo\/curriculo-lomloe\/menu-curriculos-basicos\/ed-secundaria-obligatoria\/materias\/lengua-extranjera\/criterios-eval-primer-segundo-curso.html\">aqu\u00ed<\/a>, curso por curso.<\/span><\/li>\n<\/ul>\n<hr \/>\n<h4><span style=\"font-family: georgia, palatino, serif\">Interesting resources to learn or practice your English!<\/span><\/h4>\n<ul style=\"list-style-type: disc\">\n<li><span style=\"text-decoration: underline;font-family: georgia, palatino, serif\">Grammar practice online with answers!<\/span><\/li>\n<\/ul>\n<p><span style=\"font-family: georgia, palatino, serif\">&#8211; <a href=\"https:\/\/www.ejerciciosinglesonline.com\/grammar\">https:\/\/www.ejerciciosinglesonline.com\/grammar<\/a>\u00a0<\/span><br \/>\n<span style=\"font-family: georgia, palatino, serif\">&#8211; <a href=\"https:\/\/www.liveworksheets.com\/\">https:\/\/www.liveworksheets.com\/<\/a><\/span><br \/>\n<span style=\"font-family: georgia, palatino, serif\">&#8211; <a href=\"https:\/\/www.english-grammar.at\/online_exercises\/modal-verbs\/modal-verbs-index.htm\">https:\/\/www.english-grammar.at\/online_exercises\/modal-verbs\/modal-verbs-index.htm<\/a><\/span><\/p>\n<ul>\n<li><span style=\"text-decoration: underline;font-family: georgia, palatino, serif\">Grammar books to self-study at home:<\/span><\/li>\n<\/ul>\n<p>Cambridge Grammar for PET<br \/>\nCambridge KET for Schools<br \/>\nSucceed in A2\/B1\/B2 by Andrew Betsis<br \/>\nEssential\/English Grammar in Use by Raymond Murphy<br \/>\nCommon mistakes at KET by Liz Driscoll<\/p>\n<ul>\n<li><span style=\"text-decoration: underline;font-family: georgia, palatino, serif\">Games:<\/span><\/li>\n<\/ul>\n<p><span style=\"font-family: georgia, palatino, serif\">&#8211; Learn English with music: <a href=\"https:\/\/lyricstraining.com\/\">https:\/\/lyricstraining.com\/<\/a><\/span><br \/>\n<span style=\"font-family: georgia, palatino, serif\">&#8211; <a href=\"https:\/\/www.educaplay.com\/\">Educaplay<\/a>, <a href=\"https:\/\/wordwall.net\/en-gb\/community\/irregular-verbs\">WordWall<\/a> and <a href=\"https:\/\/quizlet.com\/en-gb\">Quizlet<\/a> for a compilation of games<\/span><br \/>\n<span style=\"font-family: georgia, palatino, serif\">&#8211; Quizzes to test your knowledge: <a href=\"https:\/\/kahoot.com\/academy\/study\/?subject=ela\">Kahoot<\/a>, <a href=\"https:\/\/quizizz.com\/admin\">Quizziz<\/a>\u00a0<\/span><\/p>\n<ul>\n<li class=\"iDevice_inner\"><span style=\"text-decoration: underline;font-family: georgia, palatino, serif\">Listening skills:<\/span><\/li>\n<\/ul>\n<div>&#8211; ESL Video to practice comprehension: <a href=\"https:\/\/www.eslvideo.com\/quizzes_low_intermediate.php\">https:\/\/www.eslvideo.com\/quizzes_low_intermediate.php<\/a><\/div>\n<div>&#8211; TED-ed talks (advanced students):<a href=\"https:\/\/ed.ted.com\/lessons?direction=desc&amp;sort=featured-position&amp;user_by_click=student\"> https:\/\/ed.ted.com\/lessons?direction=desc&amp;sort=featured-position&amp;user_by_click=student<\/a><\/div>\n<div>&#8211; BBC learning English Youtube channel: <a href=\"https:\/\/www.youtube.com\/@bbclearningenglish\/playlists\">https:\/\/www.youtube.com\/@bbclearningenglish\/playlists<\/a><\/div>\n<div>And of course, watching documentaries, films and TV series in English with or without subtitles!<\/div>\n","protected":false},"excerpt":{"rendered":"<p>MIEMBROS DEL DEPARTAMENTO: Jefa Dpto. Luz Mar\u00eda G.M.\u00a0 Judit A.R. Ana Cristina N.C. Roc\u00edo R.P. Mar\u00eda \u00c1ngeles O.G. Criterios de evaluaci\u00f3n Los criterios evaluados por&hellip;<\/p>\n","protected":false},"author":1,"featured_media":0,"parent":0,"menu_order":0,"comment_status":"closed","ping_status":"open","template":"","meta":{"ngg_post_thumbnail":0,"footnotes":"","_mc_calendar":[]},"aioseo_notices":[],"_links":{"self":[{"href":"https:\/\/blogsaverroes.juntadeandalucia.es\/ieslosmolinosconil\/wp-json\/wp\/v2\/pages\/164"}],"collection":[{"href":"https:\/\/blogsaverroes.juntadeandalucia.es\/ieslosmolinosconil\/wp-json\/wp\/v2\/pages"}],"about":[{"href":"https:\/\/blogsaverroes.juntadeandalucia.es\/ieslosmolinosconil\/wp-json\/wp\/v2\/types\/page"}],"author":[{"embeddable":true,"href":"https:\/\/blogsaverroes.juntadeandalucia.es\/ieslosmolinosconil\/wp-json\/wp\/v2\/users\/1"}],"replies":[{"embeddable":true,"href":"https:\/\/blogsaverroes.juntadeandalucia.es\/ieslosmolinosconil\/wp-json\/wp\/v2\/comments?post=164"}],"version-history":[{"count":42,"href":"https:\/\/blogsaverroes.juntadeandalucia.es\/ieslosmolinosconil\/wp-json\/wp\/v2\/pages\/164\/revisions"}],"predecessor-version":[{"id":7994,"href":"https:\/\/blogsaverroes.juntadeandalucia.es\/ieslosmolinosconil\/wp-json\/wp\/v2\/pages\/164\/revisions\/7994"}],"wp:attachment":[{"href":"https:\/\/blogsaverroes.juntadeandalucia.es\/ieslosmolinosconil\/wp-json\/wp\/v2\/media?parent=164"}],"curies":[{"name":"wp","href":"https:\/\/api.w.org\/{rel}","templated":true}]}}