{"id":170,"date":"2016-11-22T22:30:32","date_gmt":"2016-11-22T21:30:32","guid":{"rendered":"http:\/\/blogsaverroes.juntadeandalucia.es\/pre\/ceip\/?page_id=170"},"modified":"2025-01-10T11:24:56","modified_gmt":"2025-01-10T10:24:56","slug":"ciencias","status":"publish","type":"page","link":"https:\/\/blogsaverroes.juntadeandalucia.es\/ieslosmolinosconil\/ciencias\/","title":{"rendered":"CIENCIAS"},"content":{"rendered":"<p>&nbsp;<\/p>\n<p><a href=\"https:\/\/blogsaverroes.juntadeandalucia.es\/ieslosmolinosconil\/files\/2023\/09\/kisspng-paper-science-sticker-technology-knowledge-vector-science-5a9cfd97587dd3.9918215715202379753625-1.png\"><img loading=\"lazy\" decoding=\"async\" class=\"wp-image-6813 aligncenter\" src=\"https:\/\/blogsaverroes.juntadeandalucia.es\/ieslosmolinosconil\/files\/2023\/09\/kisspng-paper-science-sticker-technology-knowledge-vector-science-5a9cfd97587dd3.9918215715202379753625-1-300x300.png\" alt=\"\" width=\"300\" height=\"300\" srcset=\"https:\/\/blogsaverroes.juntadeandalucia.es\/ieslosmolinosconil\/files\/2023\/09\/kisspng-paper-science-sticker-technology-knowledge-vector-science-5a9cfd97587dd3.9918215715202379753625-1-300x300.png 300w, https:\/\/blogsaverroes.juntadeandalucia.es\/ieslosmolinosconil\/files\/2023\/09\/kisspng-paper-science-sticker-technology-knowledge-vector-science-5a9cfd97587dd3.9918215715202379753625-1-1024x1024.png 1024w, https:\/\/blogsaverroes.juntadeandalucia.es\/ieslosmolinosconil\/files\/2023\/09\/kisspng-paper-science-sticker-technology-knowledge-vector-science-5a9cfd97587dd3.9918215715202379753625-1-150x150.png 150w, https:\/\/blogsaverroes.juntadeandalucia.es\/ieslosmolinosconil\/files\/2023\/09\/kisspng-paper-science-sticker-technology-knowledge-vector-science-5a9cfd97587dd3.9918215715202379753625-1-768x768.png 768w, https:\/\/blogsaverroes.juntadeandalucia.es\/ieslosmolinosconil\/files\/2023\/09\/kisspng-paper-science-sticker-technology-knowledge-vector-science-5a9cfd97587dd3.9918215715202379753625-1.png 1200w\" sizes=\"(max-width: 300px) 100vw, 300px\" \/>\u00a0<\/a><\/p>\n<p style=\"text-align: center\"><span style=\"font-family: arial, helvetica, sans-serif;color: #000000\"><strong>MIEMBROS DEL DEPARTAMENTO<\/strong><\/span><\/p>\n<p style=\"text-align: center\"><span style=\"font-family: arial, helvetica, sans-serif\">Jefa Dpto: Mar\u00eda Leonor de S. S<\/span><\/p>\n<p style=\"text-align: center\"><span style=\"font-family: arial, helvetica, sans-serif\">Mar\u00eda del Carmen C. R<\/span><\/p>\n<p style=\"text-align: center\"><span style=\"font-family: arial, helvetica, sans-serif\">Mar\u00eda Jes\u00fas R.B<\/span><\/p>\n<p style=\"text-align: center\"><span style=\"font-family: arial, helvetica, sans-serif\">V\u00edctor M.V<\/span><\/p>\n<p style=\"text-align: center\"><span style=\"font-family: arial, helvetica, sans-serif\">Antonia T.B<\/span><\/p>\n<p style=\"text-align: center\"><strong>\u00a0<\/strong><\/p>\n<p style=\"text-align: center\"><a href=\"https:\/\/blogsaverroes.juntadeandalucia.es\/ieslosmolinosconil\/files\/2023\/06\/CRITERIOS-EV.-CULTURA-CIENT\u00cdFICA.pdf\">CRITERIOS EV. CULTURA CIENT\u00cdFICA<\/a><\/p>\n<p style=\"text-align: center\"><a href=\"https:\/\/blogsaverroes.juntadeandalucia.es\/ieslosmolinosconil\/files\/2023\/06\/CRITERIOS-EV.-BIOLOG\u00cdA-Y-GEOLOG\u00cdA.pdf\">CRITERIOS EV. BIOLOG\u00cdA Y GEOLOG\u00cdA<\/a><\/p>\n<p style=\"text-align: center\"><a href=\"https:\/\/blogsaverroes.juntadeandalucia.es\/ieslosmolinosconil\/files\/2023\/06\/Criterios-Biologi\u0301a-y-geologi\u0301a-1ESO.pdf\">Criterios Biologi\u0301a y geologi\u0301a 1ESO<\/a><\/p>\n<p style=\"text-align: center\"><a href=\"https:\/\/blogsaverroes.juntadeandalucia.es\/ieslosmolinosconil\/files\/2023\/06\/Criterios-Fisica-y-qui\u0301mica-2-ESO.pdf\">Criterios Fisica y qui\u0301mica 2 ESO<\/a><\/p>\n<p style=\"text-align: center\"><a href=\"https:\/\/blogsaverroes.juntadeandalucia.es\/ieslosmolinosconil\/files\/2023\/06\/CRITERIOS-4\u00baBIOLOGI\u0301A-Y-GEOLOGI\u0301A.pdf\">CRITERIOS 4\u00baBIOLOGI\u0301A Y GEOLOGI\u0301A<\/a><\/p>\n<p style=\"text-align: center\"><a href=\"https:\/\/blogsaverroes.juntadeandalucia.es\/ieslosmolinosconil\/files\/2023\/06\/Criterios-Evaluacio\u0301n-A\u0301mbito-Cienti\u0301fico-Tecnolo\u0301gico-3\u00ba-DIVERSIFICACIO\u0301N-CURRICULAR.pdf\">Criterios Evaluacio\u0301n A\u0301mbito Cienti\u0301fico Tecnolo\u0301gico 3\u00ba DIVERSIFICACIO\u0301N CURRICULAR<\/a><\/p>\n<p>&nbsp;<\/p>\n<p>&nbsp;<\/p>\n","protected":false},"excerpt":{"rendered":"<p>&nbsp; \u00a0 MIEMBROS DEL DEPARTAMENTO Jefa Dpto: Mar\u00eda Leonor de S. S Mar\u00eda del Carmen C. R Mar\u00eda Jes\u00fas R.B V\u00edctor M.V Antonia T.B \u00a0&hellip;<\/p>\n","protected":false},"author":1,"featured_media":0,"parent":0,"menu_order":0,"comment_status":"closed","ping_status":"open","template":"","meta":{"ngg_post_thumbnail":0,"footnotes":"","_mc_calendar":[]},"aioseo_notices":[],"_links":{"self":[{"href":"https:\/\/blogsaverroes.juntadeandalucia.es\/ieslosmolinosconil\/wp-json\/wp\/v2\/pages\/170"}],"collection":[{"href":"https:\/\/blogsaverroes.juntadeandalucia.es\/ieslosmolinosconil\/wp-json\/wp\/v2\/pages"}],"about":[{"href":"https:\/\/blogsaverroes.juntadeandalucia.es\/ieslosmolinosconil\/wp-json\/wp\/v2\/types\/page"}],"author":[{"embeddable":true,"href":"https:\/\/blogsaverroes.juntadeandalucia.es\/ieslosmolinosconil\/wp-json\/wp\/v2\/users\/1"}],"replies":[{"embeddable":true,"href":"https:\/\/blogsaverroes.juntadeandalucia.es\/ieslosmolinosconil\/wp-json\/wp\/v2\/comments?post=170"}],"version-history":[{"count":33,"href":"https:\/\/blogsaverroes.juntadeandalucia.es\/ieslosmolinosconil\/wp-json\/wp\/v2\/pages\/170\/revisions"}],"predecessor-version":[{"id":7322,"href":"https:\/\/blogsaverroes.juntadeandalucia.es\/ieslosmolinosconil\/wp-json\/wp\/v2\/pages\/170\/revisions\/7322"}],"wp:attachment":[{"href":"https:\/\/blogsaverroes.juntadeandalucia.es\/ieslosmolinosconil\/wp-json\/wp\/v2\/media?parent=170"}],"curies":[{"name":"wp","href":"https:\/\/api.w.org\/{rel}","templated":true}]}}