{"id":6026,"date":"2023-03-02T23:12:58","date_gmt":"2023-03-02T22:12:58","guid":{"rendered":"http:\/\/blogsaverroes.juntadeandalucia.es\/ieslosmolinosconil\/?page_id=6026"},"modified":"2025-02-02T23:00:07","modified_gmt":"2025-02-02T22:00:07","slug":"biblioteca","status":"publish","type":"page","link":"https:\/\/blogsaverroes.juntadeandalucia.es\/ieslosmolinosconil\/biblioteca\/","title":{"rendered":"BIBLIOTECA"},"content":{"rendered":"<p><span style=\"font-family: arial, helvetica, sans-serif\"><img loading=\"lazy\" decoding=\"async\" class=\"size-medium aligncenter\" src=\"https:\/\/www.juntadeandalucia.es\/educacion\/portals\/documents\/311140\/436145\/Subportal+Bibliotecas+composicion.jpg\/df64ccca-48ce-4ada-acc6-19aa09a90c75?t=1575447709418\" width=\"480\" height=\"240\"><\/span><\/p>\n<p><span style=\"font-family: arial, helvetica, sans-serif\">En la sociedad de la informaci\u00f3n y el conocimiento se requiere que las bibliotecas escolares se conviertan en centros de recursos para la ense\u00f1anza y el aprendizaje.&nbsp;Son un factor de compensaci\u00f3n social, que posibilitan el acceso a los recursos informativos y culturales a quienes carecen de ellos, procurando as\u00ed paliar la brecha digital y social. <a href=\"https:\/\/www.juntadeandalucia.es\/educacion\/portals\/web\/lecturas-bibliotecas-escolares\/bibliotecas-escolares\">Pincha<\/a> para m\u00e1s informaci\u00f3n. Abierta durante los recreos para pr\u00e9stamo o lectura de libros y m\u00e1s actividades.<\/span><\/p>\n<p style=\"text-align: center\"><span style=\"font-family: arial, helvetica, sans-serif\">\u00a1Visita el perfil de Instagram de la biblioteca para ver qu\u00e9 se cuece!&nbsp;<br \/>\n<a href=\"https:\/\/www.instagram.com\/bibliotecaieslosmolinosconil\/\">https:\/\/www.instagram.com\/bibliotecaieslosmolinosconil\/<\/a>&nbsp;<\/span><\/p>\n<p>&nbsp;<\/p>\n<p style=\"text-align: center\"><span style=\"font-family: arial, helvetica, sans-serif\">Pincha aqu\u00ed para ver un <strong>resumen de las actividades realizadas<\/strong> bajo este programa:<br \/>\n<a href=\"https:\/\/blogsaverroes.juntadeandalucia.es\/ieslosmolinosconil\/category\/planes-y-programas\/biblioteca\/\">https:\/\/blogsaverroes.juntadeandalucia.es\/ieslosmolinosconil\/category\/planes-y-programas\/biblioteca\/<\/a><br \/>\n<\/span><\/p>\n<p style=\"text-align: center\"><span style=\"font-family: arial, helvetica, sans-serif\"><span style=\"text-decoration: underline\">Coordinaci\u00f3n<\/span>: Tamara O. T.<\/span><\/p>\n","protected":false},"excerpt":{"rendered":"<p>En la sociedad de la informaci\u00f3n y el conocimiento se requiere que las bibliotecas escolares se conviertan en centros de recursos para la ense\u00f1anza y&hellip;<\/p>\n","protected":false},"author":2976,"featured_media":5900,"parent":0,"menu_order":0,"comment_status":"closed","ping_status":"closed","template":"","meta":{"ngg_post_thumbnail":0,"footnotes":"","_mc_calendar":[]},"aioseo_notices":[],"_links":{"self":[{"href":"https:\/\/blogsaverroes.juntadeandalucia.es\/ieslosmolinosconil\/wp-json\/wp\/v2\/pages\/6026"}],"collection":[{"href":"https:\/\/blogsaverroes.juntadeandalucia.es\/ieslosmolinosconil\/wp-json\/wp\/v2\/pages"}],"about":[{"href":"https:\/\/blogsaverroes.juntadeandalucia.es\/ieslosmolinosconil\/wp-json\/wp\/v2\/types\/page"}],"author":[{"embeddable":true,"href":"https:\/\/blogsaverroes.juntadeandalucia.es\/ieslosmolinosconil\/wp-json\/wp\/v2\/users\/2976"}],"replies":[{"embeddable":true,"href":"https:\/\/blogsaverroes.juntadeandalucia.es\/ieslosmolinosconil\/wp-json\/wp\/v2\/comments?post=6026"}],"version-history":[{"count":15,"href":"https:\/\/blogsaverroes.juntadeandalucia.es\/ieslosmolinosconil\/wp-json\/wp\/v2\/pages\/6026\/revisions"}],"predecessor-version":[{"id":7617,"href":"https:\/\/blogsaverroes.juntadeandalucia.es\/ieslosmolinosconil\/wp-json\/wp\/v2\/pages\/6026\/revisions\/7617"}],"wp:featuredmedia":[{"embeddable":true,"href":"https:\/\/blogsaverroes.juntadeandalucia.es\/ieslosmolinosconil\/wp-json\/wp\/v2\/media\/5900"}],"wp:attachment":[{"href":"https:\/\/blogsaverroes.juntadeandalucia.es\/ieslosmolinosconil\/wp-json\/wp\/v2\/media?parent=6026"}],"curies":[{"name":"wp","href":"https:\/\/api.w.org\/{rel}","templated":true}]}}