{"id":6690,"date":"2023-06-22T06:10:00","date_gmt":"2023-06-22T05:10:00","guid":{"rendered":"http:\/\/blogsaverroes.juntadeandalucia.es\/ieslosmolinosconil\/?page_id=6690"},"modified":"2025-02-02T23:01:06","modified_gmt":"2025-02-02T22:01:06","slug":"masequidad","status":"publish","type":"page","link":"https:\/\/blogsaverroes.juntadeandalucia.es\/ieslosmolinosconil\/masequidad\/","title":{"rendered":"M\u00c1S EQUIDAD"},"content":{"rendered":"<p><img loading=\"lazy\" decoding=\"async\" class=\"aligncenter\" src=\"https:\/\/www.imaginaedoc.com\/wp-content\/uploads\/2024\/01\/Programa-Mas-Equidad.jpg\" width=\"491\" height=\"325\"><\/p>\n<p>El Programa <a href=\"https:\/\/www.juntadeandalucia.es\/organismos\/desarrolloeducativoyformacionprofesional\/consejeria\/transparencia\/planificacion-evaluacion-estadistica\/planes\/detalle\/241479.html\">M\u00e1s Equidad<\/a> se concibe como un conjunto de actuaciones dirigidas a potenciar la cultura inclusiva de los centros docentes y a mejorar el grado de adquisici\u00f3n de competencias a trav\u00e9s de la mejora de los recursos en el aula y\/o de la realizaci\u00f3n de experiencias innovadoras, activas y experimentales que promuevan el saber hacer del alumnado, partiendo de sus conocimientos y fomentando actitudes como la autonom\u00eda, la responsabilidad, el respeto y el trabajo en equipo, bajo los principios de la atenci\u00f3n a la diversidad y la igualdad de g\u00e9nero.<\/p>\n<p style=\"text-align: center\">Para ver un resumen de las actividades realizadas, visita nuestras&nbsp;<span style=\"color: #ff6600\"><a style=\"color: #ff6600\" href=\"https:\/\/www.instagram.com\/s\/aGlnaGxpZ2h0OjE4MjE2OTUyMTYyMjcyMTc2?story_media_id=3287399101195658493&amp;igsh=bW5rbTlqamhjemN3\"><strong>historias destacadas<\/strong><\/a><\/span>&nbsp;en Instagram o las&nbsp;<span style=\"color: #ff6600\"><strong>entradas<\/strong><\/span>::<br \/>\n<a href=\"https:\/\/blogsaverroes.juntadeandalucia.es\/ieslosmolinosconil\/category\/planes-y-programas\/mas-equidad\/\">https:\/\/blogsaverroes.juntadeandalucia.es\/ieslosmolinosconil\/category\/planes-y-programas\/mas-equidad\/<\/a>&nbsp;<\/p>\n<p style=\"text-align: center\"><span style=\"text-decoration: underline\">Coordina<\/span>: Francisca S. B.&nbsp;<\/p>\n","protected":false},"excerpt":{"rendered":"<p>El Programa M\u00e1s Equidad se concibe como un conjunto de actuaciones dirigidas a potenciar la cultura inclusiva de los centros docentes y a mejorar el&hellip;<\/p>\n","protected":false},"author":17659,"featured_media":0,"parent":0,"menu_order":0,"comment_status":"closed","ping_status":"closed","template":"","meta":{"ngg_post_thumbnail":0,"footnotes":"","_mc_calendar":[]},"aioseo_notices":[],"_links":{"self":[{"href":"https:\/\/blogsaverroes.juntadeandalucia.es\/ieslosmolinosconil\/wp-json\/wp\/v2\/pages\/6690"}],"collection":[{"href":"https:\/\/blogsaverroes.juntadeandalucia.es\/ieslosmolinosconil\/wp-json\/wp\/v2\/pages"}],"about":[{"href":"https:\/\/blogsaverroes.juntadeandalucia.es\/ieslosmolinosconil\/wp-json\/wp\/v2\/types\/page"}],"author":[{"embeddable":true,"href":"https:\/\/blogsaverroes.juntadeandalucia.es\/ieslosmolinosconil\/wp-json\/wp\/v2\/users\/17659"}],"replies":[{"embeddable":true,"href":"https:\/\/blogsaverroes.juntadeandalucia.es\/ieslosmolinosconil\/wp-json\/wp\/v2\/comments?post=6690"}],"version-history":[{"count":12,"href":"https:\/\/blogsaverroes.juntadeandalucia.es\/ieslosmolinosconil\/wp-json\/wp\/v2\/pages\/6690\/revisions"}],"predecessor-version":[{"id":7620,"href":"https:\/\/blogsaverroes.juntadeandalucia.es\/ieslosmolinosconil\/wp-json\/wp\/v2\/pages\/6690\/revisions\/7620"}],"wp:attachment":[{"href":"https:\/\/blogsaverroes.juntadeandalucia.es\/ieslosmolinosconil\/wp-json\/wp\/v2\/media?parent=6690"}],"curies":[{"name":"wp","href":"https:\/\/api.w.org\/{rel}","templated":true}]}}