{"id":1039,"date":"2023-06-12T16:47:52","date_gmt":"2023-06-12T14:47:52","guid":{"rendered":"https:\/\/blogsaverroes.juntadeandalucia.es\/ieslosneveros\/?page_id=1039"},"modified":"2023-06-13T12:40:21","modified_gmt":"2023-06-13T10:40:21","slug":"ciclos-de-formacion-profesional-fp","status":"publish","type":"page","link":"https:\/\/blogsaverroes.juntadeandalucia.es\/ieslosneveros\/ciclos-de-formacion-profesional-fp\/","title":{"rendered":"Ciclos de Formaci\u00f3n Profesional ( FP)"},"content":{"rendered":"<p><img fetchpriority=\"high\" decoding=\"async\" class=\"wp-image-1055 aligncenter\" src=\"https:\/\/blogsaverroes.juntadeandalucia.es\/ieslosneveros\/files\/2023\/06\/fp2-300x94.jpg\" alt=\"\" width=\"482\" height=\"151\" srcset=\"https:\/\/blogsaverroes.juntadeandalucia.es\/ieslosneveros\/files\/2023\/06\/fp2-300x94.jpg 300w, https:\/\/blogsaverroes.juntadeandalucia.es\/ieslosneveros\/files\/2023\/06\/fp2-1024x320.jpg 1024w, https:\/\/blogsaverroes.juntadeandalucia.es\/ieslosneveros\/files\/2023\/06\/fp2-768x240.jpg 768w, https:\/\/blogsaverroes.juntadeandalucia.es\/ieslosneveros\/files\/2023\/06\/fp2.jpg 1120w\" sizes=\"(max-width: 482px) 100vw, 482px\" \/><\/p>\n<p>Desde el Departamento de Orientaci\u00f3n queremos ofertar la siguiente informaci\u00f3n de cara a la solicitud de admisi\u00f3n en los distintos ciclos de Formaci\u00f3n Profesional:<\/p>\n<ol>\n<li><a href=\"https:\/\/www.juntadeandalucia.es\/educacion\/secretariavirtual\/consulta\/oferta-educativa-formacion-profesional-basica\/\" target=\"_blank\" rel=\"noopener noreferrer\">\u201cOferta de ciclos de Formaci\u00f3n Profesional de Grado B\u00e1sico (FPB)\u201d<\/a><\/li>\n<li><a href=\"https:\/\/www.juntadeandalucia.es\/educacion\/portales\/documents\/100629\/407746\/Calendario%20de%20Ciclos%20Formativos%20de%20Grado%20B%C3%A1sico\/553bcc7a-1086-fc38-db1a-a2ac6483e545?version=1.2\" target=\"_blank\" rel=\"noopener noreferrer\">&nbsp;\u201cCalendario escolarizaci\u00f3n Formaci\u00f3n Profesional B\u00e1sica 2023-2024\u201d<\/a><\/li>\n<li><a href=\"https:\/\/www.juntadeandalucia.es\/educacion\/secretariavirtual\/consulta\/oferta-educativa-formacion-profesional\/\" target=\"_blank\" rel=\"noopener noreferrer\">&nbsp;\u201cOferta de ciclos de Formaci\u00f3n Profesional de Grado Medio y Grado&nbsp; Superior (FPGM y FPGS)\u201d<\/a><\/li>\n<li><a href=\"https:\/\/www.juntadeandalucia.es\/educacion\/portales\/documents\/100629\/407746\/Calendario%20de%20Ciclos%20Formativos%20de%20Grado%20Medio%20y%20Superior\/302dd5e4-930c-76a2-d210-229113f8d138?version=1.2\" target=\"_blank\" rel=\"noopener noreferrer\">&nbsp;\u201cCalendario escolarizaci\u00f3n Formaci\u00f3n Profesional Grado Medio y Superior 2023-2024\u201d<\/a><\/li>\n<\/ol>\n<p>Adem\u00e1s, compartimos los siguientes tutoriales de inter\u00e9s:<\/p>\n<p>*<span style=\"color: #ff0000\"><em><a style=\"color: #ff0000\" href=\"https:\/\/www.youtube.com\/watch?v=GolSetOB82M\" target=\"_blank\" rel=\"noopener noreferrer\"> \u201cTutorial para consultar la clave IANDE (Identificador Andaluz Educativo)\u201d:<\/a><\/em><\/span><br \/>\n<span style=\"color: #ff0000\"><em>&nbsp;<\/em><\/span><br \/>\n<span style=\"color: #ff0000\"><em>&nbsp; &nbsp; &nbsp; &nbsp; &nbsp; &nbsp; &nbsp; &nbsp;<\/em><\/span><br \/>\n<span style=\"color: #ff0000\"><em><a style=\"color: #ff0000\" href=\"https:\/\/www.youtube.com\/watch?v=ezcBivjnMJw\" target=\"_blank\" rel=\"noopener noreferrer\">* \u201cTutorial para solicitar admisi\u00f3n a ciclo formativo de oferta completa\u201d&nbsp;<\/a><\/em><\/span><\/p>\n<p><span style=\"color: #ff0000\"><em>&nbsp; &nbsp; &nbsp; &nbsp; &nbsp; &nbsp; &nbsp; &nbsp; &nbsp; &nbsp; &nbsp; &nbsp; &nbsp;<\/em><\/span><br \/>\n<span style=\"color: #ff0000\"><em><a style=\"color: #ff0000\" href=\"https:\/\/www.youtube.com\/watch?v=9PMxUS9mK_k\" target=\"_blank\" rel=\"noopener noreferrer\">* \u201cTutorial para la solicitud de Admisi\u00f3n a Ciclo Formativo de Grado B\u00e1sico\u201d&nbsp;<\/a><\/em><\/span><\/p>\n<p>&nbsp;<\/p>\n<p><img decoding=\"async\" class=\"size-medium wp-image-1051 aligncenter\" src=\"https:\/\/blogsaverroes.juntadeandalucia.es\/ieslosneveros\/files\/2023\/06\/fpb-300x220.png\" alt=\"\" width=\"300\" height=\"220\" srcset=\"https:\/\/blogsaverroes.juntadeandalucia.es\/ieslosneveros\/files\/2023\/06\/fpb-300x220.png 300w, https:\/\/blogsaverroes.juntadeandalucia.es\/ieslosneveros\/files\/2023\/06\/fpb.png 660w\" sizes=\"(max-width: 300px) 100vw, 300px\" \/><\/p>\n<p>&nbsp; &nbsp; &nbsp; &nbsp; &nbsp; &nbsp; &nbsp; &nbsp; &nbsp; &nbsp; &nbsp;<\/p>\n","protected":false},"excerpt":{"rendered":"<p>Desde el Departamento de Orientaci\u00f3n queremos ofertar la siguiente informaci\u00f3n de cara a la solicitud de admisi\u00f3n en los distintos ciclos de Formaci\u00f3n Profesional: \u201cOferta de ciclos de Formaci\u00f3n Profesional&#46;&#46;&#46;<\/p>\n","protected":false},"author":18021,"featured_media":0,"parent":0,"menu_order":0,"comment_status":"closed","ping_status":"closed","template":"","meta":{"ngg_post_thumbnail":0,"footnotes":""},"aioseo_notices":[],"_links":{"self":[{"href":"https:\/\/blogsaverroes.juntadeandalucia.es\/ieslosneveros\/wp-json\/wp\/v2\/pages\/1039"}],"collection":[{"href":"https:\/\/blogsaverroes.juntadeandalucia.es\/ieslosneveros\/wp-json\/wp\/v2\/pages"}],"about":[{"href":"https:\/\/blogsaverroes.juntadeandalucia.es\/ieslosneveros\/wp-json\/wp\/v2\/types\/page"}],"author":[{"embeddable":true,"href":"https:\/\/blogsaverroes.juntadeandalucia.es\/ieslosneveros\/wp-json\/wp\/v2\/users\/18021"}],"replies":[{"embeddable":true,"href":"https:\/\/blogsaverroes.juntadeandalucia.es\/ieslosneveros\/wp-json\/wp\/v2\/comments?post=1039"}],"version-history":[{"count":14,"href":"https:\/\/blogsaverroes.juntadeandalucia.es\/ieslosneveros\/wp-json\/wp\/v2\/pages\/1039\/revisions"}],"predecessor-version":[{"id":1068,"href":"https:\/\/blogsaverroes.juntadeandalucia.es\/ieslosneveros\/wp-json\/wp\/v2\/pages\/1039\/revisions\/1068"}],"wp:attachment":[{"href":"https:\/\/blogsaverroes.juntadeandalucia.es\/ieslosneveros\/wp-json\/wp\/v2\/media?parent=1039"}],"curies":[{"name":"wp","href":"https:\/\/api.w.org\/{rel}","templated":true}]}}