{"id":1087,"date":"2023-06-15T10:00:08","date_gmt":"2023-06-15T08:00:08","guid":{"rendered":"https:\/\/blogsaverroes.juntadeandalucia.es\/ieslosneveros\/?page_id=1087"},"modified":"2023-06-18T20:28:45","modified_gmt":"2023-06-18T18:28:45","slug":"solicitud-de-titulos","status":"publish","type":"page","link":"https:\/\/blogsaverroes.juntadeandalucia.es\/ieslosneveros\/solicitud-de-titulos\/","title":{"rendered":"Solicitud de t\u00edtulos"},"content":{"rendered":"<p>Administrativamente hay dos opciones para realizar la petici\u00f3n del t\u00edtulo.<\/p>\n<h2 style=\"text-align: center\"><span style=\"color: #ff0000\"><em>OPCI\u00d3N 1<\/em><\/span><\/h2>\n<p>Realizarlo a trav\u00e9s de la&nbsp;<a href=\"https:\/\/www.juntadeandalucia.es\/educacion\/secretariavirtual\/accesoTramite\/302\/\" target=\"_blank\" rel=\"noopener noreferrer\">Secretar\u00eda Virtual<\/a>, esta opci\u00f3n es la m\u00e1s r\u00e1pida y permite cumplimentar el modelo 046 de forma autom\u00e1tica.<\/p>\n<h2 style=\"text-align: center\"><em><span style=\"color: #ff0000\">OPCI\u00d3N 2<\/span><\/em><\/h2>\n<p><strong>Instrucciones para cumplimentar los impresos de solicitud de t\u00edtulo<\/strong><\/p>\n<p><a href=\"https:\/\/blogsaverroes.juntadeandalucia.es\/ieslosneveros\/files\/2023\/06\/solicitud-de-t\u00edtulo.pdf\" target=\"_blank\" rel=\"noopener noreferrer\">Impreso de solicitud<\/a><\/p>\n<ul>\n<li>Rellenar con MAY\u00daSCULAS<\/li>\n<li>Los datos personales deben corresponderse con los datos del DNI.<\/li>\n<\/ul>\n<p><strong>Modelo Tasa 046<\/strong><\/p>\n<p>Cumplimentar los siguientes apartados:<\/p>\n<ul>\n<li>Consejer\u00eda de EDUCACI\u00d3N<\/li>\n<li>DELEGACI\u00d3N DE\/\u00d3RGANO GESTOR: IES Los Neveros<\/li>\n<li>C\u00d3DIGO TERRITORIAL:&nbsp;<\/li>\n<li>CONCEPTO: 0049<\/li>\n<li>Apartado (A) Obligado al pago:&nbsp;<strong>datos personales del alumno\/a<\/strong><\/li>\n<li>Apartado (C) Liquidaci\u00f3n, describir seg\u00fan el t\u00edtulo que se trate.<\/li>\n<li>Total a ingresar (casilla 37), seg\u00fan TARIFA: normal o familia numerosa.<\/li>\n<\/ul>\n<p>El modelo 046 se podr\u00e1 obtener en la p\u00e1gina web de la Consejer\u00eda de Hacienda de la Junta de Andaluc\u00eda en el siguiente enlace:<\/p>\n<p><a href=\"https:\/\/www.google.es\/url?sa=t&amp;rct=j&amp;q=&amp;esrc=s&amp;source=web&amp;cd=1&amp;cad=rja&amp;uact=8&amp;ved=0ahUKEwj7qPHv64XUAhXIwBQKHW3BDrAQFggmMAA&amp;url=https%3A%2F%2Fwww.juntadeandalucia.es%2Feconomiayhacienda%2Fapl%2Fsurweb%2Fmodelos%2Fmodelo046%2F046.jsp&amp;usg=AFQjCNEQW7dPeYwu1N66g3wIlyd0HidSMQ&amp;sig2=O1ZON4t5lCnHyVU0MkclWQ\" target=\"_blank\" rel=\"noopener noreferrer\">Tributos \u2013 Modelo 046 \u2013 Junta de Andaluc\u00eda<\/a><\/p>\n<p>&nbsp;<\/p>\n<p><strong>IMPORTANTE:<\/strong><\/p>\n<p>Una vez cumplimentada la documentaci\u00f3n y abonada la tasa debe presentarse en la secretar\u00eda del centro.<\/p>\n","protected":false},"excerpt":{"rendered":"<p>Administrativamente hay dos opciones para realizar la petici\u00f3n del t\u00edtulo. OPCI\u00d3N 1 Realizarlo a trav\u00e9s de la&nbsp;Secretar\u00eda Virtual, esta opci\u00f3n es la m\u00e1s r\u00e1pida y permite cumplimentar el modelo 046&#46;&#46;&#46;<\/p>\n","protected":false},"author":18021,"featured_media":0,"parent":0,"menu_order":0,"comment_status":"closed","ping_status":"closed","template":"","meta":{"ngg_post_thumbnail":0,"footnotes":""},"aioseo_notices":[],"_links":{"self":[{"href":"https:\/\/blogsaverroes.juntadeandalucia.es\/ieslosneveros\/wp-json\/wp\/v2\/pages\/1087"}],"collection":[{"href":"https:\/\/blogsaverroes.juntadeandalucia.es\/ieslosneveros\/wp-json\/wp\/v2\/pages"}],"about":[{"href":"https:\/\/blogsaverroes.juntadeandalucia.es\/ieslosneveros\/wp-json\/wp\/v2\/types\/page"}],"author":[{"embeddable":true,"href":"https:\/\/blogsaverroes.juntadeandalucia.es\/ieslosneveros\/wp-json\/wp\/v2\/users\/18021"}],"replies":[{"embeddable":true,"href":"https:\/\/blogsaverroes.juntadeandalucia.es\/ieslosneveros\/wp-json\/wp\/v2\/comments?post=1087"}],"version-history":[{"count":7,"href":"https:\/\/blogsaverroes.juntadeandalucia.es\/ieslosneveros\/wp-json\/wp\/v2\/pages\/1087\/revisions"}],"predecessor-version":[{"id":1103,"href":"https:\/\/blogsaverroes.juntadeandalucia.es\/ieslosneveros\/wp-json\/wp\/v2\/pages\/1087\/revisions\/1103"}],"wp:attachment":[{"href":"https:\/\/blogsaverroes.juntadeandalucia.es\/ieslosneveros\/wp-json\/wp\/v2\/media?parent=1087"}],"curies":[{"name":"wp","href":"https:\/\/api.w.org\/{rel}","templated":true}]}}