{"id":295,"date":"2023-05-23T11:42:26","date_gmt":"2023-05-23T09:42:26","guid":{"rendered":"http:\/\/blogsaverroes.juntadeandalucia.es\/pre\/nuevoiesv2\/?page_id=295"},"modified":"2023-06-18T12:12:49","modified_gmt":"2023-06-18T10:12:49","slug":"nuestra-historia","status":"publish","type":"page","link":"https:\/\/blogsaverroes.juntadeandalucia.es\/ieslosneveros\/nuestra-historia\/","title":{"rendered":"Nuestra Historia"},"content":{"rendered":"<p><img fetchpriority=\"high\" decoding=\"async\" class=\"wp-image-859 aligncenter\" src=\"https:\/\/blogsaverroes.juntadeandalucia.es\/ieslosneveros\/files\/2023\/05\/Neveros-300x160.jpg\" alt=\"\" width=\"518\" height=\"276\" srcset=\"https:\/\/blogsaverroes.juntadeandalucia.es\/ieslosneveros\/files\/2023\/05\/Neveros-300x160.jpg 300w, https:\/\/blogsaverroes.juntadeandalucia.es\/ieslosneveros\/files\/2023\/05\/Neveros.jpg 754w\" sizes=\"(max-width: 518px) 100vw, 518px\" \/><\/p>\n<p><span style=\"font-family: georgia, palatino, serif\"><em>El d\u00eda&nbsp;&nbsp; 3 de octubre&nbsp;&nbsp; del a\u00f1o 2000 se inauguraba nuestro centro el IES&nbsp; Los Neveros .<\/em><\/span><\/p>\n<p><span style=\"font-family: georgia, palatino, serif\"><em>Despu\u00e9s de casi dos a\u00f1os de obras&nbsp; , con un coste cercano a los 400 millones de pesetas incluidos en el &nbsp;programa AULA 2000 de la Consejer\u00eda de Educaci\u00f3n ,&nbsp; iniciaba su andadura&nbsp; con alumnos de 1\u00ba, 2\u00ba y 3\u00ba cursos de ESO para completarse el curso siguiente&nbsp; con el alumnado de 4\u00ba curso.<\/em><\/span><\/p>\n<p><span style=\"font-family: georgia, palatino, serif\"><em>&nbsp;Por fin entraba en funcionamiento un&nbsp; centro durante a\u00f1os reivindicado y esperado por la Comunidad Educativa&nbsp; de Hu\u00e9tor-Vega&nbsp; que paliaba las carencias educativas del municipio, evitaba el traslado del alumnado de 3\u00ba y 4\u00ba cursos&nbsp; a otros centros de Granada&nbsp; y, al mismo tiempo,&nbsp; descongestionaba los colegios del municipio&nbsp; donde se impart\u00eda 1\u00ba y 2\u00ba de ESO desde el curso&nbsp; 1996\/97.<\/em><\/span><\/p>\n<p><span style=\"font-family: georgia, palatino, serif\"><em>El primer curso funcion\u00f3 como&nbsp; Secci\u00f3n Delegada del IES Luis Bueno Crespo de Armilla cre\u00e1ndose como instituto&nbsp; independiente para el curso 2001-2002&nbsp;&nbsp; por transformaci\u00f3n de la Secci\u00f3n&nbsp; (Decreto 162\/2001 de 3 de Julio).<\/em><\/span><\/p>\n<p><span style=\"font-family: georgia, palatino, serif\"><em>Cuatro a\u00f1os &nbsp;despu\u00e9s, en el curso 2004-2005, el IES Los Neveros se convert\u00eda en CENTRO TIC,&nbsp; acogido al Programa de implantaci\u00f3n de nuevas Tecnolog\u00eda de la Educaci\u00f3n. Lo hac\u00eda junto con&nbsp;&nbsp; 10 colegios&nbsp; de la provincia y capital&nbsp; y 3 institutos de la capital, siendo el primer y \u00fanico instituto de la provincia de Granada que se convert\u00eda en Centro TIC en ese curso.<\/em><\/span><\/p>\n<p><span style=\"font-family: georgia, palatino, serif\"><em>La declaraci\u00f3n del IES Los Neveros como Centro TIC signific\u00f3 que los 436 alumnos y los 36 profesores\/as de ese curso trabajaran a partir de entonces con ordenadores en las aulas, disponiendo de un equipo para cada dos alumnos. Fueron un total de 264 ordenadores los instalados en el&nbsp; centro&nbsp; con conexi\u00f3n a Internet.<\/em><\/span><\/p>\n<p><span style=\"font-family: georgia, palatino, serif\"><em>Una vez puesto en funcionamiento el IES, desde el primer momento&nbsp; (Octubre 2001)&nbsp; se&nbsp; solicit\u00f3 la concesi\u00f3n al centro de las ense\u00f1anzas del Bachillerato. Reivindicaci\u00f3n compartida y manifestada una y otra vez por toda la Comunidad Educativa de H\u00faetor Vega: Familias, centros educativos, ampas &nbsp;y &nbsp;, por supuesto, por las distintas corporaciones locales.<\/em><\/span><\/p>\n<p><span style=\"font-family: georgia, palatino, serif\"><em>Para nuestro centro ha sido un objetivo&nbsp; irrenunciable y hemos puesto todos nuestros esfuerzos y medios posibles para ello. Los Fondos de Inversi\u00f3n Covid&nbsp; de &nbsp;2020&nbsp; y 2021&nbsp; nos permitieron modificar espacios del centro&nbsp; , con poco o ning\u00fan uso, &nbsp;convirti\u00e9ndolos en nuevas aulas &nbsp;&nbsp;para aumentar nuestra capacidad y posibilitar la impartici\u00f3n del Bachillerato&nbsp; en nuestro actual edificio sin necesidad de hacer grandes inversiones en obras&nbsp; nuevas externas&nbsp; cuyo coste dificultase la concesi\u00f3n del Bachillerato a nuestro centro.<\/em><\/span><\/p>\n<p><span style=\"font-family: georgia, palatino, serif\"><em>Con este objetivo se busc\u00f3 el apoyo de todos los centros escolares de la localidad,&nbsp; de sus directivas y profesorado, , AMPAS&nbsp; y del&nbsp;&nbsp; Ayuntamiento&nbsp; para reivindicar como Comunidad Educativa&nbsp; el Bachillerato.<\/em><\/span><\/p>\n<p><span style=\"font-family: georgia, palatino, serif\"><em>\u00a1Y al final lo hemos conseguido! A partir del curso 2023\/2024 se implantar\u00e1 en el centro el Primer curso de Bachillerato.<\/em><\/span><\/p>\n<p><span style=\"font-family: georgia, palatino, serif\"><em>El alumnado de Hu\u00e9tor Vega podr\u00e1 realizar toda la etapa de Secundaria (ESO y Bachillerato) en nuestro municipio&nbsp; sin desplazamiento a la capital dando satisfacci\u00f3n as\u00ed a una vieja y reiterada petici\u00f3n de las familias de nuestro municipio.<\/em><\/span><\/p>\n<p>&nbsp;<\/p>\n<p><span style=\"font-family: georgia, palatino, serif\"><em><strong>&nbsp;<\/strong><\/em><\/span><\/p>\n<div id=\"jsn-maincontent\" class=\"span9 order2 offset3 row-fluid\">\n<div id=\"jsn-maincontent_inner\">\n<div id=\"jsn-maincontent_inner1\">\n<div id=\"jsn-maincontent_inner2\">\n<div id=\"jsn-maincontent_inner3\">\n<div id=\"jsn-maincontent_inner4\">\n<div id=\"jsn-centercol\" class=\"span12 order1 \">\n<div id=\"jsn-centercol_inner\">\n<div id=\"jsn-mainbody-content\" class=\" jsn-hasmainbody\">\n<div id=\"jsn-mainbody\">\n<div class=\"item-page\">\n<div>\n<p class=\"m_-2923671390264255432s14\"><span style=\"font-family: georgia, palatino, serif\"><em>\u200b<\/em><\/span><\/p>\n<\/div>\n<\/div>\n<\/div>\n<\/div>\n<\/div>\n<\/div>\n<\/div>\n<\/div>\n<\/div>\n<\/div>\n<\/div>\n<\/div>\n","protected":false},"excerpt":{"rendered":"<p>El d\u00eda&nbsp;&nbsp; 3 de octubre&nbsp;&nbsp; del a\u00f1o 2000 se inauguraba nuestro centro el IES&nbsp; Los Neveros . Despu\u00e9s de casi dos a\u00f1os de obras&nbsp; , con un coste cercano a&#46;&#46;&#46;<\/p>\n","protected":false},"author":13587,"featured_media":0,"parent":0,"menu_order":0,"comment_status":"closed","ping_status":"closed","template":"","meta":{"ngg_post_thumbnail":0,"footnotes":""},"aioseo_notices":[],"_links":{"self":[{"href":"https:\/\/blogsaverroes.juntadeandalucia.es\/ieslosneveros\/wp-json\/wp\/v2\/pages\/295"}],"collection":[{"href":"https:\/\/blogsaverroes.juntadeandalucia.es\/ieslosneveros\/wp-json\/wp\/v2\/pages"}],"about":[{"href":"https:\/\/blogsaverroes.juntadeandalucia.es\/ieslosneveros\/wp-json\/wp\/v2\/types\/page"}],"author":[{"embeddable":true,"href":"https:\/\/blogsaverroes.juntadeandalucia.es\/ieslosneveros\/wp-json\/wp\/v2\/users\/13587"}],"replies":[{"embeddable":true,"href":"https:\/\/blogsaverroes.juntadeandalucia.es\/ieslosneveros\/wp-json\/wp\/v2\/comments?post=295"}],"version-history":[{"count":12,"href":"https:\/\/blogsaverroes.juntadeandalucia.es\/ieslosneveros\/wp-json\/wp\/v2\/pages\/295\/revisions"}],"predecessor-version":[{"id":1099,"href":"https:\/\/blogsaverroes.juntadeandalucia.es\/ieslosneveros\/wp-json\/wp\/v2\/pages\/295\/revisions\/1099"}],"wp:attachment":[{"href":"https:\/\/blogsaverroes.juntadeandalucia.es\/ieslosneveros\/wp-json\/wp\/v2\/media?parent=295"}],"curies":[{"name":"wp","href":"https:\/\/api.w.org\/{rel}","templated":true}]}}