{"id":32,"date":"2020-01-10T07:45:21","date_gmt":"2020-01-10T06:45:21","guid":{"rendered":"http:\/\/blogsaverroes.juntadeandalucia.es\/pre\/nuevoiesv2\/?page_id=32"},"modified":"2025-09-25T10:17:23","modified_gmt":"2025-09-25T08:17:23","slug":"orientacion","status":"publish","type":"page","link":"https:\/\/blogsaverroes.juntadeandalucia.es\/ieslosneveros\/orientacion\/","title":{"rendered":"Orientaci\u00f3n"},"content":{"rendered":"<p><em><strong>Miembros del departamento:<\/strong><\/em><\/p>\n<p class=\"western\">Sonia Cristina L\u00f3pez Delgado<br \/>\nMiguel \u00c1ngel Zugaldia Rodr\u00edguez Campra<br \/>\nEsperanza Molero Maldonado<br \/>\nJuan Manuel Lorente Navarro (Orientador)<\/p>\n","protected":false},"excerpt":{"rendered":"<p>Miembros del departamento: Sonia Cristina L\u00f3pez Delgado Miguel \u00c1ngel Zugaldia Rodr\u00edguez Campra Esperanza Molero Maldonado Juan Manuel Lorente Navarro (Orientador)<\/p>\n","protected":false},"author":13587,"featured_media":0,"parent":0,"menu_order":0,"comment_status":"closed","ping_status":"closed","template":"","meta":{"ngg_post_thumbnail":0,"footnotes":""},"aioseo_notices":[],"_links":{"self":[{"href":"https:\/\/blogsaverroes.juntadeandalucia.es\/ieslosneveros\/wp-json\/wp\/v2\/pages\/32"}],"collection":[{"href":"https:\/\/blogsaverroes.juntadeandalucia.es\/ieslosneveros\/wp-json\/wp\/v2\/pages"}],"about":[{"href":"https:\/\/blogsaverroes.juntadeandalucia.es\/ieslosneveros\/wp-json\/wp\/v2\/types\/page"}],"author":[{"embeddable":true,"href":"https:\/\/blogsaverroes.juntadeandalucia.es\/ieslosneveros\/wp-json\/wp\/v2\/users\/13587"}],"replies":[{"embeddable":true,"href":"https:\/\/blogsaverroes.juntadeandalucia.es\/ieslosneveros\/wp-json\/wp\/v2\/comments?post=32"}],"version-history":[{"count":6,"href":"https:\/\/blogsaverroes.juntadeandalucia.es\/ieslosneveros\/wp-json\/wp\/v2\/pages\/32\/revisions"}],"predecessor-version":[{"id":1963,"href":"https:\/\/blogsaverroes.juntadeandalucia.es\/ieslosneveros\/wp-json\/wp\/v2\/pages\/32\/revisions\/1963"}],"wp:attachment":[{"href":"https:\/\/blogsaverroes.juntadeandalucia.es\/ieslosneveros\/wp-json\/wp\/v2\/media?parent=32"}],"curies":[{"name":"wp","href":"https:\/\/api.w.org\/{rel}","templated":true}]}}