{"id":35,"date":"2020-01-10T07:46:12","date_gmt":"2020-01-10T06:46:12","guid":{"rendered":"http:\/\/blogsaverroes.juntadeandalucia.es\/pre\/nuevoiesv2\/?page_id=35"},"modified":"2025-09-25T09:53:24","modified_gmt":"2025-09-25T07:53:24","slug":"ciencias-naturales","status":"publish","type":"page","link":"https:\/\/blogsaverroes.juntadeandalucia.es\/ieslosneveros\/ciencias-naturales\/","title":{"rendered":"Ciencias naturales"},"content":{"rendered":"<p><em><strong>Miembros de departamento:<\/strong><\/em><\/p>\n<p>Francisco Javier L\u00f3pez Gonz\u00e1lez (F\u00edsica y Qu\u00edmica) (Jefe de Departamento)<br \/>\nPatricia Salinas Vel\u00e1zquez (F\u00edsica y Qu\u00edmica)<br \/>\nAntonio Luis Puertas Manzano (Biolog\u00eda y Geolog\u00eda)&nbsp;<br \/>\nBeatriz Tirado Molina (Biolog\u00eda y Geolog\u00eda)<br \/>\nV\u00e1zquez V\u00e1zquez, Mar\u00eda del Mar (Biolog\u00eda y Geolog\u00eda)<\/p>\n<p><a href=\"https:\/\/blogsaverroes.juntadeandalucia.es\/ieslosneveros\/files\/2023\/05\/CCNN2.pdf\">Programaci\u00f3n de Ciencias Naturales ( parte 1)<\/a><\/p>\n<p><a href=\"https:\/\/blogsaverroes.juntadeandalucia.es\/ieslosneveros\/files\/2023\/05\/CCNN1.pdf\">Programaci\u00f3n de Ciencias Naturales ( parte 2)<\/a><\/p>\n","protected":false},"excerpt":{"rendered":"<p>Miembros de departamento: Francisco Javier L\u00f3pez Gonz\u00e1lez (F\u00edsica y Qu\u00edmica) (Jefe de Departamento) Patricia Salinas Vel\u00e1zquez (F\u00edsica y Qu\u00edmica) Antonio Luis Puertas Manzano (Biolog\u00eda y Geolog\u00eda)&nbsp; Beatriz Tirado Molina (Biolog\u00eda&#46;&#46;&#46;<\/p>\n","protected":false},"author":13587,"featured_media":0,"parent":0,"menu_order":0,"comment_status":"closed","ping_status":"closed","template":"","meta":{"ngg_post_thumbnail":0,"footnotes":""},"aioseo_notices":[],"_links":{"self":[{"href":"https:\/\/blogsaverroes.juntadeandalucia.es\/ieslosneveros\/wp-json\/wp\/v2\/pages\/35"}],"collection":[{"href":"https:\/\/blogsaverroes.juntadeandalucia.es\/ieslosneveros\/wp-json\/wp\/v2\/pages"}],"about":[{"href":"https:\/\/blogsaverroes.juntadeandalucia.es\/ieslosneveros\/wp-json\/wp\/v2\/types\/page"}],"author":[{"embeddable":true,"href":"https:\/\/blogsaverroes.juntadeandalucia.es\/ieslosneveros\/wp-json\/wp\/v2\/users\/13587"}],"replies":[{"embeddable":true,"href":"https:\/\/blogsaverroes.juntadeandalucia.es\/ieslosneveros\/wp-json\/wp\/v2\/comments?post=35"}],"version-history":[{"count":12,"href":"https:\/\/blogsaverroes.juntadeandalucia.es\/ieslosneveros\/wp-json\/wp\/v2\/pages\/35\/revisions"}],"predecessor-version":[{"id":1956,"href":"https:\/\/blogsaverroes.juntadeandalucia.es\/ieslosneveros\/wp-json\/wp\/v2\/pages\/35\/revisions\/1956"}],"wp:attachment":[{"href":"https:\/\/blogsaverroes.juntadeandalucia.es\/ieslosneveros\/wp-json\/wp\/v2\/media?parent=35"}],"curies":[{"name":"wp","href":"https:\/\/api.w.org\/{rel}","templated":true}]}}