{"id":352,"date":"2020-02-13T10:51:34","date_gmt":"2020-02-13T09:51:34","guid":{"rendered":"http:\/\/blogsaverroes.juntadeandalucia.es\/pre\/nuevoiesv2\/?page_id=352"},"modified":"2023-05-30T16:18:02","modified_gmt":"2023-05-30T14:18:02","slug":"planes-y-programas","status":"publish","type":"page","link":"https:\/\/blogsaverroes.juntadeandalucia.es\/ieslosneveros\/planes-y-programas\/","title":{"rendered":"Planes y programas"},"content":{"rendered":"<p><img fetchpriority=\"high\" decoding=\"async\" class=\"wp-image-949 aligncenter\" src=\"https:\/\/blogsaverroes.juntadeandalucia.es\/ieslosneveros\/files\/2023\/05\/planes-y-programas-300x122.png\" alt=\"\" width=\"583\" height=\"237\" srcset=\"https:\/\/blogsaverroes.juntadeandalucia.es\/ieslosneveros\/files\/2023\/05\/planes-y-programas-300x122.png 300w, https:\/\/blogsaverroes.juntadeandalucia.es\/ieslosneveros\/files\/2023\/05\/planes-y-programas.png 353w\" sizes=\"(max-width: 583px) 100vw, 583px\" \/><\/p>\n<p>La cada vez m\u00e1s compleja realidad social de nuestro tiempo hace que sea necesario abordar, desde el sistema educativo, todos aquellos aspectos de la misma que puedan ser mejorados a trav\u00e9s de la educaci\u00f3n.<\/p>\n<p>Desde hace ya a\u00f1os se viene completando y dise\u00f1ando un variado programa de actuaciones para desarrollar las distintas tem\u00e1ticas y aspectos que preocupan en nuestra sociedad, tanto en los centros educativos como fuera de ellos.<\/p>\n<p>En este curso 2022\/23, en nuestro centro se desarrollar\u00e1 los siguientes&nbsp;<strong>Planes y Programas<\/strong>&nbsp;promovidos desde la Consejer\u00eda de Educaci\u00f3n.<\/p>\n<p><strong>Planes y\/o Programas.<\/strong><\/p>\n<ul>\n<li><strong>Biblioteca<\/strong>. Coordinador: D.Juan Carlos Su\u00e1rez Fern\u00e1ndez.<\/li>\n<li><strong>Forma Joven<\/strong>. Coordinador: D.Juan Manuel Lorente Navarro.<\/li>\n<li><strong>Pr\u00e1cticum Master Secundaria. <\/strong>Coordinador: Juan de Dios Rodr\u00edguez Bail\u00f3n.<\/li>\n<li><strong>Escuela Espacio de Paz<\/strong>. Coordinadora: D\u00f1a.Elena Gurrea Guerrero.<\/li>\n<li><strong>Plan de Igualdad<\/strong>. Coordinador: D. Jos\u00e9 Cabrera&nbsp; Martos.<\/li>\n<li><strong>Plan de Autoprotecci\u00f3n y Salud Laboral<\/strong>. Coordinadora: D\u00f1a. Carmen Garc\u00eda Callej\u00f3n.<\/li>\n<li><strong>Biling\u00fcismo<\/strong>. Coordinadora: D\u00f1a Carmen Zafra C\u00e1mara.<\/li>\n<li><strong>TDE<\/strong>. Coordinador: D. Antonio Puertas Manzano.<\/li>\n<li><strong>Aldea B. Educaci\u00f3n ambiental para la sostenibilidad<\/strong>. Coordinadora: D. Beatriz Tirado Molina.<\/li>\n<li><strong>STEAM. <\/strong>Coordinadora: Isabel Mart\u00ednez Hern\u00e1ndez.<\/li>\n<li><strong>Aula Djaque.&nbsp;<\/strong>Coordinador: D. Andr\u00e9s L\u00f3pez Martos.<\/li>\n<\/ul>\n","protected":false},"excerpt":{"rendered":"<p>La cada vez m\u00e1s compleja realidad social de nuestro tiempo hace que sea necesario abordar, desde el sistema educativo, todos aquellos aspectos de la misma que puedan ser mejorados a&#46;&#46;&#46;<\/p>\n","protected":false},"author":13587,"featured_media":0,"parent":0,"menu_order":0,"comment_status":"closed","ping_status":"closed","template":"","meta":{"ngg_post_thumbnail":0,"footnotes":""},"aioseo_notices":[],"_links":{"self":[{"href":"https:\/\/blogsaverroes.juntadeandalucia.es\/ieslosneveros\/wp-json\/wp\/v2\/pages\/352"}],"collection":[{"href":"https:\/\/blogsaverroes.juntadeandalucia.es\/ieslosneveros\/wp-json\/wp\/v2\/pages"}],"about":[{"href":"https:\/\/blogsaverroes.juntadeandalucia.es\/ieslosneveros\/wp-json\/wp\/v2\/types\/page"}],"author":[{"embeddable":true,"href":"https:\/\/blogsaverroes.juntadeandalucia.es\/ieslosneveros\/wp-json\/wp\/v2\/users\/13587"}],"replies":[{"embeddable":true,"href":"https:\/\/blogsaverroes.juntadeandalucia.es\/ieslosneveros\/wp-json\/wp\/v2\/comments?post=352"}],"version-history":[{"count":7,"href":"https:\/\/blogsaverroes.juntadeandalucia.es\/ieslosneveros\/wp-json\/wp\/v2\/pages\/352\/revisions"}],"predecessor-version":[{"id":954,"href":"https:\/\/blogsaverroes.juntadeandalucia.es\/ieslosneveros\/wp-json\/wp\/v2\/pages\/352\/revisions\/954"}],"wp:attachment":[{"href":"https:\/\/blogsaverroes.juntadeandalucia.es\/ieslosneveros\/wp-json\/wp\/v2\/media?parent=352"}],"curies":[{"name":"wp","href":"https:\/\/api.w.org\/{rel}","templated":true}]}}