{"id":426,"date":"2020-12-18T08:46:54","date_gmt":"2020-12-18T07:46:54","guid":{"rendered":"https:\/\/blogsaverroes.juntadeandalucia.es\/pre\/plantilla-typewriter\/?page_id=426"},"modified":"2023-05-25T23:02:19","modified_gmt":"2023-05-25T21:02:19","slug":"contactar-con-el-centro","status":"publish","type":"page","link":"https:\/\/blogsaverroes.juntadeandalucia.es\/ieslosneveros\/contactar-con-el-centro\/","title":{"rendered":"Contactar"},"content":{"rendered":"<p>&nbsp;<\/p>\n<p style=\"text-align: center\"><iframe src=\"https:\/\/www.google.com\/maps\/embed?pb=!1m18!1m12!1m3!1d3180.0276456249912!2d-3.57765322353569!3d37.152042147786446!2m3!1f0!2f0!3f0!3m2!1i1024!2i768!4f13.1!3m3!1m2!1s0xd71e55a42819b0b%3A0xd629bf55e01cde56!2sIES%20Los%20Neveros!5e0!3m2!1ses!2ses!4v1684409055148!5m2!1ses!2ses\" width=\"100%\" height=\"458\"><\/iframe><\/p>\n<p><span style=\"font-size: 12pt\"><strong>Direcci\u00f3n:<\/strong><\/span><span class=\"LrzXr\">C. Alhucema, 3, 18198 Hu\u00e9tor Vega, Granada<\/span><br \/>\n<strong>Tel\u00e9fono:<\/strong> <span class=\"x193iq5w xeuugli x13faqbe x1vvkbs x10flsy6 x1lliihq x1s928wv xhkezso x1gmr53x x1cpjm7i x1fgarty x1943h6x x4zkp8e x41vudc x6prxxf xvq8zen xo1l8bm xzsf02u x1yc453h\" dir=\"auto\">958 89 39 30<\/span><br \/>\n<strong>Email:<\/strong> <span class=\"x193iq5w xeuugli x13faqbe x1vvkbs x10flsy6 x1lliihq x1s928wv xhkezso x1gmr53x x1cpjm7i x1fgarty x1943h6x x4zkp8e x41vudc x6prxxf xvq8zen xo1l8bm xzsf02u x1yc453h\" dir=\"auto\">18009201.edu@juntadeandalucia.es<\/span><\/p>\n<h4><strong>Horarios<\/strong><\/h4>\n<p>El horario de apertura del centro es de 8:15h a 14:45h.<\/p>\n<h4><strong>Oferta educativa<\/strong><\/h4>\n<ul>\n<li>Educaci\u00f3n Secundaria Obligatoria.<\/li>\n<li>Bachillerato Humanidades y Ciencias Sociales.<\/li>\n<li>Bachillerato Ciencias.<\/li>\n<\/ul>\n","protected":false},"excerpt":{"rendered":"<p>&nbsp; Direcci\u00f3n:C. Alhucema, 3, 18198 Hu\u00e9tor Vega, Granada Tel\u00e9fono: 958 89 39 30 Email: 18009201.edu@juntadeandalucia.es Horarios El horario de apertura del centro es de 8:15h a 14:45h. Oferta educativa Educaci\u00f3n&#46;&#46;&#46;<\/p>\n","protected":false},"author":13587,"featured_media":0,"parent":0,"menu_order":0,"comment_status":"closed","ping_status":"closed","template":"","meta":{"ngg_post_thumbnail":0,"footnotes":""},"aioseo_notices":[],"_links":{"self":[{"href":"https:\/\/blogsaverroes.juntadeandalucia.es\/ieslosneveros\/wp-json\/wp\/v2\/pages\/426"}],"collection":[{"href":"https:\/\/blogsaverroes.juntadeandalucia.es\/ieslosneveros\/wp-json\/wp\/v2\/pages"}],"about":[{"href":"https:\/\/blogsaverroes.juntadeandalucia.es\/ieslosneveros\/wp-json\/wp\/v2\/types\/page"}],"author":[{"embeddable":true,"href":"https:\/\/blogsaverroes.juntadeandalucia.es\/ieslosneveros\/wp-json\/wp\/v2\/users\/13587"}],"replies":[{"embeddable":true,"href":"https:\/\/blogsaverroes.juntadeandalucia.es\/ieslosneveros\/wp-json\/wp\/v2\/comments?post=426"}],"version-history":[{"count":6,"href":"https:\/\/blogsaverroes.juntadeandalucia.es\/ieslosneveros\/wp-json\/wp\/v2\/pages\/426\/revisions"}],"predecessor-version":[{"id":784,"href":"https:\/\/blogsaverroes.juntadeandalucia.es\/ieslosneveros\/wp-json\/wp\/v2\/pages\/426\/revisions\/784"}],"wp:attachment":[{"href":"https:\/\/blogsaverroes.juntadeandalucia.es\/ieslosneveros\/wp-json\/wp\/v2\/media?parent=426"}],"curies":[{"name":"wp","href":"https:\/\/api.w.org\/{rel}","templated":true}]}}