{"id":688,"date":"2023-05-24T22:40:43","date_gmt":"2023-05-24T20:40:43","guid":{"rendered":"https:\/\/blogsaverroes.juntadeandalucia.es\/ieslosneveros\/?page_id=688"},"modified":"2025-09-25T10:09:51","modified_gmt":"2025-09-25T08:09:51","slug":"ingles","status":"publish","type":"page","link":"https:\/\/blogsaverroes.juntadeandalucia.es\/ieslosneveros\/ingles\/","title":{"rendered":"Ingl\u00e9s"},"content":{"rendered":"<p><em><strong>Miembros del departamento:<br \/>\n<\/strong><\/em><\/p>\n<p>Antonio Mart\u00ednez Raya (Jefe de Departamento)<br \/>\nElisa Pe\u00f1a Acosta&nbsp;<br \/>\nAlicia Aguilar Calahorro<br \/>\nLuc\u00eda Hern\u00e1ndez Garc\u00eda<br \/>\nCarmen Zafra C\u00e1mara<br \/>\nHuertas Tom\u00e1s, Elena<br \/>\nCastro Moriana, Estela<\/p>\n<p><em><strong><a href=\"https:\/\/blogsaverroes.juntadeandalucia.es\/ieslosneveros\/files\/2023\/05\/CURSO-2022-23-PROGR.INGLE\u0301S-1.pdf\">Programaci\u00f3n Ingl\u00e9s<\/a><\/strong><\/em><\/p>\n","protected":false},"excerpt":{"rendered":"<p>Miembros del departamento: Antonio Mart\u00ednez Raya (Jefe de Departamento) Elisa Pe\u00f1a Acosta&nbsp; Alicia Aguilar Calahorro Luc\u00eda Hern\u00e1ndez Garc\u00eda Carmen Zafra C\u00e1mara Huertas Tom\u00e1s, Elena Castro Moriana, Estela Programaci\u00f3n Ingl\u00e9s<\/p>\n","protected":false},"author":18021,"featured_media":0,"parent":0,"menu_order":0,"comment_status":"closed","ping_status":"closed","template":"","meta":{"ngg_post_thumbnail":0,"footnotes":""},"aioseo_notices":[],"_links":{"self":[{"href":"https:\/\/blogsaverroes.juntadeandalucia.es\/ieslosneveros\/wp-json\/wp\/v2\/pages\/688"}],"collection":[{"href":"https:\/\/blogsaverroes.juntadeandalucia.es\/ieslosneveros\/wp-json\/wp\/v2\/pages"}],"about":[{"href":"https:\/\/blogsaverroes.juntadeandalucia.es\/ieslosneveros\/wp-json\/wp\/v2\/types\/page"}],"author":[{"embeddable":true,"href":"https:\/\/blogsaverroes.juntadeandalucia.es\/ieslosneveros\/wp-json\/wp\/v2\/users\/18021"}],"replies":[{"embeddable":true,"href":"https:\/\/blogsaverroes.juntadeandalucia.es\/ieslosneveros\/wp-json\/wp\/v2\/comments?post=688"}],"version-history":[{"count":5,"href":"https:\/\/blogsaverroes.juntadeandalucia.es\/ieslosneveros\/wp-json\/wp\/v2\/pages\/688\/revisions"}],"predecessor-version":[{"id":1960,"href":"https:\/\/blogsaverroes.juntadeandalucia.es\/ieslosneveros\/wp-json\/wp\/v2\/pages\/688\/revisions\/1960"}],"wp:attachment":[{"href":"https:\/\/blogsaverroes.juntadeandalucia.es\/ieslosneveros\/wp-json\/wp\/v2\/media?parent=688"}],"curies":[{"name":"wp","href":"https:\/\/api.w.org\/{rel}","templated":true}]}}