{"id":745,"date":"2023-05-25T13:26:37","date_gmt":"2023-05-25T11:26:37","guid":{"rendered":"https:\/\/blogsaverroes.juntadeandalucia.es\/ieslosneveros\/?page_id=745"},"modified":"2025-09-25T09:56:24","modified_gmt":"2025-09-25T07:56:24","slug":"frances","status":"publish","type":"page","link":"https:\/\/blogsaverroes.juntadeandalucia.es\/ieslosneveros\/frances\/","title":{"rendered":"Franc\u00e9s"},"content":{"rendered":"<p><em><strong>Miembros del departamento:<\/strong><\/em><\/p>\n<p>Valenzuela Torres, Mar\u00eda Guadalupe<\/p>\n<p><a href=\"https:\/\/blogsaverroes.juntadeandalucia.es\/ieslosneveros\/files\/2023\/05\/PROGRAMACI\u00d3N-FRANC\u00c9S-2022-23.pdf\">PROGRAMACI\u00d3N FRANC\u00c9S <\/a><\/p>\n","protected":false},"excerpt":{"rendered":"<p>Miembros del departamento: Valenzuela Torres, Mar\u00eda Guadalupe PROGRAMACI\u00d3N FRANC\u00c9S<\/p>\n","protected":false},"author":18021,"featured_media":0,"parent":0,"menu_order":0,"comment_status":"closed","ping_status":"closed","template":"","meta":{"ngg_post_thumbnail":0,"footnotes":""},"aioseo_notices":[],"_links":{"self":[{"href":"https:\/\/blogsaverroes.juntadeandalucia.es\/ieslosneveros\/wp-json\/wp\/v2\/pages\/745"}],"collection":[{"href":"https:\/\/blogsaverroes.juntadeandalucia.es\/ieslosneveros\/wp-json\/wp\/v2\/pages"}],"about":[{"href":"https:\/\/blogsaverroes.juntadeandalucia.es\/ieslosneveros\/wp-json\/wp\/v2\/types\/page"}],"author":[{"embeddable":true,"href":"https:\/\/blogsaverroes.juntadeandalucia.es\/ieslosneveros\/wp-json\/wp\/v2\/users\/18021"}],"replies":[{"embeddable":true,"href":"https:\/\/blogsaverroes.juntadeandalucia.es\/ieslosneveros\/wp-json\/wp\/v2\/comments?post=745"}],"version-history":[{"count":7,"href":"https:\/\/blogsaverroes.juntadeandalucia.es\/ieslosneveros\/wp-json\/wp\/v2\/pages\/745\/revisions"}],"predecessor-version":[{"id":1958,"href":"https:\/\/blogsaverroes.juntadeandalucia.es\/ieslosneveros\/wp-json\/wp\/v2\/pages\/745\/revisions\/1958"}],"wp:attachment":[{"href":"https:\/\/blogsaverroes.juntadeandalucia.es\/ieslosneveros\/wp-json\/wp\/v2\/media?parent=745"}],"curies":[{"name":"wp","href":"https:\/\/api.w.org\/{rel}","templated":true}]}}