{"id":746,"date":"2023-05-25T13:26:37","date_gmt":"2023-05-25T11:26:37","guid":{"rendered":"https:\/\/blogsaverroes.juntadeandalucia.es\/ieslosneveros\/?page_id=746"},"modified":"2024-10-16T12:17:51","modified_gmt":"2024-10-16T10:17:51","slug":"tecnologia","status":"publish","type":"page","link":"https:\/\/blogsaverroes.juntadeandalucia.es\/ieslosneveros\/tecnologia\/","title":{"rendered":"Tecnolog\u00eda"},"content":{"rendered":"<p><em><strong>Miembros del departamento:<\/strong><\/em><\/p>\n<p>Sandra Garc\u00eda Polo (Jefa de Departamento)<br \/>\nJos\u00e9 Antonio Moral L\u00f3pez<br \/>\nAntonio Miguel S\u00e1nchez Reche<\/p>\n<p><a href=\"https:\/\/blogsaverroes.juntadeandalucia.es\/ieslosneveros\/files\/2023\/05\/TECNOLOGIA.pdf\">Programaci\u00f3n de Tecnolog\u00eda<\/a><\/p>\n","protected":false},"excerpt":{"rendered":"<p>Miembros del departamento: Sandra Garc\u00eda Polo (Jefa de Departamento) Jos\u00e9 Antonio Moral L\u00f3pez Antonio Miguel S\u00e1nchez Reche Programaci\u00f3n de Tecnolog\u00eda<\/p>\n","protected":false},"author":18021,"featured_media":0,"parent":0,"menu_order":0,"comment_status":"closed","ping_status":"closed","template":"","meta":{"ngg_post_thumbnail":0,"footnotes":""},"aioseo_notices":[],"_links":{"self":[{"href":"https:\/\/blogsaverroes.juntadeandalucia.es\/ieslosneveros\/wp-json\/wp\/v2\/pages\/746"}],"collection":[{"href":"https:\/\/blogsaverroes.juntadeandalucia.es\/ieslosneveros\/wp-json\/wp\/v2\/pages"}],"about":[{"href":"https:\/\/blogsaverroes.juntadeandalucia.es\/ieslosneveros\/wp-json\/wp\/v2\/types\/page"}],"author":[{"embeddable":true,"href":"https:\/\/blogsaverroes.juntadeandalucia.es\/ieslosneveros\/wp-json\/wp\/v2\/users\/18021"}],"replies":[{"embeddable":true,"href":"https:\/\/blogsaverroes.juntadeandalucia.es\/ieslosneveros\/wp-json\/wp\/v2\/comments?post=746"}],"version-history":[{"count":6,"href":"https:\/\/blogsaverroes.juntadeandalucia.es\/ieslosneveros\/wp-json\/wp\/v2\/pages\/746\/revisions"}],"predecessor-version":[{"id":1696,"href":"https:\/\/blogsaverroes.juntadeandalucia.es\/ieslosneveros\/wp-json\/wp\/v2\/pages\/746\/revisions\/1696"}],"wp:attachment":[{"href":"https:\/\/blogsaverroes.juntadeandalucia.es\/ieslosneveros\/wp-json\/wp\/v2\/media?parent=746"}],"curies":[{"name":"wp","href":"https:\/\/api.w.org\/{rel}","templated":true}]}}