{"id":843,"date":"2023-05-26T22:22:57","date_gmt":"2023-05-26T20:22:57","guid":{"rendered":"https:\/\/blogsaverroes.juntadeandalucia.es\/ieslosneveros\/?page_id=843"},"modified":"2023-05-26T22:25:41","modified_gmt":"2023-05-26T20:25:41","slug":"religion","status":"publish","type":"page","link":"https:\/\/blogsaverroes.juntadeandalucia.es\/ieslosneveros\/religion\/","title":{"rendered":"Religi\u00f3n"},"content":{"rendered":"<p><em><strong>Miembro del departamento:<\/strong><\/em><\/p>\n<p class=\"western\">Mar\u00eda Rita Prado Mart\u00ednez de Anguita<\/p>\n<p><a href=\"https:\/\/blogsaverroes.juntadeandalucia.es\/ieslosneveros\/files\/2023\/05\/PROGRAMACI\u00d3N-RELIGI\u00d3N-IES-NEVEROS-22-23.pdf\">PROGRAMACI\u00d3N RELIGI\u00d3N IES NEVEROS 22-23<\/a><\/p>\n","protected":false},"excerpt":{"rendered":"<p>Miembro del departamento: Mar\u00eda Rita Prado Mart\u00ednez de Anguita PROGRAMACI\u00d3N RELIGI\u00d3N IES NEVEROS 22-23<\/p>\n","protected":false},"author":18021,"featured_media":0,"parent":0,"menu_order":0,"comment_status":"closed","ping_status":"closed","template":"","meta":{"ngg_post_thumbnail":0,"footnotes":""},"aioseo_notices":[],"_links":{"self":[{"href":"https:\/\/blogsaverroes.juntadeandalucia.es\/ieslosneveros\/wp-json\/wp\/v2\/pages\/843"}],"collection":[{"href":"https:\/\/blogsaverroes.juntadeandalucia.es\/ieslosneveros\/wp-json\/wp\/v2\/pages"}],"about":[{"href":"https:\/\/blogsaverroes.juntadeandalucia.es\/ieslosneveros\/wp-json\/wp\/v2\/types\/page"}],"author":[{"embeddable":true,"href":"https:\/\/blogsaverroes.juntadeandalucia.es\/ieslosneveros\/wp-json\/wp\/v2\/users\/18021"}],"replies":[{"embeddable":true,"href":"https:\/\/blogsaverroes.juntadeandalucia.es\/ieslosneveros\/wp-json\/wp\/v2\/comments?post=843"}],"version-history":[{"count":3,"href":"https:\/\/blogsaverroes.juntadeandalucia.es\/ieslosneveros\/wp-json\/wp\/v2\/pages\/843\/revisions"}],"predecessor-version":[{"id":849,"href":"https:\/\/blogsaverroes.juntadeandalucia.es\/ieslosneveros\/wp-json\/wp\/v2\/pages\/843\/revisions\/849"}],"wp:attachment":[{"href":"https:\/\/blogsaverroes.juntadeandalucia.es\/ieslosneveros\/wp-json\/wp\/v2\/media?parent=843"}],"curies":[{"name":"wp","href":"https:\/\/api.w.org\/{rel}","templated":true}]}}