{"id":567,"date":"2021-12-07T16:51:59","date_gmt":"2021-12-07T15:51:59","guid":{"rendered":"https:\/\/blogsaverroes.juntadeandalucia.es\/ieslucussolis\/?page_id=567"},"modified":"2023-05-17T07:46:28","modified_gmt":"2023-05-17T06:46:28","slug":"documentos","status":"publish","type":"page","link":"https:\/\/blogsaverroes.juntadeandalucia.es\/ieslucussolis\/documentos\/","title":{"rendered":"DOCUMENTOS"},"content":{"rendered":"<p>[et_pb_section fb_built=&#8221;1&#8243; _builder_version=&#8221;4.5.0&#8243; background_color=&#8221;#8300e9&#8243; min_height=&#8221;1116px&#8221; custom_margin=&#8221;||251px|||&#8221; custom_padding=&#8221;|0px||||&#8221; collapsed=&#8221;off&#8221; global_colors_info=&#8221;{}&#8221;][et_pb_row _builder_version=&#8221;4.5.0&#8243; background_size=&#8221;initial&#8221; background_position=&#8221;top_left&#8221; background_repeat=&#8221;repeat&#8221; width=&#8221;58.9%&#8221; min_height=&#8221;1248px&#8221; custom_margin=&#8221;|auto|-467px|auto||&#8221; custom_padding=&#8221;|0px|0px|||&#8221; collapsed=&#8221;off&#8221; global_colors_info=&#8221;{}&#8221;][et_pb_column type=&#8221;4_4&#8243; _builder_version=&#8221;4.5.0&#8243; custom_padding=&#8221;|||&#8221; global_colors_info=&#8221;{}&#8221; custom_padding__hover=&#8221;|||&#8221;][et_pb_text _builder_version=&#8221;4.14.5&#8243; background_color=&#8221;RGBA(255,255,255,0)&#8221; background_size=&#8221;initial&#8221; background_position=&#8221;top_left&#8221; background_repeat=&#8221;repeat&#8221; width=&#8221;99.5%&#8221; min_height=&#8221;1168px&#8221; overflow-y=&#8221;visible&#8221; custom_margin=&#8221;|127px||||&#8221; custom_padding=&#8221;||0px|||&#8221; hover_enabled=&#8221;0&#8243; overflow-y_tablet=&#8221;&#8221; overflow-y_phone=&#8221;&#8221; overflow-y_last_edited=&#8221;on|desktop&#8221; global_colors_info=&#8221;{}&#8221; sticky_enabled=&#8221;0&#8243;]<\/p>\n<p style=\"text-align: center\">&nbsp;<\/p>\n<table class=\"aligncenter\" style=\"height: 1190px;width: 101.614%;border-color: #000405;background-color: #7f09e6\" border=\"2\">\n<tbody>\n<tr style=\"height: 31px\">\n<td style=\"width: 487.547px;height: 31px\"><span style=\"font-size: 14pt;color: #000000\"><strong><span style=\"font-family: georgia, palatino, serif\"><a style=\"color: #000000\" href=\"https:\/\/drive.google.com\/drive\/folders\/1tIfukxs_OkRgcgVW4RYd5oGtPxnWH5y3?usp=sharing\"><span style=\"color: #ffffff\">PROGRAMACIONES<\/span><\/a><\/span><\/strong><\/span><\/td>\n<\/tr>\n<tr style=\"height: 27px\">\n<td style=\"width: 487.547px;height: 27px\"><span style=\"font-size: 14pt;color: #ffffff\"><strong><span style=\"font-family: georgia, palatino, serif\"><a style=\"color: #ffffff\" href=\"https:\/\/drive.google.com\/file\/d\/1XWCt_dL6LZzOSyuKOLJYoClO3toc-q5-\/view?usp=sharing\">PLAN DE CENTRO<\/a><\/span><\/strong><\/span><\/td>\n<\/tr>\n<tr style=\"height: 25px\">\n<td style=\"width: 487.547px;height: 25px\"><span style=\"color: #ffffff\"><a style=\"color: #ffffff\" href=\"https:\/\/drive.google.com\/file\/d\/1LafypxsS87lq45SRbsJa4HJ4DUFVnScy\/view?usp=sharing\"><span style=\"font-size: 14pt\"><strong><span style=\"font-family: georgia, palatino, serif\">Modificaciones al punto 6 del proyecto educativo<\/span><\/strong><\/span><\/a><\/span><\/td>\n<\/tr>\n<tr style=\"height: 27px\">\n<td style=\"width: 487.547px;height: 27px\"><span style=\"font-size: 14pt;color: #ffffff\"><strong><span style=\"font-family: georgia, palatino, serif\"><a style=\"color: #ffffff\" href=\"https:\/\/drive.google.com\/file\/d\/1DmazFGE_lyI9gnhS5sHJBLqO0qN4hIXw\/view?usp=sharing\">PLAN DE ACTUACI\u00d3N DIGITAL<\/a><\/span><\/strong><\/span><\/td>\n<\/tr>\n<tr style=\"height: 27px\">\n<td style=\"width: 487.547px;height: 27px\">&nbsp;<\/td>\n<\/tr>\n<tr style=\"height: 27px\">\n<td style=\"width: 487.547px;height: 27px\"><span style=\"font-size: 14pt;color: #ffffff\"><strong><span style=\"font-family: georgia, palatino, serif\"><a style=\"color: #ffffff\" href=\"https:\/\/drive.google.com\/file\/d\/1Mquu5duxHTrQpiY1PNYDVup6O9bn50_3\/view?usp=sharing\">PLAN DE COMUNICACIONES<\/a><\/span><\/strong><\/span><\/td>\n<\/tr>\n<tr style=\"height: 27px\">\n<td style=\"width: 487.547px;height: 27px\"><span style=\"color: #ffffff\"><strong><span style=\"font-family: georgia, palatino, serif;font-size: 12pt\"><a style=\"color: #ffffff\" href=\"https:\/\/drive.google.com\/file\/d\/1BFwZdIDwMpP-iICCHrz_M4Clf3ninnGc\/view?usp=sharing\">PLAN DE EVALUACI\u00d3N INICIAL DEL ALUMNADO<\/a><\/span><\/strong><\/span><\/td>\n<\/tr>\n<tr style=\"height: 27px\">\n<td style=\"width: 487.547px;height: 27px\">&nbsp;<\/td>\n<\/tr>\n<tr style=\"height: 40px\">\n<td style=\"width: 487.547px;height: 40px\"><span style=\"color: #ffffff\"><strong>JUSTIFICANTES Y AUTORIZACIONES<\/strong><\/span><\/td>\n<\/tr>\n<tr style=\"height: 40px\">\n<td style=\"width: 487.547px;height: 40px\"><span style=\"font-size: 14pt;color: #ffffff\"><a style=\"color: #ffffff\" href=\"https:\/\/drive.google.com\/file\/d\/1983BVMi4dEDuvApzjsi6CxmXJ5u1pCed\/view?usp=sharing\">Justificante de ausencias para el alumnado<\/a><\/span><\/td>\n<\/tr>\n<tr style=\"height: 40px\">\n<td style=\"width: 487.547px;height: 40px\"><span style=\"font-size: 14pt;color: #ffffff\"><a style=\"color: #ffffff\" href=\"https:\/\/drive.google.com\/file\/d\/1UtFHJnLOKsw5mVAVzVIl-74RmFrcqD03\/view?usp=sharing\">Autorizaci\u00f3n recogida de notas<\/a><\/span><\/td>\n<\/tr>\n<tr style=\"height: 40px\">\n<td style=\"width: 487.547px;height: 40px\"><span style=\"font-size: 14pt;color: #ffffff\"><a style=\"color: #ffffff\" href=\"https:\/\/drive.google.com\/file\/d\/1uSwK-PkFhOAMgFig-2xxBrom668xsHnG\/view?usp=sharing\">Autorizaci\u00f3n recogida de notas en JUNIO<\/a><\/span><\/td>\n<\/tr>\n<tr style=\"height: 40px\">\n<td style=\"width: 487.547px;height: 40px\"><span style=\"font-size: 14pt;color: #ffffff\"><a style=\"color: #ffffff\" href=\"https:\/\/drive.google.com\/open?id=1B-cEh6YIX8-iG_RbVMQYfB2pIvv9Ioal\">Audiencia familias para la promoci\u00f3n del alumnado de ESO&nbsp;(1\u00ba,2\u00ba y 3\u00ba)<\/a><\/span><\/td>\n<\/tr>\n<tr style=\"height: 40px\">\n<td style=\"width: 487.547px;height: 40px\"><span style=\"font-size: 14pt;color: #ffffff\"><a style=\"color: #ffffff\" href=\"https:\/\/drive.google.com\/open?id=1gCguZcAeCqwzUMzR4orCzqpTLPQrjVZE\">Audiencia familias para la promoci\u00f3n del alumnado de Bachillerato<\/a><br \/><\/span><\/td>\n<\/tr>\n<tr style=\"height: 40px\">\n<td style=\"width: 487.547px;height: 40px\"><span style=\"font-size: 14pt;color: #ffffff\"><a style=\"color: #ffffff\" href=\"https:\/\/drive.google.com\/file\/d\/1mI-ApRHeyzWkrOx7g5-xBO9aUTwKgJle\/view?usp=sharing\">Audiencia familias para la promoci\u00f3n del alumnado de 4\u00ba ESO<\/a><\/span><\/td>\n<\/tr>\n<\/tbody>\n<\/table>\n<p>&nbsp;<\/p>\n<p>&nbsp;<\/p>\n<p>&nbsp;<\/p>\n<p>&nbsp;<\/p>\n<p>[\/et_pb_text][\/et_pb_column][\/et_pb_row][\/et_pb_section]<\/p>\n","protected":false},"excerpt":{"rendered":"<p>&nbsp; PROGRAMACIONES PLAN DE CENTRO Modificaciones al punto 6 del proyecto educativo PLAN DE ACTUACI\u00d3N DIGITAL &nbsp; PLAN DE COMUNICACIONES PLAN DE EVALUACI\u00d3N INICIAL DEL ALUMNADO &nbsp; JUSTIFICANTES Y AUTORIZACIONES Justificante de ausencias para el alumnado Autorizaci\u00f3n recogida de notas Autorizaci\u00f3n recogida de notas en JUNIO Audiencia familias para la promoci\u00f3n del alumnado de ESO&nbsp;(1\u00ba,2\u00ba [&hellip;]<\/p>\n","protected":false},"author":3321,"featured_media":0,"parent":0,"menu_order":0,"comment_status":"closed","ping_status":"closed","template":"","meta":{"_et_pb_use_builder":"on","_et_pb_old_content":"<p>\u00a0<\/p><table class=\"aligncenter\" style=\"height: 743px; border-color: #000000; background-color: #7331d6; width: 86.0557%;\" border=\"2\"><tbody><tr style=\"height: 31px;\"><td style=\"width: 100%; text-align: center; height: 31px;\"><span style=\"font-size: 14pt; color: #000000;\"><strong><span style=\"font-family: georgia, palatino, serif;\"><a style=\"color: #000000;\" href=\"https:\/\/drive.google.com\/drive\/folders\/1tZeUtFrrKsWGORTzQJVMnf18TYvSndQk?usp=sharing\">PROGRAMACIONES<\/a><\/span><\/strong><\/span><\/td><\/tr><tr style=\"height: 27px;\"><td style=\"width: 100%; text-align: center; height: 27px;\"><span style=\"font-size: 14pt; color: #000000;\"><strong><span style=\"font-family: georgia, palatino, serif;\"><a style=\"color: #000000;\" href=\"https:\/\/drive.google.com\/file\/d\/1N6AvX3HPp6CPsl0a-UjFXGlEHTkCAhKp\/view?usp=sharing\">PLAN DE CENTRO<\/a><\/span><\/strong><\/span><\/td><\/tr><tr style=\"height: 27px;\"><td style=\"width: 100%; text-align: center; height: 27px;\"><span style=\"font-size: 14pt; color: #000000;\"><strong><span style=\"font-family: georgia, palatino, serif;\"><a style=\"color: #000000;\" href=\"https:\/\/drive.google.com\/file\/d\/1DmazFGE_lyI9gnhS5sHJBLqO0qN4hIXw\/view?usp=sharing\">PLAN DE ACTUACI\u00d3N DIGITAL<\/a><\/span><\/strong><\/span><\/td><\/tr><tr style=\"height: 27px;\"><td style=\"width: 100%; text-align: center; height: 27px;\"><span style=\"font-size: 14pt; color: #000000;\"><strong><span style=\"font-family: georgia, palatino, serif;\"><a style=\"color: #000000;\" href=\"https:\/\/drive.google.com\/file\/d\/1cBqWwv336XWSmRM7RL_Q8rA-9fP543EX\/view?usp=sharing\">PLAN DE MEJORA\u00a0 2021-22<\/a><\/span><\/strong><\/span><\/td><\/tr><tr style=\"height: 27px;\"><td style=\"width: 100%; text-align: center; height: 27px;\"><span style=\"font-size: 14pt; color: #000000;\"><strong><span style=\"font-family: georgia, palatino, serif;\"><a style=\"color: #000000;\" href=\"https:\/\/drive.google.com\/file\/d\/1Mquu5duxHTrQpiY1PNYDVup6O9bn50_3\/view?usp=sharing\">PLAN DE COMUNICACIONES<\/a><\/span><\/strong><\/span><\/td><\/tr><tr style=\"height: 27px;\"><td style=\"width: 100%; text-align: center; height: 27px;\"><strong><span style=\"font-family: georgia, palatino, serif; font-size: 12pt; color: #000000;\"><a style=\"color: #000000;\" href=\"https:\/\/drive.google.com\/file\/d\/1BFwZdIDwMpP-iICCHrz_M4Clf3ninnGc\/view?usp=sharing\">PLAN DE EVALUACI\u00d3N INICIAL DEL ALUMNADO<\/a><\/span><\/strong><\/td><\/tr><tr style=\"height: 27px;\"><td style=\"width: 100%; text-align: center; height: 27px;\"><span style=\"font-size: 14pt; color: #000000;\"><strong><span style=\"font-family: georgia, palatino, serif;\"><a style=\"color: #000000;\" href=\"https:\/\/drive.google.com\/file\/d\/1iQpzK4ejltL3d4QDP-xbxgku85cTIc8L\/view?usp=sharing\">PROTOCOLO COVID<\/a><\/span><\/strong><\/span><\/td><\/tr><tr style=\"height: 40px;\"><td style=\"width: 100%; text-align: center; height: 40px;\"><span style=\"color: #000000;\"><strong>JUSTIFICANTES Y AUTORIZACIONES<\/strong><\/span><\/td><\/tr><tr style=\"height: 40px;\"><td style=\"width: 100%; text-align: center; height: 40px;\"><span style=\"font-size: 14pt; color: #000000;\"><a style=\"color: #000000;\" href=\"https:\/\/drive.google.com\/file\/d\/1983BVMi4dEDuvApzjsi6CxmXJ5u1pCed\/view?usp=sharing\">Justificante de ausencias para el alumnado<\/a><\/span><\/td><\/tr><tr style=\"height: 40px;\"><td style=\"width: 100%; text-align: center; height: 40px;\"><span style=\"font-size: 14pt; color: #000000;\"><a style=\"color: #000000;\" href=\"https:\/\/drive.google.com\/file\/d\/1UtFHJnLOKsw5mVAVzVIl-74RmFrcqD03\/view?usp=sharing\">Autorizaci\u00f3n recogida de notas<\/a><\/span><\/td><\/tr><tr style=\"height: 40px;\"><td style=\"width: 100%; text-align: center; height: 40px;\"><span style=\"font-size: 14pt; color: #000000;\"><a style=\"color: #000000;\" href=\"https:\/\/drive.google.com\/file\/d\/1uSwK-PkFhOAMgFig-2xxBrom668xsHnG\/view?usp=sharing\">Autorizaci\u00f3n recogida de notas en JUNIO<\/a><\/span><\/td><\/tr><tr style=\"height: 40px;\"><td style=\"width: 100%; text-align: center; height: 40px;\"><span style=\"font-size: 14pt; color: #000000;\"><a style=\"color: #000000;\" href=\"https:\/\/drive.google.com\/open?id=1B-cEh6YIX8-iG_RbVMQYfB2pIvv9Ioal\">Audiencia familias para la promoci\u00f3n del alumnado de ESO\u00a0(1\u00ba,2\u00ba y 3\u00ba)<\/a><\/span><\/td><\/tr><tr style=\"height: 40px;\"><td style=\"width: 100%; text-align: center; height: 40px;\"><span style=\"font-size: 14pt; color: #000000;\"><a style=\"color: #000000;\" href=\"https:\/\/drive.google.com\/open?id=1gCguZcAeCqwzUMzR4orCzqpTLPQrjVZE\">Audiencia familias para la promoci\u00f3n del alumnado de Bachillerato<\/a><br><\/span><\/td><\/tr><tr style=\"height: 40px;\"><td style=\"width: 100%; text-align: center; height: 40px;\"><span style=\"font-size: 14pt; color: #000000;\"><a style=\"color: #000000;\" href=\"https:\/\/drive.google.com\/file\/d\/1mI-ApRHeyzWkrOx7g5-xBO9aUTwKgJle\/view?usp=sharing\">Audiencia familias para la promoci\u00f3n del alumnado de 4\u00ba ESO<\/a><\/span><\/td><\/tr><\/tbody><\/table><p style=\"text-align: center;\">\u00a0<\/p><p>\u00a0<\/p><p>\u00a0<\/p><p>\u00a0<\/p><p>\u00a0<\/p>","_et_gb_content_width":"","ngg_post_thumbnail":0,"footnotes":""},"aioseo_notices":[],"_links":{"self":[{"href":"https:\/\/blogsaverroes.juntadeandalucia.es\/ieslucussolis\/wp-json\/wp\/v2\/pages\/567"}],"collection":[{"href":"https:\/\/blogsaverroes.juntadeandalucia.es\/ieslucussolis\/wp-json\/wp\/v2\/pages"}],"about":[{"href":"https:\/\/blogsaverroes.juntadeandalucia.es\/ieslucussolis\/wp-json\/wp\/v2\/types\/page"}],"author":[{"embeddable":true,"href":"https:\/\/blogsaverroes.juntadeandalucia.es\/ieslucussolis\/wp-json\/wp\/v2\/users\/3321"}],"replies":[{"embeddable":true,"href":"https:\/\/blogsaverroes.juntadeandalucia.es\/ieslucussolis\/wp-json\/wp\/v2\/comments?post=567"}],"version-history":[{"count":43,"href":"https:\/\/blogsaverroes.juntadeandalucia.es\/ieslucussolis\/wp-json\/wp\/v2\/pages\/567\/revisions"}],"predecessor-version":[{"id":2228,"href":"https:\/\/blogsaverroes.juntadeandalucia.es\/ieslucussolis\/wp-json\/wp\/v2\/pages\/567\/revisions\/2228"}],"wp:attachment":[{"href":"https:\/\/blogsaverroes.juntadeandalucia.es\/ieslucussolis\/wp-json\/wp\/v2\/media?parent=567"}],"curies":[{"name":"wp","href":"https:\/\/api.w.org\/{rel}","templated":true}]}}