{"id":822,"date":"2021-12-09T19:42:53","date_gmt":"2021-12-09T18:42:53","guid":{"rendered":"https:\/\/blogsaverroes.juntadeandalucia.es\/ieslucussolis\/?page_id=822"},"modified":"2024-05-21T08:10:56","modified_gmt":"2024-05-21T07:10:56","slug":"google-workspace","status":"publish","type":"page","link":"https:\/\/blogsaverroes.juntadeandalucia.es\/ieslucussolis\/google-workspace\/","title":{"rendered":"Google Workspace"},"content":{"rendered":"<p><a href=\"https:\/\/drive.google.com\/file\/d\/1n-qqUie3K--R-ie-axSnvklZCDB80CIn\/view?usp=sharing\">AUTORIZACI\u00d3N DE LOS TUTORES<\/a><\/p>\n<p><a href=\"https:\/\/drive.google.com\/file\/d\/143ZjpJnOJJMc72dTRJg43w77URxswa8l\/view?usp=sharing\">POL\u00cdTICA DE USO DE LAS CUENTAS WORKSPACE<\/a><\/p>\n<p><a href=\"https:\/\/edu.google.com\/intl\/es-419\/why-google\/privacy-security\/?modal_active=none\">INFORMACI\u00d3N IMPORTANTE SOBRE PRIVACIDAD Y SEGURIDAD DE WORKSPACE<\/a><\/p>\n<p><a href=\"https:\/\/lucustic.blogspot.com\/2020\/10\/el-correo-corporativo-del-insti-en-tu.html\">USO DEL CORREO DEL CENTRO EN EL M\u00d3VIL<\/a><\/p>\n","protected":false},"excerpt":{"rendered":"<p>AUTORIZACI\u00d3N DE LOS TUTORES POL\u00cdTICA DE USO DE LAS CUENTAS WORKSPACE INFORMACI\u00d3N IMPORTANTE SOBRE PRIVACIDAD Y SEGURIDAD DE WORKSPACE USO DEL CORREO DEL CENTRO EN EL M\u00d3VIL<\/p>\n","protected":false},"author":3321,"featured_media":0,"parent":0,"menu_order":0,"comment_status":"closed","ping_status":"closed","template":"","meta":{"_et_pb_use_builder":"","_et_pb_old_content":"","_et_gb_content_width":"","ngg_post_thumbnail":0,"footnotes":""},"aioseo_notices":[],"_links":{"self":[{"href":"https:\/\/blogsaverroes.juntadeandalucia.es\/ieslucussolis\/wp-json\/wp\/v2\/pages\/822"}],"collection":[{"href":"https:\/\/blogsaverroes.juntadeandalucia.es\/ieslucussolis\/wp-json\/wp\/v2\/pages"}],"about":[{"href":"https:\/\/blogsaverroes.juntadeandalucia.es\/ieslucussolis\/wp-json\/wp\/v2\/types\/page"}],"author":[{"embeddable":true,"href":"https:\/\/blogsaverroes.juntadeandalucia.es\/ieslucussolis\/wp-json\/wp\/v2\/users\/3321"}],"replies":[{"embeddable":true,"href":"https:\/\/blogsaverroes.juntadeandalucia.es\/ieslucussolis\/wp-json\/wp\/v2\/comments?post=822"}],"version-history":[{"count":2,"href":"https:\/\/blogsaverroes.juntadeandalucia.es\/ieslucussolis\/wp-json\/wp\/v2\/pages\/822\/revisions"}],"predecessor-version":[{"id":2613,"href":"https:\/\/blogsaverroes.juntadeandalucia.es\/ieslucussolis\/wp-json\/wp\/v2\/pages\/822\/revisions\/2613"}],"wp:attachment":[{"href":"https:\/\/blogsaverroes.juntadeandalucia.es\/ieslucussolis\/wp-json\/wp\/v2\/media?parent=822"}],"curies":[{"name":"wp","href":"https:\/\/api.w.org\/{rel}","templated":true}]}}