{"id":826,"date":"2021-12-09T19:53:33","date_gmt":"2021-12-09T18:53:33","guid":{"rendered":"https:\/\/blogsaverroes.juntadeandalucia.es\/ieslucussolis\/?page_id=826"},"modified":"2022-04-19T17:51:04","modified_gmt":"2022-04-19T16:51:04","slug":"acredita","status":"publish","type":"page","link":"https:\/\/blogsaverroes.juntadeandalucia.es\/ieslucussolis\/acredita\/","title":{"rendered":"ACREDITA"},"content":{"rendered":"<p><span style=\"font-size: 14pt;color: #000000\">LISTADO PROVISIONAL DE ADMITIDOS AL PROCEDIMIENTO ACREDITA 2022 1\u00aa EDICI\u00d3N<\/span><\/p>\n<p><span style=\"font-size: 12pt\"><strong>En relaci\u00f3n con las solicitudes presentadas en este centro entre el 1 de enero y el 31 de marzo de 2022, para la admisi\u00f3n en el procedimiento de evaluaci\u00f3n y acreditaci\u00f3n de las competencias profesionales, regulado por el Real Decreto 1224\/2009, de 17 de julio, y en aplicaci\u00f3n de lo dispuesto en el art\u00edculo 19 de la Orden de 8 de junio de 2021, la direcci\u00f3n de este centro resuelve sobre la admisi\u00f3n provisional al procedimiento solicitado de las personas que a continuaci\u00f3n se relacionan, indicando para cada una de ellas la cualificaci\u00f3n o unidades de competencia solicitadas, el estado de su solicitud (admitida o no admitida), las observaciones y, en su caso, los motivos de su no admisi\u00f3n.<br \/>\nLas personas interesadas podr\u00e1n presentar en el plazo de diez d\u00edas h\u00e1biles las alegaciones que estimen pertinentes, subsanar errores y aportar los documentos exigidos no presentados con su solicitud, a trav\u00e9s de la Secretar\u00eda Virtual de los centros educativos mediante el tr\u00e1mite denominado \u00abAcredita 2022 1\u00aa Edici\u00f3n: alegaciones listados provisionales y subsanaci\u00f3n de errores\u00bb, tambi\u00e9n accesible desde la web del IACP, dirigido al titular de este centro, que resolver\u00e1 sobre la admisi\u00f3n o no admisi\u00f3n definitiva al procedimiento solicitado.&nbsp; &nbsp;<\/strong><\/span><\/p>\n<p style=\"text-align: center\"><span style=\"font-size: 12pt\"><strong><br \/>\n<iframe loading=\"lazy\" src=\"https:\/\/drive.google.com\/file\/d\/18nQVrvmUd1TBeeBDWLsUBBNnUJhWinfo\/preview\" width=\"640\" height=\"480\"><\/iframe><br \/>\n&nbsp;<\/strong><\/span><\/p>\n<p><span style=\"color: #000000\"><span style=\"font-size: 12pt\"><strong>PUBLICACI\u00d3N DE RELACI\u00d3N DEFINITIVA DE PERSONAS ADMITIDAS Y NO ADMITIDAS AL PROCEDIMIENTO DE EVALUACI\u00d3N Y ACREDITACI\u00d3N DE LAS COMPETENCIAS <\/strong><\/span><span style=\"font-size: 12pt\"><strong>&nbsp; &nbsp; &nbsp; &nbsp;<\/strong><\/span><span style=\"font-size: 12pt\"><strong>PROFESIONALES, RESOLUCI\u00d3N DEL 24 DE FEBRERO DE 2022.<\/strong><\/span><\/span><\/p>\n<p style=\"text-align: center\"><a href=\"https:\/\/drive.google.com\/file\/d\/1O1IxgvVGrr59O2nm4xMa_lYo3Vc5sECW\/view?usp=sharing\"><span style=\"color: #800000;font-size: 18pt\">ENLACE<\/span><\/a><\/p>\n<p><strong><span style=\"font-size: 14pt\">&nbsp; &nbsp; Publicaci\u00f3n actas provisionales de evaluaci\u00f3n PEAC 2021 1a edici\u00f3n<\/span><\/strong><\/p>\n<p style=\"text-align: center\"><a href=\"https:\/\/drive.google.com\/drive\/folders\/1fXdg5WJknDCSCfhyEMjYd_3CdSFtxMgx?usp=sharing\"><span style=\"font-size: 18pt;color: #800000\">ENLACE<\/span><\/a><\/p>\n<p style=\"text-align: center\"><span style=\"font-size: 14pt\"><strong>Relaci\u00f3n definitiva de personas admitidas y no admitidas al procedimiento de evaluaci\u00f3n y acreditaci\u00f3n de las competencias profesionales.<\/strong><\/span><\/p>\n<p style=\"text-align: center\"><span style=\"font-size: 18pt;color: #800000\"><a style=\"color: #800000\" href=\"https:\/\/drive.google.com\/file\/d\/1Dh94GTvrN9efmK4s9U4WGPn3L0a2B9Ju\/view?usp=sharing\">ENLACE<\/a><\/span><\/p>\n<p style=\"text-align: justify\"><span style=\"font-size: 12pt\">Nuestro centro educativo I.E.S. Lucus Solis es centro sede del procedimiento de evaluaci\u00f3n y acreditaci\u00f3n de las competencias profesionales adquiridas a trav\u00e9s de la experiencia laboral o de v\u00edas no formales de formaci\u00f3n, en el \u00e1mbito de la Comunidad Aut\u00f3noma de Andaluc\u00eda, de forma que permite a los ciudadanos la obtenci\u00f3n de una acreditaci\u00f3n de sus competencias profesionales.&nbsp;<\/span><\/p>\n<p style=\"text-align: justify\"><span style=\"font-size: 12pt\">Se trata de un procedimiento abierto y de car\u00e1cter permanente, consistente en unas actuaciones dirigidas a evaluar y reconocer estas competencias adquiridas a trav\u00e9s de la experiencia laboral o de v\u00edas no formales de formaci\u00f3n por medio de una acreditaci\u00f3n parcial acumulable conducente, en su caso, a completar la formaci\u00f3n para la obtenci\u00f3n de un t\u00edtulo de formaci\u00f3n profesional o certificado de profesionalidad.<\/span><\/p>\n<p style=\"text-align: justify\"><span style=\"font-size: 12pt\">Las personas interesadas en acceder al procedimiento de evaluaci\u00f3n y acreditaci\u00f3n de las competencias profesionales deber\u00e1n cumplir los requisitos establecidos en el art\u00edculo 11 del Real Decreto 1224\/2009, de 17 de julio.<\/span><\/p>\n<p style=\"text-align: justify\"><span style=\"font-size: 12pt\">Las solicitudes de inscripci\u00f3n ir\u00e1n dirigidas a la Direcci\u00f3n del centro sede del procedimiento y deber\u00e1n ser cumplimentadas a trav\u00e9s de la Secretaria Virtual de los centros de la Consejer\u00eda de Educaci\u00f3n y Deporte, de acuerdo con las indicaciones e instrucciones que en la misma se incluyan, a trav\u00e9s del siguiente enlace: <a href=\"https:\/\/www.juntadeandalucia.es\/educacion\/secretariavirtual\/\">https:\/\/www.juntadeandalucia.es\/educacion\/secretariavirtual\/<\/a><\/span><\/p>\n<p style=\"text-align: justify\"><span style=\"font-size: 12pt\">Para la presentaci\u00f3n electr\u00f3nica las personas solicitantes deber\u00e1n disponer de Certificado Digital o del sistema de identificaci\u00f3n electr\u00f3nica <a href=\"mailto:Cl@ve.\">Cl@ve.<\/a><\/span><\/p>\n<p style=\"text-align: justify\"><span style=\"font-size: 12pt\">Las personas podr\u00e1n solicitar anualmente la participaci\u00f3n en el procedimiento en una sola cualificaci\u00f3n profesional, de forma parcial o completa.<\/span><\/p>\n<p style=\"text-align: justify\"><span style=\"font-size: 12pt\">Normativa de referencia:<\/span><\/p>\n<p style=\"text-align: justify\"><span style=\"font-size: 12pt\">&#8211; El Real Decreto 1224\/2009, de 17 de julio, de reconocimiento de las competencias profesionales adquiridas por experiencia laboral, establece el procedimiento y los requisitos para la evaluaci\u00f3n y acreditaci\u00f3n de las competencias profesionales adquiridas por las personas a trav\u00e9s de la experiencia laboral o de v\u00edas no formales de formaci\u00f3n, as\u00ed como los efectos de esa evaluaci\u00f3n y acreditaci\u00f3n de competencias.<\/span><\/p>\n<h2 style=\"text-align: justify\"><span style=\"font-size: 12pt\">&#8211;&nbsp; Real Decreto 143\/2021, de 9 de marzo, por el que se modifica el Real Decreto 1224\/2009, de 17 de julio, de reconocimiento de las competencias profesionales adquiridas por experiencia laboral.&nbsp;<\/span><\/h2>\n<p style=\"text-align: justify\"><span style=\"font-size: 12pt\">&#8211; Orden de 8 de junio de 2021, conjunta de la Consejer\u00eda de Empleo, Formaci\u00f3n y Trabajo Aut\u00f3nomo, y de la Consejer\u00eda de Educaci\u00f3n y Deporte, por la que se determina la organizaci\u00f3n del procedimiento de evaluaci\u00f3n y acreditaci\u00f3n de las competencias profesionales adquiridas a trav\u00e9s de la experiencia laboral o de v\u00edas no formales de formaci\u00f3n, en el \u00e1mbito de la Comunidad Aut\u00f3noma de Andaluc\u00eda, tiene por objeto establecer, en la Comunidad Aut\u00f3noma de Andaluc\u00eda, la organizaci\u00f3n del procedimiento regulado en el citado Real Decreto 1224\/2009, de 17 de julio.<\/span><\/p>\n<p style=\"text-align: justify\"><span style=\"font-size: 12pt\">&#8211; Resoluci\u00f3n de 23 de junio de 2021, conjunta de la Direcci\u00f3n General de Formaci\u00f3n Profesional para el Empleo de la Consejer\u00eda de Empleo, Formaci\u00f3n y Trabajo Aut\u00f3nomo y de la Direcci\u00f3n General de Formaci\u00f3n Profesional de la Consejer\u00eda de Educaci\u00f3n y Deporte, por la que se determinan los centros sedes del procedimiento de evaluaci\u00f3n y acreditaci\u00f3n de las competencias profesionales adquiridas a trav\u00e9s de la experiencia laboral o de v\u00edas no formales de formaci\u00f3n, as\u00ed como otros aspectos sobre el desarrollo del procedimiento.<\/span><\/p>\n<p style=\"text-align: center\">&nbsp;<\/p>\n<p>&nbsp;<\/p>\n<p style=\"text-align: center\">&nbsp;<\/p>\n","protected":false},"excerpt":{"rendered":"<p>LISTADO PROVISIONAL DE ADMITIDOS AL PROCEDIMIENTO ACREDITA 2022 1\u00aa EDICI\u00d3N En relaci\u00f3n con las solicitudes presentadas en este centro entre el 1 de enero y el 31 de marzo de 2022, para la admisi\u00f3n en el procedimiento de evaluaci\u00f3n y acreditaci\u00f3n de las competencias profesionales, regulado por el Real Decreto 1224\/2009, de 17 de julio, [&hellip;]<\/p>\n","protected":false},"author":3321,"featured_media":0,"parent":0,"menu_order":0,"comment_status":"closed","ping_status":"closed","template":"","meta":{"_et_pb_use_builder":"","_et_pb_old_content":"","_et_gb_content_width":"","ngg_post_thumbnail":0,"footnotes":""},"aioseo_notices":[],"_links":{"self":[{"href":"https:\/\/blogsaverroes.juntadeandalucia.es\/ieslucussolis\/wp-json\/wp\/v2\/pages\/826"}],"collection":[{"href":"https:\/\/blogsaverroes.juntadeandalucia.es\/ieslucussolis\/wp-json\/wp\/v2\/pages"}],"about":[{"href":"https:\/\/blogsaverroes.juntadeandalucia.es\/ieslucussolis\/wp-json\/wp\/v2\/types\/page"}],"author":[{"embeddable":true,"href":"https:\/\/blogsaverroes.juntadeandalucia.es\/ieslucussolis\/wp-json\/wp\/v2\/users\/3321"}],"replies":[{"embeddable":true,"href":"https:\/\/blogsaverroes.juntadeandalucia.es\/ieslucussolis\/wp-json\/wp\/v2\/comments?post=826"}],"version-history":[{"count":6,"href":"https:\/\/blogsaverroes.juntadeandalucia.es\/ieslucussolis\/wp-json\/wp\/v2\/pages\/826\/revisions"}],"predecessor-version":[{"id":1388,"href":"https:\/\/blogsaverroes.juntadeandalucia.es\/ieslucussolis\/wp-json\/wp\/v2\/pages\/826\/revisions\/1388"}],"wp:attachment":[{"href":"https:\/\/blogsaverroes.juntadeandalucia.es\/ieslucussolis\/wp-json\/wp\/v2\/media?parent=826"}],"curies":[{"name":"wp","href":"https:\/\/api.w.org\/{rel}","templated":true}]}}